{"id":66,"date":"2015-12-26T18:31:13","date_gmt":"2015-12-26T18:31:13","guid":{"rendered":"http:\/\/wp12612379.server-he.de\/?page_id=66"},"modified":"2022-01-26T12:29:01","modified_gmt":"2022-01-26T12:29:01","slug":"deutsch-gefaskompressionen","status":"publish","type":"page","link":"https:\/\/scholbach.de\/it\/wissenschaft\/deutsch-ultraschalldiagnostik\/deutsch-gefaskompressionen","title":{"rendered":"Sindromi di compressione vascolare"},"content":{"rendered":"<p>Le sindromi di compressione vascolare sono da un lato spesso poco note anche ai medici, e dall&#8217;altro lato la causa di numerosi sintomi apparentemente non correlati in diverse regioni del corpo. Secondo la diagnostica standard, una causa psicologica dei disturbi somatici \u00e8 quindi spesso assunta o presunta.<\/p>\n<p>Se le sindromi di compressione vascolare non sono ancora state prese in considerazione, questo pu\u00f2 portare alla disperazione, alla perdita di autostima e, in alcuni casi, ad un deprezzamento potenzialmente letale per il paziente.<\/p>\n<p>I pazienti troveranno qui una lista di controllo dei sintomi delle sindromi di compressione vascolare.<\/p>\n<p>Naturalmente, si dovrebbe prima effettuare una diagnosi convenzionale dei disturbi. Se non ci sono spiegazioni per i sintomi, se i sintomi elencati nella lista di controllo si accumulano, \u00e8 necessario cercare sindromi di compressione vascolare.<\/p>\n<p>Qui l&#8217;ecografia funzionale duplex a colori con la tecnica PixelFlux \u00e8 superiore a tutti gli altri metodi.<\/p>\n<p>I tuoi vantaggi sono:<\/p>\n<p>completa attenzione alle esigenze specifiche del paziente<\/p>\n<p>Indagini sulle circostanze esatte in cui si verificano i reclami<\/p>\n<p>in diverse posizioni e posture del corpo<\/p>\n<p>in diverse fasi della respirazione<\/p>\n<p>prima, durante e dopo aver mangiato e bevuto e bevuto<\/p>\n<p>dopo l&#8217;attivazione di carichi: in piedi, in corsa, seduti, in piedi, in piedi, seduti<\/p>\n<p>la pi\u00f9 alta risoluzione spaziale di tutti i metodi fotografati<\/p>\n<p>quindi la rappresentazione di dettaglio pi\u00f9 differenziata<\/p>\n<p>massima risoluzione temporale di tutti i processi di imaging<\/p>\n<p>quindi la rappresentazione pi\u00f9 differenziata delle funzioni corporee come il flusso sanguigno, il movimento intestinale, il movimento cardiaco, il trasporto degli alimenti.<\/p>\n<p>Misurazione del flusso sanguigno<\/p>\n<p>Visualizzazione immediata delle anomalie della circolazione sanguigna con dispositivi di fascia alta<\/p>\n<p>Interrogazione del paziente durante l&#8217;esame sulle anomalie osservate &#8211; quindi chiara assegnazione dei risultati ai reclami.<\/p>\n<p>Esame fisico simultaneo del paziente<\/p>\n<p>Adeguamento del processo di esame alla situazione attuale con la ripetizione di alcune sezioni dell&#8217;esame.<\/p>\n<p>Chiarificazione di tutti i sintomi in un&#8217;unica procedura d&#8217;esame<\/p>\n<p>Misurazione delle interazioni di diverse sindromi di compressione<\/p>\n<p>Misure riproducibili grazie alla tecnologia standardizzata PixelFlux (premio europeo per gli ultrasuoni)<\/p>\n<p>Dichiarazioni precise sull&#8217;effetto delle terapie farmacologiche e chirurgiche grazie alla tecnologia PixelFlux<\/p>\n<p>Risultati chiari<\/p>\n<p>Raccomandazioni chiare per il trattamento<\/p>\n<p>dopo un solo esame (durata 1-2 ore)<\/p>\n<p>Un&#8217;importante limitazione \u00e8 l&#8217;ostruzione dell&#8217;esame per via aerea nell&#8217;intestino e nei polmoni.<\/p>\n<p>Un esempio di diagnostica e terapia su misura che utilizza la misurazione del flusso sanguigno \u00e8 la vasta gamma di sintomi associati alla compressione vascolare nella cavit\u00e0 addominale (scarica una panoramica illustrata per i pazienti).<\/p>\n<p>Il dolore addominale ha spesso una causa facile da chiarire, soprattutto se si verifica improvvisamente o se \u00e8 chiaramente correlato ad altri sintomi (es. diarrea, vomito, febbre). Tuttavia, se il dolore addominale persiste per periodi di tempo, settimane o mesi pi\u00f9 lunghi, sono spesso necessari esami approfonditi per chiarirne le cause. A volte anche allora l&#8217;origine del dolore rimane misteriosa, cosicch\u00e9 anche le cause psicologiche e le condizioni di vita sono considerate come cause principali o co-trigger.<\/p>\n<p>Poco si sa, tuttavia, sul fatto che alcuni pazienti soffrono delle conseguenze della compressione vascolare o dei vasi nella cavit\u00e0 addominale, le cosiddette sindromi di compressione vascolare. I vasi sanguigni sono intrappolati tra altri vasi o organi. Questo inibisce il normale flusso sanguigno, che pu\u00f2 portare ad un&#8217;ampia variet\u00e0 di sintomi nei singoli casi. Poich\u00e9 questi quadri clinici oltre al dolore, oltre al dolore, anche numerosi altri sintomi apparentemente non correlati come nausea, vertigini, difficolt\u00e0 respiratorie (soprattutto inalazione), perdita di appetito e rapida sensazione di pienezza, diventando neri davanti agli occhi; disturbi circolatori e singoli episodi di diarrea possono scatenare, spesso occorrono anni prima che la diagnosi venga fatta.<\/p>\n<p>In occasione dell&#8217;European Ultrasound Congress EUROSON Ljubljana, 22-24 settembre 2017, presento il nuovo concetto di visione olistica delle numerose sindromi di compressione vascolare addominale spiegate nella pagina seguente.<\/p>\n<p>Si prega di notare le nostre note sulle spiegazioni mediche di questo sito web.<br \/>\n*** Tradotto con www.DeepL.com\/translator (versione gratuita) ***<\/p>","protected":false},"excerpt":{"rendered":"<p>Le sindromi di compressione vascolare sono da un lato spesso poco note anche ai medici, e dall&#8217;altro lato la causa di numerosi sintomi apparentemente non correlati in diverse regioni del corpo. Secondo la diagnostica standard, una causa psicologica dei disturbi somatici \u00e8 quindi spesso assunta o presunta. Se le sindromi di compressione vascolare non sono [&hellip;]<\/p>\n","protected":false},"author":4,"featured_media":0,"parent":93,"menu_order":4,"comment_status":"closed","ping_status":"closed","template":"","meta":{"om_disable_all_campaigns":false,"footnotes":""},"class_list":["post-66","page","type-page","status-publish","hentry"],"_links":{"self":[{"href":"https:\/\/scholbach.de\/it\/wp-json\/wp\/v2\/pages\/66","targetHints":{"allow":["GET"]}}],"collection":[{"href":"https:\/\/scholbach.de\/it\/wp-json\/wp\/v2\/pages"}],"about":[{"href":"https:\/\/scholbach.de\/it\/wp-json\/wp\/v2\/types\/page"}],"author":[{"embeddable":true,"href":"https:\/\/scholbach.de\/it\/wp-json\/wp\/v2\/users\/4"}],"replies":[{"embeddable":true,"href":"https:\/\/scholbach.de\/it\/wp-json\/wp\/v2\/comments?post=66"}],"version-history":[{"count":55,"href":"https:\/\/scholbach.de\/it\/wp-json\/wp\/v2\/pages\/66\/revisions"}],"predecessor-version":[{"id":7116,"href":"https:\/\/scholbach.de\/it\/wp-json\/wp\/v2\/pages\/66\/revisions\/7116"}],"up":[{"embeddable":true,"href":"https:\/\/scholbach.de\/it\/wp-json\/wp\/v2\/pages\/93"}],"wp:attachment":[{"href":"https:\/\/scholbach.de\/it\/wp-json\/wp\/v2\/media?parent=66"}],"curies":[{"name":"wp","href":"https:\/\/api.w.org\/{rel}","templated":true}]}}