{"id":6145,"date":"2020-12-01T14:47:32","date_gmt":"2020-12-01T14:47:32","guid":{"rendered":"https:\/\/scholbach.de\/?page_id=6145"},"modified":"2020-12-04T08:17:10","modified_gmt":"2020-12-04T08:17:10","slug":"unsere-antibiotikaverordnung","status":"publish","type":"page","link":"https:\/\/scholbach.de\/it\/unsere-antibiotikaverordnung","title":{"rendered":"Unsere Antibiotikaverordnung"},"content":{"rendered":"<p class=\"qtranxs-available-languages-message qtranxs-available-languages-message-it\">Ci spiace, ma questo articolo \u00e8 disponibile soltanto in <a href=\"https:\/\/scholbach.de\/de\/wp-json\/wp\/v2\/pages\/6145\" class=\"qtranxs-available-language-link qtranxs-available-language-link-de\" title=\"Deutsch\">Deutsch<\/a> e <a href=\"https:\/\/scholbach.de\/el\/wp-json\/wp\/v2\/pages\/6145\" class=\"qtranxs-available-language-link qtranxs-available-language-link-el\" title=\"\u0395\u03bb\u03bb\u03b7\u03bd\u03b9\u03ba\u03ac\">\u0395\u03bb\u03bb\u03b7\u03bd\u03b9\u03ba\u03ac<\/a>.<\/p><p><\/p>\n<p style=\"text-align: center;\"><a href=\"https:\/\/scholbach.de\/wp-content\/uploads\/2020\/12\/AB-Verordnung-scaled.jpg\"><img loading=\"lazy\" decoding=\"async\" class=\"size-medium wp-image-6146 aligncenter\" src=\"https:\/\/scholbach.de\/wp-content\/uploads\/2020\/12\/AB-Verordnung-212x300.jpg\" alt=\"\" width=\"212\" height=\"300\" srcset=\"https:\/\/scholbach.de\/wp-content\/uploads\/2020\/12\/AB-Verordnung-212x300.jpg 212w, https:\/\/scholbach.de\/wp-content\/uploads\/2020\/12\/AB-Verordnung-724x1024.jpg 724w, https:\/\/scholbach.de\/wp-content\/uploads\/2020\/12\/AB-Verordnung-768x1086.jpg 768w, https:\/\/scholbach.de\/wp-content\/uploads\/2020\/12\/AB-Verordnung-1086x1536.jpg 1086w, https:\/\/scholbach.de\/wp-content\/uploads\/2020\/12\/AB-Verordnung-1448x2048.jpg 1448w, https:\/\/scholbach.de\/wp-content\/uploads\/2020\/12\/AB-Verordnung-scaled.jpg 1810w\" sizes=\"auto, (max-width: 212px) 100vw, 212px\" \/><\/a>Liebe Eltern,<\/p>\n<p>&nbsp;<\/p>\n<p>wenn Sie Ihr Kind bei uns behandeln lassen, k\u00f6nnen Sie sicher sein, dass wir gezielt, sinnvoll und sparsam Antibiotika einsetzen, wie der erste Antibiotikareport Sachsens zeigt. Das kommt Ihren Kindern zugute &#8211; weniger Antibiotika &#8211; weniger Resistenzen &#8211; st\u00e4rkeres Immunsystem. Und das kommt nicht von ungef\u00e4hr: bei uns steht die gr\u00fcndliche Diagnostik einschlie\u00dflich Ultraschall aller Organe vor jeder Therapie. Ultraschall spart Antibiotika!<\/p>\n<p>&nbsp;<\/p>\n<p>Ihre<\/p>\n<p>freundlichen Kinder\u00e4rzte<\/p>\n<p>Thomas Scholbach\u00a0 und Dirk May<\/p>","protected":false},"excerpt":{"rendered":"<p>Ci spiace, ma questo articolo \u00e8 disponibile soltanto in Deutsch e \u0395\u03bb\u03bb\u03b7\u03bd\u03b9\u03ba\u03ac. Liebe Eltern, &nbsp; wenn Sie Ihr Kind bei uns behandeln lassen, k\u00f6nnen Sie sicher sein, dass wir gezielt, sinnvoll und sparsam Antibiotika einsetzen, wie der erste Antibiotikareport Sachsens zeigt. Das kommt Ihren Kindern zugute &#8211; weniger Antibiotika &#8211; weniger Resistenzen &#8211; st\u00e4rkeres Immunsystem. [&hellip;]<\/p>\n","protected":false},"author":5,"featured_media":0,"parent":0,"menu_order":0,"comment_status":"closed","ping_status":"closed","template":"","meta":{"om_disable_all_campaigns":false,"footnotes":""},"class_list":["post-6145","page","type-page","status-publish","hentry"],"_links":{"self":[{"href":"https:\/\/scholbach.de\/it\/wp-json\/wp\/v2\/pages\/6145","targetHints":{"allow":["GET"]}}],"collection":[{"href":"https:\/\/scholbach.de\/it\/wp-json\/wp\/v2\/pages"}],"about":[{"href":"https:\/\/scholbach.de\/it\/wp-json\/wp\/v2\/types\/page"}],"author":[{"embeddable":true,"href":"https:\/\/scholbach.de\/it\/wp-json\/wp\/v2\/users\/5"}],"replies":[{"embeddable":true,"href":"https:\/\/scholbach.de\/it\/wp-json\/wp\/v2\/comments?post=6145"}],"version-history":[{"count":5,"href":"https:\/\/scholbach.de\/it\/wp-json\/wp\/v2\/pages\/6145\/revisions"}],"predecessor-version":[{"id":6165,"href":"https:\/\/scholbach.de\/it\/wp-json\/wp\/v2\/pages\/6145\/revisions\/6165"}],"wp:attachment":[{"href":"https:\/\/scholbach.de\/it\/wp-json\/wp\/v2\/media?parent=6145"}],"curies":[{"name":"wp","href":"https:\/\/api.w.org\/{rel}","templated":true}]}}