{"id":6,"date":"2015-12-26T11:58:04","date_gmt":"2015-12-26T11:58:04","guid":{"rendered":"http:\/\/wp12612379.server-he.de\/?page_id=6"},"modified":"2026-03-19T08:15:15","modified_gmt":"2026-03-19T07:15:15","slug":"praxis","status":"publish","type":"page","link":"https:\/\/scholbach.de\/it\/","title":{"rendered":"Studio medico"},"content":{"rendered":"<p><\/p>\n<h2 style=\"text-align: center;\">Benvenuti nel mio studio per la diagnostica ecografica specializzata per bambini e adulti!<\/h2>\n<p>Puoi trovare le informazioni pi\u00f9 aggiornate sul mio sito web in inglese. Clicca sulla bandiera britannica nella barra delle bandiere. Quindi utilizza il traduttore di Google per aiutarti<\/p>\n<p><a href=\"https:\/\/scholbach.de\/wp-content\/uploads\/2024\/01\/butten-translator.jpg\"><img loading=\"lazy\" decoding=\"async\" class=\"aligncenter size-medium wp-image-8477\" src=\"https:\/\/scholbach.de\/wp-content\/uploads\/2024\/01\/butten-translator-300x63.jpg\" alt=\"\" width=\"300\" height=\"63\" srcset=\"https:\/\/scholbach.de\/wp-content\/uploads\/2024\/01\/butten-translator-300x63.jpg 300w, https:\/\/scholbach.de\/wp-content\/uploads\/2024\/01\/butten-translator.jpg 338w\" sizes=\"auto, (max-width: 300px) 100vw, 300px\" \/><\/a><\/p>\n<p>che trovi in \u200b\u200balto a destra in ogni pagina, traduci i rispettivi siti web nella tua lingua.<br \/>\nOppure puoi usare DeepL: Deepl: https:\/\/www.deepl.com\/de\/translator<\/p>\n<p><a href=\"https:\/\/scholbach.de\/wp-content\/uploads\/2025\/01\/Portrait-2024.jpg\"><img loading=\"lazy\" decoding=\"async\" class=\"aligncenter size-medium wp-image-9092\" src=\"https:\/\/scholbach.de\/wp-content\/uploads\/2025\/01\/Portrait-2024-238x300.jpg\" alt=\"\" width=\"238\" height=\"300\" srcset=\"https:\/\/scholbach.de\/wp-content\/uploads\/2025\/01\/Portrait-2024-238x300.jpg 238w, https:\/\/scholbach.de\/wp-content\/uploads\/2025\/01\/Portrait-2024-814x1024.jpg 814w, https:\/\/scholbach.de\/wp-content\/uploads\/2025\/01\/Portrait-2024-768x966.jpg 768w, https:\/\/scholbach.de\/wp-content\/uploads\/2025\/01\/Portrait-2024-1221x1536.jpg 1221w, https:\/\/scholbach.de\/wp-content\/uploads\/2025\/01\/Portrait-2024-1628x2048.jpg 1628w, https:\/\/scholbach.de\/wp-content\/uploads\/2025\/01\/Portrait-2024.jpg 1800w\" sizes=\"auto, (max-width: 238px) 100vw, 238px\" \/><\/a><\/p>\n<h2><\/h2>\n<hr \/>\n<h2 style=\"text-align: center;\"><a title=\"Schwere Ataxie bei einer jungen Frau mit ausgepr\u00e4gter ven\u00f6ser R\u00fcckenmarksstauung \u2013 vollst\u00e4ndige Heilung nach Dekompression der linken Nierenvene\" href=\"https:\/\/scholbach.de\/severe-neurologic-disorders-as-a-consequence-of-abdominal-compression-syndromes-complete-disappearance-after-decompression-of-the-left-renal-vein\">Grave malattia neurologica con convulsioni e atassia dovuta a congestione venosa del midollo spinale &#8211; trattamento chirurgico di successo possibile dopo misurazioni funzionali del flusso sanguigno color Doppler dedicate<\/a><\/h2>\n<h2 style=\"text-align: center;\"><a href=\"https:\/\/scholbach.de\/researchers-from-the-mayo-clinic-confirm-concept-of-midline-congestion-syndrome\" target=\"_blank\" rel=\"noopener\"><strong>Speranza e grande gioia per i pazienti di tutto il mondo: i ricercatori della Mayo Clinic confermano il mio concetto di Sindrome da Congestione della Linea Media<\/strong><\/a><\/h2>\n<h2 style=\"text-align: center;\"><span style=\"color: red; font-size: x-large;\"><strong>Prendi un appuntamento qui<\/strong><\/span><\/h2>\n<h3 style=\"text-align: center;\"><span style=\"color: red; font-size: x-large;\"><strong><span style=\"color: #000000;\">Per fare questo, cliccare sul pulsante a tendina e selezionare per la speciale diagnostica vascolare con ultrasuoni <\/span><br \/>\n<span style=\"color: #000000;\">&#8221; Special Functional Color Doppler Exam&#8221;<\/span><br \/>\n<span style=\"color: #000000;\">Per una consulenza telemedica clicca<\/span> <a href=\"https:\/\/scholbach.de\/praxis\/english-telemedical-consultation\">qui<\/a><br \/>\n<!--\nPlugin Name: Bookly - Responsive WordPress Appointment Booking and Scheduling Plugin\nPlugin URI: https:\/\/www.booking-wp-plugin.com\/?utm_source=bookly_admin&utm_medium=plugins_page&utm_campaign=plugins_page\nVersion: 27.4-->\n<style type=\"text\/css\">\n    :root {\n        --bookly-main-color: #008406 !important;\n        --bookly-color: #008406 !important;\n    }\n\n    <\/style><div class=\"bookly-css-root\">\n    <div id=\"bookly-form-container-69e59d0c08126\" class=\"bookly-form\" data-form_id=\"\" aria-live=\"polite\">\n        <div style=\"text-align: center\"><img decoding=\"async\" src=\"https:\/\/scholbach.de\/wp-includes\/js\/tinymce\/skins\/lightgray\/img\/loader.gif\" alt=\"Caricamento in corso\u2026\"\/><\/div>\n    <\/div>\n<\/div>\n<script type=\"text\/javascript\">\n    (function (win, fn) {\n        var done = false, top = true,\n            doc = win.document,\n            root = doc.documentElement,\n            modern = doc.addEventListener,\n            add = modern ? 'addEventListener' : 'attachEvent',\n            rem = modern ? 'removeEventListener' : 'detachEvent',\n            pre = modern ? '' : 'on',\n            init = function (e) {\n                if (e.type == 'readystatechange') if (doc.readyState != 'complete') return;\n                (e.type == 'load' ? win : doc)[rem](pre + e.type, init, false);\n                if (!done) {\n                    done = true;\n                    fn.call(win, e.type || e);\n                }\n            },\n            poll = function () {\n                try {\n                    root.doScroll('left');\n                } catch (e) {\n                    setTimeout(poll, 50);\n                    return;\n                }\n                init('poll');\n            };\n        if (doc.readyState == 'complete') fn.call(win, 'lazy');\n        else {\n            if (!modern) if (root.doScroll) {\n                try {\n                    top = !win.frameElement;\n                } catch (e) {\n                }\n                if (top) poll();\n            }\n            doc[add](pre + 'DOMContentLoaded', init, false);\n            doc[add](pre + 'readystatechange', init, false);\n            win[add](pre + 'load', init, false);\n        }\n    })(window, function () {\n        window.bookly( {\"form_id\":\"69e59d0c08126\",\"form_data\":{\"skip_service_step\":0,\"hide_service_part1\":0,\"hide_service_part2\":1,\"defaults\":{\"service_id\":9,\"staff_id\":0,\"location_id\":0,\"category_id\":4,\"units\":0,\"date_from\":0,\"time_from\":0,\"time_to\":0}},\"status\":{\"booking\":\"new\"},\"form_token\":null,\"skip_steps\":{\"service_part1\":0,\"service_part2\":1,\"extras\":1,\"time\":0,\"repeat\":1,\"cart\":1},\"errors\":{\"session_error\":\"Errore di sessione.\",\"form_id_error\":\"Errore ID modulo.\",\"cart_item_not_available\":\"Die von Ihnen gew\\u00fcnschte Zeit ist bereits belegt. Bitte w\\u00e4hlen Sie eine andere Zeit.\\nThe time you requested is already occupied. Please select another time.\\n\\u062a\\u0645 \\u0627\\u0633\\u062a\\u062e\\u062f\\u0627\\u0645 \\u0627\\u0644\\u0648\\u0642\\u062a \\u0627\\u0644\\u0630\\u064a \\u0637\\u0644\\u0628\\u062a\\u0647 \\u0628\\u0627\\u0644\\u0641\\u0639\\u0644. \\u064a\\u0631\\u062c\\u0649 \\u0627\\u062e\\u062a\\u064a\\u0627\\u0631 \\u0648\\u0642\\u062a \\u0622\\u062e\\u0631.\",\"pay_locally_not_available\":\"Pagamento in loco non \\u00e8 disponibile.\",\"invalid_gateway\":\"Gateway non valido.\",\"payment_error\":\"Errore.\",\"incorrect_username_password\":\"Nome utente o password non corrette.\"},\"form_attributes\":{\"hide_categories\":true,\"hide_services\":false,\"hide_staff_members\":true,\"show_number_of_persons\":false,\"hide_service_duration\":true,\"hide_locations\":true,\"hide_quantity\":true,\"hide_date\":true,\"hide_week_days\":true,\"hide_time_range\":true,\"const_category_id\":4},\"use_client_time_zone\":0,\"defaults\":{\"service_id\":9,\"staff_id\":0,\"location_id\":0,\"category_id\":4},\"datepicker_mode\":\"text-accent\",\"facebook\":{\"enabled\":0,\"appId\":\"\"}} );\n    });\n<\/script><br \/>\n<\/strong><\/span><\/h3>\n<p>&nbsp;<\/p>\n<p>&nbsp;<\/p>\n<p>&nbsp;<\/p>\n<hr \/>\n<p>&nbsp;<\/p>\n<p>Offro una medicina personalizzata con sofisticata misurazione della perfusione ultrasonografica, diagnostica funzionale degli organi sonografici e vascolare per malattie acute e croniche in bambini e adulti, nonch\u00e9 consulenza pediatrica generale, diagnostica e trattamento.<\/p>\n<p>Vi chiediamo gentilmente di fissare un appuntamento solo online, come spiegato di seguito.<\/p>\n<p>Si prega di fornire una descrizione dettagliata dei sintomi e dei risultati precedenti.<\/p>\n<p>Si prega di scegliere tra due categorie di appuntamenti: Pratica pediatrica = Kinder\u00e4rztliche Sprechstunde o ecografia vascolare funzionale specializzata = Spezialsprechstunde Duplexsonografische Gef\u00e4\u00dfuntersuchung<\/p>\n<p>Un appuntamento per l'&#8221;Ecografia vascolare funzionale specializzata&#8221; richiede una conferma e un dettagliato scambio di informazioni in anticipo. Tali appuntamenti diventano validi solo dopo una conferma separata da parte mia.<\/p>\n<p>passo 1: scegliere un tipo di appuntamento = &#8220;W\u00e4hlen Sie die Art der Sprechstunde&#8221; &#8211; selezionare con il pulsante a discesa<\/p>\n<p>passo 2: scegliete la data dell&#8217;appuntamento = &#8220;Mein Terminwunsch ab&#8221; e l&#8217;ora = &#8220;von bis&#8221;.<\/p>\n<p>passo 3: inserisci il tuo nome, il tuo telefono e la tua e-mail, nonch\u00e9 i tuoi reclami specificati<\/p>\n<!--\nPlugin Name: Bookly - Responsive WordPress Appointment Booking and Scheduling Plugin\nPlugin URI: https:\/\/www.booking-wp-plugin.com\/?utm_source=bookly_admin&utm_medium=plugins_page&utm_campaign=plugins_page\nVersion: 27.4-->\n<style type=\"text\/css\">\n    :root {\n        --bookly-main-color: #008406 !important;\n        --bookly-color: #008406 !important;\n    }\n\n    <\/style><div class=\"bookly-css-root\">\n    <div id=\"bookly-form-container-69e59d0c081de\" class=\"bookly-form\" data-form_id=\"\" aria-live=\"polite\">\n        <div style=\"text-align: center\"><img decoding=\"async\" src=\"https:\/\/scholbach.de\/wp-includes\/js\/tinymce\/skins\/lightgray\/img\/loader.gif\" alt=\"Caricamento in corso\u2026\"\/><\/div>\n    <\/div>\n<\/div>\n<script type=\"text\/javascript\">\n    (function (win, fn) {\n        var done = false, top = true,\n            doc = win.document,\n            root = doc.documentElement,\n            modern = doc.addEventListener,\n            add = modern ? 'addEventListener' : 'attachEvent',\n            rem = modern ? 'removeEventListener' : 'detachEvent',\n            pre = modern ? '' : 'on',\n            init = function (e) {\n                if (e.type == 'readystatechange') if (doc.readyState != 'complete') return;\n                (e.type == 'load' ? win : doc)[rem](pre + e.type, init, false);\n                if (!done) {\n                    done = true;\n                    fn.call(win, e.type || e);\n                }\n            },\n            poll = function () {\n                try {\n                    root.doScroll('left');\n                } catch (e) {\n                    setTimeout(poll, 50);\n                    return;\n                }\n                init('poll');\n            };\n        if (doc.readyState == 'complete') fn.call(win, 'lazy');\n        else {\n            if (!modern) if (root.doScroll) {\n                try {\n                    top = !win.frameElement;\n                } catch (e) {\n                }\n                if (top) poll();\n            }\n            doc[add](pre + 'DOMContentLoaded', init, false);\n            doc[add](pre + 'readystatechange', init, false);\n            win[add](pre + 'load', init, false);\n        }\n    })(window, function () {\n        window.bookly( {\"form_id\":\"69e59d0c081de\",\"form_data\":{\"skip_service_step\":0,\"hide_service_part1\":0,\"hide_service_part2\":0,\"defaults\":{\"service_id\":0,\"staff_id\":0,\"location_id\":0,\"category_id\":0,\"units\":0,\"date_from\":0,\"time_from\":0,\"time_to\":0}},\"status\":{\"booking\":\"new\"},\"form_token\":null,\"skip_steps\":{\"service_part1\":0,\"service_part2\":0,\"extras\":1,\"time\":0,\"repeat\":1,\"cart\":1},\"errors\":{\"session_error\":\"Errore di sessione.\",\"form_id_error\":\"Errore ID modulo.\",\"cart_item_not_available\":\"Die von Ihnen gew\\u00fcnschte Zeit ist bereits belegt. Bitte w\\u00e4hlen Sie eine andere Zeit.\\nThe time you requested is already occupied. Please select another time.\\n\\u062a\\u0645 \\u0627\\u0633\\u062a\\u062e\\u062f\\u0627\\u0645 \\u0627\\u0644\\u0648\\u0642\\u062a \\u0627\\u0644\\u0630\\u064a \\u0637\\u0644\\u0628\\u062a\\u0647 \\u0628\\u0627\\u0644\\u0641\\u0639\\u0644. \\u064a\\u0631\\u062c\\u0649 \\u0627\\u062e\\u062a\\u064a\\u0627\\u0631 \\u0648\\u0642\\u062a \\u0622\\u062e\\u0631.\",\"pay_locally_not_available\":\"Pagamento in loco non \\u00e8 disponibile.\",\"invalid_gateway\":\"Gateway non valido.\",\"payment_error\":\"Errore.\",\"incorrect_username_password\":\"Nome utente o password non corrette.\"},\"form_attributes\":{\"hide_categories\":true,\"hide_services\":true,\"hide_staff_members\":true,\"show_number_of_persons\":false,\"hide_service_duration\":true,\"hide_locations\":true,\"hide_quantity\":true,\"hide_date\":false,\"hide_week_days\":false,\"hide_time_range\":false},\"use_client_time_zone\":0,\"defaults\":{\"service_id\":0,\"staff_id\":0,\"location_id\":0,\"category_id\":0},\"datepicker_mode\":\"text-accent\",\"facebook\":{\"enabled\":0,\"appId\":\"\"}} );\n    });\n<\/script>\n<p>Nessun appuntamento \u00e8 richiesto dalle 08:00h alle 09:30 a.m. in tutti i giorni feriali e dalle 16:00 alle 17:00 il luned\u00ec.<\/p>\n<p>Per tutti gli altri appuntamenti \/ visite \u00e8 obbligatoria la prenotazione.<\/p>\n<p>Potreste essere interessati ai miei discorsi all&#8217;European Ultrasound Congress EUROSON 2018 sulla natura lordogenetica di tutte le sindromi di compressione addominale e sul perch\u00e9 la sindrome dello &#8220;Schiaccianoci&#8221; \u00e8 un termine improprio.<\/p>\n<p style=\"text-align: center;\">telefono 0049 (0) 341 2481 4039<\/p>\n<p style=\"text-align: center;\"><span lang=\"AR-SA\"><a href=\"mailto:info.scholbach@posteo.de\">Email<\/a><\/span><\/p>\n<p><\/p>","protected":false},"excerpt":{"rendered":"<p>Benvenuti nel mio studio per la diagnostica ecografica specializzata per bambini e adulti! Puoi trovare le informazioni pi\u00f9 aggiornate sul mio sito web in inglese. Clicca sulla bandiera britannica nella barra delle bandiere. Quindi utilizza il traduttore di Google per aiutarti che trovi in \u200b\u200balto a destra in ogni pagina, traduci i rispettivi siti web [&hellip;]<\/p>\n","protected":false},"author":4,"featured_media":0,"parent":0,"menu_order":0,"comment_status":"closed","ping_status":"closed","template":"","meta":{"om_disable_all_campaigns":false,"footnotes":""},"class_list":["post-6","page","type-page","status-publish","hentry"],"_links":{"self":[{"href":"https:\/\/scholbach.de\/it\/wp-json\/wp\/v2\/pages\/6","targetHints":{"allow":["GET"]}}],"collection":[{"href":"https:\/\/scholbach.de\/it\/wp-json\/wp\/v2\/pages"}],"about":[{"href":"https:\/\/scholbach.de\/it\/wp-json\/wp\/v2\/types\/page"}],"author":[{"embeddable":true,"href":"https:\/\/scholbach.de\/it\/wp-json\/wp\/v2\/users\/4"}],"replies":[{"embeddable":true,"href":"https:\/\/scholbach.de\/it\/wp-json\/wp\/v2\/comments?post=6"}],"version-history":[{"count":556,"href":"https:\/\/scholbach.de\/it\/wp-json\/wp\/v2\/pages\/6\/revisions"}],"predecessor-version":[{"id":8411,"href":"https:\/\/scholbach.de\/it\/wp-json\/wp\/v2\/pages\/6\/revisions\/8411"}],"wp:attachment":[{"href":"https:\/\/scholbach.de\/it\/wp-json\/wp\/v2\/media?parent=6"}],"curies":[{"name":"wp","href":"https:\/\/api.w.org\/{rel}","templated":true}]}}