{"id":5926,"date":"2020-08-17T14:56:52","date_gmt":"2020-08-17T14:56:52","guid":{"rendered":"https:\/\/scholbach.de\/?page_id=5926"},"modified":"2020-08-25T05:21:58","modified_gmt":"2020-08-25T05:21:58","slug":"pudendal-neuralgia-in-vascular-compression-syndromes","status":"publish","type":"page","link":"https:\/\/scholbach.de\/it\/pudendal-neuralgia-in-vascular-compression-syndromes","title":{"rendered":"Nevralgia pudendale nelle sindromi di compressione vascolare"},"content":{"rendered":"<p>Nevralgia pudendale \u00e8 il termine medico per indicare il dolore nel <a href=\"https:\/\/www.google.com\/search?q=pudendal+neuralgia&amp;tbm=isch&amp;ved=2ahUKEwj3hoCBkp3rAhVGgaQKHVN7Cz0Q2-cCegQIABAA&amp;oq=pudendal+neuralgia&amp;gs_lcp=CgNpbWcQDDICCAAyBAgAEB4yBAgAEB4yBAgAEB4yBAgAEB4yBAgAEB4yBAgAEB4yBAgAEB4yBAgAEB4yBAgAEB5QqWFYrmNg-XtoAHAAeACAAcwBiAGWApIBBTEuMC4xmAEAoAEBqgELZ3dzLXdpei1pbWfAAQE&amp;sclient=img&amp;ei=tcs3X7fYNcaCkgXT9q3oAw&amp;bih=501&amp;biw=1056&amp;client=firefox-b-d\">territorio<\/a> del nervo pudendo. Il nervo pudendo corre dalla colonna vertebrale verso l&#8217;osso sacrale per poi curvare anteriormente verso la regione intorno all&#8217;ano, la vulva, che comprende l&#8217;orifizio della vagina e l&#8217;uretra, nonch\u00e9 il clitoride, le labbra maggiori e minori e lo scroto\/pene rispettivamente.<\/p>\n<p>Il dolore in questa regione provoca un notevole disagio e un deterioramento della qualit\u00e0 della vita. La nevralgia buddista interferisce con le funzioni biologiche di base come la minzione, la defecazione, i rapporti sessuali e influisce sulla capacit\u00e0 di stare seduti o in piedi o di muoversi o di rimanere in determinate posture del corpo.<\/p>\n<p><a href=\"https:\/\/www.ncbi.nlm.nih.gov\/books\/NBK544272\/\">Pertanto, costituisce una condizione medica grave<\/a>. Purtroppo, il suo trattamento non \u00e8 abbastanza semplice, poich\u00e9 la diagnosi di nevralgia pudendacea non \u00e8 facile.<\/p>\n<p>Le cause della nevralgia pudenda possono essere molteplici e possono essere correlate a diverse strutture anatomiche, a diverse influenze funzionali sul nervo e possono quindi richiedere un approccio terapeutico differenziato.<\/p>\n<p><a href=\"https:\/\/pubmed.ncbi.nlm.nih.gov\/?term=pudendal%20neuralgia%5BTitle%5D&amp;sort=&amp;filter=simsearch2.ffrft&amp;filter=simsearch2.ffrft&amp;page=2\">Qui<\/a> \u00e8 possibile scaricare un elenco di documenti medici disponibili gratuitamente.<\/p>\n<h3>Non \u00e8 noto il fatto che le <a href=\"https:\/\/pubmed.ncbi.nlm.nih.gov\/?term=pudendal+neuralgia%5BTitle%5D+AND+%28venous+OR+compression%29\">sindromi di compressione vascolare<\/a> possono causare nevralgie pudendali.<\/h3>\n<h3><\/h3>\n<p>&nbsp;<\/p>\n<div id=\"attachment_5933\" style=\"width: 310px\" class=\"wp-caption aligncenter\"><a href=\"https:\/\/scholbach.de\/wp-content\/uploads\/2020\/08\/Pudendal-neve-compression.jpg\"><img loading=\"lazy\" decoding=\"async\" aria-describedby=\"caption-attachment-5933\" class=\"wp-image-5933 size-medium\" src=\"https:\/\/scholbach.de\/wp-content\/uploads\/2020\/08\/Pudendal-neve-compression-e1597682375749-300x218.jpg\" alt=\"\" width=\"300\" height=\"218\" srcset=\"https:\/\/scholbach.de\/wp-content\/uploads\/2020\/08\/Pudendal-neve-compression-e1597682375749-300x218.jpg 300w, https:\/\/scholbach.de\/wp-content\/uploads\/2020\/08\/Pudendal-neve-compression-e1597682375749-768x558.jpg 768w, https:\/\/scholbach.de\/wp-content\/uploads\/2020\/08\/Pudendal-neve-compression-e1597682375749.jpg 985w\" sizes=\"auto, (max-width: 300px) 100vw, 300px\" \/><\/a><p id=\"caption-attachment-5933\" class=\"wp-caption-text\">Disegno schematico dell&#8217;autore del nervo pudendo compresso all&#8217;interno del canale pudendo (Alcock) da una vena pudendale interna ingrossata come avviene nella sindrome da congestione pelvica<\/p><\/div>\n<p>&nbsp;<\/p>\n<p>Il canale pudendale (canale di Alcock) \u00e8 un tubo fibroso che corre lungo la superficie mediale dell&#8217;osso ischiatico (<a href=\"https:\/\/www.kenhub.com\/de\/library\/anatomie\/nervus-pudendus\">il nervo verde in questa illustrazione<\/a>). Esso contiene tre importanti strutture:<\/p>\n<p>1. il nervo pudendo &#8211; che serve la zona perineale, l&#8217;ano, le grandi labbra (scroto), il clitoride (pene), l&#8217;orifizio dell&#8217;uretra, la vagina trasmettendo principalmente segnali sensoriali (dolore)<\/p>\n<p>2. l&#8217;arteria pudenda interna &#8211; una struttura relativamente dura (a causa della sua parete muscolare e della pressione arteriosa all&#8217;interno)<\/p>\n<p>3. la vena pudenda interna &#8211; una struttura comarativamente morbida (a causa della sua sottile parete fibrosa)<\/p>\n<p>In condizioni normali, tutte e tre le strutture trovano il loro posto, senza pressione sui vicini.<\/p>\n<p>Nella congestione pelvica, tuttavia, la vena pudendale a pareti morbide subisce una pressione sempre maggiore, poich\u00e9 il sangue non pu\u00f2 uscire dal bacino (a causa di una costellazione di May-Thurner o di una deviazione del sangue renale quando la vena renale sinistra viene compressa &#8211; alias Sindrome dello Schiaccianoci). Poi la vena pudenda si allarga sempre pi\u00f9 e comincia a serpeggiare all&#8217;interno di questo stretto canale.<\/p>\n<p>Poi, dopo un po&#8217; di tempo, i boccioli laterali crescenti e rigonfianti del vaso meandriforme premono fortemente contro il nervo. Il nervo fa quello che fa sempre quando riceve un segnale: trasferisce le sensazioni al cervello del paziente. Ma ora quelle sensazioni, che sembravano provenire dalla periferia perineale del nervo, non sono brevi e facili, come se la zona fosse stata leggermente toccata. Diventano insopportabili, bruciori e dolori cronici lancinanti che rendono la vita appena sopportabile &#8211; il quadro clinico completo della nevralgia pudendale.<\/p>\n<p>La tabella seguente evidenzia alcuni criteri rilevanti delle sindromi da compressione vascolare multipla (MALS, compressione della vena renale sinistra e sindrome di May-Thurner) in un <strong>paziente con nevralgia pudendale grave e invalidante che \u00e8 stato operato per ridurre alcune delle compressioni vascolari. Ci\u00f2 ha provocato un sollievo al 100% del dolore pudendo<\/strong><\/p>\n<p>&nbsp;<\/p>\n<p>&nbsp;<\/p>\n<p><a href=\"https:\/\/scholbach.de\/wp-content\/uploads\/2020\/08\/Pudendal-neuralgia.jpg\"><img loading=\"lazy\" decoding=\"async\" class=\"aligncenter wp-image-5930 size-medium\" src=\"https:\/\/scholbach.de\/wp-content\/uploads\/2020\/08\/Pudendal-neuralgia-e1597682347448-300x170.jpg\" alt=\"\" width=\"300\" height=\"170\" srcset=\"https:\/\/scholbach.de\/wp-content\/uploads\/2020\/08\/Pudendal-neuralgia-e1597682347448-300x170.jpg 300w, https:\/\/scholbach.de\/wp-content\/uploads\/2020\/08\/Pudendal-neuralgia-e1597682347448-1024x580.jpg 1024w, https:\/\/scholbach.de\/wp-content\/uploads\/2020\/08\/Pudendal-neuralgia-e1597682347448-768x435.jpg 768w, https:\/\/scholbach.de\/wp-content\/uploads\/2020\/08\/Pudendal-neuralgia-e1597682347448.jpg 1164w\" sizes=\"auto, (max-width: 300px) 100vw, 300px\" \/><\/a><\/p>\n<p>La riduzione del dolore pudendo si riferisce ad una diminuzione della pressione nelle vene pelviche congestionate. Questa elevata pressione venosa all&#8217;interno della pelvi pi\u00f9 ampia viene anche trasferita alla vena all&#8217;interno del <a href=\"http:\/\/La riduzione del dolore pudendo si riferisce ad una diminuzione della pressione nelle vene pelviche congestionate. Questa elevata pressione venosa all'interno della pelvi pi\u00f9 ampia viene anche trasferita alla vena all'interno del canale di Alcock che corre parallela al nervo pudendo in questa cavit\u00e0 tubolare stretta sulla superficie interna dell'osso ischiatico. Casi illustrati di pazienti che soffrono di nevralgia pudendale\">canale di Alcock<\/a> che corre parallela al nervo pudendo in questa cavit\u00e0 tubolare stretta sulla superficie interna dell&#8217;osso ischiatico.<\/p>\n<p>Casi illustrati di pazienti che soffrono di nevralgia pudendale<\/p>\n<p>&nbsp;<\/p>\n<p><strong>1: paziente donna 34 anni<\/strong><\/p>\n<p>Il paziente soffriva di una dilatazione progressiva delle vene di tutta la gamba destra e di un dolore progressivamente crescente in questa regione. Alcune delle vene pi\u00f9 dilatate erano state spogliate e la <a href=\"https:\/\/www.pinterest.de\/pin\/524247212845579183\/?nic_v2=1a3DPvdN7\">vena pudendale esterna<\/a> (che corre lungo la circonferenza mediale della coscia superiore) era stata embolizzata.<\/p>\n<p>Dopo la seconda gravidanza le vene varicose si sono ripresentate e sono diventate dolorose come mai prima.\u00a0 La gamba era molto pesante.<\/p>\n<p>Poi, in una seconda embolizzazione, sono state occluse numerose vene pelviche, alle quali si \u00e8 risposto con un dolore ancora pi\u00f9 forte nella gamba destra. Dopo questo intervento, un anno fa, anche la gamba sinistra \u00e8 diventata dolorosa e pesante. Inoltre, il dolore si \u00e8 esteso ora alle natiche e ai genitali &#8211; questi sono i sintomi di una nevralgia pudendale. Ora si \u00e8 deciso di rimuovere alcune bobine di embolizzazione. Di nuovo &#8211; senza alcun effetto sul dolore, che si estendeva ancora di pi\u00f9 alla parte bassa della schiena. La paziente ha perso in tutto 6 kg in questo tempo.<\/p>\n<p>Alcuni mesi fa ha subito una salpingo-ovariectomia laparoscopica sinistra (rimozione del tubo ovarico e dell&#8217;ovaio) e purtroppo ha continuato a soffrire di dolori iliaci della fossa iliaca sinistra piuttosto debilitanti (dolori all&#8217;addome del fiore sinistro). A ci\u00f2 si \u00e8 aggiunto il fatto che la gamba destra ha visto una copiosa proliferazione di vene varicose.<\/p>\n<p>Al momento della nostra sonografia funzionale Doppler a colori con misurazioni PixelFlux, soffriva di forti dolori ai fianchi e alla schiena, soprattutto sul lato sinistro, un forte dolore al basso addome, vene rigonfie nell&#8217;inguine sinistro e nei genitali, incapacit\u00e0 di camminare e di stare seduta pi\u00f9 a lungo, forte nausea che iniziava circa 2 minuti dopo un pasto, e vomito al mattino.<\/p>\n<p>I miei risultati effettivi dell&#8217;ecografia sono stati:<\/p>\n<p>Il paziente soffriva di compressioni vascolari multiple:<\/p>\n<ul>\n<li>MALS<br \/>\nSindrome di May-Thurner-Syndrome<br \/>\nCompressione lordogenetica della vena renale sinistra (aka Nutrcracker-syndrome)<br \/>\nCompressione bilaterale della vena femorale<br \/>\nCongestione pelvica<br \/>\nVena cava compressione inferiore<\/li>\n<\/ul>\n<p>Tutti tranne uno (1 \/MALS) hanno contribuito direttamente alla sua varicosi alle gambe e ai dolori pelvici e genitali.\u00a0 MALS era responsabile della nausea, della perdita di peso e del vomito. I tentativi di ridurre la varicosi alle gambe per embolizzazione non hanno potuto avere successo in quanto non \u00e8 stato preso in considerazione dall&#8217;interventista che questa varicosi grave e recidivante deve aver avuto una ragione che doveva essere ricercata nei vasi venosi superiori (pi\u00f9 cranici). La loro ostruzione non consentiva un normale drenaggio del sangue dalle vene pi\u00f9 caudali nelle gambe e nei glutei cos\u00ec come nei genitali. Le vene del paziente si sono letteralmente riempite come un serbatoio che riceve pi\u00f9 fluido di quello che viene estratto. Paragonabili ad un barile di pioggia, le vene pi\u00f9 profonde che giacciono si dilatavano prima (nella gamba) e poi, dopo che la loro capacit\u00e0 si \u00e8 esaurita sotto il dolore crescente, i territori venosi pi\u00f9 alti venivano allagati e diventavano varicose e dolorose: le vene genitali (vena pudenda interna), il basso addome (vene iliache), i glutei e la parte bassa della schiena (vene glutee e spinali).<\/p>\n<p>L&#8217;embolizzazione ripetuta e l&#8217;ovariectomia (rimozione dell&#8217;ovaio sinistro) pi\u00f9 l&#8217;avvolgimento della vena ovarica sinistra hanno aumentato ulteriormente il problema. Queste procedure sono state intraprese con il presupposto che la riduzione della pressione venosa all&#8217;interno delle vene varicose ridurrebbe il dolore in queste vene.<\/p>\n<p><strong>Questo concetto molto diffuso \u00e8 fondamentalmente sbagliato, se esiste un&#8217;ostruzione di deflusso in pi\u00f9 vene centrale.<\/strong> Allora tali procedure riducono le capacit\u00e0 venose, ma non migliorano il ritorno venoso al cuore. Cos\u00ec, esattamente la stessa quantit\u00e0 di sangue di prima dell&#8217;embolizzazione \u00e8 ora costretta a passare attraverso vene ancora pi\u00f9 sottili &#8211; quelle pi\u00f9 grandi che prima prendevano pi\u00f9 sangue sono state appena rimosse dall&#8217;interventista. La conseguenza logica e inevitabile \u00e8 l&#8217;emergere di nuove vene varicose e pi\u00f9 dolore. Il dolore \u00e8 in aumento poich\u00e9 \u00e8 generato da un&#8217;infiammazione della parete venosa. Questa infiammazione \u00e8 innescata come un processo di riparazione quando lo stress da taglio interrompe le microfibre della rete del tessuto connettivo che sostiene la parete delle vene. Quindi, il dolore \u00e8 proporzionale al grado di riparazione infiammatoria che produce citochine e prostaglandina-derivate. Queste molecole provocano dolore nella parete venosa. Qualsiasi aumento della pressione venosa al di sopra dell&#8217;estensibilit\u00e0 della maglia del tessuto connettivo produrr\u00e0 inevitabilmente dolore.<\/p>\n<p>Se ora le vene grandi vengono rimosse, le vene pi\u00f9 piccole devono assumere la stessa quantit\u00e0 di sangue che ha gi\u00e0 causato troppo stress da taglio per queste vene pi\u00f9 grandi. Lo stress da taglio nelle vene pi\u00f9 piccole rimanenti superer\u00e0 presto i valori sulle vene recentemente rimosse.<\/p>\n<p><strong>L&#8217;unica e logica conseguenza \u00e8: pi\u00f9 dolore dopo tali interventi!<\/strong><\/p>\n<p>Per questo motivo \u00e8 necessario seguire un approccio fondamentalmente diverso:<\/p>\n<p><strong>L&#8217;intera rete venosa del paziente deve essere scansionata con un esame quantitativo funzionale Doppler a colori. Solo l&#8217;esatta misurazione dei volumi di sangue e della loro pressione e della loro direzione del flusso e dei loro bypass e dei loro effetti funzionali pu\u00f2 guidare un chirurgo vascolare esperto verso i passi necessari. Queste mirano ad una ricostruzione del ritorno venoso indisturbato al cuore.<\/strong><\/p>\n<p>Un&#8217;operazione di questo tipo \u00e8 stata eseguita e ha portato ad un rapido miglioramento del dolore del paziente.<\/p>\n<p>Ecco alcuni risultati rilevanti dell&#8217;ecografia. Essi sottolineano la necessit\u00e0 di un esame completo e funzionale di tutti i vasi sanguigni rilevanti. Questo non pu\u00f2 essere fatto in pochi minuti n\u00e9 in un flusso di lavoro convenzionale. \u00c8 necessario un medico esperto con le necessarie conoscenze teoriche e la capacit\u00e0 di rappresentare tutte le strutture rilevanti in una buona qualit\u00e0 di imaging, cos\u00ec come un&#8217;apparecchiatura ad ultrasuoni di fascia alta con trasduttore e software di misurazione all&#8217;avanguardia.<\/p>\n<p>&nbsp;<\/p>\n<p>&nbsp;<\/p>\n<div id=\"attachment_5942\" style=\"width: 310px\" class=\"wp-caption aligncenter\"><a href=\"https:\/\/scholbach.de\/wp-content\/uploads\/2020\/08\/Folie1.jpg\"><img loading=\"lazy\" decoding=\"async\" aria-describedby=\"caption-attachment-5942\" class=\"wp-image-5942 size-medium\" src=\"https:\/\/scholbach.de\/wp-content\/uploads\/2020\/08\/Folie1-e1597682075424-300x225.jpg\" alt=\"\" width=\"300\" height=\"225\" srcset=\"https:\/\/scholbach.de\/wp-content\/uploads\/2020\/08\/Folie1-e1597682075424-300x225.jpg 300w, https:\/\/scholbach.de\/wp-content\/uploads\/2020\/08\/Folie1-e1597682075424.jpg 684w\" sizes=\"auto, (max-width: 300px) 100vw, 300px\" \/><\/a><p id=\"caption-attachment-5942\" class=\"wp-caption-text\">Vene varicose che circondano l&#8217;ovaia sinistra &#8211; estremamente doloroso!<\/p><\/div>\n<div id=\"attachment_5943\" style=\"width: 310px\" class=\"wp-caption aligncenter\"><a href=\"https:\/\/scholbach.de\/wp-content\/uploads\/2020\/08\/Folie2.jpg\"><img loading=\"lazy\" decoding=\"async\" aria-describedby=\"caption-attachment-5943\" class=\"wp-image-5943 size-medium\" src=\"https:\/\/scholbach.de\/wp-content\/uploads\/2020\/08\/Folie2-e1597682148389-300x205.jpg\" alt=\"\" width=\"300\" height=\"205\" srcset=\"https:\/\/scholbach.de\/wp-content\/uploads\/2020\/08\/Folie2-e1597682148389-300x205.jpg 300w, https:\/\/scholbach.de\/wp-content\/uploads\/2020\/08\/Folie2-e1597682148389.jpg 678w\" sizes=\"auto, (max-width: 300px) 100vw, 300px\" \/><\/a><p id=\"caption-attachment-5943\" class=\"wp-caption-text\">Vene varicose nella profondit\u00e0 del bacino intorno all&#8217;utero<\/p><\/div>\n<div id=\"attachment_5944\" style=\"width: 310px\" class=\"wp-caption aligncenter\"><a href=\"https:\/\/scholbach.de\/wp-content\/uploads\/2020\/08\/Folie3.jpg\"><img loading=\"lazy\" decoding=\"async\" aria-describedby=\"caption-attachment-5944\" class=\"wp-image-5944 size-medium\" src=\"https:\/\/scholbach.de\/wp-content\/uploads\/2020\/08\/Folie3-e1597682177623-300x191.jpg\" alt=\"\" width=\"300\" height=\"191\" srcset=\"https:\/\/scholbach.de\/wp-content\/uploads\/2020\/08\/Folie3-e1597682177623-300x191.jpg 300w, https:\/\/scholbach.de\/wp-content\/uploads\/2020\/08\/Folie3-e1597682177623.jpg 713w\" sizes=\"auto, (max-width: 300px) 100vw, 300px\" \/><\/a><p id=\"caption-attachment-5944\" class=\"wp-caption-text\">Grave congestione pelvica con vene ingrossate che riempiono lo strato muscolare dell&#8217;utero (miometrio) di spugna &#8211; come le vene venose collaterali<\/p><\/div>\n<div id=\"attachment_5946\" style=\"width: 310px\" class=\"wp-caption aligncenter\"><a href=\"https:\/\/scholbach.de\/wp-content\/uploads\/2020\/08\/Folie5.jpg\"><img loading=\"lazy\" decoding=\"async\" aria-describedby=\"caption-attachment-5946\" class=\"wp-image-5946 size-medium\" src=\"https:\/\/scholbach.de\/wp-content\/uploads\/2020\/08\/Folie5-e1597682209837-300x173.jpg\" alt=\"\" width=\"300\" height=\"173\" srcset=\"https:\/\/scholbach.de\/wp-content\/uploads\/2020\/08\/Folie5-e1597682209837-300x173.jpg 300w, https:\/\/scholbach.de\/wp-content\/uploads\/2020\/08\/Folie5-e1597682209837-768x443.jpg 768w, https:\/\/scholbach.de\/wp-content\/uploads\/2020\/08\/Folie5-e1597682209837.jpg 777w\" sizes=\"auto, (max-width: 300px) 100vw, 300px\" \/><\/a><p id=\"caption-attachment-5946\" class=\"wp-caption-text\">Compressione estrema della vena renale sinistra &#8211; il sangue non passa per niente attraverso la clamp aorto-mesenterica. 1- aorta; 2 &#8211; arteria mesenterica superiore; 3 &#8211; vena splenica &#8211; anche compressa; 4 &#8211; vena renale sinistra congestionata e dilatata (nero: nessun flusso) lasciata all&#8217;aorta; 5 &#8211; segmento compresso della vena renale sinistra &#8211; anche senza flusso sanguigno, quindi appering senza colorazione<\/p><\/div>\n<div id=\"attachment_5945\" style=\"width: 310px\" class=\"wp-caption aligncenter\"><a href=\"https:\/\/scholbach.de\/wp-content\/uploads\/2020\/08\/Folie4.jpg\"><img loading=\"lazy\" decoding=\"async\" aria-describedby=\"caption-attachment-5945\" class=\"wp-image-5945 size-medium\" src=\"https:\/\/scholbach.de\/wp-content\/uploads\/2020\/08\/Folie4-e1597682236208-300x164.jpg\" alt=\"\" width=\"300\" height=\"164\" srcset=\"https:\/\/scholbach.de\/wp-content\/uploads\/2020\/08\/Folie4-e1597682236208-300x164.jpg 300w, https:\/\/scholbach.de\/wp-content\/uploads\/2020\/08\/Folie4-e1597682236208-768x420.jpg 768w, https:\/\/scholbach.de\/wp-content\/uploads\/2020\/08\/Folie4-e1597682236208.jpg 966w\" sizes=\"auto, (max-width: 300px) 100vw, 300px\" \/><\/a><p id=\"caption-attachment-5945\" class=\"wp-caption-text\">La misurazione PixelFlux della perfusione renale [cm\/s*cm\u00b2\/cm\u00b2] \u00e8 l&#8217;unica tecnica per quantificare il vero impatto funzionale della compressione della vena renale sinistra. Qui mostra l&#8217;estrema soppressione della perfusione parenchimale del rene sinistro come segno della gravit\u00e0 della sua compressione da un lato e come segno del mancato sollievo collaterale dall&#8217;altro.<\/p><\/div>\n<div id=\"attachment_5947\" style=\"width: 310px\" class=\"wp-caption aligncenter\"><a href=\"https:\/\/scholbach.de\/wp-content\/uploads\/2020\/08\/Folie6.jpg\"><img loading=\"lazy\" decoding=\"async\" aria-describedby=\"caption-attachment-5947\" class=\"wp-image-5947 size-medium\" src=\"https:\/\/scholbach.de\/wp-content\/uploads\/2020\/08\/Folie6-e1597682261745-300x177.jpg\" alt=\"\" width=\"300\" height=\"177\" srcset=\"https:\/\/scholbach.de\/wp-content\/uploads\/2020\/08\/Folie6-e1597682261745-300x177.jpg 300w, https:\/\/scholbach.de\/wp-content\/uploads\/2020\/08\/Folie6-e1597682261745.jpg 758w\" sizes=\"auto, (max-width: 300px) 100vw, 300px\" \/><\/a><p id=\"caption-attachment-5947\" class=\"wp-caption-text\">MALS: tronco celiaco compresso, che avvolge il legamento arcuato mediano (immagine a sinistra) &#8211; tronco celiaco decompresso in ispirazione &#8211; che corre ora in modo rettilineo (immagine a destra) e misurazioni della velocit\u00e0 del flusso dei relativi vasi (tabella)<\/p><\/div>\n<div id=\"attachment_5948\" style=\"width: 310px\" class=\"wp-caption aligncenter\"><a href=\"https:\/\/scholbach.de\/wp-content\/uploads\/2020\/08\/Folie7.jpg\"><img loading=\"lazy\" decoding=\"async\" aria-describedby=\"caption-attachment-5948\" class=\"wp-image-5948 size-medium\" src=\"https:\/\/scholbach.de\/wp-content\/uploads\/2020\/08\/Folie7-e1597682287992-300x230.jpg\" alt=\"\" width=\"300\" height=\"230\" srcset=\"https:\/\/scholbach.de\/wp-content\/uploads\/2020\/08\/Folie7-e1597682287992-300x230.jpg 300w, https:\/\/scholbach.de\/wp-content\/uploads\/2020\/08\/Folie7-e1597682287992.jpg 537w\" sizes=\"auto, (max-width: 300px) 100vw, 300px\" \/><\/a><p id=\"caption-attachment-5948\" class=\"wp-caption-text\">Vene collaterali muscolari collaterali gravemente dilatate e molto dolorose nella natica sinistra. Queste vene fanno parte della rete collaterale per bypassare i segmenti venosi ostruiti<\/p><\/div>\n<p>&nbsp;<\/p>\n<p>&nbsp;<\/p>","protected":false},"excerpt":{"rendered":"<p>Nevralgia pudendale \u00e8 il termine medico per indicare il dolore nel territorio del nervo pudendo. Il nervo pudendo corre dalla colonna vertebrale verso l&#8217;osso sacrale per poi curvare anteriormente verso la regione intorno all&#8217;ano, la vulva, che comprende l&#8217;orifizio della vagina e l&#8217;uretra, nonch\u00e9 il clitoride, le labbra maggiori e minori e lo scroto\/pene rispettivamente. [&hellip;]<\/p>\n","protected":false},"author":5,"featured_media":0,"parent":0,"menu_order":0,"comment_status":"closed","ping_status":"closed","template":"","meta":{"om_disable_all_campaigns":false,"footnotes":""},"class_list":["post-5926","page","type-page","status-publish","hentry"],"_links":{"self":[{"href":"https:\/\/scholbach.de\/it\/wp-json\/wp\/v2\/pages\/5926","targetHints":{"allow":["GET"]}}],"collection":[{"href":"https:\/\/scholbach.de\/it\/wp-json\/wp\/v2\/pages"}],"about":[{"href":"https:\/\/scholbach.de\/it\/wp-json\/wp\/v2\/types\/page"}],"author":[{"embeddable":true,"href":"https:\/\/scholbach.de\/it\/wp-json\/wp\/v2\/users\/5"}],"replies":[{"embeddable":true,"href":"https:\/\/scholbach.de\/it\/wp-json\/wp\/v2\/comments?post=5926"}],"version-history":[{"count":41,"href":"https:\/\/scholbach.de\/it\/wp-json\/wp\/v2\/pages\/5926\/revisions"}],"predecessor-version":[{"id":5961,"href":"https:\/\/scholbach.de\/it\/wp-json\/wp\/v2\/pages\/5926\/revisions\/5961"}],"wp:attachment":[{"href":"https:\/\/scholbach.de\/it\/wp-json\/wp\/v2\/media?parent=5926"}],"curies":[{"name":"wp","href":"https:\/\/api.w.org\/{rel}","templated":true}]}}