{"id":5478,"date":"2020-04-17T15:01:38","date_gmt":"2020-04-17T15:01:38","guid":{"rendered":"https:\/\/scholbach.de\/?page_id=5478"},"modified":"2020-06-16T18:01:33","modified_gmt":"2020-06-16T18:01:33","slug":"behandlung-von-kompressionssyndromen","status":"publish","type":"page","link":"https:\/\/scholbach.de\/it\/behandlung-von-kompressionssyndromen","title":{"rendered":"Trattamento delle sindromi di compressione vascolare"},"content":{"rendered":"<p>Le sindromi di compressione vascolare sono causate da una forte lordosi lombare.<br \/>\nI primi passi per ridurre i sintomi dopo una diagnosi approfondita sono quindi volti a ridurre la lordosi.<br \/>\nQuesto pu\u00f2 essere ottenuto con alcune posture del corpo che mirano a ridurre l&#8217;inclinazione anteriore del bacino. L&#8217;inclinazione del bacino si sviluppa intorno ai 12 mesi di et\u00e0 quando i bambini iniziano a camminare. I bambini pi\u00f9 piccoli non inclinano il bacino anteriormente, poich\u00e9 si sdraiano sulla schiena o sulla pancia con le anche flesse o strisciano o strisciano. In queste posizioni del corpo le anche rimangono flesse.<br \/>\nSolo con l&#8217;inizio della postura eretta e della camminata bipede iniziano ad allungare eccessivamente i fianchi per portare la parte superiore delle cosce e le ginocchia in un&#8217;unica linea con la schiena. Questo pu\u00f2 essere ottenuto solo ruotando l&#8217;intero bacino anteriormente, ottenendo cos\u00ec la cosiddetta inclinazione anteriore del bacino. L&#8217;allungamento delle articolazioni dell&#8217;anca senza l&#8217;inclinazione del bacino \u00e8 impossibile, poich\u00e9 i legamenti stretti all&#8217;interno della capsula delle articolazioni dell&#8217;anca impediscono un movimento delle ossa femorali pi\u00f9 di 45\u00b0 cranialmente o caudalmente rispetto alla linea del pendolo dell&#8217;articolazione dell&#8217;anca. Questa linea del pendolo \u00e8 di 90\u00b0 rispetto alla direzione della colonna vertebrale. Quindi gli esseri umani sono gli unici animali con una lordosi. Per i dettagli vedere la mia spiegazione nella sezione <a href=\"https:\/\/scholbach.de\/en\/lordose-hohlkreuz\">lordosis<\/a>.<\/p>\n<p>La logica per il trattamento della compressione vascolare \u00e8 quindi la riduzione della lordosi mediante la flessione delle anche. Questo riduce immediatamente il dolore e il disagio. Queste posture del corpo non possono essere mantenute per periodi pi\u00f9 lunghi. Ma almeno per una situazione acuta ci\u00f2 fornisce un certo sollievo.<br \/>\nPer ottenere effetti pi\u00f9 duraturi, i muscoli intorno alla colonna vertebrale devono essere rafforzati. La loro tensione intrinseca riduce le curvature anteriori e posteriori della colonna vertebrale e quindi la lordosi. Sono utili tutti i tipi di esercizi fisici che rafforzano la muscolatura del tronco e dei glutei.<\/p>\n<p><a href=\"https:\/\/www.ejcrim.com\/index.php\/EJCRIM\/article\/view\/1605\/2056\">In questo articolo vengono spiegati alcuni esercizi che possono essere d&#8217;aiuto in una situazione del genere.<\/a><\/p>\n<p>Gli <a href=\"https:\/\/scholbach.de\/risks-of-stents-in-venous-compression-syndromes\">stent<\/a>, la chiusura delle vene congestionate e l&#8217;asportazione di organi dolorosi sono spesso raccomandati. Questo pu\u00f2 essere un errore fatale.<\/p>\n<p>Se la terapia fisica non \u00e8 sufficiente a ridurre i sintomi ad un livello sopportabile, si dovrebbe prevedere un trattamento medico e un intervento chirurgico.<\/p>\n<p>Qualsiasi trattamento richiede un&#8217;accurata diagnostica sonografica Doppler a colori funzionale di tutte le sindromi da compressione eventualmente coinvolte. \u00c8 una differenza se sono coinvolte vene, arterie o intestini. Inoltre, \u00e8 fondamentale quale combinazione di compressioni \u00e8 presente in un individuo. Le sindromi da compressione si influenzano a vicenda e questo deve essere tenuto in considerazione dal trattamento adeguato.<\/p>","protected":false},"excerpt":{"rendered":"<p>Le sindromi di compressione vascolare sono causate da una forte lordosi lombare. I primi passi per ridurre i sintomi dopo una diagnosi approfondita sono quindi volti a ridurre la lordosi. Questo pu\u00f2 essere ottenuto con alcune posture del corpo che mirano a ridurre l&#8217;inclinazione anteriore del bacino. L&#8217;inclinazione del bacino si sviluppa intorno ai 12 [&hellip;]<\/p>\n","protected":false},"author":5,"featured_media":0,"parent":0,"menu_order":0,"comment_status":"closed","ping_status":"closed","template":"","meta":{"om_disable_all_campaigns":false,"footnotes":""},"class_list":["post-5478","page","type-page","status-publish","hentry"],"_links":{"self":[{"href":"https:\/\/scholbach.de\/it\/wp-json\/wp\/v2\/pages\/5478","targetHints":{"allow":["GET"]}}],"collection":[{"href":"https:\/\/scholbach.de\/it\/wp-json\/wp\/v2\/pages"}],"about":[{"href":"https:\/\/scholbach.de\/it\/wp-json\/wp\/v2\/types\/page"}],"author":[{"embeddable":true,"href":"https:\/\/scholbach.de\/it\/wp-json\/wp\/v2\/users\/5"}],"replies":[{"embeddable":true,"href":"https:\/\/scholbach.de\/it\/wp-json\/wp\/v2\/comments?post=5478"}],"version-history":[{"count":17,"href":"https:\/\/scholbach.de\/it\/wp-json\/wp\/v2\/pages\/5478\/revisions"}],"predecessor-version":[{"id":5817,"href":"https:\/\/scholbach.de\/it\/wp-json\/wp\/v2\/pages\/5478\/revisions\/5817"}],"wp:attachment":[{"href":"https:\/\/scholbach.de\/it\/wp-json\/wp\/v2\/media?parent=5478"}],"curies":[{"name":"wp","href":"https:\/\/api.w.org\/{rel}","templated":true}]}}