{"id":364,"date":"2016-06-14T13:54:05","date_gmt":"2016-06-14T13:54:05","guid":{"rendered":"http:\/\/wp12612379.server-he.de\/?page_id=364"},"modified":"2024-01-20T21:40:11","modified_gmt":"2024-01-20T20:40:11","slug":"arteria-mesenterica-superior-syndrom","status":"publish","type":"page","link":"https:\/\/scholbach.de\/it\/wissenschaft\/deutsch-ultraschalldiagnostik\/deutsch-gefaskompressionen\/arteria-mesenterica-superior-syndrom","title":{"rendered":"Sindrome di Wilkie \/ Arteria-mesenterica-sindrome superiore"},"content":{"rendered":"<p><img decoding=\"async\" class=\"alignnone size-large wp-image-330\" src=\"http:\/\/wp12612379.server-he.de\/wp-content\/uploads\/2016\/06\/Anatomie-AMS-1024x576.jpg\" alt=\"Anatomie AMS\" width=\"100%\" height=\"auto\" srcset=\"https:\/\/scholbach.de\/wp-content\/uploads\/2016\/06\/Anatomie-AMS-1024x576.jpg 1024w, https:\/\/scholbach.de\/wp-content\/uploads\/2016\/06\/Anatomie-AMS-300x169.jpg 300w, https:\/\/scholbach.de\/wp-content\/uploads\/2016\/06\/Anatomie-AMS.jpg 1280w\" sizes=\"(max-width: 1024px) 100vw, 1024px\" \/><\/p>\n<p>Nell&#8217;angolo tra l&#8217;aorta e l&#8217;arteria intestinale superiore (arteria mesenterica superiore), la vena renale sinistra si sposta a destra (vedi sindrome dello schiaccianoci) e il duodeno a sinistra. Se questo angolo \u00e8 molto stretto, il duodeno pu\u00f2 essere compresso dalle due arterie in modo tale che il cibo si ferma subito dopo aver lasciato lo stomaco davanti al morsetto vascolare e pu\u00f2 essere trasportato solo in seguito a dolore, a scatti o in determinate posture.<br \/>\nCirca un quarto d&#8217;ora dopo aver iniziato a mangiare, le persone colpite soffrono di forti dolori all&#8217;addome superiore, che li porta a una dieta muschiosa e a piccole quantit\u00e0 di cibo. L&#8217;addome superiore destro si gonfia sotto la gabbia toracica, causando un aumento del dolore nella parte superiore dell&#8217;addome, eruttando e possibilmente anche vomitando. Spesso, il sollievo si avverte nel magazzino di sinistra. Con una forte compressione, l&#8217;avversione al cibo diventa cos\u00ec forte per paura del dolore che i pazienti perdono peso.<br \/>\nIn alcuni casi la compressione si basa su una debolezza dei muscoli intestinali, in altri il restringimento dell&#8217;angolo di uscita dell&#8217;arteria intestinale dalla sola aorta \u00e8 sufficiente ad innescare i sintomi.<\/p>\n<p>Le persone interessate possono scambiarsi informazioni in un gruppo di auto-aiuto.<\/p>\n<p>La nostra diagnosi si basa su un&#8217;ecografia Doppler a colori funzionali, in cui esaminiamo la vostra costellazione del dolore individuale e osserviamo in dettaglio il trasporto del cibo durante e dopo l&#8217;alimentazione e in diverse posture e lo confrontiamo con i vostri sintomi. In questo modo, la diagnosi pu\u00f2 essere fatta in un esame non invasivo e senza raggi X.<\/p>\n<p>Altre sindromi di compressione vascolare accompagnano spesso la sindrome di Wilkie e sono anch&#8217;esse diagnosticate da un esame dettagliato e sottile nella stessa seduta. Questo \u00e8 fondamentale perch\u00e9 i sintomi di tutte le sindromi di copmressione vascolare si sovrappongono e un piano di trattamento graduale pu\u00f2 essere elaborato solo dopo un esame quantitativo della perfusione dei vasi colpiti.<\/p>\n<p>Il video seguente mostra la congestione del duodeno in un paziente che non ha mangiato, cio\u00e8 in cui il duodeno \u00e8 vuoto:<\/p>\n<p>&nbsp;<\/p>\n<div style=\"width: 640px;\" class=\"wp-video\"><video class=\"wp-video-shortcode\" id=\"video-364-25\" width=\"640\" height=\"360\" preload=\"metadata\" controls=\"controls\"><source type=\"video\/mp4\" src=\"http:\/\/wp12612379.server-he.de\/wp-content\/uploads\/2016\/06\/Videodarstellung_des_Staus_im_Duodenum.mp4?_=25\" \/><a href=\"http:\/\/wp12612379.server-he.de\/wp-content\/uploads\/2016\/06\/Videodarstellung_des_Staus_im_Duodenum.mp4\">http:\/\/wp12612379.server-he.de\/wp-content\/uploads\/2016\/06\/Videodarstellung_des_Staus_im_Duodenum.mp4<\/a><\/video><\/div>\n<p>Il seguente video ad ultrasuoni mostra la congestione di cibo nel duodeno dopo aver mangiato:<\/p>\n<div style=\"width: 640px;\" class=\"wp-video\"><video class=\"wp-video-shortcode\" id=\"video-364-26\" width=\"640\" height=\"360\" preload=\"metadata\" controls=\"controls\"><source type=\"video\/mp4\" src=\"http:\/\/wp12612379.server-he.de\/wp-content\/uploads\/2016\/06\/ams_widerstandsperistaltik.mp4?_=26\" \/><a href=\"http:\/\/wp12612379.server-he.de\/wp-content\/uploads\/2016\/06\/ams_widerstandsperistaltik.mp4\">http:\/\/wp12612379.server-he.de\/wp-content\/uploads\/2016\/06\/ams_widerstandsperistaltik.mp4<\/a><\/video><\/div>\n<p>L&#8217;ultimo video mostra finalmente come il duodeno si svuota contro la resistenza:<\/p>\n<div style=\"width: 640px;\" class=\"wp-video\"><video class=\"wp-video-shortcode\" id=\"video-364-27\" width=\"640\" height=\"360\" preload=\"metadata\" controls=\"controls\"><source type=\"video\/mp4\" src=\"http:\/\/wp12612379.server-he.de\/wp-content\/uploads\/2016\/06\/Unter_Schmerzlinerung_entleert_sich_das_Duodenum.mp4?_=27\" \/><a href=\"http:\/\/wp12612379.server-he.de\/wp-content\/uploads\/2016\/06\/Unter_Schmerzlinerung_entleert_sich_das_Duodenum.mp4\">http:\/\/wp12612379.server-he.de\/wp-content\/uploads\/2016\/06\/Unter_Schmerzlinerung_entleert_sich_das_Duodenum.mp4<\/a><\/video><\/div>\n<p>&nbsp;<\/p>\n<p>Si prega di notare le nostre note sulle spiegazioni mediche di questo sito web.<\/p>","protected":false},"excerpt":{"rendered":"<p>Nell&#8217;angolo tra l&#8217;aorta e l&#8217;arteria intestinale superiore (arteria mesenterica superiore), la vena renale sinistra si sposta a destra (vedi sindrome dello schiaccianoci) e il duodeno a sinistra. Se questo angolo \u00e8 molto stretto, il duodeno pu\u00f2 essere compresso dalle due arterie in modo tale che il cibo si ferma subito dopo aver lasciato lo stomaco [&hellip;]<\/p>\n","protected":false},"author":4,"featured_media":0,"parent":66,"menu_order":6,"comment_status":"open","ping_status":"closed","template":"","meta":{"om_disable_all_campaigns":false,"footnotes":""},"class_list":["post-364","page","type-page","status-publish","hentry"],"_links":{"self":[{"href":"https:\/\/scholbach.de\/it\/wp-json\/wp\/v2\/pages\/364","targetHints":{"allow":["GET"]}}],"collection":[{"href":"https:\/\/scholbach.de\/it\/wp-json\/wp\/v2\/pages"}],"about":[{"href":"https:\/\/scholbach.de\/it\/wp-json\/wp\/v2\/types\/page"}],"author":[{"embeddable":true,"href":"https:\/\/scholbach.de\/it\/wp-json\/wp\/v2\/users\/4"}],"replies":[{"embeddable":true,"href":"https:\/\/scholbach.de\/it\/wp-json\/wp\/v2\/comments?post=364"}],"version-history":[{"count":60,"href":"https:\/\/scholbach.de\/it\/wp-json\/wp\/v2\/pages\/364\/revisions"}],"predecessor-version":[{"id":8510,"href":"https:\/\/scholbach.de\/it\/wp-json\/wp\/v2\/pages\/364\/revisions\/8510"}],"up":[{"embeddable":true,"href":"https:\/\/scholbach.de\/it\/wp-json\/wp\/v2\/pages\/66"}],"wp:attachment":[{"href":"https:\/\/scholbach.de\/it\/wp-json\/wp\/v2\/media?parent=364"}],"curies":[{"name":"wp","href":"https:\/\/api.w.org\/{rel}","templated":true}]}}