{"id":3477,"date":"2019-09-15T15:01:27","date_gmt":"2019-09-15T15:01:27","guid":{"rendered":"https:\/\/scholbach.de\/?page_id=3477"},"modified":"2021-07-18T20:23:43","modified_gmt":"2021-07-18T20:23:43","slug":"english-curtain-effect-of-venous-stents","status":"publish","type":"page","link":"https:\/\/scholbach.de\/it\/english-curtain-effect-of-venous-stents","title":{"rendered":"L&#8217;effetto tenda degli stent venosi"},"content":{"rendered":"<p><div style=\"width: 1920px;\" class=\"wp-video\"><video class=\"wp-video-shortcode\" id=\"video-3477-8\" width=\"1920\" height=\"1080\" preload=\"metadata\" controls=\"controls\"><source type=\"video\/mp4\" src=\"https:\/\/scholbach.de\/wp-content\/uploads\/2019\/09\/curtain-effect.mp4?_=8\" \/><a href=\"https:\/\/scholbach.de\/wp-content\/uploads\/2019\/09\/curtain-effect.mp4\">https:\/\/scholbach.de\/wp-content\/uploads\/2019\/09\/curtain-effect.mp4<\/a><\/video><\/div><\/p>\n<p>&nbsp;<\/p>\n<p>Gli stent venosi hanno molti effetti dannosi sulle vene nelle sindromi di compressione vascolare addominale.<\/p>\n<p>L&#8217;effetto tenda \u00e8 solo uno di questi, ma il pi\u00f9 rilevante. Il video mostra l&#8217;amplificazione dell&#8217;effetto sipario, che di per s\u00e9 causa una funzione stent ridotta o quasi assente, anche in stent apparentemente aperti.<\/p>\n<p>I movimenti del corpo o la respirazione portano ad una costante irritazione della vena, cesellando lo stent nella parete venosa. Lo stent taglia la parete della vena come uno scalpello e spesso causa un dolore insopportabile nel punto di penetrazione.<\/p>\n<p>La TC e la risonanza magnetica non possono rilevare tali meccanismi perch\u00e9 si tratta di tecniche di imaging statico e non funzionale.<\/p>\n<p>Solo un&#8217;ecografia meticolosa, dinamica e funzionale con quantificazione del flusso sanguigno pu\u00f2 identificare la causa del dolore nei pazienti con tali stent.<\/p>","protected":false},"excerpt":{"rendered":"<p>&nbsp; Gli stent venosi hanno molti effetti dannosi sulle vene nelle sindromi di compressione vascolare addominale. L&#8217;effetto tenda \u00e8 solo uno di questi, ma il pi\u00f9 rilevante. Il video mostra l&#8217;amplificazione dell&#8217;effetto sipario, che di per s\u00e9 causa una funzione stent ridotta o quasi assente, anche in stent apparentemente aperti. I movimenti del corpo o [&hellip;]<\/p>\n","protected":false},"author":5,"featured_media":0,"parent":0,"menu_order":0,"comment_status":"closed","ping_status":"closed","template":"","meta":{"om_disable_all_campaigns":false,"footnotes":""},"class_list":["post-3477","page","type-page","status-publish","hentry"],"_links":{"self":[{"href":"https:\/\/scholbach.de\/it\/wp-json\/wp\/v2\/pages\/3477","targetHints":{"allow":["GET"]}}],"collection":[{"href":"https:\/\/scholbach.de\/it\/wp-json\/wp\/v2\/pages"}],"about":[{"href":"https:\/\/scholbach.de\/it\/wp-json\/wp\/v2\/types\/page"}],"author":[{"embeddable":true,"href":"https:\/\/scholbach.de\/it\/wp-json\/wp\/v2\/users\/5"}],"replies":[{"embeddable":true,"href":"https:\/\/scholbach.de\/it\/wp-json\/wp\/v2\/comments?post=3477"}],"version-history":[{"count":20,"href":"https:\/\/scholbach.de\/it\/wp-json\/wp\/v2\/pages\/3477\/revisions"}],"predecessor-version":[{"id":6471,"href":"https:\/\/scholbach.de\/it\/wp-json\/wp\/v2\/pages\/3477\/revisions\/6471"}],"wp:attachment":[{"href":"https:\/\/scholbach.de\/it\/wp-json\/wp\/v2\/media?parent=3477"}],"curies":[{"name":"wp","href":"https:\/\/api.w.org\/{rel}","templated":true}]}}