{"id":3354,"date":"2019-08-07T05:26:39","date_gmt":"2019-08-07T05:26:39","guid":{"rendered":"https:\/\/scholbach.de\/?page_id=3354"},"modified":"2022-04-10T16:28:26","modified_gmt":"2022-04-10T16:28:26","slug":"%ce%b5%ce%bb%ce%bb%ce%b7%ce%bd%ce%b9%ce%ba%ce%ac-fehler-bei-der-therapie-von-gefaesskompressionssyndromen","status":"publish","type":"page","link":"https:\/\/scholbach.de\/it\/wissenschaft\/deutsch-ultraschalldiagnostik\/deutsch-gefaskompressionen\/%ce%b5%ce%bb%ce%bb%ce%b7%ce%bd%ce%b9%ce%ba%ce%ac-fehler-bei-der-therapie-von-gefaesskompressionssyndromen","title":{"rendered":"Errori nella terapia delle sindromi di compressione vascolare"},"content":{"rendered":"<p>Tutte le sindromi di compressione vascolare possono essere ricondotte ad una maggiore lordosi della colonna lombare. Non \u00e8 quindi raro che pi\u00f9 sindromi di compressione vascolare si manifestino contemporaneamente in un paziente (di solito le donne ne sono colpite).<\/p>\n<p>Nelle sindromi di compressione venosa, il flusso di sangue dalla vena bloccata viene riportato al cuore attraverso circuiti di bypass. Questi circuiti di bypass venoso possono a loro volta essere compressi come risultato di un aumento della lordosi, in modo che le singole sindromi di compressione vascolare si influenzano a vicenda.<\/p>\n<p>Per i disturbi del paziente, ma soprattutto per il successo della terapia, \u00e8 quindi essenziale scoprire tutte le sindromi di compressione vascolare conosciute.<\/p>\n<p>In una seconda fase, \u00e8 necessario determinare l&#8217;influenza quantitativa di ogni singola sindrome di compressione vascolare sul quadro clinico complessivo. Ci\u00f2 richiede non solo misurazioni della velocit\u00e0 del flusso sanguigno in numerosi punti della circolazione venosa e arteriosa, ma anche misurazioni dei volumi di sangue deviati. Sono di importanza cruciale per l&#8217;effetto della vasocostrizione.<\/p>\n<p>A questo scopo abbiamo sviluppato il <a href=\"http:\/\/www.chameleon-software.de\">software PixelFlux<\/a>, che rende possibili per la prima volta misure cos\u00ec precise.<\/p>\n<p>Senza pesare le condizioni di pressione in diversi punti della circolazione venosa, senza misurare i volumi di sangue deviati e senza determinare la capacit\u00e0 di riserva dei circuiti di bypass, il successo della terapia \u00e8 in pericolo o improbabile.<\/p>\n<p>Nella mia pratica vedo spesso pazienti che sono stati trattati chirurgicamente o interventisticamente dopo la diagnosi di una sindrome di compressione vascolare e i cui sintomi persistono perch\u00e9 le circostanze di cui sopra sono state ignorate.<\/p>\n<p>Di seguito riporto quindi alcuni esempi di valutazioni errate e maltrattamenti mortali di varie sindromi di compressione vascolare per evidenziare i rischi di alcuni metodi di trattamento.<\/p>\n<p>&nbsp;<\/p>\n<p>&nbsp;<\/p>\n<h2>Embolia delle vene ovariche e delle vene pelviche in pazienti con sindrome da congestione pelvica<\/h2>\n<p>La sindrome da congestione pelvica consiste in una congestione di sangue venoso negli organi pelvici. L&#8217;utero e l&#8217;ovaio sinistro sono i pi\u00f9 frequentemente colpiti. Ma anche altri organi del bacino come la vagina, negli uomini la prostata, l&#8217;uretra, l&#8217;uretra, il retto e la vescica urinaria possono essere riposti venosa in varia misura. La conseguenza di questa congestione venosa \u00e8 un dolore cronico, spesso particolarmente grave all&#8217;inizio delle mestruazioni, nella zona dei suddetti organi.<\/p>\n<p>Un trattamento comune in questi pazienti \u00e8 l&#8217;obliterazione della vena ovarica sinistra, a volte anche della vena ovarica destra e di altre vene pelviche. Il trigger per questo trattamento \u00e8 di solito l&#8217;individuazione di vene pelviche congestionate sul lato sinistro in una flebografia o un&#8217;angiografia MR o un&#8217;angiografia CT. Con l&#8217;individuazione delle vene dilatate, si pensa che sia stata trovata la causa locale del dolore. I medici considerano quindi di eliminare la dilatazione delle vene rimuovendo le vene stesse. A questo scopo, queste vene vengono spesso obliterate durante l&#8217;esame del catetere inserendo spirali metalliche nelle vene, oppure vengono prevenute durante una procedura laparoscopica.<\/p>\n<p>Secondo le mie osservazioni, questo spesso porta a dolori ancora maggiori nel piccolo bacino, nel fianco sinistro e nella zona del rene sinistro dopo un breve miglioramento.<\/p>\n<p>La ragione di questo fallimento del trattamento \u00e8 una conoscenza insufficiente delle connessioni di congestione del sangue nella pelvi e delle sue cause. Nella maggior parte dei casi, le cause non sono ricercate, ma si presume una debolezza del muro della vena ovarica sinistra. Non viene chiesto perch\u00e9 la vena ovarica sinistra dovrebbe avere una debolezza del muro se altre vene non hanno una dilatazione. Questa debolezza del muro \u00e8 la causa della dilatazione della vena, \u00e8 spesso spiegato. A volte si presume anche che le valvole venose non si chiudono correttamente e quindi la vena si dilata come una vena varicosa.<\/p>\n<p>In realt\u00e0, tuttavia, un aumento regolare della pressione nella vena ovarica \u00e8 la causa della sua dilatazione. Questo aumento di pressione \u00e8 innescato da un restringimento della vena renale sinistra, quando un aumento della lordosi spinge la colonna lombare verso la parete addominale e comprime cos\u00ec la vena renale sinistra, che attraversa la colonna vertebrale sopra l&#8217;ombelico da sinistra a destra, da dietro. Poich\u00e9 la vena ovarica sinistra si apre nella vena renale sinistra ad angolo retto, l&#8217;aumentata pressione della vena renale sinistra viene trasmessa alla vena ovarica sinistra. Dopo un primo allargamento della vena ovarica, la vena diventa poi tortuosa, come una vena varicosa sulla gamba. Questa vena varicosa \u00e8, come suggerisce il nome, la causa di crampi e dolori oppressivi nella pelvi e nel fianco sinistro o nel basso addome sinistro. Se c&#8217;\u00e8 un ulteriore aumento della pressione e una leggera pressione nelle vene pelviche, il flusso sanguigno nella vena ovarica \u00e8 invertito.<\/p>\n<p>&nbsp;<\/p>\n<p>Il corpo ha cos\u00ec creato un circuito di bypass (primario) che gli permette di trasportare il sangue accumulato del rene sinistro al cuore con deviazioni. Questa deviazione passa prima attraverso la vena ovarica sinistra, attraverso l&#8217;ovaio sinistro e la tube di Falloppio sinistra verso l&#8217;utero, attraversa i muscoli dell&#8217;utero e poi conduce il sangue alla vena pelvica profonda destra attraverso le vene sul fianco destro dell&#8217;utero o attraverso l&#8217;ovaio destro. Da l\u00ec, il sangue sale attraverso la vena pelvica profonda pelvica destra, spesso notevolmente ingrandita, poi spesso dolorosa, nella vena pelvica superficiale destra, da dove viene trasportata in linea retta nella vena cavernosa inferiore e ritorno al cuore attraverso questa vena.<\/p>\n<p>Il funzionamento di questo circuito di bypass dipende essenzialmente dalle condizioni di pressione nei vasi e negli organi, che devono essere attraversati dalla quantit\u00e0 di sangue deviata. Per natura, la larghezza dei vasi \u00e8 adattata alle esigenze di sangue degli organi che li riforniscono. Ci\u00f2 significa che la vena ovarica non ha sufficiente capacit\u00e0 per la grande quantit\u00e0 di sangue che scorre attraverso il rene.<\/p>\n<p>Il rene \u00e8 l&#8217;organo con il pi\u00f9 forte apporto di sangue in tutta la cavit\u00e0 addominale, poich\u00e9 il suo apporto di sangue non solo deve coprire il fabbisogno proprio dei reni, ma il rene funziona anche come organo filtrante per il sangue di tutto il corpo e quindi riceve molte pi\u00f9 sangue di quanto ci si aspetterebbe dalle dimensioni dell&#8217;organo. Se il drenaggio del rene \u00e8 congestionato dalla compressione della vena renale sinistra, l&#8217;alta pressione si sviluppa rapidamente a causa dell&#8217;alto volume di sangue che si accumula nei circuiti di bypass. Questa pressione porta alla suddetta dilatazione delle vene nel circuito di bypass e ad una maggiore pressione su tutte le vene coinvolte. Questo aumento di pressione porta a danni alla parete venosa, quindi alla sua infiammazione e di conseguenza al dolore, spesso insopportabile.<\/p>\n<p>Se, come spesso accade, questo circuito di bypass viene bruscamente interrotto da misure chirurgiche o interventistiche, si verifica un ulteriore aumento della pressione nella vena renale sinistra. Poich\u00e9 la pressione nelle vene precedentemente dilatate diminuisce immediatamente a causa dell&#8217;interruzione dei circuiti di bypass stabiliti, i pazienti spesso sentono un sollievo dal dolore nelle prime ore, giorni e settimane. Questo pu\u00f2 essere spiegato dalla diminuzione dell&#8217;infiammazione delle vene dilatate, che ora stanno collassando.<\/p>\n<p>Lo svantaggio pi\u00f9 trascurato di questa procedura \u00e8 che l&#8217;interruzione dei circuiti di bypass porta ad un ulteriore aumento considerevole della pressione nella vena renale sinistra. Questo aumento della pressione costringe il flusso del sangue accumulato attraverso le vene pi\u00f9 piccole, precedentemente inutilizzate, nella zona della cavit\u00e0 addominale, della schiena e del bacino. Poich\u00e9 queste vene non sono preparate per l&#8217;improvviso sovraccarico di volume, vengono rapidamente allungate, con conseguente infiammazione di queste vene. Il corpo crea nuovi circuiti di bypass dopo che il circuito di bypass precedentemente stabilito \u00e8 stato rimosso. Poich\u00e9 le vene secondarie ora utilizzate hanno un lume ancora pi\u00f9 piccolo rispetto alle vene primarie, motivo per cui il sangue \u00e8 stato deviato per la prima volta attraverso queste vene leggermente pi\u00f9 ampie, la pressione in questi circuiti di bypass secondario \u00e8 ancora pi\u00f9 alta di prima, l&#8217;infiammazione \u00e8 pi\u00f9 forte e il dolore come risultato ancora pi\u00f9 forte di prima del trattamento.<\/p>\n<p>Purtroppo, purtroppo, il decorso della malattia qui descritta pu\u00f2 spesso essere osservato dopo gli interventi corrispondenti, per cui mi sento di consigliare urgentemente di non prevenire i bypass circolatori stabiliti quando si rileva una sindrome da congestione pelvica.<\/p>\n<p>Lo stesso vale, ovviamente, per l&#8217;espianto di organi che garantiscono in primo luogo questi circuiti di bypass . Le stesse conseguenze si possono quindi prevedere quando l&#8217;ovaio sinistro o l&#8217;utero vengono rimossi, nella speranza che il disagio causato dalla congestione venosa di questi organi scompaia. In base alla mia esperienza, non c&#8217;\u00e8 da aspettarselo. Invece, spesso dopo poco tempo, spesso dopo poche settimane, nei circuiti di bypass secondario si verifica un dolore insopportabile.<\/p>\n<p>Purtroppo, purtroppo, i pazienti spesso non vengono pi\u00f9 curati dai medici che hanno effettuato la scleroterapia o il prelievo di organi, perch\u00e9 dal loro punto di vista la procedura \u00e8 tecnicamente riuscita e a causa della mancanza di un concetto generale di sindromi di compressione vascolare lordogenetica, non si vedono ulteriori possibilit\u00e0 di trattamento.<\/p>\n<p>I pazienti vengono poi spesso inviati da uno psicologo o psichiatra con l&#8217;indicazione che ora soffrono di una &#8220;sindrome da intensificazione del dolore&#8221;, di una &#8220;memoria del dolore troppo forte&#8221; o di una malattia mentale.<br \/>\n*** Tradotto con www.DeepL.com\/translator (versione gratuita) ***<\/p>\n<p>&nbsp;<\/p>","protected":false},"excerpt":{"rendered":"<p>Tutte le sindromi di compressione vascolare possono essere ricondotte ad una maggiore lordosi della colonna lombare. Non \u00e8 quindi raro che pi\u00f9 sindromi di compressione vascolare si manifestino contemporaneamente in un paziente (di solito le donne ne sono colpite). Nelle sindromi di compressione venosa, il flusso di sangue dalla vena bloccata viene riportato al cuore [&hellip;]<\/p>\n","protected":false},"author":5,"featured_media":0,"parent":66,"menu_order":1,"comment_status":"closed","ping_status":"closed","template":"","meta":{"om_disable_all_campaigns":false,"footnotes":""},"class_list":["post-3354","page","type-page","status-publish","hentry"],"_links":{"self":[{"href":"https:\/\/scholbach.de\/it\/wp-json\/wp\/v2\/pages\/3354","targetHints":{"allow":["GET"]}}],"collection":[{"href":"https:\/\/scholbach.de\/it\/wp-json\/wp\/v2\/pages"}],"about":[{"href":"https:\/\/scholbach.de\/it\/wp-json\/wp\/v2\/types\/page"}],"author":[{"embeddable":true,"href":"https:\/\/scholbach.de\/it\/wp-json\/wp\/v2\/users\/5"}],"replies":[{"embeddable":true,"href":"https:\/\/scholbach.de\/it\/wp-json\/wp\/v2\/comments?post=3354"}],"version-history":[{"count":17,"href":"https:\/\/scholbach.de\/it\/wp-json\/wp\/v2\/pages\/3354\/revisions"}],"predecessor-version":[{"id":7349,"href":"https:\/\/scholbach.de\/it\/wp-json\/wp\/v2\/pages\/3354\/revisions\/7349"}],"up":[{"embeddable":true,"href":"https:\/\/scholbach.de\/it\/wp-json\/wp\/v2\/pages\/66"}],"wp:attachment":[{"href":"https:\/\/scholbach.de\/it\/wp-json\/wp\/v2\/media?parent=3354"}],"curies":[{"name":"wp","href":"https:\/\/api.w.org\/{rel}","templated":true}]}}