{"id":3158,"date":"2019-06-10T17:50:36","date_gmt":"2019-06-10T17:50:36","guid":{"rendered":"https:\/\/scholbach.de\/?page_id=3158"},"modified":"2020-04-05T14:12:11","modified_gmt":"2020-04-05T14:12:11","slug":"english-musculoskeletal-pecularities-of-female-puberty","status":"publish","type":"page","link":"https:\/\/scholbach.de\/it\/wissenschaft\/deutsch-ultraschalldiagnostik\/deutsch-gefaskompressionen\/english-musculoskeletal-pecularities-of-female-puberty","title":{"rendered":"Particolarit\u00e0 muscoloscheletriche della pubert\u00e0 femminile"},"content":{"rendered":"<p>Nelle donne predominano le sindromi di compressione vascolare dell&#8217;addome e del bacino. Nella pratica quotidiana, oltre il 90% delle persone colpite sono ragazze o donne pre e post-pubbliche.<\/p>\n<p>Ci\u00f2 \u00e8 dovuto alla crescita prepubertale e ai cambiamenti specifici della pelvi femminile durante la pubert\u00e0, che portano ad una pelvi pi\u00f9 ampia e profonda rispetto agli uomini. Le donne sviluppano una lordosi lombare molto pi\u00f9 forte a causa di una variet\u00e0 di cambiamenti specifici:<\/p>\n<p>In primo luogo, la maggiore profondit\u00e0 del bacino causa la sua inclinazione anteriore,<\/p>\n<p>In secondo luogo, i fianchi pi\u00f9 larghi si estendono alla base del triangolo psoas, che consiste sia di muscoli psoas che di una linea virtuale di collegamento dei loro attacchi al femore. L&#8217;estensione di questa base ad una lunghezza costante di entrambi i muscoli forza una riduzione dell&#8217;altezza di questo triangolo. Entrambi i meccanismi si aggiungono alla lordogenesi umana generale, che \u00e8 unica in evoluzione ed \u00e8 essenzialmente una conseguenza del &#8220;fisiologico&#8221; allungamento eccessivo delle articolazioni dell&#8217;anca.<\/p>\n<p>Le articolazioni dell&#8217;anca umana, come tutte le altre articolazioni dell&#8217;anca dei mammiferi, hanno un range di movimento limitato dai legamenti stretti e saldi della capsula. Una posizione della coscia di 90\u00b0 rispetto alla colonna lombare \u00e8 considerata la linea del pendolo di un&#8217;articolazione dell&#8217;anca a riposo. Ad esempio, un neonato umano sdraiato sulla schiena non pu\u00f2 mai toccare il materasso con le ginocchia, non potendo ancora tendere eccessivamente i fianchi. La posizione adulta delle articolazioni dell&#8217;anca viene raggiunta solo gradualmente &#8211; e definita &#8220;normale&#8221; &#8211; con l&#8217;inizio della deambulazione umana bipede dopo circa 12 mesi. Tuttavia, ci\u00f2 pu\u00f2 essere ottenuto solo se le articolazioni dell&#8217;anca sono tese oltre i 45\u00b0 verso il basso. Poich\u00e9 un puro movimento articolare non pu\u00f2 raggiungere tale posizione a causa dell&#8217;adesione del femore da parte del legamento ischiofemorale dell&#8217;articolazione dell&#8217;anca, l&#8217;unico modo per raggiungere una posizione tesa del femore \u00e8 un&#8217;inclinazione in avanti del bacino umano. Questa inclinazione include anche il sacro.<\/p>\n<p>La colonna lombare, che si attacca al sacro, deve compensare questa inclinazione in avanti con una curvatura altrettanto forte all&#8217;indietro &#8211; questa \u00e8 la lordosi lombare umana non congenita. Cos\u00ec la lordosi lombare \u00e8 l&#8217;unica risposta umana alla gravit\u00e0. \u00c8 molto pi\u00f9 pronunciato nelle donne che negli uomini e causa una serie di sindromi di compressione vascolare (MALS, sindrome dello schiaccianoci, sindrome dell&#8217;arteria mesenterica superiore, sindrome di May-Thurner, sindrome di Lumbalartery ed altre), soprattutto nelle donne.<br \/>\n*** Tradotto con www.DeepL.com\/translator (versione gratuita) ***<\/p>","protected":false},"excerpt":{"rendered":"<p>Nelle donne predominano le sindromi di compressione vascolare dell&#8217;addome e del bacino. Nella pratica quotidiana, oltre il 90% delle persone colpite sono ragazze o donne pre e post-pubbliche. Ci\u00f2 \u00e8 dovuto alla crescita prepubertale e ai cambiamenti specifici della pelvi femminile durante la pubert\u00e0, che portano ad una pelvi pi\u00f9 ampia e profonda rispetto agli [&hellip;]<\/p>\n","protected":false},"author":5,"featured_media":0,"parent":66,"menu_order":2,"comment_status":"closed","ping_status":"closed","template":"","meta":{"om_disable_all_campaigns":false,"footnotes":""},"class_list":["post-3158","page","type-page","status-publish","hentry"],"_links":{"self":[{"href":"https:\/\/scholbach.de\/it\/wp-json\/wp\/v2\/pages\/3158","targetHints":{"allow":["GET"]}}],"collection":[{"href":"https:\/\/scholbach.de\/it\/wp-json\/wp\/v2\/pages"}],"about":[{"href":"https:\/\/scholbach.de\/it\/wp-json\/wp\/v2\/types\/page"}],"author":[{"embeddable":true,"href":"https:\/\/scholbach.de\/it\/wp-json\/wp\/v2\/users\/5"}],"replies":[{"embeddable":true,"href":"https:\/\/scholbach.de\/it\/wp-json\/wp\/v2\/comments?post=3158"}],"version-history":[{"count":8,"href":"https:\/\/scholbach.de\/it\/wp-json\/wp\/v2\/pages\/3158\/revisions"}],"predecessor-version":[{"id":4422,"href":"https:\/\/scholbach.de\/it\/wp-json\/wp\/v2\/pages\/3158\/revisions\/4422"}],"up":[{"embeddable":true,"href":"https:\/\/scholbach.de\/it\/wp-json\/wp\/v2\/pages\/66"}],"wp:attachment":[{"href":"https:\/\/scholbach.de\/it\/wp-json\/wp\/v2\/media?parent=3158"}],"curies":[{"name":"wp","href":"https:\/\/api.w.org\/{rel}","templated":true}]}}