{"id":2444,"date":"2018-09-30T13:37:42","date_gmt":"2018-09-30T13:37:42","guid":{"rendered":"http:\/\/scholbach.de\/?page_id=2444"},"modified":"2020-04-15T19:46:24","modified_gmt":"2020-04-15T19:46:24","slug":"gefaesskompressionen-als-beispiel-fuer-gender-medizin","status":"publish","type":"page","link":"https:\/\/scholbach.de\/it\/gefaesskompressionen-als-beispiel-fuer-gender-medizin","title":{"rendered":"Dolore mestruale, non un destino immutabile ma una conseguenza delle compressioni vascolari."},"content":{"rendered":"<p>Oltre il 90% di tutti i pazienti con sindromi di compressione vascolare sono ragazze e donne. Si potrebbe quindi parlare di una tipica malattia ginecologica. Ci\u00f2 \u00e8 dovuto alle peculiarit\u00e0 anatomiche dello scheletro pelvico nelle donne.<br \/>\nDurante la pubert\u00e0, il bacino delle ragazze cresce pi\u00f9 velocemente di quello dei ragazzi in larghezza e profondit\u00e0. Entrambi i processi di crescita favoriscono lo sviluppo di una lordosi particolarmente pronunciata (dorso cavo).<br \/>\nAllargando il bacino, i muscoli lombari, che si estendono dalla colonna lombare all&#8217;interno della coscia e hanno la funzione di piegare l&#8217;articolazione dell&#8217;anca e di tirare la coscia verso l&#8217;interno, esercitano una trazione pi\u00f9 forte sulla colonna lombare delle donne. Poich\u00e9 la colonna vertebrale non pu\u00f2 essere compressa, questa trazione muscolare provoca una curvatura in avanti della colonna lombare e quindi un aumento della lordosi.<br \/>\nLa maggiore espansione in profondit\u00e0 del bacino nelle donne significa che le parti del bacino davanti all&#8217;articolazione dell&#8217;anca hanno un maggiore effetto leva sull&#8217;articolazione dell&#8217;anca. In questo modo il bacino si inclina in avanti e verso il basso. Questo spiega anche una lordosi lombare pi\u00f9 forte della colonna vertebrale lombare, poich\u00e9 la colonna lombare \u00e8 direttamente collegata al sacro, che \u00e8 saldamente collegato alle altre ossa dell&#8217;anca.<br \/>\nLa maggiore curvatura della colonna lombare nelle donne ha a volte gravi effetti sugli organi interni, a seconda dell&#8217;estensione della lordosi. La vena renale sinistra, che corre davanti alla colonna vertebrale, \u00e8 compressa al vertice della schiena cava. Il sangue della vena renale sinistra inceppata scorre solitamente all&#8217;indietro, cio\u00e8 verso il basso, attraverso la vena ovarica sinistra nella pelviale.<br \/>\nDi solito la seconda compressione del plesso nervoso intorno al tronco celiaco \u00e8 causata dalla trazione delle cosce del diaframma, che si attaccano alla colonna lombare. Questo quadro clinico \u00e8 chiamato sindrome di Ligamentum arcuatum arcuatum o sindrome di Dunbar.<br \/>\nPi\u00f9 tardi, il sacro viene spesso premuto contro la vena pelvica sinistra da dietro con l&#8217;inclinazione del bacino e questa vena viene premuta tra l&#8217;osso del sacro e l&#8217;arteria pelvica destra. Questo quadro clinico si chiama sindrome di May-Thurner.<br \/>\nI sintomi tipici delle donne sono inizialmente dolori all&#8217;addome superiore e crampi mestruali, spesso considerati &#8220;normali&#8221;.<br \/>\nDal punto di vista delle sindromi di compressione vascolare, \u00e8 facile comprendere il forte dolore immediatamente prima dell&#8217;inizio delle mestruazioni e durante i primi giorni delle mestruazioni.<br \/>\nGran parte del sangue accumulato nella vena renale e nella vena pelvica sinistra deve passare attraverso l&#8217;utero e le ovaie per raggiungere la vena cava inferiore sul lato destro della colonna vertebrale. Anche altri organi situati nella linea mediana del bacino, come la vescica, il retto e la vagina, sono spesso colpiti in misura minore da un aumento del flusso sanguigno dovuto alla deviazione del sangue.<br \/>\nSolo quando il sangue pu\u00f2 passare attraverso l&#8217;utero senza molta resistenza, la pressione nei vasi venosi sul lato sinistro del bacino o della colonna vertebrale \u00e8 cos\u00ec bassa che le donne non soffrono.<br \/>\nTuttavia, nel corso del ciclo mestruale ci sono regolari e importanti cambiamenti nel flusso sanguigno verso l&#8217;utero. All&#8217;inizio del ciclo mestruale, alla fine del sanguinamento mestruale, il rivestimento dell&#8217;utero si accumula e il flusso sanguigno aumenta gradualmente.<br \/>\n*** Tradotto con www.DeepL.com\/translator (versione gratuita) ***<\/p>\n<div id=\"attachment_2454\" style=\"width: 413px\" class=\"wp-caption aligncenter\"><img loading=\"lazy\" decoding=\"async\" aria-describedby=\"caption-attachment-2454\" class=\"wp-image-2454\" src=\"https:\/\/scholbach.de\/wp-content\/uploads\/2018\/09\/MenstrualCycle.png\" alt=\"\" width=\"403\" height=\"507\" srcset=\"https:\/\/scholbach.de\/wp-content\/uploads\/2018\/09\/MenstrualCycle.png 947w, https:\/\/scholbach.de\/wp-content\/uploads\/2018\/09\/MenstrualCycle-239x300.png 239w, https:\/\/scholbach.de\/wp-content\/uploads\/2018\/09\/MenstrualCycle-768x966.png 768w, https:\/\/scholbach.de\/wp-content\/uploads\/2018\/09\/MenstrualCycle-814x1024.png 814w\" sizes=\"auto, (max-width: 403px) 100vw, 403px\" \/><p id=\"caption-attachment-2454\" class=\"wp-caption-text\">da: https:\/\/upload.wikimedia.org\/wikipedia\/commons\/f\/f0\/MenstrualCycle.png<\/p><\/div>\n<div id=\"attachment_2447\" style=\"width: 620px\" class=\"wp-caption aligncenter\"><img loading=\"lazy\" decoding=\"async\" aria-describedby=\"caption-attachment-2447\" class=\"wp-image-2447\" src=\"https:\/\/scholbach.de\/wp-content\/uploads\/2018\/09\/MRI-uterine-perfusion.jpg\" alt=\"\" width=\"610\" height=\"343\" srcset=\"https:\/\/scholbach.de\/wp-content\/uploads\/2018\/09\/MRI-uterine-perfusion.jpg 1280w, https:\/\/scholbach.de\/wp-content\/uploads\/2018\/09\/MRI-uterine-perfusion-300x169.jpg 300w, https:\/\/scholbach.de\/wp-content\/uploads\/2018\/09\/MRI-uterine-perfusion-768x432.jpg 768w, https:\/\/scholbach.de\/wp-content\/uploads\/2018\/09\/MRI-uterine-perfusion-1024x576.jpg 1024w\" sizes=\"auto, (max-width: 610px) 100vw, 610px\" \/><p id=\"caption-attachment-2447\" class=\"wp-caption-text\">da: In Vivo Perfusion, T 1 , and T 2 Measurements in the Female Pelvis During the Normal Menstrual Cycle: A Feasibility Study Caroline L. Hoad, PhD, Jonathan Fulford, PhD, Nick J. Raine-Fenning, PhD, Bruce K. Campbell, PhD, Ian R. Johnson, PhD, and Penelope A. Gowland, PhD in : JOURNAL OF MAGNETIC RESONANCE IMAGING 24:1350\u20131356 (2006)<\/p><\/div>\n<p>Con l&#8217;ovulazione, intorno al 14\u00b0 giorno del ciclo, si verifica un ulteriore rapido aumento del flusso sanguigno. Ci\u00f2 significa che durante questo periodo diventa possibile un passaggio sempre migliore del sangue pelvico accumulato attraverso l&#8217;utero. Poco prima dell&#8217;insorgenza del sanguinamento mestruale, tuttavia, l&#8217;apporto di sangue al rivestimento dell&#8217;utero scende rapidamente. Questo \u00e8 stato dimostrato scientificamente sia nella risonanza magnetica che nell&#8217;ecografia Doppler transvaginale.<\/p>\n<div id=\"attachment_2448\" style=\"width: 602px\" class=\"wp-caption aligncenter\"><img loading=\"lazy\" decoding=\"async\" aria-describedby=\"caption-attachment-2448\" class=\"wp-image-2448 \" src=\"https:\/\/scholbach.de\/wp-content\/uploads\/2018\/09\/TVDoppler-uterine-perfusion.jpg\" alt=\"\" width=\"592\" height=\"333\" srcset=\"https:\/\/scholbach.de\/wp-content\/uploads\/2018\/09\/TVDoppler-uterine-perfusion.jpg 1280w, https:\/\/scholbach.de\/wp-content\/uploads\/2018\/09\/TVDoppler-uterine-perfusion-300x169.jpg 300w, https:\/\/scholbach.de\/wp-content\/uploads\/2018\/09\/TVDoppler-uterine-perfusion-768x432.jpg 768w, https:\/\/scholbach.de\/wp-content\/uploads\/2018\/09\/TVDoppler-uterine-perfusion-1024x576.jpg 1024w\" sizes=\"auto, (max-width: 592px) 100vw, 592px\" \/><p id=\"caption-attachment-2448\" class=\"wp-caption-text\">aus: Assessment of Endometrial Perfusion with Doppler Ultrasound in Spontaneous and Stimulated Menstrual Cycles Akihito Nakai, Akishige Yokota, Tatsuo Koshino and Tsutomu Araki in: J Nippon Med Sch 2002; 69\uff084\uff09<\/p><\/div>\n<p>Per il sangue della vena pelvica ci\u00f2 significa che improvvisamente l&#8217;utero crea un&#8217;alta resistenza e la pressione nelle vene uterine, ovariche e pelviche di sinistra aumenta rapidamente. Poich\u00e9 queste vene sono infiammate in ritardo come risultato di stretching cronico a causa di congestione del sangue, l&#8217;improvviso aumento della pressione e il conseguente allungamento di queste vene porta a forti dolori immediatamente prima che inizi il sanguinamento mestruale e di solito il primo al massimo secondo giorno di sanguinamento.<br \/>\n\u00c8 interessante notare che con la terapia farmacologica per ridurre la congestione venosa, questi gravi sintomi mestruali possono di solito diminuire o scomparire completamente.<br \/>\nLa terapia con inibitori dell&#8217;ovulazione, spesso prescritti dai ginecologi, ha un diverso meccanismo d&#8217;azione, che certamente influisce anche sulla variazione del flusso sanguigno verso l&#8217;utero. Tra questi ci sono i cambiamenti ciclici nell&#8217;utero e i cambiamenti associati nel flusso sanguigno.<\/p>","protected":false},"excerpt":{"rendered":"<p>Oltre il 90% di tutti i pazienti con sindromi di compressione vascolare sono ragazze e donne. Si potrebbe quindi parlare di una tipica malattia ginecologica. Ci\u00f2 \u00e8 dovuto alle peculiarit\u00e0 anatomiche dello scheletro pelvico nelle donne. Durante la pubert\u00e0, il bacino delle ragazze cresce pi\u00f9 velocemente di quello dei ragazzi in larghezza e profondit\u00e0. Entrambi [&hellip;]<\/p>\n","protected":false},"author":5,"featured_media":0,"parent":0,"menu_order":0,"comment_status":"closed","ping_status":"closed","template":"","meta":{"om_disable_all_campaigns":false,"footnotes":""},"class_list":["post-2444","page","type-page","status-publish","hentry"],"_links":{"self":[{"href":"https:\/\/scholbach.de\/it\/wp-json\/wp\/v2\/pages\/2444","targetHints":{"allow":["GET"]}}],"collection":[{"href":"https:\/\/scholbach.de\/it\/wp-json\/wp\/v2\/pages"}],"about":[{"href":"https:\/\/scholbach.de\/it\/wp-json\/wp\/v2\/types\/page"}],"author":[{"embeddable":true,"href":"https:\/\/scholbach.de\/it\/wp-json\/wp\/v2\/users\/5"}],"replies":[{"embeddable":true,"href":"https:\/\/scholbach.de\/it\/wp-json\/wp\/v2\/comments?post=2444"}],"version-history":[{"count":24,"href":"https:\/\/scholbach.de\/it\/wp-json\/wp\/v2\/pages\/2444\/revisions"}],"predecessor-version":[{"id":5447,"href":"https:\/\/scholbach.de\/it\/wp-json\/wp\/v2\/pages\/2444\/revisions\/5447"}],"wp:attachment":[{"href":"https:\/\/scholbach.de\/it\/wp-json\/wp\/v2\/media?parent=2444"}],"curies":[{"name":"wp","href":"https:\/\/api.w.org\/{rel}","templated":true}]}}