{"id":2314,"date":"2018-07-07T14:19:00","date_gmt":"2018-07-07T14:19:00","guid":{"rendered":"http:\/\/scholbach.de\/?page_id=2314"},"modified":"2025-09-21T16:13:28","modified_gmt":"2025-09-21T14:13:28","slug":"ehlers-danlos-syndrom-als-beispiel-fuer-bindegewebserkrankungen-und-gefaesskompressionen","status":"publish","type":"page","link":"https:\/\/scholbach.de\/it\/ehlers-danlos-syndrom-als-beispiel-fuer-bindegewebserkrankungen-und-gefaesskompressionen","title":{"rendered":"La sindrome di Ehlers-Danlos come esempio di malattie del tessuto connettivo e compressioni vascolari"},"content":{"rendered":"<p>Numerose malattie del tessuto connettivo portano ad un allentamento delle strutture del tessuto connettivo. Questi includono organi come i polmoni, l&#8217;intestino, i vasi sanguigni, le articolazioni e i legamenti.<br \/>\nLe vene contengono molto tessuto connettivo e sono quindi affette da disturbi strutturali nelle malattie del tessuto connettivo e delle arterie. Poich\u00e9 il sangue venoso \u00e8 sotto pressione inferiore a quella del sangue arterioso, gli effetti delle malattie del tessuto connettivo, come la sindrome di Ehlers-Danlos o la sindrome di Marfan nelle vene e nelle arterie, sono diversi.<br \/>\nI fenomeni di compressione vascolare sono quindi pi\u00f9 comuni nelle vene che nelle arterie che tendono ad allentare la parete arteriosa, i cosiddetti aneurismi.<br \/>\nLa maggiore elasticit\u00e0 delle vene nelle malattie del tessuto connettivo, che portano ad un allentamento del tessuto connettivo, si esprime anche nel fatto che le vene possono essere pi\u00f9 facilmente compresse dalle strutture circostanti. La sezione venosa a monte del sito di compressione, in cui si accumula il sangue venoso, \u00e8 particolarmente soggetta a dilatazione. Mentre in una vena pi\u00f9 stretta e sana la pressione sanguigna aumenta nella sezione congestionata, nelle malattie del tessuto connettivo la parete venosa produce pi\u00f9 facilmente, cos\u00ec che con la stessa compressione si tende ad un minore aumento della pressione e ad un allargamento ancora maggiore della sezione venosa a monte del sito di compressione.<br \/>\nIl sangue bloccato evade quindi in circuiti di bypass che si espandono pi\u00f9 facilmente. Le vene interessate tendono a torcere e formare vene varicose.<br \/>\nUn ulteriore effetto dell&#8217;allentamento del tessuto connettivo pu\u00f2 essere visto nel fatto che i pazienti con malattie del tessuto connettivo tendono a deformare la colonna vertebrale perch\u00e9 i legamenti che stabilizzano la colonna vertebrale cedono leggermente. Spesso si sviluppano prima una pronunciata lordosi della colonna lombare e una cifosi pi\u00f9 forte della colonna toracica. Segue poi una tendenza alla scoliosi, cio\u00e8 alla piegatura laterale della colonna vertebrale. Il meccanismo di questo processo \u00e8 simile a quello utilizzato in un trapano a manovella. La curvatura della manovella forma un braccio di leva che facilita il movimento laterale della manovella e la rotazione del trapano.\u00a0 La colonna lombare lordotica si comporta come la manovella di un trapano. La curvatura anteriore della colonna lombare (lordosi) facilita la rotazione laterale della colonna lombare, che porta alla scoliosi.<br \/>\nLa pronunciata lordosi, che pu\u00f2 svilupparsi nella malattia del tessuto connettivo, facilita cos\u00ec la compressione vascolare, come descritto nelle sezioni Lordosis e sindrome lordogenetica della mittellinina di questo sito web.<br \/>\n*** Tradotto con www.DeepL.com\/translator (versione gratuita) ***<\/p>","protected":false},"excerpt":{"rendered":"<p>Numerose malattie del tessuto connettivo portano ad un allentamento delle strutture del tessuto connettivo. Questi includono organi come i polmoni, l&#8217;intestino, i vasi sanguigni, le articolazioni e i legamenti. Le vene contengono molto tessuto connettivo e sono quindi affette da disturbi strutturali nelle malattie del tessuto connettivo e delle arterie. Poich\u00e9 il sangue venoso \u00e8 [&hellip;]<\/p>\n","protected":false},"author":5,"featured_media":0,"parent":0,"menu_order":0,"comment_status":"closed","ping_status":"closed","template":"","meta":{"om_disable_all_campaigns":false,"footnotes":""},"class_list":["post-2314","page","type-page","status-publish","hentry"],"_links":{"self":[{"href":"https:\/\/scholbach.de\/it\/wp-json\/wp\/v2\/pages\/2314","targetHints":{"allow":["GET"]}}],"collection":[{"href":"https:\/\/scholbach.de\/it\/wp-json\/wp\/v2\/pages"}],"about":[{"href":"https:\/\/scholbach.de\/it\/wp-json\/wp\/v2\/types\/page"}],"author":[{"embeddable":true,"href":"https:\/\/scholbach.de\/it\/wp-json\/wp\/v2\/users\/5"}],"replies":[{"embeddable":true,"href":"https:\/\/scholbach.de\/it\/wp-json\/wp\/v2\/comments?post=2314"}],"version-history":[{"count":42,"href":"https:\/\/scholbach.de\/it\/wp-json\/wp\/v2\/pages\/2314\/revisions"}],"predecessor-version":[{"id":9689,"href":"https:\/\/scholbach.de\/it\/wp-json\/wp\/v2\/pages\/2314\/revisions\/9689"}],"wp:attachment":[{"href":"https:\/\/scholbach.de\/it\/wp-json\/wp\/v2\/media?parent=2314"}],"curies":[{"name":"wp","href":"https:\/\/api.w.org\/{rel}","templated":true}]}}