{"id":225,"date":"2016-01-24T22:03:08","date_gmt":"2016-01-24T22:03:08","guid":{"rendered":"http:\/\/wp12612379.server-he.de\/?page_id=225"},"modified":"2021-09-11T10:29:39","modified_gmt":"2021-09-11T10:29:39","slug":"nussknacker","status":"publish","type":"page","link":"https:\/\/scholbach.de\/it\/wissenschaft\/deutsch-ultraschalldiagnostik\/deutsch-gefaskompressionen\/nussknacker","title":{"rendered":"Il cosiddetto fenomeno dello schiaccianoci"},"content":{"rendered":"<p>Il fenomeno dello schiaccianoci \u00e8 un fenomeno di compressione vascolare molto comune. Negli ultimi vent&#8217;anni ho diagnosticato e trattato centinaia di pazienti con questa malattia.<\/p>\n<p>Nasce &#8211; evolutivamente visto &#8211; dall&#8217;andatura verticale dell&#8217;essere umano e dalla conseguente curvatura (&#8220;lordosi&#8221;) della colonna lombare. Dolori addominali, dolori ai fianchi (spesso a sinistra), lordosi convessa sinistra nella regione lombare, dolori addominali (nelle donne e nelle ragazze soprattutto sopra l&#8217;ovaio sinistro), mal di schiena, mal di testa, emorroidi e dolori genitali (dispareunia &#8211; dolore durante il rapporto sessuale, dolore testicolare) sono i sintomi pi\u00f9 comuni. La diagnosi pu\u00f2 essere fatta senza ambiguit\u00e0 con l&#8217;aiuto dell&#8217;ecografia Doppler a colori funzionali.<\/p>\n<p>La sindrome dello schiaccianoci \u00e8 il termine usato quando questi sintomi sono accompagnati da ematuria, cio\u00e8 l&#8217;escrezione di sangue nelle urine.<\/p>\n<p>L&#8217;illustrazione seguente mostra una rappresentazione schematica di una vena renale che \u00e8 bloccata tra l&#8217;aorta e l&#8217;arteria mesenterica superiore: il cerchio blu pi\u00f9 grande \u00e8 la sezione trasversale dell&#8217;aorta, il cerchio blu pi\u00f9 piccolo rappresenta l&#8217;arteria mesenterica. Il rosso \u00e8 la vena renale, che viene da destra ed \u00e8 intrappolata tra le due arterie, con conseguente congestione:<\/p>\n<p>&nbsp;<\/p>\n<p><img decoding=\"async\" class=\"alignnone size-large wp-image-331\" src=\"http:\/\/wp12612379.server-he.de\/wp-content\/uploads\/2016\/06\/Folie40-1024x576.jpg\" alt=\"Folie40\" width=\"100%\" height=\"auto\" srcset=\"https:\/\/scholbach.de\/wp-content\/uploads\/2016\/06\/Folie40-1024x576.jpg 1024w, https:\/\/scholbach.de\/wp-content\/uploads\/2016\/06\/Folie40-300x169.jpg 300w, https:\/\/scholbach.de\/wp-content\/uploads\/2016\/06\/Folie40.jpg 1280w\" sizes=\"(max-width: 1024px) 100vw, 1024px\" \/><\/p>\n<p>La figura seguente mostra la stessa situazione nell&#8217;immagine ad ultrasuoni:<\/p>\n<p><img decoding=\"async\" class=\"alignnone size-large wp-image-403\" src=\"http:\/\/wp12612379.server-he.de\/wp-content\/uploads\/2016\/01\/nussknacker_01.jpg\" alt=\"nussknacker_01\" width=\"100%\" height=\"auto\" srcset=\"https:\/\/scholbach.de\/wp-content\/uploads\/2016\/01\/nussknacker_01.jpg 467w, https:\/\/scholbach.de\/wp-content\/uploads\/2016\/01\/nussknacker_01-300x279.jpg 300w\" sizes=\"(max-width: 467px) 100vw, 467px\" \/><\/p>\n<h2>Bypass circolatori e conseguenti reclami<\/h2>\n<p>Poich\u00e9 la congestione della vena renale sinistra ostacola il normale flusso sanguigno, il flusso sanguigno spesso cerca circuiti di bypass. Questo porta spesso alla congestione degli organi pelvici, con conseguente disfunzione e dolore. Le disfunzioni frequenti sono l&#8217;urgenza di urinare con basso riempimento vescicale, crampi mestruali, defecazione dolorosa nelle emorroidi, disturbi genitali, congestione della gamba sinistra e delle vene perineali, e trombosi della gamba sinistra.<\/p>\n<p>La vena ovarica sinistra \u00e8 un circuito di bypass frequente. Contrariamente allo stato normale, la vena ovarica sinistra preleva il sangue dalla vena renale sinistra bloccata e lo dirige all&#8217;indietro, attraverso l&#8217;ovaio sinistro, nelle vene pelviche di sinistra, o, poich\u00e9 anche qui pu\u00f2 essere impedito il deflusso, attraverso l&#8217;utero sul lato destro della vena cava inferiore. Nell&#8217;immagine ad ultrasuoni, la vena ovarica sinistra appare dilatata e spesso ondulata &#8211; a causa dell&#8217;aumentata pressione causata dalla congestione delle vene renali. Il risultato \u00e8 un dolore al basso addome sinistro.<\/p>\n<p>&nbsp;<\/p>\n<p><img decoding=\"async\" class=\"alignnone size-large wp-image-402\" src=\"http:\/\/wp12612379.server-he.de\/wp-content\/uploads\/2016\/01\/nussknacker_02.jpg\" alt=\"nussknacker_02\" width=\"100%\" height=\"auto\" srcset=\"https:\/\/scholbach.de\/wp-content\/uploads\/2016\/01\/nussknacker_02.jpg 824w, https:\/\/scholbach.de\/wp-content\/uploads\/2016\/01\/nussknacker_02-300x214.jpg 300w\" sizes=\"(max-width: 824px) 100vw, 824px\" \/><\/p>\n<p>Un altro fenomeno che si verifica a causa della deviazione del sangue venoso renale attraverso la vena ovarica sinistra \u00e8 vene varicose nell&#8217;utero. Il risultato \u00e8 un dolore all&#8217;addome e lasciato intorno alla cavit\u00e0 addominale:<\/p>\n<p><img decoding=\"async\" class=\"alignnone size-full wp-image-401\" src=\"http:\/\/wp12612379.server-he.de\/wp-content\/uploads\/2016\/01\/nussknacker_03.jpg\" alt=\"nussknacker_03\" width=\"100%\" height=\"auto\" srcset=\"https:\/\/scholbach.de\/wp-content\/uploads\/2016\/01\/nussknacker_03.jpg 323w, https:\/\/scholbach.de\/wp-content\/uploads\/2016\/01\/nussknacker_03-300x211.jpg 300w\" sizes=\"(max-width: 323px) 100vw, 323px\" \/><\/p>\n<p>La seguente animazione illustra gli ostacoli al flusso di sangue dal rene sinistro nella sindrome dello schiaccianoci:<\/p>\n<div style=\"width: 640px;\" class=\"wp-video\"><video class=\"wp-video-shortcode\" id=\"video-225-8\" width=\"640\" height=\"360\" preload=\"metadata\" controls=\"controls\"><source type=\"video\/mp4\" src=\"http:\/\/wp12612379.server-he.de\/wp-content\/uploads\/2016\/01\/Nussknackerph\u00e4nomen.mp4?_=8\" \/><a href=\"http:\/\/wp12612379.server-he.de\/wp-content\/uploads\/2016\/01\/Nussknackerph\u00e4nomen.mp4\">http:\/\/wp12612379.server-he.de\/wp-content\/uploads\/2016\/01\/Nussknackerph\u00e4nomen.mp4<\/a><\/video><\/div>\n<h2>Possibilit\u00e0 terapeutiche<\/h2>\n<p>La terapia inizia con esercizi per ridurre la lordosi e pu\u00f2 essere integrata da farmaci o chirurgia vascolare. L&#8217;effetto di tutte le terapie pu\u00f2 essere esattamente misurato ecograficamente sulla base del flusso di sangue al rene sinistro e alla vena renale sinistra, in modo che possano essere date raccomandazioni fondate per la terapia.<\/p>\n<p>&nbsp;<\/p>\n<p>&nbsp;<\/p>","protected":false},"excerpt":{"rendered":"<p>Il fenomeno dello schiaccianoci \u00e8 un fenomeno di compressione vascolare molto comune. Negli ultimi vent&#8217;anni ho diagnosticato e trattato centinaia di pazienti con questa malattia. Nasce &#8211; evolutivamente visto &#8211; dall&#8217;andatura verticale dell&#8217;essere umano e dalla conseguente curvatura (&#8220;lordosi&#8221;) della colonna lombare. Dolori addominali, dolori ai fianchi (spesso a sinistra), lordosi convessa sinistra nella regione [&hellip;]<\/p>\n","protected":false},"author":4,"featured_media":0,"parent":66,"menu_order":1,"comment_status":"closed","ping_status":"closed","template":"","meta":{"om_disable_all_campaigns":false,"footnotes":""},"class_list":["post-225","page","type-page","status-publish","hentry"],"_links":{"self":[{"href":"https:\/\/scholbach.de\/it\/wp-json\/wp\/v2\/pages\/225","targetHints":{"allow":["GET"]}}],"collection":[{"href":"https:\/\/scholbach.de\/it\/wp-json\/wp\/v2\/pages"}],"about":[{"href":"https:\/\/scholbach.de\/it\/wp-json\/wp\/v2\/types\/page"}],"author":[{"embeddable":true,"href":"https:\/\/scholbach.de\/it\/wp-json\/wp\/v2\/users\/4"}],"replies":[{"embeddable":true,"href":"https:\/\/scholbach.de\/it\/wp-json\/wp\/v2\/comments?post=225"}],"version-history":[{"count":76,"href":"https:\/\/scholbach.de\/it\/wp-json\/wp\/v2\/pages\/225\/revisions"}],"predecessor-version":[{"id":6544,"href":"https:\/\/scholbach.de\/it\/wp-json\/wp\/v2\/pages\/225\/revisions\/6544"}],"up":[{"embeddable":true,"href":"https:\/\/scholbach.de\/it\/wp-json\/wp\/v2\/pages\/66"}],"wp:attachment":[{"href":"https:\/\/scholbach.de\/it\/wp-json\/wp\/v2\/media?parent=225"}],"curies":[{"name":"wp","href":"https:\/\/api.w.org\/{rel}","templated":true}]}}