{"id":2041,"date":"2018-03-25T16:13:20","date_gmt":"2018-03-25T16:13:20","guid":{"rendered":"http:\/\/scholbach.de\/?page_id=2041"},"modified":"2021-09-11T10:31:20","modified_gmt":"2021-09-11T10:31:20","slug":"beispiel-fuer-den-einfluss-der-lordose-auf-die-kompression-abdominaler-venen","status":"publish","type":"page","link":"https:\/\/scholbach.de\/it\/wissenschaft\/deutsch-ultraschalldiagnostik\/deutsch-gefaskompressionen\/lordogenetisches-mittellinensyndrom\/beispiel-fuer-den-einfluss-der-lordose-auf-die-kompression-abdominaler-venen","title":{"rendered":"Esempio dell&#8217;influenza della lordosi sulla compressione delle vene addominali"},"content":{"rendered":"<p>In questa pagina, far\u00f2 alcuni esempi sul meccanismo della compressione lordotica delle strutture davanti alla colonna vertebrale, che porta alle sindromi di compressione addominale.<\/p>\n<p>Nel primo esempio, una forte lordosi comprime la vena cava inferiore in un paziente:<\/p>\n<p>Nelle immagini Doppler a colori, il flusso sanguigno \u00e8 codificato in diversi colori:<\/p>\n<p>Il rosso \u00e8 assegnato al flusso verso la superficie del corpo,<\/p>\n<p>blu \u00e8 assegnato al flusso che si allontana dalla superficie del corpo,<\/p>\n<p>verde \u00e8 assegnato ad un flusso turbolento che indica un&#8217;accelerazione o disturbi patologici del flusso sanguigno.<\/p>\n<p>&nbsp;<\/p>\n<p><img loading=\"lazy\" decoding=\"async\" class=\"alignnone wp-image-2047\" src=\"https:\/\/scholbach.de\/wp-content\/uploads\/2018\/03\/vena-cava-inferior-compression.jpg\" alt=\"\" width=\"591\" height=\"241\" srcset=\"https:\/\/scholbach.de\/wp-content\/uploads\/2018\/03\/vena-cava-inferior-compression.jpg 1267w, https:\/\/scholbach.de\/wp-content\/uploads\/2018\/03\/vena-cava-inferior-compression-300x122.jpg 300w, https:\/\/scholbach.de\/wp-content\/uploads\/2018\/03\/vena-cava-inferior-compression-768x313.jpg 768w, https:\/\/scholbach.de\/wp-content\/uploads\/2018\/03\/vena-cava-inferior-compression-1024x417.jpg 1024w\" sizes=\"auto, (max-width: 591px) 100vw, 591px\" \/><\/p>\n<p><img loading=\"lazy\" decoding=\"async\" class=\"alignnone wp-image-2046\" src=\"https:\/\/scholbach.de\/wp-content\/uploads\/2018\/03\/flow-acceleration-in-compressed-vena-cava.jpg\" alt=\"\" width=\"568\" height=\"242\" srcset=\"https:\/\/scholbach.de\/wp-content\/uploads\/2018\/03\/flow-acceleration-in-compressed-vena-cava.jpg 1222w, https:\/\/scholbach.de\/wp-content\/uploads\/2018\/03\/flow-acceleration-in-compressed-vena-cava-300x128.jpg 300w, https:\/\/scholbach.de\/wp-content\/uploads\/2018\/03\/flow-acceleration-in-compressed-vena-cava-768x327.jpg 768w, https:\/\/scholbach.de\/wp-content\/uploads\/2018\/03\/flow-acceleration-in-compressed-vena-cava-1024x437.jpg 1024w\" sizes=\"auto, (max-width: 568px) 100vw, 568px\" \/><\/p>\n<p>Le immagini sopra riportate dimostrano il fatto della compressione della vena cava da parte della colonna vertebrale lordotica. All&#8217;inizio, dove la vena \u00e8 ancora larga, il flusso \u00e8 piuttosto lento -22 cm\/s. Qualche centimetro pi\u00f9 in alto, dove si verificano le turbolenze, la velocit\u00e0 del flusso aumenta rapidamente fino a raggiungere un valore otto volte superiore al normale.<\/p>\n<p>L&#8217;immagine sotto mostra la forte compressione della vena renale sinistra in una sindrome da schiaccianoci. La compressione \u00e8 esercitata dal rigonfiamento anteriore della colonna lombare, che preme da dietro contro l&#8217;aorta. L&#8217;aorta sollevata comprime poi la vena renale sinistra da dietro, causando cos\u00ec un&#8217;estrema accelerazione del flusso a 346 cm\/s in una vena! Si tratta di circa 15 volte la normale velocit\u00e0 di flusso nella vena renale sinistra. Le immagini seguenti mostrano l&#8217;effetto della decompressione per stiramento attivo della colonna lombare, contrastando cos\u00ec la lordosi e riducendo la pressione lordotica. Le turbolenze scompaiono quasi completamente, e la velocit\u00e0 del flusso scende ad un nono dei valori precedenti, indicando cos\u00ec la riduzione della pressione venosa nella stessa gamma.<\/p>\n<p>&nbsp;<\/p>\n<p><img loading=\"lazy\" decoding=\"async\" class=\"alignnone wp-image-2043\" src=\"https:\/\/scholbach.de\/wp-content\/uploads\/2018\/03\/compression-of-the-left-renal-vein-with-spectral-analyses.jpg\" alt=\"\" width=\"608\" height=\"242\" srcset=\"https:\/\/scholbach.de\/wp-content\/uploads\/2018\/03\/compression-of-the-left-renal-vein-with-spectral-analyses.jpg 1303w, https:\/\/scholbach.de\/wp-content\/uploads\/2018\/03\/compression-of-the-left-renal-vein-with-spectral-analyses-300x119.jpg 300w, https:\/\/scholbach.de\/wp-content\/uploads\/2018\/03\/compression-of-the-left-renal-vein-with-spectral-analyses-768x305.jpg 768w, https:\/\/scholbach.de\/wp-content\/uploads\/2018\/03\/compression-of-the-left-renal-vein-with-spectral-analyses-1024x407.jpg 1024w\" sizes=\"auto, (max-width: 608px) 100vw, 608px\" \/><\/p>\n<p><img loading=\"lazy\" decoding=\"async\" class=\"alignnone wp-image-2045\" src=\"https:\/\/scholbach.de\/wp-content\/uploads\/2018\/03\/decompression-of-the-left-renal-vein.jpg\" alt=\"\" width=\"607\" height=\"246\" srcset=\"https:\/\/scholbach.de\/wp-content\/uploads\/2018\/03\/decompression-of-the-left-renal-vein.jpg 1301w, https:\/\/scholbach.de\/wp-content\/uploads\/2018\/03\/decompression-of-the-left-renal-vein-300x122.jpg 300w, https:\/\/scholbach.de\/wp-content\/uploads\/2018\/03\/decompression-of-the-left-renal-vein-768x311.jpg 768w, https:\/\/scholbach.de\/wp-content\/uploads\/2018\/03\/decompression-of-the-left-renal-vein-1024x415.jpg 1024w\" sizes=\"auto, (max-width: 607px) 100vw, 607px\" \/><\/p>\n<p><img loading=\"lazy\" decoding=\"async\" class=\"alignnone wp-image-2044\" src=\"https:\/\/scholbach.de\/wp-content\/uploads\/2018\/03\/decompression-of-the-left-renal-vein-with-spectral-analysis.jpg\" alt=\"\" width=\"607\" height=\"245\" srcset=\"https:\/\/scholbach.de\/wp-content\/uploads\/2018\/03\/decompression-of-the-left-renal-vein-with-spectral-analysis.jpg 1293w, https:\/\/scholbach.de\/wp-content\/uploads\/2018\/03\/decompression-of-the-left-renal-vein-with-spectral-analysis-300x121.jpg 300w, https:\/\/scholbach.de\/wp-content\/uploads\/2018\/03\/decompression-of-the-left-renal-vein-with-spectral-analysis-768x309.jpg 768w, https:\/\/scholbach.de\/wp-content\/uploads\/2018\/03\/decompression-of-the-left-renal-vein-with-spectral-analysis-1024x413.jpg 1024w\" sizes=\"auto, (max-width: 607px) 100vw, 607px\" \/><\/p>\n<p>Le immagini seguenti mostrano l&#8217;effetto della pressione della colonna lombare sulla compressione della vena renale sinistra dello schiaccianoci arterioso visto in sezione orizzontale.<\/p>\n<p>La visione convenzionale della sindrome dello schiaccianoci \u00e8 che la vena \u00e8 bloccata da entrambi i rami dello schiaccianoci: l&#8217;arteria mesenterica superiore davanti alla vena e l&#8217;aorta dietro la vena. Ma le osservazioni in pazienti in cui l&#8217;arteria mesenterica superiore \u00e8 stata trapiantata verso il basso per alleviare una sindrome di Wilkie dimostrano chiaramente che la decompressione dal ramo frontale dello schiaccianoci &#8211; l&#8217;arteria mesenterica superiore &#8211; non riduce sufficientemente la pressione della vena renale sinistra. La pressione principale \u00e8 esercitata dall&#8217;aorta da dietro!<\/p>\n<p>Nell&#8217;immagine a sinistra il paziente si trova in una posizione corporea rilassata, quindi &#8220;normale&#8221;. La vena renale sinistra \u00e8 quasi completamente compressa dall&#8217;aorta da dietro.<\/p>\n<p>Nell&#8217;immagine a destra, il paziente riduce la pressione della colonna lombare allungandola. L&#8217;effetto \u00e8 chiaramente visibile: La vena renale sinistra si allarga a causa della ridotta pressione dell&#8217;aorta. Poich\u00e9 l&#8217;aorta \u00e8 strettamente collegata alla colonna lombare, funziona come una barra di sollevamento. L&#8217;alta pressione nell&#8217;aorta irrigidisce il vaso. Cos\u00ec pu\u00f2 trasferire la pressione dalla colonna vertebrale lombare verso le strutture di fronte all&#8217;aorta.<\/p>\n<p>&nbsp;<\/p>\n<p><img loading=\"lazy\" decoding=\"async\" class=\"alignnone wp-image-2042\" src=\"https:\/\/scholbach.de\/wp-content\/uploads\/2018\/03\/compression-and-decompression-of-the-left-renal-vein-.jpg\" alt=\"\" width=\"620\" height=\"326\" srcset=\"https:\/\/scholbach.de\/wp-content\/uploads\/2018\/03\/compression-and-decompression-of-the-left-renal-vein-.jpg 1732w, https:\/\/scholbach.de\/wp-content\/uploads\/2018\/03\/compression-and-decompression-of-the-left-renal-vein--300x158.jpg 300w, https:\/\/scholbach.de\/wp-content\/uploads\/2018\/03\/compression-and-decompression-of-the-left-renal-vein--768x404.jpg 768w, https:\/\/scholbach.de\/wp-content\/uploads\/2018\/03\/compression-and-decompression-of-the-left-renal-vein--1024x538.jpg 1024w\" sizes=\"auto, (max-width: 620px) 100vw, 620px\" \/><\/p>\n<p>&nbsp;<\/p>\n<p>La valutazione dell&#8217;effetto della lordosi sulle sindromi di compressione vascolare si basa sulla tecnica PixelFlux.<\/p>\n<p>Questo metodo permette una descrizione dettagliata senza precedenti dell&#8217;effetto emodinamico delle sindromi di compressione vascolare e del loro trattamento.<\/p>\n<p>Il diagramma seguente mostra l&#8217;effetto della lordosi sulla vena renale sinistra in un paziente con sindrome da schiaccianoci. Qui, la soppressione della perfusione della vena renale sinistra \u00e8 ovviamente pi\u00f9 pronunciata nella massima lordosi e viene ridotta dalla flessione dell&#8217;anca e quindi dalla riduzione della lordosi della colonna lombare.<\/p>\n<p>&nbsp;<\/p>\n<p><img loading=\"lazy\" decoding=\"async\" class=\"aligncenter wp-image-2223\" src=\"https:\/\/scholbach.de\/wp-content\/uploads\/2018\/04\/PixelFlux-measurements-of-renal-perfusion-demonstrate-the-beneficial.jpg\" alt=\"\" width=\"663\" height=\"373\" srcset=\"https:\/\/scholbach.de\/wp-content\/uploads\/2018\/04\/PixelFlux-measurements-of-renal-perfusion-demonstrate-the-beneficial.jpg 1280w, https:\/\/scholbach.de\/wp-content\/uploads\/2018\/04\/PixelFlux-measurements-of-renal-perfusion-demonstrate-the-beneficial-300x169.jpg 300w, https:\/\/scholbach.de\/wp-content\/uploads\/2018\/04\/PixelFlux-measurements-of-renal-perfusion-demonstrate-the-beneficial-768x432.jpg 768w, https:\/\/scholbach.de\/wp-content\/uploads\/2018\/04\/PixelFlux-measurements-of-renal-perfusion-demonstrate-the-beneficial-1024x576.jpg 1024w\" sizes=\"auto, (max-width: 663px) 100vw, 663px\" \/><\/p>\n<p>Il diagramma di sinistra qui sotto mostra l&#8217;effetto dell&#8217;ostruzione del deflusso venoso renale sinistro sulla perfusione del parenchima del rene sinistro (link). Le misurazioni di PixelFlux dimostrano una soppressione del flusso sanguigno nel rene sinistro (link) a circa 1\/10 &#8211; 1\/4 del rene destro (rechts), a seconda dello strato di vasi parenchimali (corteccia prossimale vs. distale).<\/p>\n<p>Solo le misure di PixelFlux possono mostrare chiaramente che c&#8217;\u00e8 un effetto tremendo della sindrome dello schiaccianoci sulla perfusione renale sinistra (link). Tali misurazioni sono una condizione indispensabile per una decisione corretta, se operare o meno.<\/p>\n<p>Nel diagramma a destra, il successo dell&#8217;intervento chirurgico vascolare \u00e8 dimostrato ancora una volta dalla tecnica PixelFlux. L&#8217;aumento della perfusione renale sinistra pu\u00f2 essere dimostrato e raggiunge il fattore 4-10, sempre a seconda dello strato di vasi corticali.<\/p>\n<p>&nbsp;<\/p>\n<p><img loading=\"lazy\" decoding=\"async\" class=\"aligncenter wp-image-2220\" src=\"https:\/\/scholbach.de\/wp-content\/uploads\/2018\/04\/Folie1-1.jpg\" alt=\"\" width=\"638\" height=\"359\" srcset=\"https:\/\/scholbach.de\/wp-content\/uploads\/2018\/04\/Folie1-1.jpg 1280w, https:\/\/scholbach.de\/wp-content\/uploads\/2018\/04\/Folie1-1-300x169.jpg 300w, https:\/\/scholbach.de\/wp-content\/uploads\/2018\/04\/Folie1-1-768x432.jpg 768w, https:\/\/scholbach.de\/wp-content\/uploads\/2018\/04\/Folie1-1-1024x576.jpg 1024w\" sizes=\"auto, (max-width: 638px) 100vw, 638px\" \/><\/p>","protected":false},"excerpt":{"rendered":"<p>In questa pagina, far\u00f2 alcuni esempi sul meccanismo della compressione lordotica delle strutture davanti alla colonna vertebrale, che porta alle sindromi di compressione addominale. Nel primo esempio, una forte lordosi comprime la vena cava inferiore in un paziente: Nelle immagini Doppler a colori, il flusso sanguigno \u00e8 codificato in diversi colori: Il rosso \u00e8 assegnato [&hellip;]<\/p>\n","protected":false},"author":5,"featured_media":0,"parent":1554,"menu_order":1,"comment_status":"closed","ping_status":"closed","template":"","meta":{"om_disable_all_campaigns":false,"footnotes":""},"class_list":["post-2041","page","type-page","status-publish","hentry"],"_links":{"self":[{"href":"https:\/\/scholbach.de\/it\/wp-json\/wp\/v2\/pages\/2041","targetHints":{"allow":["GET"]}}],"collection":[{"href":"https:\/\/scholbach.de\/it\/wp-json\/wp\/v2\/pages"}],"about":[{"href":"https:\/\/scholbach.de\/it\/wp-json\/wp\/v2\/types\/page"}],"author":[{"embeddable":true,"href":"https:\/\/scholbach.de\/it\/wp-json\/wp\/v2\/users\/5"}],"replies":[{"embeddable":true,"href":"https:\/\/scholbach.de\/it\/wp-json\/wp\/v2\/comments?post=2041"}],"version-history":[{"count":31,"href":"https:\/\/scholbach.de\/it\/wp-json\/wp\/v2\/pages\/2041\/revisions"}],"predecessor-version":[{"id":6545,"href":"https:\/\/scholbach.de\/it\/wp-json\/wp\/v2\/pages\/2041\/revisions\/6545"}],"up":[{"embeddable":true,"href":"https:\/\/scholbach.de\/it\/wp-json\/wp\/v2\/pages\/1554"}],"wp:attachment":[{"href":"https:\/\/scholbach.de\/it\/wp-json\/wp\/v2\/media?parent=2041"}],"curies":[{"name":"wp","href":"https:\/\/api.w.org\/{rel}","templated":true}]}}