{"id":1554,"date":"2017-08-20T17:52:46","date_gmt":"2017-08-20T17:52:46","guid":{"rendered":"http:\/\/scholbach.de\/?page_id=1554"},"modified":"2024-12-20T09:38:08","modified_gmt":"2024-12-20T08:38:08","slug":"lordogenetisches-mittellinensyndrom","status":"publish","type":"page","link":"https:\/\/scholbach.de\/it\/wissenschaft\/deutsch-ultraschalldiagnostik\/deutsch-gefaskompressionen\/lordogenetisches-mittellinensyndrom","title":{"rendered":"Sindrome lordogenetica della linea mediana"},"content":{"rendered":"<p>Le compressioni vascolari presentate nelle pagine seguenti cos\u00ec come la compressione delle vene femorali, della vena cava inferiore e delle arterie lombari sono state da me inaugurate in occasione del Congresso Europeo di Ecografia EUROSON Ljubljana, 22-24 settembre 2017 come sindrome lordogenetica della linea mediana, per sottolineare che i nove quadri clinici non sono malattie diverse, ma sfaccettature di un evento, che io chiamo &#8220;sindrome lordogenetica della linea mediana&#8221; a causa della lordosi della colonna lombare, che \u00e8 considerata la causa principale.<\/p>\n<p>Qui presento brevemente il mio punto di vista su questa nuova entit\u00e0.<\/p>\n<p>&nbsp;<\/p>\n<p><img loading=\"lazy\" decoding=\"async\" class=\"wp-image-1556 aligncenter\" src=\"https:\/\/scholbach.de\/wp-content\/uploads\/2017\/08\/Das-Lordogenetische-Mittelliniensyndrom.jpg\" alt=\"\" width=\"523\" height=\"747\" srcset=\"https:\/\/scholbach.de\/wp-content\/uploads\/2017\/08\/Das-Lordogenetische-Mittelliniensyndrom.jpg 2646w, https:\/\/scholbach.de\/wp-content\/uploads\/2017\/08\/Das-Lordogenetische-Mittelliniensyndrom-210x300.jpg 210w, https:\/\/scholbach.de\/wp-content\/uploads\/2017\/08\/Das-Lordogenetische-Mittelliniensyndrom-768x1097.jpg 768w, https:\/\/scholbach.de\/wp-content\/uploads\/2017\/08\/Das-Lordogenetische-Mittelliniensyndrom-717x1024.jpg 717w\" sizes=\"auto, (max-width: 523px) 100vw, 523px\" \/><\/p>\n<p>&nbsp;<\/p>\n<p>Le sindromi di compressione vascolare addominale sono considerate malattie rare. La mia esperienza personale dimostra, tuttavia, che si tratta di malattie molto comuni che non vengono percepite perch\u00e9 ci sono incertezze sul meccanismo del loro sviluppo e la comunanza di queste malattie non \u00e8 facilmente riconoscibile nella variet\u00e0 dei sintomi.<\/p>\n<p>La prima evidente caratteristica comune a tutte le sindromi di compressione vascolare addominale \u00e8 il loro accumulo nelle donne e nelle ragazze. Pi\u00f9 del 90% di tutti i casi si verificano in questo gruppo di popolazione, ma raramente prima della pubert\u00e0.<\/p>\n<p>Pertanto, vorrei presentare un concetto completo per tutti i tipi di sindromi di compressione vascolare della cavit\u00e0 addominale. Le attribuisco alle caratteristiche specifiche della colonna vertebrale umana. L&#8217;andatura umana bipede porta ad un allineamento verticale della colonna vertebrale, unico nel regno animale nel suo complesso, anche tra i bipedi. Con l&#8217;inizio dell&#8217;andatura verticale dopo il primo anno di vita, la colonna vertebrale viene sottoposta alla pressione della gravit\u00e0 e assume una forma a doppia S.\u00a0 Ci\u00f2 causa lo sviluppo di una curvatura in avanti, la cosiddetta lordosi, nella colonna lombare.<\/p>\n<p>&nbsp;<\/p>\n<p>Nelle giovani donne e nelle ragazze dopo la pubert\u00e0, la lordosi \u00e8 molto pi\u00f9 pronunciata che in qualsiasi altro gruppo di popolazione. A causa della frequente comparsa della lordosi nelle giovani donne, le sindromi di compressione vascolare possono essere giustamente considerate come un&#8217;estensione del campo della ginecologia. Tuttavia, \u00e8 importante guardare oltre i confini del campo per riconoscere la vera e comune origine dei vari sintomi ed essere in grado di trattarli adeguatamente.<\/p>\n<p><strong>La mia tesi \u00e8 quindi:<\/strong><\/p>\n<p>La lordosi della colonna lombare \u00e8 il fattore decisivo per lo sviluppo di tutte le sindromi di compressione vascolare della cavit\u00e0 addominale.<\/p>\n<p>La curvatura lordotica in avanti dell&#8217;aorta sulla colonna vertebrale restringe notevolmente l&#8217;angolo tra l&#8217;aorta e l&#8217;arteria intestinale superiore, causando<\/p>\n<p><strong>1. La sindrome dello schiaccianoci<\/strong><br \/>\n<strong>2. Arteria mesenterica superior syndrome (nota anche come sindrome di Wilkie o sindrome SMA)<\/strong><\/p>\n<p>I due punti di ancoraggio del diaframma sulla colonna vertebrale, le cosiddette gambe del diaframma, vengono tirate strettamente alla colonna vertebrale dalla lordosi, il che porta ai seguenti quadri clinici:<\/p>\n<p><strong>3. la sindrome da compressione del celiaco del tronco e del ganglio celiaco (detta anche sindrome del legamento arcuato o sindrome di Dunbar)<\/strong><\/p>\n<p><strong>4. sindrome da compressione delle arterie lombari<\/strong><\/p>\n<p>L&#8217;allungamento dell&#8217;arteria pelvica comune destra attraverso il sacro e l&#8217;allungamento della vena cava inferiore attraverso il vertice della colonna lombare lordotomicamente curvata causano i seguenti quadri clinici:<\/p>\n<p><strong>5. Sindrome di May-Thurner e<\/strong><\/p>\n<p><strong>6. compressione della vena cava inferiore<\/strong><\/p>\n<p>Il sangue venoso congestionato del rene sinistro viene deviato attraverso i cosiddetti organi mediani, la colonna vertebrale stessa e i seguenti organi pelvici: utero, ovaio destro, retto, vagina, vescica.\u00a0 Il quadro clinico risultante si chiama<\/p>\n<p><strong>7. sindrome da congestione pelvica<\/strong><\/p>\n<p>Se c&#8217;\u00e8 anche una congestione del sangue all&#8217;interno della colonna vertebrale, nel plesso venoso del midollo spinale si chiama cos\u00ec:<\/p>\n<p><strong>8. sindrome della linea mediana<\/strong><\/p>\n<p>Inoltre, soprattutto nelle donne snelle, l&#8217;eccessivo allungamento delle articolazioni dell&#8217;anca quando si sta in piedi e sdraiato sulla schiena con le gambe tese porta a<\/p>\n<p><strong>9. compressione delle vene femorali<\/strong><\/p>\n<p>tra il bordo superiore dell&#8217;osso pubico e la fascia inguinale.<\/p>\n<p>&nbsp;<\/p>\n<p><strong>Importanti conseguenze pratiche<\/strong><\/p>\n<p>1.Le sindromi di compressione vascolare addominale non sono malattie separate, ma parti di uno spettro di un&#8217;entit\u00e0 &#8211; la sindrome lordogenetica di congestione della linea mediana e quindi spesso si verificano insieme.<\/p>\n<p>2.La pittoresca sintomatologia* non \u00e8 una drammatizzazione psicologica da parte del paziente, ma la conseguenza della congestione venosa di molti organi &#8211; dalla punta al cervello.<\/p>\n<p>3.The diagnostico deve escludere in e fuori ogni singola sotto-sindrome<\/p>\n<p>4.to stabilire un piano di trattamento che affronti in modo ordinato le sottoindromi pi\u00f9 rilevanti<\/p>\n<p>5.Il paziente ha bisogno di un medico che sia informato sull&#8217;interazione di tutte le sindromi secondarie.<\/p>\n<p>Il paziente non ha bisogno di uno psichiatra, ma di un chirurgo per curarlo con successo.<\/p>\n<p>&nbsp;<\/p>\n<p>&nbsp;<\/p>\n<p><strong>*Sintomatologia immaginaria della sindrome da congestione lordogenetica della linea mediana (sindrome secondaria responsabile numerata come nell&#8217;illustrazione).<\/strong><!--more--><\/p>\n<p>&nbsp;<\/p>\n<p><strong>1 &#8211; Sindrome dello schiaccianoci:<\/strong><\/p>\n<p>Dolore al fianco sinistro, dolore medio-addominale, entrambi aggravati dall&#8217;esercizio fisico e dallo stress psicologico &#8211; a causa dell&#8217;aumento della portata cardiaca, ematuria, proteinuria.<\/p>\n<p><strong>2- Sindrome dell&#8217;arteria mesentrica superiore:<\/strong><\/p>\n<p>Vomito, pienezza dopo piccoli pasti, perdita di peso, forte dolore postprandiale, ansia di ingerire cibo, intolleranza al cibo solido, sensazione di gonfiore nell&#8217;addome superiore destro.<\/p>\n<p><strong>3- Tronco celiaco e sindrome da compressione dei gangli celiaci:<\/strong><\/p>\n<p>Nausea, vertigini, vertigini, vertigini, dolori epigastrici e toracici, svenimenti, tachicardia posturale, perdita di peso, rossore, sudorazione, rapidi cambiamenti di pressione sanguigna.<\/p>\n<p><strong>4 &#8211; Compressione dell&#8217;arteria lombare:<\/strong><\/p>\n<p>Episodi ricorrenti 30 min &#8211; 2 ore di paraplegia transitoria e forte dolore agli arti inferiori dopo la completa estensione delle gambe.<\/p>\n<p><strong>5 &#8211; Sindrome di May-Thurner-sindrome:<\/strong><\/p>\n<p>Tensione nella gamba sinistra, dolore e gonfiore, trombosi della gamba sinistra e vene pelviche profonde della gamba sinistra &#8211; in seguito sintomi simili nelle varicosi della gamba destra, genitale e della coscia.<\/p>\n<p><strong>6 &#8211; Compressione della vena cava inferiore:<\/strong><\/p>\n<p>Dolore pelvico e gonfiore alle gambe, altri sintomi: vedi 7<\/p>\n<p><strong>7- Sindrome da congestione pelvica:<\/strong><\/p>\n<p>Dolore pelvico, sanguinamento rettale, menorragia, sindrome del dolore premestruale, dispareunia, costipazione, disuria, pollakisuria,<\/p>\n<p><strong>8- Sindrome da congestione della linea mediana:<\/strong><\/p>\n<p>Mal di testa, emicrania, congestione mattutina della mucosa nasale &#8211; scomparendo dopo 30 minuti in posizione eretta, mal di schiena, sciatica, lombaggine, dolore palpitante alla schiena,<\/p>\n<p><strong>9- Compressione delle vene femorali:<\/strong><\/p>\n<p>Dolori alle gambe, tensione alle gambe, gambe irrequiete, gonfiore alle gambe, vene varicose alle gambe e\/o ai genitali, vene salienti alle gambe, dolori genitali, dolori al perineo e ai glutei durante la seduta.<\/p>\n<p>&nbsp;<\/p>","protected":false},"excerpt":{"rendered":"<p>Ci spiace, ma questo articolo \u00e8 disponibile soltanto in English.At the European Ultrasound Congress EUROSON in\u00a0 Ljubljana, 22 nd \u00a0\u2013 24 th\u00a0 September 2017 I inaugurated my novel concept of the\u00a0 lordogenetic midline congestion syndrome. This is to underscore the pathogenetic continuum of all nine abdominal vascular compression syndromes. In my own practice I observe [&hellip;]<\/p>\n","protected":false},"author":5,"featured_media":0,"parent":66,"menu_order":1,"comment_status":"closed","ping_status":"closed","template":"","meta":{"om_disable_all_campaigns":false,"footnotes":""},"class_list":["post-1554","page","type-page","status-publish","hentry"],"_links":{"self":[{"href":"https:\/\/scholbach.de\/it\/wp-json\/wp\/v2\/pages\/1554","targetHints":{"allow":["GET"]}}],"collection":[{"href":"https:\/\/scholbach.de\/it\/wp-json\/wp\/v2\/pages"}],"about":[{"href":"https:\/\/scholbach.de\/it\/wp-json\/wp\/v2\/types\/page"}],"author":[{"embeddable":true,"href":"https:\/\/scholbach.de\/it\/wp-json\/wp\/v2\/users\/5"}],"replies":[{"embeddable":true,"href":"https:\/\/scholbach.de\/it\/wp-json\/wp\/v2\/comments?post=1554"}],"version-history":[{"count":42,"href":"https:\/\/scholbach.de\/it\/wp-json\/wp\/v2\/pages\/1554\/revisions"}],"predecessor-version":[{"id":9066,"href":"https:\/\/scholbach.de\/it\/wp-json\/wp\/v2\/pages\/1554\/revisions\/9066"}],"up":[{"embeddable":true,"href":"https:\/\/scholbach.de\/it\/wp-json\/wp\/v2\/pages\/66"}],"wp:attachment":[{"href":"https:\/\/scholbach.de\/it\/wp-json\/wp\/v2\/media?parent=1554"}],"curies":[{"name":"wp","href":"https:\/\/api.w.org\/{rel}","templated":true}]}}