{"id":1236,"date":"2017-04-02T11:25:08","date_gmt":"2017-04-02T11:25:08","guid":{"rendered":"http:\/\/scholbach.de\/?page_id=1236"},"modified":"2022-02-14T14:40:38","modified_gmt":"2022-02-14T14:40:38","slug":"lordose-hohlkreuz","status":"publish","type":"page","link":"https:\/\/scholbach.de\/it\/lordose-hohlkreuz","title":{"rendered":"Lordosi\/croce cava : causa di numerose sindromi di compressione addominale"},"content":{"rendered":"<p>Fisiologia della lordosi nell&#8217;uomo e in altri bipedi<\/p>\n<p>Conseguenze negative dell&#8217;aumento della lordosi<\/p>\n<p>Necessit\u00e0 della diagnostica funzionale sonografica della lordosi<\/p>\n<p>La lordosi \u00e8 la curvatura di una sezione della colonna vertebrale in avanti.<\/p>\n<h2>Fisiologia della lordosi nell&#8217;uomo e in altri bipedi<\/h2>\n<p>Il cammino eretto dell&#8217;essere umano rappresenta una peculiarit\u00e0 tra i tipi di locomozione animale. Con l&#8217;inizio dell&#8217;apprendimento a camminare, circa dall&#8217;undicesimo mese di vita, cambia la forma della spina dorsale da semplice arco del neonato sdraiato alla forma a doppia S dell&#8217;adulto eretto che cammina.<\/p>\n<p>&nbsp;<\/p>\n<p><img loading=\"lazy\" decoding=\"async\" class=\"aligncenter wp-image-1247\" src=\"https:\/\/scholbach.de\/wp-content\/uploads\/2017\/04\/fetal-spine.jpg\" alt=\"\" width=\"656\" height=\"369\" srcset=\"https:\/\/scholbach.de\/wp-content\/uploads\/2017\/04\/fetal-spine.jpg 1280w, https:\/\/scholbach.de\/wp-content\/uploads\/2017\/04\/fetal-spine-300x169.jpg 300w, https:\/\/scholbach.de\/wp-content\/uploads\/2017\/04\/fetal-spine-768x432.jpg 768w, https:\/\/scholbach.de\/wp-content\/uploads\/2017\/04\/fetal-spine-1024x576.jpg 1024w\" sizes=\"auto, (max-width: 656px) 100vw, 656px\" \/><\/p>\n<p>La colonna vertebrale del feto umano \u00e8 a forma di C (a sinistra). Il bambino strisciante sviluppa una lordosi della colonna cervicale, la lordosi lombare non \u00e8 ancora stata creata &#8211; foto a destra). Figuriamoci: K. M. BAGNALL, P. F. F. HARRIS E P. R. M. JONES. Uno studio radiografico della colonna vertebrale fetale umana. 1. lo sviluppo della curvatura cervicale secondaria. J. Anat. (1977), 123, 3, pp. 777-782<\/p>\n<p>&nbsp;<\/p>\n<p><img loading=\"lazy\" decoding=\"async\" class=\"aligncenter wp-image-1245\" src=\"https:\/\/scholbach.de\/wp-content\/uploads\/2017\/04\/BMRI2013-842624.001.jpg\" alt=\"\" width=\"295\" height=\"401\" srcset=\"https:\/\/scholbach.de\/wp-content\/uploads\/2017\/04\/BMRI2013-842624.001.jpg 600w, https:\/\/scholbach.de\/wp-content\/uploads\/2017\/04\/BMRI2013-842624.001-221x300.jpg 221w\" sizes=\"auto, (max-width: 295px) 100vw, 295px\" \/><\/p>\n<p>&nbsp;<\/p>\n<p>La colonna vertebrale degli adulti mostra una chiara lordosi lombare (LL), cos\u00ec come la cifosi toracica (TK), che si sviluppa con l&#8217;andatura bipede dell&#8217;uomo dopo l&#8217;et\u00e0 di 1 anno di et\u00e0. Copyright \u00a9 2013 Hasan Ghandhari et al. Fig&#8230;&#8230;: BioMed Research International, Volume 2013 (2013), Articolo ID 842624, 7 pagine http:\/\/dx.doi.org\/10.1155\/2013\/842624, Valutazione del normale allineamento sagittale della colonna vertebrale e della pelvi nei bambini e negli adolescenti Hasan Ghandhari, Hamid Hesarikia, Ebrahim Ameri e Abolfazl Noori.<\/p>\n<p>In altri bipedi (alcune specie di dinosauri e i conseguenti uccelli e canguri) la colonna vertebrale toracica e lombare sono orizzontali, in modo che la gravit\u00e0 non influenzi l&#8217;asse longitudinale della colonna vertebrale.<\/p>\n<div id=\"attachment_1293\" style=\"width: 221px\" class=\"wp-caption aligncenter\"><img loading=\"lazy\" decoding=\"async\" aria-describedby=\"caption-attachment-1293\" class=\"wp-image-1293\" src=\"https:\/\/scholbach.de\/wp-content\/uploads\/2017\/04\/Vogelskelett.jpg\" alt=\"\" width=\"211\" height=\"331\" srcset=\"https:\/\/scholbach.de\/wp-content\/uploads\/2017\/04\/Vogelskelett.jpg 319w, https:\/\/scholbach.de\/wp-content\/uploads\/2017\/04\/Vogelskelett-191x300.jpg 191w\" sizes=\"auto, (max-width: 211px) 100vw, 211px\" \/><p id=\"caption-attachment-1293\" class=\"wp-caption-text\">Scheletro di una colomba<\/p><\/div>\n<p>&nbsp;<\/p>\n<p>Negli esseri umani, invece, la direzione gravitazionale e l&#8217;asse longitudinale della colonna vertebrale si trovano in un piano. Pertanto, la colonna vertebrale flessibile affonda insieme. I legamenti della colonna vertebrale determinano con la loro estensibilit\u00e0 individuale quanto i singoli corpi vertebrali possono muoversi in avanti o indietro rispetto all&#8217;asse verticale gravitazionale. Devono sporgere perch\u00e9 l&#8217;intera colonna vertebrale \u00e8 esposta a forze che si discostano dalla direzione di gravit\u00e0 &#8211; le forze di locomozione, flessione e inclinazione laterale &#8211; delle nostre capacit\u00e0 motorie arbitrarie, oltre che alla gravitazione verticale.<\/p>\n<p>Inoltre, l&#8217;articolazione dell&#8217;anca umana \u00e8 costruita come quella di un&#8217;articolazione quadrupede e quindi ha il suo naturale punto di riposo a circa 90 \u00b0 di flessione dell&#8217;anca. Con una postura eretta, l&#8217;articolazione deve quindi essere allungata al massimo, spesso eccessivamente tesa, e anche il bacino \u00e8 inclinato in avanti per compensare l&#8217;incapacit\u00e0 anatomica di un ulteriore allungamento dell&#8217;articolazione in piedi. L&#8217;inclinazione forzata del bacino in avanti pu\u00f2 ora essere compensata solo da una curvatura di compensazione della colonna vertebrale lombare posteriore &#8211; questa \u00e8 la lordosi. Il lavoro di mio padre, l&#8217;ortopedico Dr. Manfred Scholbach, ha rivelato queste peculiarit\u00e0 meccaniche del bacino umano, che fino ad allora era stato frainteso come un&#8217;inibizione dell&#8217;anca infantile. L&#8217;anca del neonato \u00e8 gi\u00e0 completamente tesa quando pedala con articolazioni &#8220;flesse&#8221; dell&#8217;anca distese sulla schiena e non pu\u00f2 portare la coscia a contatto con il supporto. Gli adulti che dormono sdraiati sulla schiena con le gambe allungate o &#8220;allungano&#8221; le articolazioni dell&#8217;anca in posizione eretta, allungano le articolazioni dell&#8217;anca e anche la lordosi forzata, che \u00e8 considerata normale negli esseri umani.<\/p>\n<h2>Conseguenze di un aumento della lordosi che causano la malattia<\/h2>\n<p>indietro verso l&#8217;alto<\/p>\n<p>Questa lordosi \u00e8 di varia entit\u00e0 nei singoli esseri umani. E&#8217; co-determinato da numerosi fattori.<\/p>\n<p><img loading=\"lazy\" decoding=\"async\" class=\"wp-image-1264 aligncenter\" src=\"https:\/\/scholbach.de\/wp-content\/uploads\/2017\/04\/KYphose-Lordose-2.jpg\" alt=\"\" width=\"467\" height=\"499\" srcset=\"https:\/\/scholbach.de\/wp-content\/uploads\/2017\/04\/KYphose-Lordose-2.jpg 933w, https:\/\/scholbach.de\/wp-content\/uploads\/2017\/04\/KYphose-Lordose-2-281x300.jpg 281w, https:\/\/scholbach.de\/wp-content\/uploads\/2017\/04\/KYphose-Lordose-2-768x820.jpg 768w\" sizes=\"auto, (max-width: 467px) 100vw, 467px\" \/><\/p>\n<p>Il sostegno lombare \u00e8 assicurato da un&#8217;elevata lunghezza corporea, tessuto connettivo molle (i legamenti spinali sono costituiti da tessuto connettivo), muscolatura molle, muscolatura debole (specialmente i muscoli glutei), anomalie spinali, masse corporee sporgenti nel torace e nell&#8217;addome (persone in sovrappeso, donne incinte e donne con seni pesanti), inclinazione pelvica in avanti. Le donne sono generalmente affette da una lordosi pi\u00f9 forte rispetto agli uomini e alle ragazze prima della pubert\u00e0 a causa della maggiore inclinazione pelvica. Durante la pubert\u00e0, il bacino nelle ragazze cresce pi\u00f9 in avanti &#8211; questo porta ad una tendenza all&#8217;affondamento del bordo anteriore del bacino. Cresce anche pi\u00f9 forte su entrambi i lati. Questo porta ad una maggiore forza di trazione dei muscoli flessori dell&#8217;anca (muscoli psoas) in corrispondenza della colonna lombare. Questi muscoli collegano le vertebre lombari con il bordo interno dell&#8217;osso della coscia. Se, durante la pubert\u00e0, la distanza tra i femori si allarga gradualmente nelle ragazze, una trazione verso il basso tende a svilupparsi alla colonna lombare.\u00a0 Poich\u00e9 le vertebre non possono essere compresse (prima l&#8217;osteoporosi delle donne anziane porta ad una sinterizzazione delle vertebre lombari insieme), la colonna vertebrale pu\u00f2 solo seguire la trazione verso il basso piegandosi pi\u00f9 fortemente &#8211; la lordosi si intensifica.<\/p>\n<p>Le donne sono quindi particolarmente colpite da tutte le malattie secondarie di maggiore lordosi. Queste malattie secondarie comprendono le compressioni vascolari nella cavit\u00e0 addominale, alla coscia e al ginocchio, per tirare il diaframma sul plesso solare e per comprimere l&#8217;intestino tra i vasi (aorta e arteria intestinale superiore) o tra aorta e parete addominale.<\/p>\n<p>I singoli quadri clinici sono mostrati qui: Compressione del celiaco Truncus e Ganglion coeliacum, sindrome dello Schiaccianoci, sindrome di Wilkie, sindrome di compressione di Vena cava, compressione di Vena femoralis, compressione di Vena poplitea, sindrome di May Thurner, congestione pelvica, compressione delle arterie renali e delle arterie del midollo spinale da parte del diaframma.<\/p>\n<h2>Necessit\u00e0 della diagnostica funzionale sonografica della lordosi<\/h2>\n<p>indietro verso l&#8217;alto<\/p>\n<p>La lordosi \u00e8 spesso gi\u00e0 riconoscibile con l&#8217;esame fisico. In molti casi, tuttavia, il grado di lordosi determinato sonograficamente \u00e8 sorprendente. A volte al culmine della curvatura lordotica della colonna vertebrale rimangono solo pochi millimetri al bordo interno della parete addominale e l&#8217;estensione della compressione degli organi interni non \u00e8 visibile dall&#8217;esterno alla persona colpita.<\/p>\n<p>L&#8217;esatta rappresentazione della lordosi e delle strutture compresse negli ultrasuoni dinamici \u00e8 quindi di fondamentale importanza. I vasi e gli organi compressi sono esaminati sonograficamente in diverse posture. La pressione nei vasi viene determinata con gli ultrasuoni Doppler a colori, la compromissione della funzione dell&#8217;organo viene misurata con il software PixelFlux.<\/p>\n<p>Il primo obiettivo nel trattamento di questi disturbi della compressione, prima di qualsiasi successivo trattamento farmacologico o chirurgico, \u00e8 quindi la riduzione della lordosi. A questo scopo possono essere utilizzati esercizi di fisioterapia, sport speciali ed esercizi di yoga. In seguito si consigliano esercizi adatti, calzature e sedute, nonch\u00e9 costruzioni di letti per la riduzione della lordosi e della compressione.<\/p>\n<p>Si prega di notare le nostre note sulle spiegazioni mediche di questo sito web.<br \/>\n*** Tradotto con www.DeepL.com\/translator (versione gratuita) ***<\/p>","protected":false},"excerpt":{"rendered":"<p>Fisiologia della lordosi nell&#8217;uomo e in altri bipedi Conseguenze negative dell&#8217;aumento della lordosi Necessit\u00e0 della diagnostica funzionale sonografica della lordosi La lordosi \u00e8 la curvatura di una sezione della colonna vertebrale in avanti. Fisiologia della lordosi nell&#8217;uomo e in altri bipedi Il cammino eretto dell&#8217;essere umano rappresenta una peculiarit\u00e0 tra i tipi di locomozione animale. [&hellip;]<\/p>\n","protected":false},"author":5,"featured_media":0,"parent":0,"menu_order":0,"comment_status":"closed","ping_status":"closed","template":"","meta":{"om_disable_all_campaigns":false,"footnotes":""},"class_list":["post-1236","page","type-page","status-publish","hentry"],"_links":{"self":[{"href":"https:\/\/scholbach.de\/it\/wp-json\/wp\/v2\/pages\/1236","targetHints":{"allow":["GET"]}}],"collection":[{"href":"https:\/\/scholbach.de\/it\/wp-json\/wp\/v2\/pages"}],"about":[{"href":"https:\/\/scholbach.de\/it\/wp-json\/wp\/v2\/types\/page"}],"author":[{"embeddable":true,"href":"https:\/\/scholbach.de\/it\/wp-json\/wp\/v2\/users\/5"}],"replies":[{"embeddable":true,"href":"https:\/\/scholbach.de\/it\/wp-json\/wp\/v2\/comments?post=1236"}],"version-history":[{"count":105,"href":"https:\/\/scholbach.de\/it\/wp-json\/wp\/v2\/pages\/1236\/revisions"}],"predecessor-version":[{"id":7148,"href":"https:\/\/scholbach.de\/it\/wp-json\/wp\/v2\/pages\/1236\/revisions\/7148"}],"wp:attachment":[{"href":"https:\/\/scholbach.de\/it\/wp-json\/wp\/v2\/media?parent=1236"}],"curies":[{"name":"wp","href":"https:\/\/api.w.org\/{rel}","templated":true}]}}