{"id":20,"date":"2015-12-26T14:31:19","date_gmt":"2015-12-26T14:31:19","guid":{"rendered":"http:\/\/wp12612379.server-he.de\/?page_id=20"},"modified":"2022-01-19T17:39:36","modified_gmt":"2022-01-19T17:39:36","slug":"publikationen","status":"publish","type":"page","link":"https:\/\/scholbach.de\/in\/expertise\/publikationen","title":{"rendered":"\u0916\u0941\u0926 \u0915\u0947 \u092a\u094d\u0930\u0915\u093e\u0936\u0928"},"content":{"rendered":"<p><\/p>\n<ul>\n<li><a href=\"https:\/\/scholbach.de\/expertise\/publikationen\/2019-08-20-publikationsliste\">\u092a\u094d\u0930\u0915\u093e\u0936\u0928\u094b\u0902<\/a><a href=\"http:\/\/wp12612379.server-he.de\/wp-content\/uploads\/2015\/12\/Vascular-compression-syndromes.pdf\">\u0938\u0902\u0935\u0939\u0928\u0940 \u0938\u0902\u092a\u0940\u0921\u093c\u0928 \u0938\u093f\u0902\u0921\u094d\u0930\u094b\u092e<\/a><a href=\"https:\/\/scholbach.de\/erstbeschreibung-des-mittellininesyndroms-aspirintherapie\">\u0928\u091f\u0915\u094d\u0930\u0948\u0915\u0930 \u0938\u093f\u0902\u0921\u094d\u0930\u094b\u092e \u0915\u0947 \u092a\u0930\u093f\u0923\u093e\u092e\u0938\u094d\u0935\u0930\u0942\u092a \u092e\u093f\u0921\u0932\u093e\u0907\u0928 \u0938\u093f\u0902\u0921\u094d\u0930\u094b\u092e \u0915\u093e \u0909\u0926\u094d\u0918\u093e\u091f\u0928<\/a><a href=\"https:\/\/scholbach.de\/the-celiac-ganglion-artery-compression-syndrome\">\u0938\u0940\u0932\u093f\u090f\u0915 \u091f\u094d\u0930\u0902\u0915 \/ \u0917\u0948\u0902\u0917\u094d\u0932\u093f\u092f\u0928 \u0915\u094b\u090f\u0932\u093f\u090f\u0915\u092e \u0938\u0902\u092a\u0940\u0921\u093c\u0928 \u0938\u093f\u0902\u0921\u094d\u0930\u094b\u092e &#8211; \u0905\u0902\u0917\u094d\u0930\u0947\u091c\u0940 \u0938\u093e\u0930\u093e\u0902\u0936<\/a><a href=\"https:\/\/scholbach.de\/pixelfluxmessung-der-nierengewebsperfusion\">\u0917\u0941\u0930\u094d\u0926\u093e \u090a\u0924\u0915 \u091b\u093f\u0921\u093c\u0915\u093e\u0935 \u092e\u093e\u092a &#8211; \u092a\u0930\u093f\u091a\u092f\u093e\u0924\u094d\u092e\u0915 \u0905\u0935\u0932\u094b\u0915\u0928 (\u0905\u0902\u0917\u094d\u0930\u0947\u091c\u0940)<\/a>\n<p><a href=\"https:\/\/scholbach.de\/erstmaliger-nachweis-von-fruehveraenderungen-der-nierenperfusion-bei-diabetes-mellitus\">\u0926\u0941\u0928\u093f\u092f\u093e \u092d\u0930 \u092e\u0947\u0902 \u092e\u0927\u0941\u092e\u0947\u0939 \u092e\u0947\u0932\u0947\u091f\u0938 \u0935\u093e\u0932\u0947 \u092c\u091a\u094d\u091a\u094b\u0902 \u092e\u0947\u0902 \u0917\u0941\u0930\u094d\u0926\u0947 \u0915\u0947 \u0938\u0902\u0935\u0939\u0928\u0940 \u092a\u0930\u093f\u0935\u0930\u094d\u0924\u0928 \u0915\u0947 \u092a\u0939\u0932\u0947 \u0938\u094b\u0928\u094b\u0917\u094d\u0930\u093e\u092b\u093f\u0915 \u0915\u093e \u092a\u0924\u093e \u0932\u0917\u093e\u0928\u093e<\/a><\/p>\n<p>Bornavirus-\u092c\u091a\u094d\u091a\u094b\u0902 \u0914\u0930 \u0909\u0928\u0915\u0947 \u092e\u093e\u0924\u093e-\u092a\u093f\u0924\u093e \u092e\u0947\u0902 \u0938\u0902\u0915\u094d\u0930\u092e\u0923 ( <a href=\"https:\/\/scholbach.de\/bornavirusinfektion-bei-kindern-und-jugendlichen\">Bornavirusinfektion bei Kindern und ihren Eltern<\/a>)<\/p>\n<p>\u0915\u093f\u0921\u0928\u0940 \u092a\u094d\u0930\u0924\u094d\u092f\u093e\u0930\u094b\u092a\u0923 \u092e\u0947\u0902 \u090a\u0924\u0915 \u091b\u093f\u0921\u093c\u0915\u093e\u0935 \u0938\u0942\u091a\u0915\u093e\u0902\u0915 \u0915\u0947 \u0928\u093f\u0930\u094d\u0927\u093e\u0930\u0923 \u0915\u093e \u092a\u094d\u0930\u093e\u0930\u0902\u092d\u093f\u0915 \u0935\u093f\u0935\u0930\u0923<\/p>\n<p>\u090f\u092e\u092c\u0940 \u092e\u0947\u0902 \u092a\u0939\u0932\u0940 \u0906\u0902\u0924\u094d\u0930 \u0926\u0940\u0935\u093e\u0930 \u091b\u093f\u0921\u093c\u0915\u093e\u0935 \u092e\u093e\u092a<\/p>\n<p>\u0917\u0941\u0930\u094d\u0926\u0947 \u0915\u0940 \u092a\u0939\u0932\u0940 \u0938\u094b\u0928\u094b\u0917\u094d\u0930\u093e\u092b\u093f\u0915 \u090a\u0924\u0915 \u091b\u093f\u0921\u093c\u0915\u093e\u0935 \u092e\u093e\u092a<\/p>\n<p>\u092a\u0939\u0932\u0947 \u0938\u094b\u0928\u094b\u0917\u094d\u0930\u093e\u092b\u093f\u0915 \u091f\u094d\u092f\u0942\u092e\u0930 \u091b\u093f\u0921\u093c\u0915\u093e\u0935 \u092e\u093e\u092a \u0914\u0930 \u091f\u094d\u092f\u0942\u092e\u0930 \u0911\u0915\u094d\u0938\u0940\u0915\u0930\u0923 \u0915\u0947 \u0932\u093f\u090f \u0938\u0939\u0938\u0902\u092c\u0902\u0927<\/p>\n<p>\u0915\u093f\u0921\u0928\u0940 \u092a\u094d\u0930\u0924\u094d\u092f\u093e\u0930\u094b\u092a\u0923 \u0915\u0947 \u092a\u0939\u0932\u0947 \u0938\u094b\u0928\u094b\u0917\u094d\u0930\u093e\u092b\u093f\u0915 \u090a\u0924\u0915 \u091b\u093f\u0921\u093c\u0915\u093e\u0935 \u092e\u093e\u092a<\/li>\n<li><a href=\"http:\/\/wp12612379.server-he.de\/wp-content\/uploads\/2015\/12\/Vascular-compression-syndromes.pdf\">Vascular Compression Syndromes<\/a><\/li>\n<li><a href=\"https:\/\/scholbach.de\/erstbeschreibung-des-mittellininesyndroms-aspirintherapie\">Inauguration des Mitteliniensyndroms als Folge des Nu\u00dfknackersyndroms<\/a><\/li>\n<li><a href=\"https:\/\/scholbach.de\/the-celiac-ganglion-artery-compression-syndrome\">Truncus coeliacus \/ Ganglion coeliacum Kompressionssyndrom &#8211; Englischsprachige \u00dcbersicht<\/a><\/li>\n<li><a href=\"https:\/\/scholbach.de\/pixelfluxmessung-der-nierengewebsperfusion\">Nierengewebsperfusionsmessung &#8211; Einf\u00fchrende \u00dcbersicht (Englisch)<\/a><\/li>\n<li><a href=\"https:\/\/scholbach.de\/erstmaliger-nachweis-von-fruehveraenderungen-der-nierenperfusion-bei-diabetes-mellitus\">Weltweit erstmaliger sonografischer Nachweis von Nierengef\u00e4\u00dfver\u00e4nderungen bei Kindern mit Diabetes mellitus<\/a><\/li>\n<li><a href=\"https:\/\/scholbach.de\/bornavirusinfektion-bei-kindern-und-jugendlichen\">Bornavirusinfektion bei Kindern und ihren Eltern<\/a><\/li>\n<li><a href=\"https:\/\/scholbach.de\/erstbeschreibung-der-bestimmung-des-gewebsperfusionsindexes-in-nierentranplantaten\">Erstbeschreibung der Bestimmung des Gewebsperfusionsindexes in Nierentranplantaten<\/a><\/li>\n<li><a href=\"https:\/\/scholbach.de\/erstmalige-darmwandperfusionsmessung-bei-m-crohn\">Erstmalige Darmwandperfusionsmessung bei Mb. Crohn<\/a><\/li>\n<li><a href=\"https:\/\/scholbach.de\/erstmalige-sonografische-gewebsperfusionmessung-der-nieren\">Erstmalige sonografische Gewebsperfusionmessung der Nieren<\/a><\/li>\n<li><a href=\"https:\/\/scholbach.de\/erste-sonografische-tumorperfusionmessung-und-korrelation-zur-tumoroxygenierung\">Erste sonografische Tumorperfusionmessung und Korrelation zur Tumoroxygenierung<\/a><\/li>\n<li><a href=\"https:\/\/scholbach.de\/erste-sonografische-gewebsperfusionsmessung-in-nierentransplantaten\">Erstmalige sonografische Gewebsperfusionmessung der Nierentransplantaten<\/a><\/li>\n<li><\/li>\n<\/ul>\n<p>The PixelFlux technique, a novel method to measure blood flow in organs by means of color Doppler ultrasound, <a href=\"https:\/\/scholar.google.de\/scholar?q=PixelFlux+blood+-stars+-sun+-magnetic&amp;hl=de&amp;as_sdt=1,5&amp;as_vis=1\">inspired researchers all over the world to their own publications<\/a>.<\/p>","protected":false},"excerpt":{"rendered":"<p>\u092a\u094d\u0930\u0915\u093e\u0936\u0928\u094b\u0902\u0938\u0902\u0935\u0939\u0928\u0940 \u0938\u0902\u092a\u0940\u0921\u093c\u0928 \u0938\u093f\u0902\u0921\u094d\u0930\u094b\u092e\u0928\u091f\u0915\u094d\u0930\u0948\u0915\u0930 \u0938\u093f\u0902\u0921\u094d\u0930\u094b\u092e \u0915\u0947 \u092a\u0930\u093f\u0923\u093e\u092e\u0938\u094d\u0935\u0930\u0942\u092a \u092e\u093f\u0921\u0932\u093e\u0907\u0928 \u0938\u093f\u0902\u0921\u094d\u0930\u094b\u092e \u0915\u093e \u0909\u0926\u094d\u0918\u093e\u091f\u0928\u0938\u0940\u0932\u093f\u090f\u0915 \u091f\u094d\u0930\u0902\u0915 \/ \u0917\u0948\u0902\u0917\u094d\u0932\u093f\u092f\u0928 \u0915\u094b\u090f\u0932\u093f\u090f\u0915\u092e \u0938\u0902\u092a\u0940\u0921\u093c\u0928 \u0938\u093f\u0902\u0921\u094d\u0930\u094b\u092e &#8211; \u0905\u0902\u0917\u094d\u0930\u0947\u091c\u0940 \u0938\u093e\u0930\u093e\u0902\u0936\u0917\u0941\u0930\u094d\u0926\u093e \u090a\u0924\u0915 \u091b\u093f\u0921\u093c\u0915\u093e\u0935 \u092e\u093e\u092a &#8211; \u092a\u0930\u093f\u091a\u092f\u093e\u0924\u094d\u092e\u0915 \u0905\u0935\u0932\u094b\u0915\u0928 (\u0905\u0902\u0917\u094d\u0930\u0947\u091c\u0940) \u0926\u0941\u0928\u093f\u092f\u093e \u092d\u0930 \u092e\u0947\u0902 \u092e\u0927\u0941\u092e\u0947\u0939 \u092e\u0947\u0932\u0947\u091f\u0938 \u0935\u093e\u0932\u0947 \u092c\u091a\u094d\u091a\u094b\u0902 \u092e\u0947\u0902 \u0917\u0941\u0930\u094d\u0926\u0947 \u0915\u0947 \u0938\u0902\u0935\u0939\u0928\u0940 \u092a\u0930\u093f\u0935\u0930\u094d\u0924\u0928 \u0915\u0947 \u092a\u0939\u0932\u0947 \u0938\u094b\u0928\u094b\u0917\u094d\u0930\u093e\u092b\u093f\u0915 \u0915\u093e \u092a\u0924\u093e \u0932\u0917\u093e\u0928\u093e Bornavirus-\u092c\u091a\u094d\u091a\u094b\u0902 \u0914\u0930 \u0909\u0928\u0915\u0947 \u092e\u093e\u0924\u093e-\u092a\u093f\u0924\u093e \u092e\u0947\u0902 \u0938\u0902\u0915\u094d\u0930\u092e\u0923 ( Bornavirusinfektion bei Kindern und [&hellip;]<\/p>\n","protected":false},"author":4,"featured_media":0,"parent":24,"menu_order":2,"comment_status":"closed","ping_status":"closed","template":"","meta":{"om_disable_all_campaigns":false,"footnotes":""},"class_list":["post-20","page","type-page","status-publish","hentry"],"_links":{"self":[{"href":"https:\/\/scholbach.de\/in\/wp-json\/wp\/v2\/pages\/20","targetHints":{"allow":["GET"]}}],"collection":[{"href":"https:\/\/scholbach.de\/in\/wp-json\/wp\/v2\/pages"}],"about":[{"href":"https:\/\/scholbach.de\/in\/wp-json\/wp\/v2\/types\/page"}],"author":[{"embeddable":true,"href":"https:\/\/scholbach.de\/in\/wp-json\/wp\/v2\/users\/4"}],"replies":[{"embeddable":true,"href":"https:\/\/scholbach.de\/in\/wp-json\/wp\/v2\/comments?post=20"}],"version-history":[{"count":70,"href":"https:\/\/scholbach.de\/in\/wp-json\/wp\/v2\/pages\/20\/revisions"}],"predecessor-version":[{"id":6989,"href":"https:\/\/scholbach.de\/in\/wp-json\/wp\/v2\/pages\/20\/revisions\/6989"}],"up":[{"embeddable":true,"href":"https:\/\/scholbach.de\/in\/wp-json\/wp\/v2\/pages\/24"}],"wp:attachment":[{"href":"https:\/\/scholbach.de\/in\/wp-json\/wp\/v2\/media?parent=20"}],"curies":[{"name":"wp","href":"https:\/\/api.w.org\/{rel}","templated":true}]}}