{"id":951,"date":"2016-12-28T11:13:44","date_gmt":"2016-12-28T11:13:44","guid":{"rendered":"http:\/\/scholbach.de\/?page_id=951"},"modified":"2020-04-05T14:12:42","modified_gmt":"2020-04-05T14:12:42","slug":"may-thurner-konstellation","status":"publish","type":"page","link":"https:\/\/scholbach.de\/fr\/wissenschaft\/deutsch-ultraschalldiagnostik\/deutsch-gefaskompressionen\/may-thurner-konstellation","title":{"rendered":"Constellation de May-Thurner \/ Cockett&rsquo;s syndrome"},"content":{"rendered":"<p><\/p>\n<h4>Sympt\u00f4mes fr\u00e9quents<\/h4>\n<p style=\"padding-left: 30px;\">Douleur du bas ventre (souvent gauche)<\/p>\n<p style=\"padding-left: 30px;\">qui peut irradier dans la cuisse gauche<\/p>\n<p style=\"padding-left: 30px;\">Douleur du flanc gauche<\/p>\n<p style=\"padding-left: 30px;\">Oed\u00e8me de la jambe gauche<\/p>\n<p style=\"padding-left: 30px;\">Tendance aux thromboses et varices de la jambe gauche<\/p>\n<p>&nbsp;<\/p>\n<p>Au cours du syndrome de <a href=\"http:\/\/www.whonamedit.com\/synd.cfm\/3472.html\">May-Thurner<\/a>, le sang du c\u00f4t\u00e9 gauche du bassin ne peut pas circuler suffisamment sur la gauche iliaques vers la veine cave inf\u00e9rieure. La veine commune iliaque gauche (vena iliaca communis sinistra) se situe entre promontoire et l&rsquo;art\u00e8re iliaque commune droite (arteria iliaca communis dextra ) plus ou moins comprim\u00e9.<\/p>\n<p><img loading=\"lazy\" decoding=\"async\" class=\" wp-image-974 aligncenter\" src=\"https:\/\/scholbach.de\/wp-content\/uploads\/2016\/12\/MTS-de.png\" alt=\"\" width=\"644\" height=\"279\" srcset=\"https:\/\/scholbach.de\/wp-content\/uploads\/2016\/12\/MTS-de.png 734w, https:\/\/scholbach.de\/wp-content\/uploads\/2016\/12\/MTS-de-300x130.png 300w\" sizes=\"auto, (max-width: 644px) 100vw, 644px\" \/><\/p>\n<p style=\"text-align: center;\">&#8211; \u00e0 gauche\u00a0(image \u00e9chographique, vue de dessous)\u00a0: Compression de la veine iliaque commune gauche au niveau du promontoire<\/p>\n<p style=\"text-align: center;\">&#8211; \u00e0 droite (angio-IRM, vue de face)\u00a0: Compression de la veine iliaque commune gauche<\/p>\n<p>Le sang du rein gauche, bloqu\u00e9 initialement au niveau de la pince m\u00e9sent\u00e9rique, rencontre ainsi de nouveau un obstacle et doit trouver de nouvelles collat\u00e9rales pour passer sur le c\u00f4t\u00e9 droit et atteindre la veine cave inf\u00e9rieure. Le sang veineux retourne alors de la veine iliaque commune gauche vers les veines profondes du bassin et atteint l\u2019important r\u00e9seau veineux existant autour des organes du petit bassin (ut\u00e9rus, ovaire, vessie, rectum). De l\u00e0, le sang passe dans les veines droites du bassin, puis dans la veine iliaque commune droite et enfin la veine cave inf\u00e9rieure. Cette d\u00e9rivation entra\u00eene chez de nombreux patients des troubles, la stase veineuse dans les organes en question \u00e9tant souvent mal tol\u00e9r\u00e9e. Ces organes sont principalement ceux situ\u00e9s sur la ligne m\u00e9diane du corps, car ils peuvent r\u00e9cup\u00e9rer le sang sur leur gauche et le d\u00e9verser sur leur droite vers la veine cave inf\u00e9rieure.<\/p>\n<p>L\u2019augmentation chronique de la pression veineuse de ces organes conduit \u00e0 une dilatation des veines, qui se tordent et forment des varices. Il existe alors une inflammation de la paroi veineuse. Cette situation se nomme\u00a0:<\/p>\n<p><a name=\"_Toc385346586\"><\/a><a name=\"_Toc384989323\"><\/a><a name=\"_Toc384989298\"><\/a><a name=\"_Toc384989278\"><\/a><a href=\"https:\/\/scholbach.de\/wissenschaft\/deutsch-ultraschalldiagnostik\/deutsch-gefaskompressionen\/mittelliniensyndrom-mittellinien-stauungs-syndrom\">Syndrome de la ligne m\u00e9diane<\/a><\/p>","protected":false},"excerpt":{"rendered":"<p>Sympt\u00f4mes fr\u00e9quents Douleur du bas ventre (souvent gauche) qui peut irradier dans la cuisse gauche Douleur du flanc gauche Oed\u00e8me de la jambe gauche Tendance aux thromboses et varices de la jambe gauche &nbsp; Au cours du syndrome de May-Thurner, le sang du c\u00f4t\u00e9 gauche du bassin ne peut pas circuler suffisamment sur la gauche [&hellip;]<\/p>\n","protected":false},"author":5,"featured_media":0,"parent":66,"menu_order":4,"comment_status":"closed","ping_status":"closed","template":"","meta":{"om_disable_all_campaigns":false,"footnotes":""},"class_list":["post-951","page","type-page","status-publish","hentry"],"_links":{"self":[{"href":"https:\/\/scholbach.de\/fr\/wp-json\/wp\/v2\/pages\/951","targetHints":{"allow":["GET"]}}],"collection":[{"href":"https:\/\/scholbach.de\/fr\/wp-json\/wp\/v2\/pages"}],"about":[{"href":"https:\/\/scholbach.de\/fr\/wp-json\/wp\/v2\/types\/page"}],"author":[{"embeddable":true,"href":"https:\/\/scholbach.de\/fr\/wp-json\/wp\/v2\/users\/5"}],"replies":[{"embeddable":true,"href":"https:\/\/scholbach.de\/fr\/wp-json\/wp\/v2\/comments?post=951"}],"version-history":[{"count":44,"href":"https:\/\/scholbach.de\/fr\/wp-json\/wp\/v2\/pages\/951\/revisions"}],"predecessor-version":[{"id":4424,"href":"https:\/\/scholbach.de\/fr\/wp-json\/wp\/v2\/pages\/951\/revisions\/4424"}],"up":[{"embeddable":true,"href":"https:\/\/scholbach.de\/fr\/wp-json\/wp\/v2\/pages\/66"}],"wp:attachment":[{"href":"https:\/\/scholbach.de\/fr\/wp-json\/wp\/v2\/media?parent=951"}],"curies":[{"name":"wp","href":"https:\/\/api.w.org\/{rel}","templated":true}]}}