{"id":931,"date":"2016-12-26T15:36:51","date_gmt":"2016-12-26T15:36:51","guid":{"rendered":"http:\/\/scholbach.de\/?page_id=931"},"modified":"2020-04-05T14:11:57","modified_gmt":"2020-04-05T14:11:57","slug":"mittelliniensyndrom-mittellinien-stauungs-syndrom","status":"publish","type":"page","link":"https:\/\/scholbach.de\/fr\/wissenschaft\/deutsch-ultraschalldiagnostik\/deutsch-gefaskompressionen\/mittelliniensyndrom-mittellinien-stauungs-syndrom","title":{"rendered":"Syndrome de la ligne m\u00e9diane"},"content":{"rendered":"<p><\/p>\n<h4>Sympt\u00f4mes fr\u00e9quents<\/h4>\n<p style=\"padding-left: 30px;\">Douleur abdominale, souvent \u00e9pigastrique<\/p>\n<p style=\"padding-left: 30px;\">Douleur dorsale au niveau de la colonne vert\u00e9brale<\/p>\n<p style=\"padding-left: 30px;\">Douleur du bas ventre (au niveau de la vessie et de l\u2019ut\u00e9rus)<\/p>\n<p style=\"padding-left: 30px;\">Maux de t\u00eate, douleur de nuque<\/p>\n<p style=\"padding-left: 30px;\">Nez bouch\u00e9 le matin<\/p>\n<p style=\"padding-left: 30px;\">H\u00e9morro\u00efdes<\/p>\n<p style=\"padding-left: 30px;\">Besoin pressant d\u2019uriner, br\u00fblure mictionnelle<\/p>\n<p>&nbsp;<\/p>\n<p>&nbsp;<\/p>\n<p><img loading=\"lazy\" decoding=\"async\" class=\"wp-image-932 aligncenter\" src=\"https:\/\/scholbach.de\/wp-content\/uploads\/2016\/12\/HB-stau.jpg\" width=\"481\" height=\"372\" srcset=\"https:\/\/scholbach.de\/wp-content\/uploads\/2016\/12\/HB-stau.jpg 425w, https:\/\/scholbach.de\/wp-content\/uploads\/2016\/12\/HB-stau-300x232.jpg 300w\" sizes=\"auto, (max-width: 481px) 100vw, 481px\" \/><\/p>\n<p style=\"text-align: center;\">Congestion veineuse massive des veines de la paroi vesicale<br \/>\nJaune-vert\u00a0: dilatation des vaisseaux dans la paroi v\u00e9sicale<\/p>\n<p><img loading=\"lazy\" decoding=\"async\" class=\"wp-image-933 size-full aligncenter\" src=\"https:\/\/scholbach.de\/wp-content\/uploads\/2016\/12\/REctum-MLS.jpg\" width=\"484\" height=\"407\" srcset=\"https:\/\/scholbach.de\/wp-content\/uploads\/2016\/12\/REctum-MLS.jpg 484w, https:\/\/scholbach.de\/wp-content\/uploads\/2016\/12\/REctum-MLS-300x252.jpg 300w\" sizes=\"auto, (max-width: 484px) 100vw, 484px\" \/><\/p>\n<p style=\"text-align: center;\">Congestion veineuse importante des veines du rectum<br \/>\nBleu-rouge-vert\u00a0: dilatation des vaisseaux dans la paroi intestinale<\/p>\n<p>La r\u00e9action inflammatoire des parois veineuses conduit \u00e0 d\u2019autres troubles. En raison de l\u2019inflammation, les parois veineuses augmentent de volume. Le calibre des veines, d\u00e9j\u00e0 petit, est drastiquement r\u00e9duit par le gonflement de la paroi, ce qui limite grandement la circulation sanguine via ces organes de collat\u00e9ral. Cette situation entra\u00eene une nouvelle augmentation de la pression dans la veine r\u00e9nale gauche et ses collat\u00e9rales. En raison de l\u2019\u00e9quilibre entre la pression sanguine veineuse et l\u2019\u00e9coulement du sang, on observe une r\u00e9duction de l\u2019\u00e9coulement veineux de la veine r\u00e9nale. Les patients se plaignent souvent de douleur chronique au niveau de ces organes, survenant lors d\u2019un effort physique ou d\u2019un stress psychologique. Ces deux situations conduisent en effet \u00e0 une augmentation de la fr\u00e9quence cardiaque. Cela entra\u00eene une augmentation du volume sanguin dans le rein gauche, et donc une augmentation de la pression et des douleurs.<\/p>\n<p>Les organes de la ligne m\u00e9diane sont la colonne vert\u00e9brale, le cr\u00e2ne, le nez, le colon, le vagin, le p\u00e9nis, l\u2019ovaire gauche, le testicule gauche, la vessie, l\u2019ur\u00e8tre, l\u2019ut\u00e9rus et la prostate. Tous ces organes peuvent \u00eatre douloureux ou alt\u00e9r\u00e9s dans leur fonction. Cela explique les sympt\u00f4mes tr\u00e8s diffus que peuvent pr\u00e9senter les patients. Cette symptomatologie diffuse est la source de nombreuses incompr\u00e9hensions et erreurs diagnostiques.<\/p>\n<p>Le patient pouvant se plaindre de la t\u00eate au pied, on suspecte souvent une atteinte non-organique, c\u2019est \u00e0 dire psychologique. La prise en charge de la maladie et le traitement des sympt\u00f4mes n\u00e9cessitent cependant de d\u00e9tecter ces atteintes d\u00e9crites ci-dessus (par exemple \u00e0 l\u2019aide d\u2019un doppler- \u00e9chographie avec mesure de la pression sanguine) pour pouvoir d\u00e9buter un traitement m\u00e9dicamenteux cibl\u00e9.<\/p>\n<p>Nous avons une grande exp\u00e9rience (prise en charge de plus de 1000 patients avec un syndrome de compression vasculaire abdominal), et disposons de technique sp\u00e9cial pour le diagnostic et le soin. Tous les patients ont \u00e9t\u00e9 soulag\u00e9s voir gu\u00e9ris de leurs maux. Ces pathologies \u00e9tant cependant peu connues. Nous esp\u00e9rons que cette pr\u00e9sentation adress\u00e9e directement aux patients leur donnera la possibilit\u00e9 d\u2019en parler avec leur m\u00e9decin. Nous sommes bien s\u00fbr pr\u00eats \u00e0 vous aider dans le diagnostic et la prise en charge de cette maladie, chez l\u2019adulte comme chez l\u2019enfant, qui souffre souvent pendant des ann\u00e9es sans que la maladie puisse \u00eatre nomm\u00e9e.<\/p>","protected":false},"excerpt":{"rendered":"<p>Sympt\u00f4mes fr\u00e9quents Douleur abdominale, souvent \u00e9pigastrique Douleur dorsale au niveau de la colonne vert\u00e9brale Douleur du bas ventre (au niveau de la vessie et de l\u2019ut\u00e9rus) Maux de t\u00eate, douleur de nuque Nez bouch\u00e9 le matin H\u00e9morro\u00efdes Besoin pressant d\u2019uriner, br\u00fblure mictionnelle &nbsp; &nbsp; Congestion veineuse massive des veines de la paroi vesicale Jaune-vert\u00a0: dilatation [&hellip;]<\/p>\n","protected":false},"author":5,"featured_media":0,"parent":66,"menu_order":2,"comment_status":"closed","ping_status":"closed","template":"","meta":{"om_disable_all_campaigns":false,"footnotes":""},"class_list":["post-931","page","type-page","status-publish","hentry"],"_links":{"self":[{"href":"https:\/\/scholbach.de\/fr\/wp-json\/wp\/v2\/pages\/931","targetHints":{"allow":["GET"]}}],"collection":[{"href":"https:\/\/scholbach.de\/fr\/wp-json\/wp\/v2\/pages"}],"about":[{"href":"https:\/\/scholbach.de\/fr\/wp-json\/wp\/v2\/types\/page"}],"author":[{"embeddable":true,"href":"https:\/\/scholbach.de\/fr\/wp-json\/wp\/v2\/users\/5"}],"replies":[{"embeddable":true,"href":"https:\/\/scholbach.de\/fr\/wp-json\/wp\/v2\/comments?post=931"}],"version-history":[{"count":34,"href":"https:\/\/scholbach.de\/fr\/wp-json\/wp\/v2\/pages\/931\/revisions"}],"predecessor-version":[{"id":4421,"href":"https:\/\/scholbach.de\/fr\/wp-json\/wp\/v2\/pages\/931\/revisions\/4421"}],"up":[{"embeddable":true,"href":"https:\/\/scholbach.de\/fr\/wp-json\/wp\/v2\/pages\/66"}],"wp:attachment":[{"href":"https:\/\/scholbach.de\/fr\/wp-json\/wp\/v2\/media?parent=931"}],"curies":[{"name":"wp","href":"https:\/\/api.w.org\/{rel}","templated":true}]}}