{"id":93,"date":"2015-12-27T00:50:09","date_gmt":"2015-12-27T00:50:09","guid":{"rendered":"http:\/\/wp12612379.server-he.de\/?page_id=93"},"modified":"2023-05-22T18:38:56","modified_gmt":"2023-05-22T16:38:56","slug":"deutsch-ultraschalldiagnostik","status":"publish","type":"page","link":"https:\/\/scholbach.de\/fr\/wissenschaft\/deutsch-ultraschalldiagnostik","title":{"rendered":"Diagnostic ultrasons"},"content":{"rendered":"<p><\/p>\n<h4>Le diagnostic de la douleur abdominale comme un exemple des points forts de l&rsquo;examen par ultrasons<\/h4>\n<p>Le douleur abdominale chronique ou r\u00e9currente affectent la qualit\u00e9 de vie de nombreux patients et posent souvent un probl\u00e8me de diagnostic.<\/p>\n<p>Il existe de nombreuses causes de douleurs abdominales chroniques. Dans ces compressions de vaisseaux abdominaux jouent un r\u00f4le particulier. Ils se produisent souvent &#8211; en particulier chez les filles et les femmes. D&rsquo;autre part, ils sont difficiles \u00e0 diagnostiquer. L&rsquo;\u00e9chographie fonctionnelle avec Doppler couleur est la m\u00e9thode la plus appropri\u00e9e.<\/p>","protected":false},"excerpt":{"rendered":"<p>Le diagnostic de la douleur abdominale comme un exemple des points forts de l&rsquo;examen par ultrasons Le douleur abdominale chronique ou r\u00e9currente affectent la qualit\u00e9 de vie de nombreux patients et posent souvent un probl\u00e8me de diagnostic. Il existe de nombreuses causes de douleurs abdominales chroniques. Dans ces compressions de vaisseaux abdominaux jouent un r\u00f4le [&hellip;]<\/p>\n","protected":false},"author":4,"featured_media":0,"parent":8,"menu_order":1,"comment_status":"closed","ping_status":"closed","template":"","meta":{"om_disable_all_campaigns":false,"footnotes":""},"class_list":["post-93","page","type-page","status-publish","hentry"],"_links":{"self":[{"href":"https:\/\/scholbach.de\/fr\/wp-json\/wp\/v2\/pages\/93","targetHints":{"allow":["GET"]}}],"collection":[{"href":"https:\/\/scholbach.de\/fr\/wp-json\/wp\/v2\/pages"}],"about":[{"href":"https:\/\/scholbach.de\/fr\/wp-json\/wp\/v2\/types\/page"}],"author":[{"embeddable":true,"href":"https:\/\/scholbach.de\/fr\/wp-json\/wp\/v2\/users\/4"}],"replies":[{"embeddable":true,"href":"https:\/\/scholbach.de\/fr\/wp-json\/wp\/v2\/comments?post=93"}],"version-history":[{"count":15,"href":"https:\/\/scholbach.de\/fr\/wp-json\/wp\/v2\/pages\/93\/revisions"}],"predecessor-version":[{"id":8058,"href":"https:\/\/scholbach.de\/fr\/wp-json\/wp\/v2\/pages\/93\/revisions\/8058"}],"up":[{"embeddable":true,"href":"https:\/\/scholbach.de\/fr\/wp-json\/wp\/v2\/pages\/8"}],"wp:attachment":[{"href":"https:\/\/scholbach.de\/fr\/wp-json\/wp\/v2\/media?parent=93"}],"curies":[{"name":"wp","href":"https:\/\/api.w.org\/{rel}","templated":true}]}}