{"id":8,"date":"2015-12-26T11:58:12","date_gmt":"2015-12-26T11:58:12","guid":{"rendered":"http:\/\/wp12612379.server-he.de\/?page_id=8"},"modified":"2020-03-30T08:05:15","modified_gmt":"2020-03-30T08:05:15","slug":"wissenschaft","status":"publish","type":"page","link":"https:\/\/scholbach.de\/fr\/wissenschaft","title":{"rendered":"Ultrasonographie fonctionnelle"},"content":{"rendered":"<p>Je pense que la base d\u2019une bonne relation patient-m\u00e9decin repose dans l\u2019\u00e9ducation la plus aboutie du patient.<\/p>\n<p>C\u2019est pourquoi je propose dans les pages suivantes des explications sur certaines maladies. Je me suis limit\u00e9 \u00e0 des ph\u00e9nom\u00e8nes m\u00e9dicaux et des maladies que j\u2019ai \u00e9tudi\u00e9 et sur lesquels j\u2019ai publi\u00e9.<\/p>\n<p>Ces informations de vulgarisation scientifique sont parfois pr\u00e9sent\u00e9s sous une forme simplifi\u00e9e. La r\u00e9alit\u00e9 m\u00e9dicale est souvent plus complexe.<\/p>\n<p>Ces explications ne peuvent pas remplacer une consultation m\u00e9dicale personnelle.<\/p>\n<p>&nbsp;<\/p>","protected":false},"excerpt":{"rendered":"<p>Je pense que la base d\u2019une bonne relation patient-m\u00e9decin repose dans l\u2019\u00e9ducation la plus aboutie du patient. C\u2019est pourquoi je propose dans les pages suivantes des explications sur certaines maladies. Je me suis limit\u00e9 \u00e0 des ph\u00e9nom\u00e8nes m\u00e9dicaux et des maladies que j\u2019ai \u00e9tudi\u00e9 et sur lesquels j\u2019ai publi\u00e9. Ces informations de vulgarisation scientifique sont [&hellip;]<\/p>\n","protected":false},"author":4,"featured_media":0,"parent":0,"menu_order":0,"comment_status":"closed","ping_status":"closed","template":"","meta":{"om_disable_all_campaigns":false,"footnotes":""},"class_list":["post-8","page","type-page","status-publish","hentry"],"_links":{"self":[{"href":"https:\/\/scholbach.de\/fr\/wp-json\/wp\/v2\/pages\/8","targetHints":{"allow":["GET"]}}],"collection":[{"href":"https:\/\/scholbach.de\/fr\/wp-json\/wp\/v2\/pages"}],"about":[{"href":"https:\/\/scholbach.de\/fr\/wp-json\/wp\/v2\/types\/page"}],"author":[{"embeddable":true,"href":"https:\/\/scholbach.de\/fr\/wp-json\/wp\/v2\/users\/4"}],"replies":[{"embeddable":true,"href":"https:\/\/scholbach.de\/fr\/wp-json\/wp\/v2\/comments?post=8"}],"version-history":[{"count":45,"href":"https:\/\/scholbach.de\/fr\/wp-json\/wp\/v2\/pages\/8\/revisions"}],"predecessor-version":[{"id":4351,"href":"https:\/\/scholbach.de\/fr\/wp-json\/wp\/v2\/pages\/8\/revisions\/4351"}],"wp:attachment":[{"href":"https:\/\/scholbach.de\/fr\/wp-json\/wp\/v2\/media?parent=8"}],"curies":[{"name":"wp","href":"https:\/\/api.w.org\/{rel}","templated":true}]}}