{"id":7907,"date":"2023-03-11T13:56:55","date_gmt":"2023-03-11T12:56:55","guid":{"rendered":"https:\/\/scholbach.de\/?page_id=7907"},"modified":"2023-03-20T13:02:16","modified_gmt":"2023-03-20T12:02:16","slug":"severe-neurologic-disorders-as-a-consequence-of-abdominal-compression-syndromes-complete-disappearance-after-decompression-of-the-left-renal-vein","status":"publish","type":"page","link":"https:\/\/scholbach.de\/fr\/severe-neurologic-disorders-as-a-consequence-of-abdominal-compression-syndromes-complete-disappearance-after-decompression-of-the-left-renal-vein","title":{"rendered":"Ataxie s\u00e9v\u00e8re chez une jeune femme souffrant d&rsquo;une congestion spinale s\u00e9v\u00e8re &#8211; r\u00e9solution compl\u00e8te apr\u00e8s d\u00e9compression de la veine r\u00e9nale gauche"},"content":{"rendered":"<p>Les cons\u00e9quences d&rsquo;une congestion de la moelle \u00e9pini\u00e8re cons\u00e9cutive \u00e0 la compression de la veine r\u00e9nale gauche et de la veine iliaque gauche chez les patients atteints du syndrome de congestion de la ligne m\u00e9diane sont nombreuses.<\/p>\n<p><a href=\"https:\/\/scholbach.de\/neurological-consequences-of-the-midline-congestion-syndrome\">Les nombreuses cons\u00e9quences cliniques possibles sont d\u00e9crites sur une page s\u00e9par\u00e9e.<\/a><\/p>\n<p>Je rapporte ici le cas d&rsquo;une jeune femme qui a d\u00e9velopp\u00e9 de graves sympt\u00f4mes v\u00e9g\u00e9tatifs, des douleurs abdominales, des convulsions et des probl\u00e8mes gyn\u00e9cologiques dus \u00e0 de multiples syndromes de compression abdominale sur la base d&rsquo;un syndrome d&rsquo;Ehlers-Danlos hypermobile.<\/p>\n<p>Elle s&rsquo;est retrouv\u00e9e en fauteuil roulant en raison d&rsquo;une ataxie extr\u00eame du tronc, de la t\u00eate et des extr\u00e9mit\u00e9s. Les diagnostics neurologiques de routine et les proc\u00e9dures d&rsquo;imagerie standard dans son pays d&rsquo;origine et \u00e0 l&rsquo;\u00e9tranger n&rsquo;ont r\u00e9v\u00e9l\u00e9 aucune raison traitable \u00e0 ses souffrances.<\/p>\n<p>Seule une \u00e9chographie Doppler couleur fonctionnelle avec quantification de tous les vaisseaux abdominaux et pelviens pertinents a pu d\u00e9montrer la raison m\u00eame de son calvaire &#8211; une congestion veineuse massive de la moelle \u00e9pini\u00e8re aliment\u00e9e par un tronc r\u00e9no-rachidien \u00e0 haut d\u00e9bit reliant la veine r\u00e9nale gauche congestionn\u00e9e car compl\u00e8tement obstru\u00e9e au plexus \u00e9pidural \u00e0 l&rsquo;int\u00e9rieur du canal rachidien. Cela a entra\u00een\u00e9 un d\u00e9ficit neurologique, la compression et la congestion veineuse subs\u00e9quente de la moelle \u00e9pini\u00e8re.<\/p>\n<p>Cette vid\u00e9o montre son \u00e9tat mis\u00e9rable avant l&rsquo;op\u00e9ration en mai 2022.<\/p>\n<div style=\"width: 320px;\" class=\"wp-video\"><video class=\"wp-video-shortcode\" id=\"video-7907-5\" width=\"320\" height=\"576\" loop autoplay preload=\"metadata\" controls=\"controls\"><source type=\"video\/mp4\" src=\"https:\/\/scholbach.de\/wp-content\/uploads\/2023\/03\/received_1376134703169370.mp4?_=5\" \/><a href=\"https:\/\/scholbach.de\/wp-content\/uploads\/2023\/03\/received_1376134703169370.mp4\">https:\/\/scholbach.de\/wp-content\/uploads\/2023\/03\/received_1376134703169370.mp4<\/a><\/video><\/div>\n<p>Cette vid\u00e9o a \u00e9t\u00e9 prise en mars 2023, 7,5 mois apr\u00e8s la d\u00e9compression r\u00e9ussie de la veine r\u00e9nale gauche et l&rsquo;effondrement complet du tronc r\u00e9no-rachidien.<\/p>\n<div style=\"width: 368px;\" class=\"wp-video\"><video class=\"wp-video-shortcode\" id=\"video-7907-6\" width=\"368\" height=\"640\" loop autoplay preload=\"auto\" controls=\"controls\"><source type=\"video\/mp4\" src=\"https:\/\/scholbach.de\/wp-content\/uploads\/2023\/03\/received_1406167236851234.mp4?_=6\" \/><a href=\"https:\/\/scholbach.de\/wp-content\/uploads\/2023\/03\/received_1406167236851234.mp4\">https:\/\/scholbach.de\/wp-content\/uploads\/2023\/03\/received_1406167236851234.mp4<\/a><\/video><\/div>\n<p>Ant\u00e9c\u00e9dents m\u00e9dicaux<\/p>\n<p>Janvier 2016<\/p>\n<p>Hyperexcitabilit\u00e9, crampes musculaires, prise de poids due \u00e0 un \u0153d\u00e8me des jambes.<\/p>\n<p>Janvier 2017<\/p>\n<p>Visite au service des urgences en raison de graves crampes musculaires et de convulsions<br \/>\nArythmie, vertiges, vomissements, engourdissement des deux mains et tremblements du tronc<br \/>\nSe pr\u00e9sente plusieurs fois aux urgences de l&rsquo;h\u00f4pital psychiatrique en raison de tremblements g\u00e9n\u00e9raux. On lui a diagnostiqu\u00e9 un trouble mental : trouble anxieux.<\/p>\n<p>F\u00e9vrier 2017<\/p>\n<p>Se pr\u00e9sente au service des urgences avec des douleurs sur le c\u00f4t\u00e9 droit de la colonne vert\u00e9brale et une pollakiurie.<br \/>\nTransport\u00e9e au service psychiatrique en raison de convulsions g\u00e9n\u00e9ralis\u00e9es r\u00e9p\u00e9t\u00e9es<br \/>\nLe psychiatre refuse le diagnostic de trouble anxieux<br \/>\nConvulsions r\u00e9p\u00e9t\u00e9es<\/p>\n<p>Mai 2017<\/p>\n<p>Diagnostic de syndrome de surcroissance bact\u00e9rienne intestinale et d&rsquo;\u0153sophagite \u00e0 \u00e9osinophiles<\/p>\n<p>Mai 2021<\/p>\n<p>A consult\u00e9 de nombreux m\u00e9decins dans son pays et \u00e0 l&rsquo;\u00e9tranger sans obtenir de diagnostic et de traitement appropri\u00e9s pour son instabilit\u00e9 tronculaire croissante et ses convulsions.<br \/>\nSouffre \u00e9galement de douleurs abdominales localis\u00e9es sous le diaphragme et irradiant vers les deux c\u00f4t\u00e9s, qui s&rsquo;intensifient en p\u00e9riode post-prandiale.<br \/>\nAppeler pour ne pas respirer correctement<br \/>\nDifficult\u00e9s \u00e0 avaler<br \/>\nDouleurs thoraciques<br \/>\nToujours agit\u00e9<br \/>\nGrave brouillard c\u00e9r\u00e9bral, troubles visuels, migraines, vertiges, sensation d&rsquo;\u00e9bri\u00e9t\u00e9, douleurs dorsales, mains froides et bleut\u00e9es, faiblesse des pieds et des mains<br \/>\nFatigue croissante<br \/>\nHyperflexibilit\u00e9 des articulations<\/p>\n<p>&nbsp;<\/p>\n<p>Premi\u00e8re pr\u00e9sentation dans ma clinique d&rsquo;\u00e9chographie Doppler couleur fonctionnelle en juin 2021.<\/p>\n<p>Les diagnostics suivants ont \u00e9t\u00e9 \u00e9tablis lors du premier examen :<\/p>\n<ul>\n<li>Syndrome de congestion pelvienne comme cons\u00e9quence de<\/li>\n<li>Un syndrome de May-Thurner avec un \u00e9peron veineux<\/li>\n<li>Lordose lombaire s\u00e9v\u00e8re comme raison principale de tous les syndromes de compression vasculaire de la patiente<\/li>\n<li>Compression lordog\u00e9n\u00e9tique compl\u00e8te de la veine r\u00e9nale gauche avec un pontage par une veine de Tronc r\u00e9no-rach.<\/li>\n<li>Tronc r\u00e9no-rachidi\u00e8n alimentant le plexus \u00e9pidural et une veine ovarienne gauche hypertrophi\u00e9e.<\/li>\n<li>veine ovarienne gauche hypertrophi\u00e9e transportant le sang vers le bassin.<\/li>\n<li>Une importante accumulation veineuse en position debout comme signe d&rsquo;une affection du tissu conjonctif cliniquement pertinente &#8211; conform\u00e9ment \u00e0 certains signes cliniques d&rsquo;une telle affection.<\/li>\n<li>Syndrome s\u00e9v\u00e8re du ligament arqu\u00e9 m\u00e9dian avec sympt\u00f4mes typiques, principaux sympt\u00f4mes du patient<\/li>\n<li>Ptose des deux reins<\/li>\n<li>Grave \u00e9tranglement du flux sanguin vers les deux reins, principalement du c\u00f4t\u00e9 gauche en raison de la ptose r\u00e9nale en position verticale &#8211; ce qui contribue consid\u00e9rablement \u00e0 l&rsquo;accumulation de sang veineux dans le bassin et dans les deux jambes.<\/li>\n<li>Forte r\u00e9duction du volume sanguin circulant \u00e0 l&rsquo;int\u00e9rieur de l&rsquo;aorte en position debout<\/li>\n<li>Double ut\u00e9rus<\/li>\n<\/ul>\n<ol start=\"11\">\n<li style=\"list-style-type: none;\"><\/li>\n<\/ol>\n<p>&nbsp;<\/p>\n<p><a href=\"https:\/\/scholbach.de\/wp-content\/uploads\/2023\/03\/Folie5.jpg\"><img loading=\"lazy\" decoding=\"async\" class=\"aligncenter wp-image-7903 size-medium\" src=\"https:\/\/scholbach.de\/wp-content\/uploads\/2023\/03\/Folie5-300x169.jpg\" alt=\"\" width=\"300\" height=\"169\" srcset=\"https:\/\/scholbach.de\/wp-content\/uploads\/2023\/03\/Folie5-300x169.jpg 300w, https:\/\/scholbach.de\/wp-content\/uploads\/2023\/03\/Folie5-1024x576.jpg 1024w, https:\/\/scholbach.de\/wp-content\/uploads\/2023\/03\/Folie5-768x432.jpg 768w, https:\/\/scholbach.de\/wp-content\/uploads\/2023\/03\/Folie5-640x360.jpg 640w, https:\/\/scholbach.de\/wp-content\/uploads\/2023\/03\/Folie5.jpg 1280w\" sizes=\"auto, (max-width: 300px) 100vw, 300px\" \/><\/a><\/p>\n<p><a href=\"https:\/\/scholbach.de\/wp-content\/uploads\/2023\/03\/Folie2.jpg\"><img loading=\"lazy\" decoding=\"async\" class=\"aligncenter wp-image-7906 size-medium\" src=\"https:\/\/scholbach.de\/wp-content\/uploads\/2023\/03\/Folie2-300x169.jpg\" alt=\"\" width=\"300\" height=\"169\" srcset=\"https:\/\/scholbach.de\/wp-content\/uploads\/2023\/03\/Folie2-300x169.jpg 300w, https:\/\/scholbach.de\/wp-content\/uploads\/2023\/03\/Folie2-1024x576.jpg 1024w, https:\/\/scholbach.de\/wp-content\/uploads\/2023\/03\/Folie2-768x432.jpg 768w, https:\/\/scholbach.de\/wp-content\/uploads\/2023\/03\/Folie2-640x360.jpg 640w, https:\/\/scholbach.de\/wp-content\/uploads\/2023\/03\/Folie2.jpg 1280w\" sizes=\"auto, (max-width: 300px) 100vw, 300px\" \/><\/a><a href=\"https:\/\/scholbach.de\/wp-content\/uploads\/2023\/03\/Folie4.jpg\"><img loading=\"lazy\" decoding=\"async\" class=\"aligncenter wp-image-7904 size-medium\" src=\"https:\/\/scholbach.de\/wp-content\/uploads\/2023\/03\/Folie4-300x169.jpg\" alt=\"\" width=\"300\" height=\"169\" srcset=\"https:\/\/scholbach.de\/wp-content\/uploads\/2023\/03\/Folie4-300x169.jpg 300w, https:\/\/scholbach.de\/wp-content\/uploads\/2023\/03\/Folie4-1024x576.jpg 1024w, https:\/\/scholbach.de\/wp-content\/uploads\/2023\/03\/Folie4-768x432.jpg 768w, https:\/\/scholbach.de\/wp-content\/uploads\/2023\/03\/Folie4-640x360.jpg 640w, https:\/\/scholbach.de\/wp-content\/uploads\/2023\/03\/Folie4.jpg 1280w\" sizes=\"auto, (max-width: 300px) 100vw, 300px\" \/><\/a><\/p>\n<p><a href=\"https:\/\/scholbach.de\/wp-content\/uploads\/2023\/03\/Folie7.jpg\"><img loading=\"lazy\" decoding=\"async\" class=\"aligncenter wp-image-7901 size-medium\" src=\"https:\/\/scholbach.de\/wp-content\/uploads\/2023\/03\/Folie7-300x169.jpg\" alt=\"\" width=\"300\" height=\"169\" srcset=\"https:\/\/scholbach.de\/wp-content\/uploads\/2023\/03\/Folie7-300x169.jpg 300w, https:\/\/scholbach.de\/wp-content\/uploads\/2023\/03\/Folie7-1024x576.jpg 1024w, https:\/\/scholbach.de\/wp-content\/uploads\/2023\/03\/Folie7-768x432.jpg 768w, https:\/\/scholbach.de\/wp-content\/uploads\/2023\/03\/Folie7-640x360.jpg 640w, https:\/\/scholbach.de\/wp-content\/uploads\/2023\/03\/Folie7.jpg 1280w\" sizes=\"auto, (max-width: 300px) 100vw, 300px\" \/><\/a><\/p>\n<p><a href=\"https:\/\/scholbach.de\/wp-content\/uploads\/2023\/03\/Folie8.jpg\"><img loading=\"lazy\" decoding=\"async\" class=\"aligncenter wp-image-7900 size-medium\" src=\"https:\/\/scholbach.de\/wp-content\/uploads\/2023\/03\/Folie8-300x169.jpg\" alt=\"\" width=\"300\" height=\"169\" srcset=\"https:\/\/scholbach.de\/wp-content\/uploads\/2023\/03\/Folie8-300x169.jpg 300w, https:\/\/scholbach.de\/wp-content\/uploads\/2023\/03\/Folie8-1024x576.jpg 1024w, https:\/\/scholbach.de\/wp-content\/uploads\/2023\/03\/Folie8-768x432.jpg 768w, https:\/\/scholbach.de\/wp-content\/uploads\/2023\/03\/Folie8-640x360.jpg 640w, https:\/\/scholbach.de\/wp-content\/uploads\/2023\/03\/Folie8.jpg 1280w\" sizes=\"auto, (max-width: 300px) 100vw, 300px\" \/><\/a> <a href=\"https:\/\/scholbach.de\/wp-content\/uploads\/2023\/03\/Folie9.jpg\"><img loading=\"lazy\" decoding=\"async\" class=\"aligncenter wp-image-7899 size-medium\" src=\"https:\/\/scholbach.de\/wp-content\/uploads\/2023\/03\/Folie9-300x169.jpg\" alt=\"\" width=\"300\" height=\"169\" srcset=\"https:\/\/scholbach.de\/wp-content\/uploads\/2023\/03\/Folie9-300x169.jpg 300w, https:\/\/scholbach.de\/wp-content\/uploads\/2023\/03\/Folie9-1024x576.jpg 1024w, https:\/\/scholbach.de\/wp-content\/uploads\/2023\/03\/Folie9-768x432.jpg 768w, https:\/\/scholbach.de\/wp-content\/uploads\/2023\/03\/Folie9-640x360.jpg 640w, https:\/\/scholbach.de\/wp-content\/uploads\/2023\/03\/Folie9.jpg 1280w\" sizes=\"auto, (max-width: 300px) 100vw, 300px\" \/><\/a><\/p>\n<p>&nbsp;<\/p>\n<p>&nbsp;<\/p>\n<p>&nbsp;<\/p>\n<h2>Mesure pr\u00e9op\u00e9ratoire de la perfusion du parenchyme r\u00e9nal en juin 2021<\/h2>\n<p><a href=\"https:\/\/scholbach.de\/wp-content\/uploads\/2023\/03\/Preop-PixelFlux-measurements-in-truncal-ataxia.jpg\"><img loading=\"lazy\" decoding=\"async\" class=\"aligncenter wp-image-7919 size-medium\" src=\"https:\/\/scholbach.de\/wp-content\/uploads\/2023\/03\/Preop-PixelFlux-measurements-in-truncal-ataxia-300x158.jpg\" alt=\"\" width=\"300\" height=\"158\" srcset=\"https:\/\/scholbach.de\/wp-content\/uploads\/2023\/03\/Preop-PixelFlux-measurements-in-truncal-ataxia-300x158.jpg 300w, https:\/\/scholbach.de\/wp-content\/uploads\/2023\/03\/Preop-PixelFlux-measurements-in-truncal-ataxia.jpg 605w\" sizes=\"auto, (max-width: 300px) 100vw, 300px\" \/><\/a><\/p>\n<p>La patiente a \u00e9t\u00e9 op\u00e9r\u00e9e en juin 2021 et en juillet pour r\u00e9aliser une d\u00e9compression de la trompe c\u0153liaque (complexe en raison de la pr\u00e9sence d&rsquo;un tissu cicatriciel important autour de la trompe c\u0153liaque), en prot\u00e9geant la veine iliaque commune gauche et la veine r\u00e9nale gauche au moyen d&rsquo;un greffon en PTFE renforc\u00e9 par un anneau.<\/p>\n<p>L&rsquo;op\u00e9ration a \u00e9t\u00e9 r\u00e9alis\u00e9e par le professeur Sandmann \u00e0 la clinique BelEtage de D\u00fcsseldorf (Allemagne). Je lui suis tr\u00e8s reconnaissant de sa coop\u00e9ration ouverte et de son autorisation \u00e0 publier ses photos perop\u00e9ratoires.<\/p>\n<p>&nbsp;<\/p>\n<div id=\"attachment_7893\" style=\"width: 235px\" class=\"wp-caption aligncenter\"><a href=\"https:\/\/scholbach.de\/wp-content\/uploads\/2023\/03\/Truncus-aus-Narbengewebe-ausgeschaelt-rotated.jpg\"><img loading=\"lazy\" decoding=\"async\" aria-describedby=\"caption-attachment-7893\" class=\"wp-image-7893 size-medium\" src=\"https:\/\/scholbach.de\/wp-content\/uploads\/2023\/03\/Truncus-aus-Narbengewebe-ausgeschaelt-225x300.jpg\" alt=\"\" width=\"225\" height=\"300\" srcset=\"https:\/\/scholbach.de\/wp-content\/uploads\/2023\/03\/Truncus-aus-Narbengewebe-ausgeschaelt-225x300.jpg 225w, https:\/\/scholbach.de\/wp-content\/uploads\/2023\/03\/Truncus-aus-Narbengewebe-ausgeschaelt-768x1024.jpg 768w, https:\/\/scholbach.de\/wp-content\/uploads\/2023\/03\/Truncus-aus-Narbengewebe-ausgeschaelt-1152x1536.jpg 1152w, https:\/\/scholbach.de\/wp-content\/uploads\/2023\/03\/Truncus-aus-Narbengewebe-ausgeschaelt-640x853.jpg 640w, https:\/\/scholbach.de\/wp-content\/uploads\/2023\/03\/Truncus-aus-Narbengewebe-ausgeschaelt-rotated.jpg 1512w\" sizes=\"auto, (max-width: 225px) 100vw, 225px\" \/><\/a><p id=\"caption-attachment-7893\" class=\"wp-caption-text\">Lib\u00e9ration du tronc c\u0153liaque apr\u00e8s section du tissu cicatriciel massif qui le comprime<\/p><\/div>\n<p>&nbsp;<\/p>\n<div id=\"attachment_7896\" style=\"width: 235px\" class=\"wp-caption aligncenter\"><a href=\"https:\/\/scholbach.de\/wp-content\/uploads\/2023\/03\/May-Thurner-syndrome-rotated.jpg\"><img loading=\"lazy\" decoding=\"async\" aria-describedby=\"caption-attachment-7896\" class=\"wp-image-7896 size-medium\" src=\"https:\/\/scholbach.de\/wp-content\/uploads\/2023\/03\/May-Thurner-syndrome-225x300.jpg\" alt=\"\" width=\"225\" height=\"300\" srcset=\"https:\/\/scholbach.de\/wp-content\/uploads\/2023\/03\/May-Thurner-syndrome-225x300.jpg 225w, https:\/\/scholbach.de\/wp-content\/uploads\/2023\/03\/May-Thurner-syndrome-768x1024.jpg 768w, https:\/\/scholbach.de\/wp-content\/uploads\/2023\/03\/May-Thurner-syndrome-1152x1536.jpg 1152w, https:\/\/scholbach.de\/wp-content\/uploads\/2023\/03\/May-Thurner-syndrome-640x853.jpg 640w, https:\/\/scholbach.de\/wp-content\/uploads\/2023\/03\/May-Thurner-syndrome-rotated.jpg 1512w\" sizes=\"auto, (max-width: 225px) 100vw, 225px\" \/><\/a><p id=\"caption-attachment-7896\" class=\"wp-caption-text\">Compression s\u00e9v\u00e8re de la veine iliaque commune gauche par l&rsquo;art\u00e8re iliaque commune droite qui se croise &#8211; syndrome de May Thurner diagnostiqu\u00e9 par \u00e9chographie<\/p><\/div>\n<div id=\"attachment_7895\" style=\"width: 235px\" class=\"wp-caption aligncenter\"><a href=\"https:\/\/scholbach.de\/wp-content\/uploads\/2023\/03\/MTS-li-V.-Iliaca-com-hat-keine-normale-Wand-rotated.jpg\"><img loading=\"lazy\" decoding=\"async\" aria-describedby=\"caption-attachment-7895\" class=\"wp-image-7895 size-medium\" src=\"https:\/\/scholbach.de\/wp-content\/uploads\/2023\/03\/MTS-li-V.-Iliaca-com-hat-keine-normale-Wand-225x300.jpg\" alt=\"\" width=\"225\" height=\"300\" srcset=\"https:\/\/scholbach.de\/wp-content\/uploads\/2023\/03\/MTS-li-V.-Iliaca-com-hat-keine-normale-Wand-225x300.jpg 225w, https:\/\/scholbach.de\/wp-content\/uploads\/2023\/03\/MTS-li-V.-Iliaca-com-hat-keine-normale-Wand-768x1024.jpg 768w, https:\/\/scholbach.de\/wp-content\/uploads\/2023\/03\/MTS-li-V.-Iliaca-com-hat-keine-normale-Wand-1152x1536.jpg 1152w, https:\/\/scholbach.de\/wp-content\/uploads\/2023\/03\/MTS-li-V.-Iliaca-com-hat-keine-normale-Wand-640x853.jpg 640w, https:\/\/scholbach.de\/wp-content\/uploads\/2023\/03\/MTS-li-V.-Iliaca-com-hat-keine-normale-Wand-rotated.jpg 1512w\" sizes=\"auto, (max-width: 225px) 100vw, 225px\" \/><\/a><p id=\"caption-attachment-7895\" class=\"wp-caption-text\">Paroi d\u00e9g\u00e9n\u00e9r\u00e9e de la veine iliaque commune gauche au niveau du croisement avec l&rsquo;art\u00e8re iliaque commune droite<\/p><\/div>\n<div id=\"attachment_7898\" style=\"width: 235px\" class=\"wp-caption aligncenter\"><a href=\"https:\/\/scholbach.de\/wp-content\/uploads\/2023\/03\/Li-Nierenvene-mit-tronc-reno-rachidien-rotated.jpg\"><img loading=\"lazy\" decoding=\"async\" aria-describedby=\"caption-attachment-7898\" class=\"wp-image-7898 size-medium\" src=\"https:\/\/scholbach.de\/wp-content\/uploads\/2023\/03\/Li-Nierenvene-mit-tronc-reno-rachidien-225x300.jpg\" alt=\"\" width=\"225\" height=\"300\" srcset=\"https:\/\/scholbach.de\/wp-content\/uploads\/2023\/03\/Li-Nierenvene-mit-tronc-reno-rachidien-225x300.jpg 225w, https:\/\/scholbach.de\/wp-content\/uploads\/2023\/03\/Li-Nierenvene-mit-tronc-reno-rachidien-768x1024.jpg 768w, https:\/\/scholbach.de\/wp-content\/uploads\/2023\/03\/Li-Nierenvene-mit-tronc-reno-rachidien-1152x1536.jpg 1152w, https:\/\/scholbach.de\/wp-content\/uploads\/2023\/03\/Li-Nierenvene-mit-tronc-reno-rachidien-640x853.jpg 640w, https:\/\/scholbach.de\/wp-content\/uploads\/2023\/03\/Li-Nierenvene-mit-tronc-reno-rachidien-rotated.jpg 1512w\" sizes=\"auto, (max-width: 225px) 100vw, 225px\" \/><\/a><p id=\"caption-attachment-7898\" class=\"wp-caption-text\">Veine r\u00e9nale gauche lib\u00e9r\u00e9e avec le tronc r\u00e9no-rachidi\u00e8n &#8211; fronde jaune (fronde bleue : veine suprar\u00e9nale gauche, fronde rouge : veine ovarienne gauche)<\/p><\/div>\n<div id=\"attachment_7897\" style=\"width: 235px\" class=\"wp-caption aligncenter\"><a href=\"https:\/\/scholbach.de\/wp-content\/uploads\/2023\/03\/Li-Nierevene-Mit-Rohrprothese-geschutzt-rotated.jpg\"><img loading=\"lazy\" decoding=\"async\" aria-describedby=\"caption-attachment-7897\" class=\"wp-image-7897 size-medium\" src=\"https:\/\/scholbach.de\/wp-content\/uploads\/2023\/03\/Li-Nierevene-Mit-Rohrprothese-geschutzt-225x300.jpg\" alt=\"\" width=\"225\" height=\"300\" srcset=\"https:\/\/scholbach.de\/wp-content\/uploads\/2023\/03\/Li-Nierevene-Mit-Rohrprothese-geschutzt-225x300.jpg 225w, https:\/\/scholbach.de\/wp-content\/uploads\/2023\/03\/Li-Nierevene-Mit-Rohrprothese-geschutzt-768x1024.jpg 768w, https:\/\/scholbach.de\/wp-content\/uploads\/2023\/03\/Li-Nierevene-Mit-Rohrprothese-geschutzt-1152x1536.jpg 1152w, https:\/\/scholbach.de\/wp-content\/uploads\/2023\/03\/Li-Nierevene-Mit-Rohrprothese-geschutzt-640x853.jpg 640w, https:\/\/scholbach.de\/wp-content\/uploads\/2023\/03\/Li-Nierevene-Mit-Rohrprothese-geschutzt-rotated.jpg 1512w\" sizes=\"auto, (max-width: 225px) 100vw, 225px\" \/><\/a><p id=\"caption-attachment-7897\" class=\"wp-caption-text\">Bouclier en PTFE autour de la veine r\u00e9nale gauche la prot\u00e9geant de la compression de l&rsquo;aorte<\/p><\/div>\n<p>&nbsp;<\/p>\n<h2>Mesure de la perfusion parenchymateuse r\u00e9nale post-op\u00e9ratoire en novembre 2022 apr\u00e8s d\u00e9compression suppl\u00e9mentaire de la veine r\u00e9nale gauche par un bouclier PTFE en juillet 2022.<\/h2>\n<p><a href=\"https:\/\/scholbach.de\/wp-content\/uploads\/2023\/03\/Postop-PixelFlux-measurements-in-truncal-ataxia.jpg\"><img loading=\"lazy\" decoding=\"async\" class=\"aligncenter wp-image-7920 size-medium\" src=\"https:\/\/scholbach.de\/wp-content\/uploads\/2023\/03\/Postop-PixelFlux-measurements-in-truncal-ataxia-300x155.jpg\" alt=\"\" width=\"300\" height=\"155\" srcset=\"https:\/\/scholbach.de\/wp-content\/uploads\/2023\/03\/Postop-PixelFlux-measurements-in-truncal-ataxia-300x155.jpg 300w, https:\/\/scholbach.de\/wp-content\/uploads\/2023\/03\/Postop-PixelFlux-measurements-in-truncal-ataxia.jpg 605w\" sizes=\"auto, (max-width: 300px) 100vw, 300px\" \/><\/a><\/p>\n<p>En position debout, le rapport de perfusion r\u00e9nale gauche\/droite \u00e9tait de 12 % et est maintenant de 31 %.<\/p>\n<p>Au total, l&rsquo;op\u00e9ration a permis une bien meilleure perfusion du rein gauche, augmentant le volume de flux vers le rein gauche de 87 %<\/p>\n<p>Dans le m\u00eame temps, aucun flux sanguin \u00e0 travers le tronc r\u00e9no-rachidi\u00e8n n&rsquo;\u00e9tait plus d\u00e9tectable alors qu&rsquo;avant l&rsquo;op\u00e9ration, environ 1000 ml\/min \u00e9taient pouss\u00e9s \u00e0 travers le tronc r\u00e9no-rachidi\u00e8n dans le plexus \u00e9pidural. Ceci a caus\u00e9 une pressurisation substantielle du liquide c\u00e9phalo-rachidien avec une session subs\u00e9quente de la moelle \u00e9pini\u00e8re.<\/p>\n<p>La r\u00e9ouverture de la veine r\u00e9nale gauche en l&rsquo;enveloppant d&rsquo;un greffon en PTFE a permis au flux de traverser le tronc r\u00e9no-rachidi\u00e8n. Le r\u00e9sultat clinique est une disparition compl\u00e8te de tous les sympt\u00f4mes neurologiques du patient !<\/p>\n<p>Sandmann et moi-m\u00eame) remercions la patiente de nous avoir autoris\u00e9s \u00e0 publier ce rapport et ses vid\u00e9os, et surtout de ne pas avoir perdu l&rsquo;espoir d&rsquo;une gu\u00e9rison face \u00e0 une maladie progressive et grave qui ne pouvait pas \u00eatre \u00e9lucid\u00e9e dans son pays d&rsquo;origine !<\/p>\n<p>&nbsp;<\/p>","protected":false},"excerpt":{"rendered":"<p>Les cons\u00e9quences d&rsquo;une congestion de la moelle \u00e9pini\u00e8re cons\u00e9cutive \u00e0 la compression de la veine r\u00e9nale gauche et de la veine iliaque gauche chez les patients atteints du syndrome de congestion de la ligne m\u00e9diane sont nombreuses. Les nombreuses cons\u00e9quences cliniques possibles sont d\u00e9crites sur une page s\u00e9par\u00e9e. Je rapporte ici le cas d&rsquo;une jeune [&hellip;]<\/p>\n","protected":false},"author":5,"featured_media":0,"parent":0,"menu_order":0,"comment_status":"closed","ping_status":"closed","template":"","meta":{"om_disable_all_campaigns":false,"footnotes":""},"class_list":["post-7907","page","type-page","status-publish","hentry"],"_links":{"self":[{"href":"https:\/\/scholbach.de\/fr\/wp-json\/wp\/v2\/pages\/7907","targetHints":{"allow":["GET"]}}],"collection":[{"href":"https:\/\/scholbach.de\/fr\/wp-json\/wp\/v2\/pages"}],"about":[{"href":"https:\/\/scholbach.de\/fr\/wp-json\/wp\/v2\/types\/page"}],"author":[{"embeddable":true,"href":"https:\/\/scholbach.de\/fr\/wp-json\/wp\/v2\/users\/5"}],"replies":[{"embeddable":true,"href":"https:\/\/scholbach.de\/fr\/wp-json\/wp\/v2\/comments?post=7907"}],"version-history":[{"count":17,"href":"https:\/\/scholbach.de\/fr\/wp-json\/wp\/v2\/pages\/7907\/revisions"}],"predecessor-version":[{"id":7975,"href":"https:\/\/scholbach.de\/fr\/wp-json\/wp\/v2\/pages\/7907\/revisions\/7975"}],"wp:attachment":[{"href":"https:\/\/scholbach.de\/fr\/wp-json\/wp\/v2\/media?parent=7907"}],"curies":[{"name":"wp","href":"https:\/\/api.w.org\/{rel}","templated":true}]}}