{"id":7380,"date":"2022-05-05T05:30:59","date_gmt":"2022-05-05T05:30:59","guid":{"rendered":"https:\/\/scholbach.de\/?page_id=7380"},"modified":"2022-05-23T19:15:20","modified_gmt":"2022-05-23T19:15:20","slug":"project-international-scholarship-for-quantitative-functional-color-doppler-ultrasound-training","status":"publish","type":"page","link":"https:\/\/scholbach.de\/fr\/project-international-scholarship-for-quantitative-functional-color-doppler-ultrasound-training","title":{"rendered":"Projet \u00ab\u00a0Bourse internationale pour la formation \u00e0 l&rsquo;\u00e9chographie Doppler couleur fonctionnelle quantitative\u00a0\u00bb."},"content":{"rendered":"<p>Mon travail quotidien avec des patients du monde entier montre clairement qu&rsquo;il existe un besoin urgent de formation en \u00e9chographie Doppler couleur fonctionnelle quantitative.<\/p>\n<p>Le diagnostic par ultrasons a fait de grands progr\u00e8s, en particulier dans le domaine de la mesure de la perfusion.<\/p>\n<p>Nous le proposons \u00e0 tous les patients du monde entier. Mais beaucoup plus de patients ont besoin d&rsquo;un examen \u00e9chographique fonctionnel plus d\u00e9taill\u00e9 pour pouvoir \u00eatre examin\u00e9s dans leur pays d&rsquo;origine, en particulier dans les pays en d\u00e9veloppement.<\/p>\n<p>C&rsquo;est la premi\u00e8re \u00e9tape pour cr\u00e9er une base solide pour le d\u00e9veloppement ult\u00e9rieur des modalit\u00e9s de traitement.<\/p>\n<p>Nous recherchons donc un soutien pour la mise en place d&rsquo;un centre de formation o\u00f9 les m\u00e9decins et les \u00e9chographistes non-m\u00e9decins du monde entier seront form\u00e9s aux techniques de mesure quantitative de la perfusion, y compris la technique prim\u00e9e PixelFlux.<\/p>\n<p>Notre appel s&rsquo;adresse aux soci\u00e9t\u00e9s m\u00e9dicales, aux sponsors, aux philanthropes et aux organisations de patients afin qu&rsquo;ils unissent leurs activit\u00e9s dans le but d&rsquo;apporter une am\u00e9lioration significative \u00e0 tous les patients souffrant de douleurs insupportables et de limitations fonctionnelles dues \u00e0 des syndromes de compression vasculaire non encore diagnostiqu\u00e9s.<\/p>\n<p>Si vous pouvez et souhaitez soutenir ce projet &#8211; faites-le savoir et <a href=\"mailto:praxis.scholbach@posteo.de\">faites-moi savoir<\/a>.<\/p>","protected":false},"excerpt":{"rendered":"<p>Mon travail quotidien avec des patients du monde entier montre clairement qu&rsquo;il existe un besoin urgent de formation en \u00e9chographie Doppler couleur fonctionnelle quantitative. Le diagnostic par ultrasons a fait de grands progr\u00e8s, en particulier dans le domaine de la mesure de la perfusion. Nous le proposons \u00e0 tous les patients du monde entier. Mais [&hellip;]<\/p>\n","protected":false},"author":5,"featured_media":0,"parent":0,"menu_order":0,"comment_status":"closed","ping_status":"closed","template":"","meta":{"om_disable_all_campaigns":false,"footnotes":""},"class_list":["post-7380","page","type-page","status-publish","hentry"],"_links":{"self":[{"href":"https:\/\/scholbach.de\/fr\/wp-json\/wp\/v2\/pages\/7380","targetHints":{"allow":["GET"]}}],"collection":[{"href":"https:\/\/scholbach.de\/fr\/wp-json\/wp\/v2\/pages"}],"about":[{"href":"https:\/\/scholbach.de\/fr\/wp-json\/wp\/v2\/types\/page"}],"author":[{"embeddable":true,"href":"https:\/\/scholbach.de\/fr\/wp-json\/wp\/v2\/users\/5"}],"replies":[{"embeddable":true,"href":"https:\/\/scholbach.de\/fr\/wp-json\/wp\/v2\/comments?post=7380"}],"version-history":[{"count":10,"href":"https:\/\/scholbach.de\/fr\/wp-json\/wp\/v2\/pages\/7380\/revisions"}],"predecessor-version":[{"id":7444,"href":"https:\/\/scholbach.de\/fr\/wp-json\/wp\/v2\/pages\/7380\/revisions\/7444"}],"wp:attachment":[{"href":"https:\/\/scholbach.de\/fr\/wp-json\/wp\/v2\/media?parent=7380"}],"curies":[{"name":"wp","href":"https:\/\/api.w.org\/{rel}","templated":true}]}}