{"id":7179,"date":"2022-02-19T14:32:37","date_gmt":"2022-02-19T14:32:37","guid":{"rendered":"https:\/\/scholbach.de\/?page_id=7179"},"modified":"2022-02-19T17:47:44","modified_gmt":"2022-02-19T17:47:44","slug":"papers-authored-by-th-scholbach","status":"publish","type":"page","link":"https:\/\/scholbach.de\/fr\/papers-authored-by-th-scholbach","title":{"rendered":"Articles r\u00e9dig\u00e9s par Th. Scholbach"},"content":{"rendered":"<p><a href=\"https:\/\/scholar.google.de\/scholar?hl=de&amp;as_sdt=0%2C5&amp;as_vis=1&amp;q=author%3AScholbach+author%3AThomas&amp;btnG=\">Un grand nombre de mes publications peuvent \u00eatre t\u00e9l\u00e9charg\u00e9es sur Google Scholar.<\/a><\/p>\n<p>&nbsp;<\/p>\n<p><a href=\"https:\/\/scholbach.de\/my-publications-for-download\">Voici une repr\u00e9sentation graphique pour vous orienter et t\u00e9l\u00e9charger certains travaux<\/a><\/p>","protected":false},"excerpt":{"rendered":"<p>Un grand nombre de mes publications peuvent \u00eatre t\u00e9l\u00e9charg\u00e9es sur Google Scholar. &nbsp; Voici une repr\u00e9sentation graphique pour vous orienter et t\u00e9l\u00e9charger certains travaux<\/p>\n","protected":false},"author":5,"featured_media":0,"parent":0,"menu_order":0,"comment_status":"closed","ping_status":"closed","template":"","meta":{"om_disable_all_campaigns":false,"footnotes":""},"class_list":["post-7179","page","type-page","status-publish","hentry"],"_links":{"self":[{"href":"https:\/\/scholbach.de\/fr\/wp-json\/wp\/v2\/pages\/7179","targetHints":{"allow":["GET"]}}],"collection":[{"href":"https:\/\/scholbach.de\/fr\/wp-json\/wp\/v2\/pages"}],"about":[{"href":"https:\/\/scholbach.de\/fr\/wp-json\/wp\/v2\/types\/page"}],"author":[{"embeddable":true,"href":"https:\/\/scholbach.de\/fr\/wp-json\/wp\/v2\/users\/5"}],"replies":[{"embeddable":true,"href":"https:\/\/scholbach.de\/fr\/wp-json\/wp\/v2\/comments?post=7179"}],"version-history":[{"count":20,"href":"https:\/\/scholbach.de\/fr\/wp-json\/wp\/v2\/pages\/7179\/revisions"}],"predecessor-version":[{"id":7214,"href":"https:\/\/scholbach.de\/fr\/wp-json\/wp\/v2\/pages\/7179\/revisions\/7214"}],"wp:attachment":[{"href":"https:\/\/scholbach.de\/fr\/wp-json\/wp\/v2\/media?parent=7179"}],"curies":[{"name":"wp","href":"https:\/\/api.w.org\/{rel}","templated":true}]}}