{"id":7025,"date":"2022-01-23T14:06:10","date_gmt":"2022-01-23T14:06:10","guid":{"rendered":"https:\/\/scholbach.de\/?page_id=7025"},"modified":"2022-01-23T14:06:10","modified_gmt":"2022-01-23T14:06:10","slug":"talk-the-new-method-of-dynamic-tissue-perfusion-measurement-world-ultrasound-congress-wfumb-in-sao-paulo-brazil-2013","status":"publish","type":"page","link":"https:\/\/scholbach.de\/fr\/talk-the-new-method-of-dynamic-tissue-perfusion-measurement-world-ultrasound-congress-wfumb-in-sao-paulo-brazil-2013","title":{"rendered":"Talk: The New Method of Dynamic Tissue Perfusion Measurement;  World Ultrasound Congress (WFUMB) in S\u00e3o Paulo, Brazil 2013"},"content":{"rendered":"<p class=\"qtranxs-available-languages-message qtranxs-available-languages-message-fr\">D\u00e9sol\u00e9, cet article est seulement disponible en <a href=\"https:\/\/scholbach.de\/en\/wp-json\/wp\/v2\/pages\/7025\" class=\"qtranxs-available-language-link qtranxs-available-language-link-en\" title=\"English\">English<\/a>.<\/p><p>Novo M\u00e9todo de Avalia\u00e7\u00e3o Din\u00e2mica da Perfus\u00e3o Tecidual\u00a0 &#8211; The New Method of Dynamic Tissue Perfusion Measurement<\/p>\n<p><div class=\"ead-preview\"><div class=\"ead-document\" style=\"position: relative;padding-top: 90%;\"><iframe src=\"\/\/view.officeapps.live.com\/op\/embed.aspx?src=https%3A%2F%2Fscholbach.de%2Fwp-content%2Fuploads%2F2022%2F01%2FOP-New-Method-of-Dynamic-Tissue-Perfusion-Measurement-1.pptx\" title=\"Document embarqu\u00e9\" class=\"ead-iframe\" style=\"width: 100%;height: 100%;border: none;position: absolute;left: 0;top: 0;\"><\/iframe><\/div><p class=\"embed_download\"><a href=\"https:\/\/scholbach.de\/wp-content\/uploads\/2022\/01\/OP-New-Method-of-Dynamic-Tissue-Perfusion-Measurement-1.pptx\" download>Download [10.22 MB] <\/a><\/p><\/div><\/p>","protected":false},"excerpt":{"rendered":"<p>D\u00e9sol\u00e9, cet article est seulement disponible en English.Novo M\u00e9todo de Avalia\u00e7\u00e3o Din\u00e2mica da Perfus\u00e3o Tecidual\u00a0 &#8211; The New Method of Dynamic Tissue Perfusion Measurement<\/p>\n","protected":false},"author":5,"featured_media":0,"parent":0,"menu_order":0,"comment_status":"closed","ping_status":"closed","template":"","meta":{"om_disable_all_campaigns":false,"footnotes":""},"class_list":["post-7025","page","type-page","status-publish","hentry"],"_links":{"self":[{"href":"https:\/\/scholbach.de\/fr\/wp-json\/wp\/v2\/pages\/7025","targetHints":{"allow":["GET"]}}],"collection":[{"href":"https:\/\/scholbach.de\/fr\/wp-json\/wp\/v2\/pages"}],"about":[{"href":"https:\/\/scholbach.de\/fr\/wp-json\/wp\/v2\/types\/page"}],"author":[{"embeddable":true,"href":"https:\/\/scholbach.de\/fr\/wp-json\/wp\/v2\/users\/5"}],"replies":[{"embeddable":true,"href":"https:\/\/scholbach.de\/fr\/wp-json\/wp\/v2\/comments?post=7025"}],"version-history":[{"count":2,"href":"https:\/\/scholbach.de\/fr\/wp-json\/wp\/v2\/pages\/7025\/revisions"}],"predecessor-version":[{"id":7029,"href":"https:\/\/scholbach.de\/fr\/wp-json\/wp\/v2\/pages\/7025\/revisions\/7029"}],"wp:attachment":[{"href":"https:\/\/scholbach.de\/fr\/wp-json\/wp\/v2\/media?parent=7025"}],"curies":[{"name":"wp","href":"https:\/\/api.w.org\/{rel}","templated":true}]}}