{"id":70,"date":"2015-12-26T18:32:18","date_gmt":"2015-12-26T18:32:18","guid":{"rendered":"http:\/\/wp12612379.server-he.de\/?page_id=70"},"modified":"2020-04-05T14:16:06","modified_gmt":"2020-04-05T14:16:06","slug":"deutsch-durchblutungsmessung-des-fotus","status":"publish","type":"page","link":"https:\/\/scholbach.de\/fr\/wissenschaft\/deutsch-ultraschalldiagnostik\/deutsch-durchblutungsmessung\/deutsch-durchblutungsmessung-des-fotus","title":{"rendered":"Mesure de la perfusion sanguine foetale"},"content":{"rendered":"<p>L\u2019apport sanguin du f\u0153tus est d\u00e9cisif pour son bon d\u00e9veloppement. \u00c0 l\u2019aide d\u2019une mesure tri-dimensionnelle du flux sanguin en \u00e9chographie (chez le femme enceinte), il est possible de mesurer exactement l\u2019apport en sang oxyg\u00e9n\u00e9 que re\u00e7oit le f\u0153tus du placenta. Un apport insuffisant peut \u00eatre d\u00e9tect\u00e9 avant que cela n\u2019entra\u00eene un trouble du d\u00e9veloppement du f\u0153tus.<\/p>\n<p>La mesure de la perfusion sanguine f\u0153tale repose sur une \u00e9chographie-doppler en trois dimensions de la veine ombilicale. La technique du PixelFlux permet pour la premi\u00e8re fois de mesurer de mani\u00e8re fiable le volume sanguin que l\u2019enfant re\u00e7oit de la m\u00e8re.<\/p>\n<p>Cette technique est si pr\u00e9cise que nous avons pu pour la premi\u00e8re fois au monde mettre en \u00e9vidence et mesurer la pulsation sanguine de la veine ombilicale dans le ventre maternel (pr\u00e9sentation au congr\u00e8s europ\u00e9en d\u2019\u00e9chographie, 2015). Nous pensons, par cette technique, avoir d\u00e9couvert un nouveau moyen de mesurer pr\u00e9cis\u00e9ment la perfusion f\u0153tale. Pour cette d\u00e9couverte, nous (Thomas Scholbach \u2013 P\u00e9diatre \u00e0 Leipzig \/ Chameleon-Software\u00a0; Claudia Heien Universit\u00e9 de Stavanger\u00a0; Torbjorn Eggebo &#8211; Universit\u00e9 de Trondheim) avons gagn\u00e9 le premier prix europ\u00e9en d\u2019\u00e9chographie (First E-Poster Award) \u00e0 Ath\u00e8nes en 2015.<\/p>","protected":false},"excerpt":{"rendered":"<p>L\u2019apport sanguin du f\u0153tus est d\u00e9cisif pour son bon d\u00e9veloppement. \u00c0 l\u2019aide d\u2019une mesure tri-dimensionnelle du flux sanguin en \u00e9chographie (chez le femme enceinte), il est possible de mesurer exactement l\u2019apport en sang oxyg\u00e9n\u00e9 que re\u00e7oit le f\u0153tus du placenta. Un apport insuffisant peut \u00eatre d\u00e9tect\u00e9 avant que cela n\u2019entra\u00eene un trouble du d\u00e9veloppement du [&hellip;]<\/p>\n","protected":false},"author":4,"featured_media":0,"parent":74,"menu_order":2,"comment_status":"closed","ping_status":"closed","template":"","meta":{"om_disable_all_campaigns":false,"footnotes":""},"class_list":["post-70","page","type-page","status-publish","hentry"],"_links":{"self":[{"href":"https:\/\/scholbach.de\/fr\/wp-json\/wp\/v2\/pages\/70","targetHints":{"allow":["GET"]}}],"collection":[{"href":"https:\/\/scholbach.de\/fr\/wp-json\/wp\/v2\/pages"}],"about":[{"href":"https:\/\/scholbach.de\/fr\/wp-json\/wp\/v2\/types\/page"}],"author":[{"embeddable":true,"href":"https:\/\/scholbach.de\/fr\/wp-json\/wp\/v2\/users\/4"}],"replies":[{"embeddable":true,"href":"https:\/\/scholbach.de\/fr\/wp-json\/wp\/v2\/comments?post=70"}],"version-history":[{"count":23,"href":"https:\/\/scholbach.de\/fr\/wp-json\/wp\/v2\/pages\/70\/revisions"}],"predecessor-version":[{"id":4432,"href":"https:\/\/scholbach.de\/fr\/wp-json\/wp\/v2\/pages\/70\/revisions\/4432"}],"up":[{"embeddable":true,"href":"https:\/\/scholbach.de\/fr\/wp-json\/wp\/v2\/pages\/74"}],"wp:attachment":[{"href":"https:\/\/scholbach.de\/fr\/wp-json\/wp\/v2\/media?parent=70"}],"curies":[{"name":"wp","href":"https:\/\/api.w.org\/{rel}","templated":true}]}}