{"id":66,"date":"2015-12-26T18:31:13","date_gmt":"2015-12-26T18:31:13","guid":{"rendered":"http:\/\/wp12612379.server-he.de\/?page_id=66"},"modified":"2022-01-26T12:29:01","modified_gmt":"2022-01-26T12:29:01","slug":"deutsch-gefaskompressionen","status":"publish","type":"page","link":"https:\/\/scholbach.de\/fr\/wissenschaft\/deutsch-ultraschalldiagnostik\/deutsch-gefaskompressionen","title":{"rendered":"Syndrome de compression vasculaire"},"content":{"rendered":"<p>Les syndromes de compression vasculaire constituent un autre exemple, taill\u00e9 sur mesure, de l\u2019aide diagnostique et th\u00e9rapeutique qu\u2019offre la mesure de la perfusion sanguine (un expos\u00e9 pour les patients est t\u00e9l\u00e9chargeable ici).<\/p>\n<p>Les douleurs abdominales ont souvent une \u00e9tiologie \u00e9vidente, notamment lorsqu\u2019elles apparaissent subitement ou sont accompagn\u00e9es d\u2019autres sympt\u00f4mes (fi\u00e8vre, diarrh\u00e9e, vomissement). Lorsqu\u2019elles persistent plusieurs semaines ou mois, des examens compl\u00e9mentaires peuvent \u00eatre n\u00e9cessaires. Malgr\u00e9 cela, l\u2019origine des douleurs peut rester myst\u00e9rieuse et des causes d\u2019ordre psychique ou secondaire au style de vie sont parfois retenues.<\/p>\n<p>Certains patients souffrent cependant d\u2019une maladie peu connue appel\u00e9e syndrome de compression vasculaire, qui r\u00e9sulte de la compression de vaisseaux sanguins ou d\u2019un autre organe par les vaisseaux sanguins. Le flux sanguin est alors entrav\u00e9, ce qui peut provoquer diff\u00e9rents tableaux cliniques. En plus de douleurs, ces tableaux regroupent de nombreux sympt\u00f4mes qui ne semblent pas avoir de lien direct\u00a0: naus\u00e9e, vertige, difficult\u00e9 \u00e0 respirer (surtout dans la phase inspiratoire), perte d\u2019app\u00e9tit ou sensation rapide de sati\u00e9t\u00e9, voile noir devant les yeux lors des efforts, \u00e9pisodes de diarrh\u00e9e souvent matinale. Il s\u2019\u00e9coule ainsi souvent plusieurs ann\u00e9es avant que le diagnostic ne soit pos\u00e9.<\/p>\n<p>&nbsp;<\/p>\n<p>Les syndromes de compression vasculaire sont d\u00e9crits plus en d\u00e9tail dans les pages suivantes et illustr\u00e9es.<\/p>\n<p>Une pr\u00e9sentation plus d\u00e9taill\u00e9e peut \u00eatre t\u00e9l\u00e9charg\u00e9e ici:\u00a0 <a href=\"https:\/\/scholbach.de\/wp-content\/uploads\/2017\/08\/Syndrome-de-compression-vasculaire.pdf\">Syndrome de compression vasculaire<\/a>.<\/p>\n<p><a href=\"https:\/\/scholbach.de\/hinweise-zu-medizinischen-erlaeuterungen\">Merci de prendre connaissance de notre avertissement sur les explications m\u00e9dicales pr\u00e9sent\u00e9es sur ce site<\/a><\/p>","protected":false},"excerpt":{"rendered":"<p>Les syndromes de compression vasculaire constituent un autre exemple, taill\u00e9 sur mesure, de l\u2019aide diagnostique et th\u00e9rapeutique qu\u2019offre la mesure de la perfusion sanguine (un expos\u00e9 pour les patients est t\u00e9l\u00e9chargeable ici). Les douleurs abdominales ont souvent une \u00e9tiologie \u00e9vidente, notamment lorsqu\u2019elles apparaissent subitement ou sont accompagn\u00e9es d\u2019autres sympt\u00f4mes (fi\u00e8vre, diarrh\u00e9e, vomissement). Lorsqu\u2019elles persistent plusieurs [&hellip;]<\/p>\n","protected":false},"author":4,"featured_media":0,"parent":93,"menu_order":4,"comment_status":"closed","ping_status":"closed","template":"","meta":{"om_disable_all_campaigns":false,"footnotes":""},"class_list":["post-66","page","type-page","status-publish","hentry"],"_links":{"self":[{"href":"https:\/\/scholbach.de\/fr\/wp-json\/wp\/v2\/pages\/66","targetHints":{"allow":["GET"]}}],"collection":[{"href":"https:\/\/scholbach.de\/fr\/wp-json\/wp\/v2\/pages"}],"about":[{"href":"https:\/\/scholbach.de\/fr\/wp-json\/wp\/v2\/types\/page"}],"author":[{"embeddable":true,"href":"https:\/\/scholbach.de\/fr\/wp-json\/wp\/v2\/users\/4"}],"replies":[{"embeddable":true,"href":"https:\/\/scholbach.de\/fr\/wp-json\/wp\/v2\/comments?post=66"}],"version-history":[{"count":55,"href":"https:\/\/scholbach.de\/fr\/wp-json\/wp\/v2\/pages\/66\/revisions"}],"predecessor-version":[{"id":7116,"href":"https:\/\/scholbach.de\/fr\/wp-json\/wp\/v2\/pages\/66\/revisions\/7116"}],"up":[{"embeddable":true,"href":"https:\/\/scholbach.de\/fr\/wp-json\/wp\/v2\/pages\/93"}],"wp:attachment":[{"href":"https:\/\/scholbach.de\/fr\/wp-json\/wp\/v2\/media?parent=66"}],"curies":[{"name":"wp","href":"https:\/\/api.w.org\/{rel}","templated":true}]}}