{"id":6,"date":"2015-12-26T11:58:04","date_gmt":"2015-12-26T11:58:04","guid":{"rendered":"http:\/\/wp12612379.server-he.de\/?page_id=6"},"modified":"2026-03-19T08:15:15","modified_gmt":"2026-03-19T07:15:15","slug":"praxis","status":"publish","type":"page","link":"https:\/\/scholbach.de\/fr\/","title":{"rendered":"Cabinet m\u00e9dical \/ Prise de rendez-vous en ligne"},"content":{"rendered":"<p><\/p>\n<h2 style=\"text-align: center;\">Bienvenue dans mon cabinet d\u2019\u00e9chographie pour les enfants et les adultes!<\/h2>\n<p>Vous pouvez trouver les informations les plus r\u00e9centes sur mon site Web en anglais. Veuillez cliquer sur le drapeau britannique dans la barre des drapeaux. Alors utilisez le traducteur Google pour vous aider<\/p>\n<p><a href=\"https:\/\/scholbach.de\/wp-content\/uploads\/2024\/01\/butten-translator.jpg\"><img loading=\"lazy\" decoding=\"async\" class=\"aligncenter size-medium wp-image-8477\" src=\"https:\/\/scholbach.de\/wp-content\/uploads\/2024\/01\/butten-translator-300x63.jpg\" alt=\"\" width=\"300\" height=\"63\" srcset=\"https:\/\/scholbach.de\/wp-content\/uploads\/2024\/01\/butten-translator-300x63.jpg 300w, https:\/\/scholbach.de\/wp-content\/uploads\/2024\/01\/butten-translator.jpg 338w\" sizes=\"auto, (max-width: 300px) 100vw, 300px\" \/><\/a><\/p>\n<p>que vous trouverez en haut \u00e0 droite de chaque page, traduisez les sites Web respectifs dans votre langue.<br \/>\nOu vous pouvez utiliser DeepL\u00a0: Deepl\u00a0: https:\/\/www.deepl.com\/de\/translator<\/p>\n<p><a href=\"https:\/\/scholbach.de\/wp-content\/uploads\/2025\/01\/Portrait-2024.jpg\"><img loading=\"lazy\" decoding=\"async\" class=\"aligncenter size-medium wp-image-9092\" src=\"https:\/\/scholbach.de\/wp-content\/uploads\/2025\/01\/Portrait-2024-238x300.jpg\" alt=\"\" width=\"238\" height=\"300\" srcset=\"https:\/\/scholbach.de\/wp-content\/uploads\/2025\/01\/Portrait-2024-238x300.jpg 238w, https:\/\/scholbach.de\/wp-content\/uploads\/2025\/01\/Portrait-2024-814x1024.jpg 814w, https:\/\/scholbach.de\/wp-content\/uploads\/2025\/01\/Portrait-2024-768x966.jpg 768w, https:\/\/scholbach.de\/wp-content\/uploads\/2025\/01\/Portrait-2024-1221x1536.jpg 1221w, https:\/\/scholbach.de\/wp-content\/uploads\/2025\/01\/Portrait-2024-1628x2048.jpg 1628w, https:\/\/scholbach.de\/wp-content\/uploads\/2025\/01\/Portrait-2024.jpg 1800w\" sizes=\"auto, (max-width: 238px) 100vw, 238px\" \/><\/a><\/p>\n<h2><\/h2>\n<p>&nbsp;<\/p>\n<hr \/>\n<p>&nbsp;<\/p>\n<h2 style=\"text-align: center;\"><a title=\"Schwere Ataxie bei einer jungen Frau mit ausgepr\u00e4gter ven\u00f6ser R\u00fcckenmarksstauung \u2013 vollst\u00e4ndige Heilung nach Dekompression der linken Nierenvene\" href=\"https:\/\/scholbach.de\/severe-neurologic-disorders-as-a-consequence-of-abdominal-compression-syndromes-complete-disappearance-after-decompression-of-the-left-renal-vein\">Maladie neurologique grave avec convulsions et ataxie due \u00e0 une congestion veineuse de la moelle \u00e9pini\u00e8re &#8211; traitement chirurgical r\u00e9ussi possible apr\u00e8s des mesures sp\u00e9ciales fonctionnelles du flux sanguin par doppler couleur<\/a><\/h2>\n<h2 style=\"text-align: center;\"><a href=\"https:\/\/scholbach.de\/researchers-from-the-mayo-clinic-confirm-concept-of-midline-congestion-syndrome\" target=\"_blank\" rel=\"noopener\">Espoir et grande joie pour les patients du monde entier &#8211; Des chercheurs de la Mayo Clinic confirment mon concept du syndrome de congestion de mi-ligne<\/a><\/h2>\n<h2 style=\"text-align: center;\"><span style=\"color: red; font-size: x-large;\"><strong>Prenez rendez-vous ici<br \/>\n<\/strong><\/span><\/h2>\n<h3 style=\"text-align: center;\">Cliquez sur le bouton d\u00e9roulant et s\u00e9lectionnez<\/h3>\n<h3 style=\"text-align: center;\">\u00ab\u00a0Special Functional Color Doppler Exam\u00a0\u00bb<\/h3>\n<h3 style=\"text-align: center;\">pour les diagnostics vasculaires sp\u00e9ciaux avec \u00e9chographie.<\/h3>\n<h3 style=\"text-align: center;\">Pour une consultation t\u00e9l\u00e9m\u00e9dicale, cliquez <a href=\"https:\/\/scholbach.de\/praxis\/english-telemedical-consultation\">ici<\/a><\/h3>\n<p style=\"text-align: center;\"><span style=\"color: red; font-size: x-large;\"><strong><!--\nPlugin Name: Bookly - Responsive WordPress Appointment Booking and Scheduling Plugin\nPlugin URI: https:\/\/www.booking-wp-plugin.com\/?utm_source=bookly_admin&utm_medium=plugins_page&utm_campaign=plugins_page\nVersion: 27.4-->\n<style type=\"text\/css\">\n    :root {\n        --bookly-main-color: #008406 !important;\n        --bookly-color: #008406 !important;\n    }\n\n    <\/style><div class=\"bookly-css-root\">\n    <div id=\"bookly-form-container-69e59f5bda912\" class=\"bookly-form\" data-form_id=\"\" aria-live=\"polite\">\n        <div style=\"text-align: center\"><img decoding=\"async\" src=\"https:\/\/scholbach.de\/wp-includes\/js\/tinymce\/skins\/lightgray\/img\/loader.gif\" alt=\"Chargement...\"\/><\/div>\n    <\/div>\n<\/div>\n<script type=\"text\/javascript\">\n    (function (win, fn) {\n        var done = false, top = true,\n            doc = win.document,\n            root = doc.documentElement,\n            modern = doc.addEventListener,\n            add = modern ? 'addEventListener' : 'attachEvent',\n            rem = modern ? 'removeEventListener' : 'detachEvent',\n            pre = modern ? '' : 'on',\n            init = function (e) {\n                if (e.type == 'readystatechange') if (doc.readyState != 'complete') return;\n                (e.type == 'load' ? win : doc)[rem](pre + e.type, init, false);\n                if (!done) {\n                    done = true;\n                    fn.call(win, e.type || e);\n                }\n            },\n            poll = function () {\n                try {\n                    root.doScroll('left');\n                } catch (e) {\n                    setTimeout(poll, 50);\n                    return;\n                }\n                init('poll');\n            };\n        if (doc.readyState == 'complete') fn.call(win, 'lazy');\n        else {\n            if (!modern) if (root.doScroll) {\n                try {\n                    top = !win.frameElement;\n                } catch (e) {\n                }\n                if (top) poll();\n            }\n            doc[add](pre + 'DOMContentLoaded', init, false);\n            doc[add](pre + 'readystatechange', init, false);\n            win[add](pre + 'load', init, false);\n        }\n    })(window, function () {\n        window.bookly( {\"form_id\":\"69e59f5bda912\",\"form_data\":{\"skip_service_step\":0,\"hide_service_part1\":0,\"hide_service_part2\":1,\"defaults\":{\"service_id\":9,\"staff_id\":0,\"location_id\":0,\"category_id\":4,\"units\":0,\"date_from\":0,\"time_from\":0,\"time_to\":0}},\"status\":{\"booking\":\"new\"},\"form_token\":null,\"skip_steps\":{\"service_part1\":0,\"service_part2\":1,\"extras\":1,\"time\":0,\"repeat\":1,\"cart\":1},\"errors\":{\"session_error\":\"Erreur Session.\",\"form_id_error\":\"ID Formulaire d'erreur.\",\"cart_item_not_available\":\"Die von Ihnen gew\\u00fcnschte Zeit ist bereits belegt. Bitte w\\u00e4hlen Sie eine andere Zeit.\\nThe time you requested is already occupied. Please select another time.\\n\\u062a\\u0645 \\u0627\\u0633\\u062a\\u062e\\u062f\\u0627\\u0645 \\u0627\\u0644\\u0648\\u0642\\u062a \\u0627\\u0644\\u0630\\u064a \\u0637\\u0644\\u0628\\u062a\\u0647 \\u0628\\u0627\\u0644\\u0641\\u0639\\u0644. \\u064a\\u0631\\u062c\\u0649 \\u0627\\u062e\\u062a\\u064a\\u0627\\u0631 \\u0648\\u0642\\u062a \\u0622\\u062e\\u0631.\",\"pay_locally_not_available\":\"Le paiement local n'est pas disponible.\",\"invalid_gateway\":\"Portail invalide.\",\"payment_error\":\"Erreur.\",\"incorrect_username_password\":\"Identifiant ou mot de passe incorrect.\"},\"form_attributes\":{\"hide_categories\":true,\"hide_services\":false,\"hide_staff_members\":true,\"show_number_of_persons\":false,\"hide_service_duration\":true,\"hide_locations\":true,\"hide_quantity\":true,\"hide_date\":true,\"hide_week_days\":true,\"hide_time_range\":true,\"const_category_id\":4},\"use_client_time_zone\":0,\"defaults\":{\"service_id\":9,\"staff_id\":0,\"location_id\":0,\"category_id\":4},\"datepicker_mode\":\"text-accent\",\"facebook\":{\"enabled\":0,\"appId\":\"\"}} );\n    });\n<\/script><\/strong><\/span><\/p>\n<p>&nbsp;<\/p>\n<hr \/>\n<p>&nbsp;<\/p>\n<p style=\"text-align: center;\">T\u00e9l\u00e9phone: 0049 (0) 341 2481 4039 \u00a0 \/ <span lang=\"AR-SA\"><a href=\"mailto:info.scholbach@posteo.de\">Email<\/a><\/span><\/p>\n<p>&nbsp;<\/p>\n<p style=\"text-align: center;\">Les patients de nombreux pays nous demandent des conseils et de l\u2019aide concernant les syndromes de compression vasculaire:<\/p>\n<p>&nbsp;<\/p>\n<p><img loading=\"lazy\" decoding=\"async\" class=\"wp-image-1679 aligncenter\" src=\"https:\/\/scholbach.de\/wp-content\/uploads\/2017\/10\/Zugriffe-website-2017-10-13.jpg\" alt=\"\" width=\"568\" height=\"249\" srcset=\"https:\/\/scholbach.de\/wp-content\/uploads\/2017\/10\/Zugriffe-website-2017-10-13.jpg 1425w, https:\/\/scholbach.de\/wp-content\/uploads\/2017\/10\/Zugriffe-website-2017-10-13-300x132.jpg 300w, https:\/\/scholbach.de\/wp-content\/uploads\/2017\/10\/Zugriffe-website-2017-10-13-768x337.jpg 768w, https:\/\/scholbach.de\/wp-content\/uploads\/2017\/10\/Zugriffe-website-2017-10-13-1024x449.jpg 1024w\" sizes=\"auto, (max-width: 568px) 100vw, 568px\" \/><\/p>\n<p style=\"text-align: center;\">Les syndromes de compression vasculaire sont d\u00e9crits plus en d\u00e9tail avec images, vid\u00e9os et des annotations anatomique et fonctionnels <a href=\"https:\/\/scholbach.de\/wissenschaft\/deutsch-ultraschalldiagnostik\/deutsch-gefaskompressionen\">dans les pages suivantes<\/a>.<\/p>\n<p style=\"text-align: center;\">Une pr\u00e9sentation plus d\u00e9taill\u00e9e peut \u00eatre t\u00e9l\u00e9charg\u00e9e ici:<\/p>\n<p style=\"text-align: center;\">\u00a0\u00a0 Nous offrons \u00e9galement une consultation de <a href=\"https:\/\/scholbach.de\/praxis\/english-telemedical-consultation\">t\u00e9l\u00e9m\u00e9decine<\/a><\/p>\n<p><\/p>","protected":false},"excerpt":{"rendered":"<p>Bienvenue dans mon cabinet d\u2019\u00e9chographie pour les enfants et les adultes! Vous pouvez trouver les informations les plus r\u00e9centes sur mon site Web en anglais. Veuillez cliquer sur le drapeau britannique dans la barre des drapeaux. Alors utilisez le traducteur Google pour vous aider que vous trouverez en haut \u00e0 droite de chaque page, traduisez [&hellip;]<\/p>\n","protected":false},"author":4,"featured_media":0,"parent":0,"menu_order":0,"comment_status":"closed","ping_status":"closed","template":"","meta":{"om_disable_all_campaigns":false,"footnotes":""},"class_list":["post-6","page","type-page","status-publish","hentry"],"_links":{"self":[{"href":"https:\/\/scholbach.de\/fr\/wp-json\/wp\/v2\/pages\/6","targetHints":{"allow":["GET"]}}],"collection":[{"href":"https:\/\/scholbach.de\/fr\/wp-json\/wp\/v2\/pages"}],"about":[{"href":"https:\/\/scholbach.de\/fr\/wp-json\/wp\/v2\/types\/page"}],"author":[{"embeddable":true,"href":"https:\/\/scholbach.de\/fr\/wp-json\/wp\/v2\/users\/4"}],"replies":[{"embeddable":true,"href":"https:\/\/scholbach.de\/fr\/wp-json\/wp\/v2\/comments?post=6"}],"version-history":[{"count":556,"href":"https:\/\/scholbach.de\/fr\/wp-json\/wp\/v2\/pages\/6\/revisions"}],"predecessor-version":[{"id":8411,"href":"https:\/\/scholbach.de\/fr\/wp-json\/wp\/v2\/pages\/6\/revisions\/8411"}],"wp:attachment":[{"href":"https:\/\/scholbach.de\/fr\/wp-json\/wp\/v2\/media?parent=6"}],"curies":[{"name":"wp","href":"https:\/\/api.w.org\/{rel}","templated":true}]}}