{"id":5478,"date":"2020-04-17T15:01:38","date_gmt":"2020-04-17T15:01:38","guid":{"rendered":"https:\/\/scholbach.de\/?page_id=5478"},"modified":"2020-06-16T18:01:33","modified_gmt":"2020-06-16T18:01:33","slug":"behandlung-von-kompressionssyndromen","status":"publish","type":"page","link":"https:\/\/scholbach.de\/fr\/behandlung-von-kompressionssyndromen","title":{"rendered":"Traitement des syndromes de compression vasculaire"},"content":{"rendered":"<p>Les syndromes de compression vasculaire sont caus\u00e9s par une forte lordose lombaire.<br \/>\nLes premi\u00e8res \u00e9tapes pour r\u00e9duire les sympt\u00f4mes apr\u00e8s un diagnostic approfondi visent donc \u00e0 r\u00e9duire la lordose.<br \/>\nCela peut \u00eatre obtenu par certaines postures corporelles qui visent \u00e0 r\u00e9duire l&rsquo;inclinaison ant\u00e9rieure du bassin. L&rsquo;inclinaison du bassin se d\u00e9veloppe vers l&rsquo;\u00e2ge de 12 mois lorsque les enfants commencent \u00e0 marcher. Les enfants plus jeunes n&rsquo;inclinent pas le bassin vers l&rsquo;avant, car ils sont allong\u00e9s sur le dos ou le ventre avec les hanches fl\u00e9chies ou ils rampent. Dans ces postures corporelles, les hanches restent fl\u00e9chies.<br \/>\nCe n&rsquo;est qu&rsquo;au d\u00e9but d&rsquo;une posture droite et d&rsquo;une marche bip\u00e8de qu&rsquo;ils commencent \u00e0 sur\u00e9tirer les hanches afin de ramener le haut des cuisses et les genoux dans l&rsquo;alignement du dos. Cela ne peut \u00eatre obtenu qu&rsquo;en tournant tout le bassin vers l&rsquo;avant, ce qui entra\u00eene une inclinaison ant\u00e9rieure du bassin. L&rsquo;\u00e9tirement de l&rsquo;articulation de la hanche sans inclinaison du bassin est impossible, car des ligaments serr\u00e9s dans la capsule de l&rsquo;articulation de la hanche emp\u00eachent un mouvement des os f\u00e9moraux de plus de 45\u00b0 cr\u00e2niens ou caudal par rapport \u00e0 la ligne du pendule de l&rsquo;articulation de la hanche. Cette ligne de pendule est \u00e0 90\u00b0 par rapport \u00e0 la direction de la colonne vert\u00e9brale. L&rsquo;homme est donc le seul animal atteint d&rsquo;une lordose. Pour plus de d\u00e9tails, voir mon explication sous la rubrique <a href=\"https:\/\/scholbach.de\/en\/lordose-hohlkreuz\">lordose<\/a>.<\/p>\n<p>La raison d&rsquo;\u00eatre du traitement de la compression vasculaire est donc de r\u00e9duire la lordose en fl\u00e9chissant les hanches. Cela r\u00e9duit imm\u00e9diatement la douleur et l&rsquo;inconfort. De telles postures corporelles ne peuvent pas \u00eatre maintenues pendant de longues p\u00e9riodes. Mais au moins pour une situation aigu\u00eb, cela apporte un certain soulagement.<br \/>\nPour obtenir des effets plus durables, les muscles autour de la colonne vert\u00e9brale doivent \u00eatre renforc\u00e9s. Leur tension inh\u00e9rente r\u00e9duit les courbures ant\u00e9rieures et post\u00e9rieures de la colonne vert\u00e9brale et r\u00e9duit ainsi la lordose. Tous les types d&rsquo;exercices physiques qui renforcent les muscles du tronc et les muscles fessiers sont utiles.<\/p>\n<p><a href=\"https:\/\/www.ejcrim.com\/index.php\/EJCRIM\/article\/view\/1605\/2056\">Dans cet article, nous expliquons certains exercices qui peuvent \u00eatre utiles dans une telle situation.<\/a><\/p>\n<p>Les <a href=\"https:\/\/scholbach.de\/risks-of-stents-in-venous-compression-syndromes\">stents<\/a>, la fermeture de veines congestionn\u00e9es et l&rsquo;ablation d&rsquo;organes douloureux sont souvent recommand\u00e9s. Cela peut \u00eatre une erreur fatale.<\/p>\n<p>Si la th\u00e9rapie physique est insuffisante pour r\u00e9duire les sympt\u00f4mes \u00e0 un niveau supportable, il faut alors envisager un traitement m\u00e9dical et une intervention chirurgicale.<\/p>\n<p>Tout traitement n\u00e9cessite un diagnostic fonctionnel approfondi par \u00e9chographie Doppler couleur de tous les syndromes de compression \u00e9ventuellement impliqu\u00e9s. Il en va diff\u00e9remment si des veines, des art\u00e8res ou des intestins sont impliqu\u00e9s. De plus, il est crucial de savoir quelle combinaison de compressions est pr\u00e9sente chez un individu. Les syndromes de compression s&rsquo;influencent mutuellement, ce qui doit \u00eatre pris en compte dans le cadre d&rsquo;un traitement appropri\u00e9.<\/p>","protected":false},"excerpt":{"rendered":"<p>Les syndromes de compression vasculaire sont caus\u00e9s par une forte lordose lombaire. Les premi\u00e8res \u00e9tapes pour r\u00e9duire les sympt\u00f4mes apr\u00e8s un diagnostic approfondi visent donc \u00e0 r\u00e9duire la lordose. Cela peut \u00eatre obtenu par certaines postures corporelles qui visent \u00e0 r\u00e9duire l&rsquo;inclinaison ant\u00e9rieure du bassin. L&rsquo;inclinaison du bassin se d\u00e9veloppe vers l&rsquo;\u00e2ge de 12 mois [&hellip;]<\/p>\n","protected":false},"author":5,"featured_media":0,"parent":0,"menu_order":0,"comment_status":"closed","ping_status":"closed","template":"","meta":{"om_disable_all_campaigns":false,"footnotes":""},"class_list":["post-5478","page","type-page","status-publish","hentry"],"_links":{"self":[{"href":"https:\/\/scholbach.de\/fr\/wp-json\/wp\/v2\/pages\/5478","targetHints":{"allow":["GET"]}}],"collection":[{"href":"https:\/\/scholbach.de\/fr\/wp-json\/wp\/v2\/pages"}],"about":[{"href":"https:\/\/scholbach.de\/fr\/wp-json\/wp\/v2\/types\/page"}],"author":[{"embeddable":true,"href":"https:\/\/scholbach.de\/fr\/wp-json\/wp\/v2\/users\/5"}],"replies":[{"embeddable":true,"href":"https:\/\/scholbach.de\/fr\/wp-json\/wp\/v2\/comments?post=5478"}],"version-history":[{"count":17,"href":"https:\/\/scholbach.de\/fr\/wp-json\/wp\/v2\/pages\/5478\/revisions"}],"predecessor-version":[{"id":5817,"href":"https:\/\/scholbach.de\/fr\/wp-json\/wp\/v2\/pages\/5478\/revisions\/5817"}],"wp:attachment":[{"href":"https:\/\/scholbach.de\/fr\/wp-json\/wp\/v2\/media?parent=5478"}],"curies":[{"name":"wp","href":"https:\/\/api.w.org\/{rel}","templated":true}]}}