{"id":51,"date":"2015-12-26T17:38:03","date_gmt":"2015-12-26T17:38:03","guid":{"rendered":"http:\/\/wp12612379.server-he.de\/?page_id=51"},"modified":"2022-12-23T22:34:12","modified_gmt":"2022-12-23T22:34:12","slug":"deutsch-feedback","status":"publish","type":"page","link":"https:\/\/scholbach.de\/fr\/praxis\/deutsch-feedback","title":{"rendered":"Contact"},"content":{"rendered":"<p><\/p>\n<h2>Nouvelle adresse apr\u00e8s le 01.01.2023<\/h2>\n<p>Cabinet m\u00e9dical Prof. Dr. Thomas Scholbach<br \/>\n52, rue Konradstr.<br \/>\n04315 Leipzig<\/p>\n<p>&nbsp;<\/p>\n<p><a href=\"https:\/\/scholbach.de\/wp-content\/uploads\/2022\/12\/Ansicht-Konradstr.-52.jpg\"><img loading=\"lazy\" decoding=\"async\" class=\"alignnone size-medium wp-image-7699\" src=\"https:\/\/scholbach.de\/wp-content\/uploads\/2022\/12\/Ansicht-Konradstr.-52-300x251.jpg\" alt=\"\" width=\"300\" height=\"251\" srcset=\"https:\/\/scholbach.de\/wp-content\/uploads\/2022\/12\/Ansicht-Konradstr.-52-300x251.jpg 300w, https:\/\/scholbach.de\/wp-content\/uploads\/2022\/12\/Ansicht-Konradstr.-52-1024x858.jpg 1024w, https:\/\/scholbach.de\/wp-content\/uploads\/2022\/12\/Ansicht-Konradstr.-52-768x644.jpg 768w, https:\/\/scholbach.de\/wp-content\/uploads\/2022\/12\/Ansicht-Konradstr.-52-640x536.jpg 640w, https:\/\/scholbach.de\/wp-content\/uploads\/2022\/12\/Ansicht-Konradstr.-52.jpg 1087w\" sizes=\"auto, (max-width: 300px) 100vw, 300px\" \/><\/a><\/p>\n<p>&nbsp;<\/p>\n<p><strong>T\u00e9l\u00e9phone<\/strong><\/p>\n<p>+49 341 2481 4039<\/p>\n<p>E-mail<\/p>\n<p>&nbsp;<\/p>\n<p>envoyer <a href=\"mailto: praxis.scholbach@posteo.de\">ici<\/a><\/p>","protected":false},"excerpt":{"rendered":"<p>Nouvelle adresse apr\u00e8s le 01.01.2023 Cabinet m\u00e9dical Prof. Dr. Thomas Scholbach 52, rue Konradstr. 04315 Leipzig &nbsp; &nbsp; T\u00e9l\u00e9phone +49 341 2481 4039 E-mail &nbsp; envoyer ici<\/p>\n","protected":false},"author":4,"featured_media":0,"parent":6,"menu_order":2,"comment_status":"closed","ping_status":"closed","template":"","meta":{"om_disable_all_campaigns":false,"footnotes":""},"class_list":["post-51","page","type-page","status-publish","hentry"],"_links":{"self":[{"href":"https:\/\/scholbach.de\/fr\/wp-json\/wp\/v2\/pages\/51","targetHints":{"allow":["GET"]}}],"collection":[{"href":"https:\/\/scholbach.de\/fr\/wp-json\/wp\/v2\/pages"}],"about":[{"href":"https:\/\/scholbach.de\/fr\/wp-json\/wp\/v2\/types\/page"}],"author":[{"embeddable":true,"href":"https:\/\/scholbach.de\/fr\/wp-json\/wp\/v2\/users\/4"}],"replies":[{"embeddable":true,"href":"https:\/\/scholbach.de\/fr\/wp-json\/wp\/v2\/comments?post=51"}],"version-history":[{"count":136,"href":"https:\/\/scholbach.de\/fr\/wp-json\/wp\/v2\/pages\/51\/revisions"}],"predecessor-version":[{"id":7702,"href":"https:\/\/scholbach.de\/fr\/wp-json\/wp\/v2\/pages\/51\/revisions\/7702"}],"up":[{"embeddable":true,"href":"https:\/\/scholbach.de\/fr\/wp-json\/wp\/v2\/pages\/6"}],"wp:attachment":[{"href":"https:\/\/scholbach.de\/fr\/wp-json\/wp\/v2\/media?parent=51"}],"curies":[{"name":"wp","href":"https:\/\/api.w.org\/{rel}","templated":true}]}}