{"id":47,"date":"2015-12-26T17:11:41","date_gmt":"2015-12-26T17:11:41","guid":{"rendered":"http:\/\/wp12612379.server-he.de\/?page_id=47"},"modified":"2025-02-12T20:29:35","modified_gmt":"2025-02-12T19:29:35","slug":"deutsch-leistungsspektrum","status":"publish","type":"page","link":"https:\/\/scholbach.de\/fr\/praxis\/deutsch-leistungsspektrum","title":{"rendered":"Gamme de services"},"content":{"rendered":"<p>Dans mon cabinet, je propose le diagnostic et le traitement des maladies de tous les patients, du nouveau-n\u00e9 \u00e0 l&rsquo;adulte, en mettant l&rsquo;accent sur l&rsquo;\u00e9chographie fonctionnelle pour les personnes payant elles-m\u00eames leurs frais et les assur\u00e9s priv\u00e9s.<\/p>","protected":false},"excerpt":{"rendered":"<p>Dans mon cabinet, je propose le diagnostic et le traitement des maladies de tous les patients, du nouveau-n\u00e9 \u00e0 l&rsquo;adulte, en mettant l&rsquo;accent sur l&rsquo;\u00e9chographie fonctionnelle pour les personnes payant elles-m\u00eames leurs frais et les assur\u00e9s priv\u00e9s.<\/p>\n","protected":false},"author":4,"featured_media":0,"parent":6,"menu_order":4,"comment_status":"closed","ping_status":"closed","template":"","meta":{"om_disable_all_campaigns":false,"footnotes":""},"class_list":["post-47","page","type-page","status-publish","hentry"],"_links":{"self":[{"href":"https:\/\/scholbach.de\/fr\/wp-json\/wp\/v2\/pages\/47","targetHints":{"allow":["GET"]}}],"collection":[{"href":"https:\/\/scholbach.de\/fr\/wp-json\/wp\/v2\/pages"}],"about":[{"href":"https:\/\/scholbach.de\/fr\/wp-json\/wp\/v2\/types\/page"}],"author":[{"embeddable":true,"href":"https:\/\/scholbach.de\/fr\/wp-json\/wp\/v2\/users\/4"}],"replies":[{"embeddable":true,"href":"https:\/\/scholbach.de\/fr\/wp-json\/wp\/v2\/comments?post=47"}],"version-history":[{"count":22,"href":"https:\/\/scholbach.de\/fr\/wp-json\/wp\/v2\/pages\/47\/revisions"}],"predecessor-version":[{"id":9132,"href":"https:\/\/scholbach.de\/fr\/wp-json\/wp\/v2\/pages\/47\/revisions\/9132"}],"up":[{"embeddable":true,"href":"https:\/\/scholbach.de\/fr\/wp-json\/wp\/v2\/pages\/6"}],"wp:attachment":[{"href":"https:\/\/scholbach.de\/fr\/wp-json\/wp\/v2\/media?parent=47"}],"curies":[{"name":"wp","href":"https:\/\/api.w.org\/{rel}","templated":true}]}}