{"id":374,"date":"2016-06-14T15:11:19","date_gmt":"2016-06-14T15:11:19","guid":{"rendered":"http:\/\/wp12612379.server-he.de\/?page_id=374"},"modified":"2020-04-05T14:12:57","modified_gmt":"2020-04-05T14:12:57","slug":"truncus-coeliacus-kompression","status":"publish","type":"page","link":"https:\/\/scholbach.de\/fr\/wissenschaft\/deutsch-ultraschalldiagnostik\/deutsch-gefaskompressionen\/truncus-coeliacus-kompression","title":{"rendered":"Syndrome de compression du tronc coeliaque \u2013 Syndrome de Dunbar \u2013 Syndrome du ligament arqu\u00e9 m\u00e9dian \u2013 MALS"},"content":{"rendered":"<p>Ce syndrome de compression vasculaire arrive en terme de fr\u00e9quence en 2<sup>e<\/sup> position apr\u00e8s le syndrome de la pince m\u00e9sent\u00e9rique. J\u2019ai diagnostiqu\u00e9 et pris en charge jusqu\u2019\u00e0 pr\u00e9sent plus de 1000 patients. Les principaux sympt\u00f4mes retrouv\u00e9s lors de la compression du tronc c\u0153liaque et du ganglion c\u0153liaque (plexus solaire) sont\u00a0: douleur abdominale, douleur de la poitrine, difficult\u00e9 \u00e0 respirer, naus\u00e9e, vertiges, voile noir devant les yeux, \u00e9vanouissement, diarrh\u00e9e apr\u00e8s le repas, r\u00e9duction de la capacit\u00e9 physique (difficult\u00e9 dans la r\u00e9alisation d\u2019une activit\u00e9 sportive).<\/p>\n<p>&nbsp;<\/p>\n<p>Cette maladie est appel\u00e9 syndrome de Dunbar, MALS (Median Arcuate Ligament Syndrome), syndrome du ligament arqu\u00e9 m\u00e9dian, syndrome de compression du ganglion c\u0153liaque (l\u2019appellation la plus exacte), syndrome de compression de l\u2019art\u00e8re c\u0153liaque ou encore syndrome de compression du tronc c\u0153liaque. Elle est difficile \u00e0 diagnostiquer avec les m\u00e9thodes habituelles. En raison des nombreux sympt\u00f4mes v\u00e9g\u00e9tatif, les patients consultent souvent de nombreux sp\u00e9cialistes, sans que la maladie soit diagnostiqu\u00e9e. Au final, ils sont souvent envoy\u00e9s chez le psychologue ou le psychiatre, qui ne r\u00e9sout pas non plus le probl\u00e8me. \u00c0 l\u2019aide d\u2019une \u00e9chographie-doppler, le diagnostique peut facilement \u00eatre pos\u00e9 et une th\u00e9rapie cibl\u00e9e (d\u00e9compression du ganglion par laparoscopie) permet souvent une gu\u00e9rison rapide et d\u00e9finitive.<\/p>\n<p>&nbsp;<\/p>\n<p>Les sympt\u00f4mes du syndrome de compression du tronc c\u0153liaque sont secondaires \u00e0 la compression r\u00e9guli\u00e8re par le diaphragme du tissu nerveux situ\u00e9 sur le tronc c\u0153liaque.<\/p>\n<p>&nbsp;<\/p>\n<p><a href=\"http:\/\/dunbar-syndrom.org\/viewtopic.php?f=11&amp;t=13&amp;sid=fcf3c3b3f1be3a8cc527899b056ababa\">Il existe ici un forum sur le sujet (en allemand)<\/a>.<\/p>\n<p>&nbsp;<\/p>\n<p>Sur l\u2019image suivante, on peut voir que le tronc c\u0153liaque est droit et libre lors de l\u2019inspiration (\u00e0 gauche). Au contraire, lors de l\u2019expiration (\u00e0 droite), le tronc c\u0153liaque est courb\u00e9, ce qui entra\u00eene une r\u00e9duction du calibre et une acc\u00e9l\u00e9ration du courant sanguin\u00a0:<\/p>\n<p><img decoding=\"async\" class=\"alignnone size-large wp-image-392\" src=\"http:\/\/wp12612379.server-he.de\/wp-content\/uploads\/2016\/06\/Truncus-Coeliacus-Kompression-1024x469.jpg\" alt=\"Truncus-Coeliacus-Kompression\" width=\"100%\" height=\"auto\" srcset=\"https:\/\/scholbach.de\/wp-content\/uploads\/2016\/06\/Truncus-Coeliacus-Kompression-1024x469.jpg 1024w, https:\/\/scholbach.de\/wp-content\/uploads\/2016\/06\/Truncus-Coeliacus-Kompression-300x137.jpg 300w, https:\/\/scholbach.de\/wp-content\/uploads\/2016\/06\/Truncus-Coeliacus-Kompression.jpg 1073w\" sizes=\"(max-width: 1024px) 100vw, 1024px\" \/><\/p>\n<p>&nbsp;<\/p>\n<p>L\u2019augmentation de la vitesse du flux sanguin dans les diff\u00e9rentes phases respiratoires est visible sur cette vid\u00e9o\u00a0:<\/p>\n<p>http:\/\/www.dailymotion.com\/video\/x3mx9ho<\/p>","protected":false},"excerpt":{"rendered":"<p>Ce syndrome de compression vasculaire arrive en terme de fr\u00e9quence en 2e position apr\u00e8s le syndrome de la pince m\u00e9sent\u00e9rique. J\u2019ai diagnostiqu\u00e9 et pris en charge jusqu\u2019\u00e0 pr\u00e9sent plus de 1000 patients. Les principaux sympt\u00f4mes retrouv\u00e9s lors de la compression du tronc c\u0153liaque et du ganglion c\u0153liaque (plexus solaire) sont\u00a0: douleur abdominale, douleur de la [&hellip;]<\/p>\n","protected":false},"author":4,"featured_media":0,"parent":66,"menu_order":5,"comment_status":"open","ping_status":"open","template":"","meta":{"om_disable_all_campaigns":false,"footnotes":""},"class_list":["post-374","page","type-page","status-publish","hentry"],"_links":{"self":[{"href":"https:\/\/scholbach.de\/fr\/wp-json\/wp\/v2\/pages\/374","targetHints":{"allow":["GET"]}}],"collection":[{"href":"https:\/\/scholbach.de\/fr\/wp-json\/wp\/v2\/pages"}],"about":[{"href":"https:\/\/scholbach.de\/fr\/wp-json\/wp\/v2\/types\/page"}],"author":[{"embeddable":true,"href":"https:\/\/scholbach.de\/fr\/wp-json\/wp\/v2\/users\/4"}],"replies":[{"embeddable":true,"href":"https:\/\/scholbach.de\/fr\/wp-json\/wp\/v2\/comments?post=374"}],"version-history":[{"count":58,"href":"https:\/\/scholbach.de\/fr\/wp-json\/wp\/v2\/pages\/374\/revisions"}],"predecessor-version":[{"id":4425,"href":"https:\/\/scholbach.de\/fr\/wp-json\/wp\/v2\/pages\/374\/revisions\/4425"}],"up":[{"embeddable":true,"href":"https:\/\/scholbach.de\/fr\/wp-json\/wp\/v2\/pages\/66"}],"wp:attachment":[{"href":"https:\/\/scholbach.de\/fr\/wp-json\/wp\/v2\/media?parent=374"}],"curies":[{"name":"wp","href":"https:\/\/api.w.org\/{rel}","templated":true}]}}