{"id":364,"date":"2016-06-14T13:54:05","date_gmt":"2016-06-14T13:54:05","guid":{"rendered":"http:\/\/wp12612379.server-he.de\/?page_id=364"},"modified":"2024-01-20T21:40:11","modified_gmt":"2024-01-20T20:40:11","slug":"arteria-mesenterica-superior-syndrom","status":"publish","type":"page","link":"https:\/\/scholbach.de\/fr\/wissenschaft\/deutsch-ultraschalldiagnostik\/deutsch-gefaskompressionen\/arteria-mesenterica-superior-syndrom","title":{"rendered":"Syndrome de Wilkie \/ syndrome de l\u2019art\u00e8re m\u00e9sent\u00e9rique sup\u00e9rieure"},"content":{"rendered":"<p>Dans l\u2019angle form\u00e9 par l\u2019aorte et l\u2019art\u00e8re m\u00e9sent\u00e9rique sup\u00e9rieure passe la veine r\u00e9nale gauche vers la droite (voir\u00a0: syndrome de la pince m\u00e9sent\u00e9rique) et le duod\u00e9num vers la gauche. Si l\u2019angle est s\u00e9r\u00e9, le duod\u00e9num peut alors \u00eatre comprim\u00e9 entre les deux art\u00e8res et le bol alimentaire, juste apr\u00e8s avoir quitt\u00e9 l\u2019estomac, ne pourra continuer sa progression que difficilement, de mani\u00e8re douloureuse ou dans des positions corporelles particuli\u00e8res.<\/p>\n<p><img decoding=\"async\" class=\"alignnone size-large wp-image-330\" src=\"http:\/\/wp12612379.server-he.de\/wp-content\/uploads\/2016\/06\/Anatomie-AMS-1024x576.jpg\" alt=\"Anatomie AMS\" width=\"100%\" height=\"auto\" srcset=\"https:\/\/scholbach.de\/wp-content\/uploads\/2016\/06\/Anatomie-AMS-1024x576.jpg 1024w, https:\/\/scholbach.de\/wp-content\/uploads\/2016\/06\/Anatomie-AMS-300x169.jpg 300w, https:\/\/scholbach.de\/wp-content\/uploads\/2016\/06\/Anatomie-AMS.jpg 1280w\" sizes=\"(max-width: 1024px) 100vw, 1024px\" \/><\/p>\n<p>Les patients atteints ressentent environ 15min apr\u00e8s le d\u00e9but du repas des douleurs abdominales vives. Ces douleurs sont moins fortes pour des repas l\u00e9gers ou en bouillie. Le cadran sup\u00e9rieur droit de l\u2019abdomen (sous les derni\u00e8res c\u00f4tes) se gonfle, il s\u2019en suit des douleurs, des \u00e9ructations voir des vomissements. Souvent, le patient est soulag\u00e9 en position allong\u00e9 sur le c\u00f4t\u00e9 gauche.\u00a0 En cas de compression s\u00e9v\u00e8re, on retrouve une \u00e9viction des repas par peur des douleurs, entra\u00eenant une perte de poids.<\/p>\n<p>Dans certains cas, la compression est secondaire \u00e0 une faiblesse de la musculature du duod\u00e9num. Dans d\u2019autres cas, l\u2019\u00e9troitesse de l\u2019angle explique \u00e0 elle seule les sympt\u00f4mes.<\/p>\n<p>Il existe un groupe de patients ici (en allemand).<\/p>\n<p>Nous pouvons poser le diagnostic gr\u00e2ce \u00e0 une \u00e9chographie doppler, r\u00e9alis\u00e9e \u00e0 jeun, pendant et apr\u00e8s l\u2019alimentation, dans diff\u00e9rentes positions corporelles. Les r\u00e9sultats seront recoup\u00e9s avec vos sympt\u00f4mes. Le diagnostic est ainsi pos\u00e9 de mani\u00e8re non-invasive et sans radiation en une consultation.<\/p>\n<p>D\u2019autres syndromes de compression vasculaire accompagnent souvent le syndrome de Wilkie. Ils pourront \u00e9galement \u00eatre diagnostiqu\u00e9s lors de la m\u00eame consultation gr\u00e2ce \u00e0 un examen subtil d\u00e9taill\u00e9. Cela est important, car les sympt\u00f4mes des diff\u00e9rents syndromes de compression vasculaire se recoupent et une prise en charge globale ne peut \u00eatre r\u00e9alis\u00e9e qu\u2019apr\u00e8s une mesure quantitative de la perfusion des diff\u00e9rents vaisseaux.<\/p>\n<p>La premi\u00e8re vid\u00e9o montre une dilatation du duodenum chez un patient \u00e0 jeun (duodenum vide)\u00a0:<\/p>\n<div style=\"width: 640px;\" class=\"wp-video\"><video class=\"wp-video-shortcode\" id=\"video-364-19\" width=\"640\" height=\"360\" preload=\"metadata\" controls=\"controls\"><source type=\"video\/mp4\" src=\"http:\/\/wp12612379.server-he.de\/wp-content\/uploads\/2016\/06\/Videodarstellung_des_Staus_im_Duodenum.mp4?_=19\" \/><a href=\"http:\/\/wp12612379.server-he.de\/wp-content\/uploads\/2016\/06\/Videodarstellung_des_Staus_im_Duodenum.mp4\">http:\/\/wp12612379.server-he.de\/wp-content\/uploads\/2016\/06\/Videodarstellung_des_Staus_im_Duodenum.mp4<\/a><\/video><\/div>\n<p>La vid\u00e9o suivante montre le blocage du bol alimentaire dans le duodenum apr\u00e8s le repas\u00a0:<\/p>\n<div style=\"width: 640px;\" class=\"wp-video\"><video class=\"wp-video-shortcode\" id=\"video-364-20\" width=\"640\" height=\"360\" preload=\"metadata\" controls=\"controls\"><source type=\"video\/mp4\" src=\"http:\/\/wp12612379.server-he.de\/wp-content\/uploads\/2016\/06\/ams_widerstandsperistaltik.mp4?_=20\" \/><a href=\"http:\/\/wp12612379.server-he.de\/wp-content\/uploads\/2016\/06\/ams_widerstandsperistaltik.mp4\">http:\/\/wp12612379.server-he.de\/wp-content\/uploads\/2016\/06\/ams_widerstandsperistaltik.mp4<\/a><\/video><\/div>\n<p>&nbsp;<\/p>\n<p>Enfin la derni\u00e8re vid\u00e9o montre comment le duodenum se vide malgr\u00e9 l\u2019obstacle\u00a0:<\/p>\n<div style=\"width: 640px;\" class=\"wp-video\"><video class=\"wp-video-shortcode\" id=\"video-364-21\" width=\"640\" height=\"360\" preload=\"metadata\" controls=\"controls\"><source type=\"video\/mp4\" src=\"http:\/\/wp12612379.server-he.de\/wp-content\/uploads\/2016\/06\/Unter_Schmerzlinerung_entleert_sich_das_Duodenum.mp4?_=21\" \/><a href=\"http:\/\/wp12612379.server-he.de\/wp-content\/uploads\/2016\/06\/Unter_Schmerzlinerung_entleert_sich_das_Duodenum.mp4\">http:\/\/wp12612379.server-he.de\/wp-content\/uploads\/2016\/06\/Unter_Schmerzlinerung_entleert_sich_das_Duodenum.mp4<\/a><\/video><\/div>\n<p>&nbsp;<\/p>\n<p><a href=\"https:\/\/scholbach.de\/hinweise-zu-medizinischen-erlaeuterungen\">Merci de prendre connaissance de notre avertissement sur les explications m\u00e9dicales pr\u00e9sent\u00e9es sur ce site<\/a><\/p>","protected":false},"excerpt":{"rendered":"<p>Dans l\u2019angle form\u00e9 par l\u2019aorte et l\u2019art\u00e8re m\u00e9sent\u00e9rique sup\u00e9rieure passe la veine r\u00e9nale gauche vers la droite (voir\u00a0: syndrome de la pince m\u00e9sent\u00e9rique) et le duod\u00e9num vers la gauche. Si l\u2019angle est s\u00e9r\u00e9, le duod\u00e9num peut alors \u00eatre comprim\u00e9 entre les deux art\u00e8res et le bol alimentaire, juste apr\u00e8s avoir quitt\u00e9 l\u2019estomac, ne pourra continuer [&hellip;]<\/p>\n","protected":false},"author":4,"featured_media":0,"parent":66,"menu_order":6,"comment_status":"open","ping_status":"closed","template":"","meta":{"om_disable_all_campaigns":false,"footnotes":""},"class_list":["post-364","page","type-page","status-publish","hentry"],"_links":{"self":[{"href":"https:\/\/scholbach.de\/fr\/wp-json\/wp\/v2\/pages\/364","targetHints":{"allow":["GET"]}}],"collection":[{"href":"https:\/\/scholbach.de\/fr\/wp-json\/wp\/v2\/pages"}],"about":[{"href":"https:\/\/scholbach.de\/fr\/wp-json\/wp\/v2\/types\/page"}],"author":[{"embeddable":true,"href":"https:\/\/scholbach.de\/fr\/wp-json\/wp\/v2\/users\/4"}],"replies":[{"embeddable":true,"href":"https:\/\/scholbach.de\/fr\/wp-json\/wp\/v2\/comments?post=364"}],"version-history":[{"count":60,"href":"https:\/\/scholbach.de\/fr\/wp-json\/wp\/v2\/pages\/364\/revisions"}],"predecessor-version":[{"id":8510,"href":"https:\/\/scholbach.de\/fr\/wp-json\/wp\/v2\/pages\/364\/revisions\/8510"}],"up":[{"embeddable":true,"href":"https:\/\/scholbach.de\/fr\/wp-json\/wp\/v2\/pages\/66"}],"wp:attachment":[{"href":"https:\/\/scholbach.de\/fr\/wp-json\/wp\/v2\/media?parent=364"}],"curies":[{"name":"wp","href":"https:\/\/api.w.org\/{rel}","templated":true}]}}