{"id":3520,"date":"2019-10-06T08:36:56","date_gmt":"2019-10-06T08:36:56","guid":{"rendered":"https:\/\/scholbach.de\/?page_id=3520"},"modified":"2022-11-12T14:24:51","modified_gmt":"2022-11-12T14:24:51","slug":"funktioneller-farbdoppler-ultraschall-wie-ich-ihn-verstehe","status":"publish","type":"page","link":"https:\/\/scholbach.de\/fr\/funktioneller-farbdoppler-ultraschall-wie-ich-ihn-verstehe","title":{"rendered":"L&rsquo;\u00e9chographie Doppler couleur fonctionnelle : comment je m&rsquo;y prends"},"content":{"rendered":"<p>J&rsquo;offre la meilleure technologie ultrasonore possible pour exactement vos sympt\u00f4mes.<\/p>\n<p>Mon but ultime est de vous aider \u00e0 trouver la meilleure fa\u00e7on d&rsquo;obtenir le meilleur traitement, et pas seulement de faire faire telle ou telle intervention.<\/p>\n<p>Cela signifie que j&rsquo;ai l&rsquo;air beaucoup plus longtemps et que je suis exactement vos sympt\u00f4mes au lieu de faire le travail et de vous renvoyer chez vous en d\u00e9clarant \u00ab\u00a0Tout va bien\u00a0\u00bb malgr\u00e9 que vous souffriez, que vous ne pouvez pas manger, vomir ou avoir d&rsquo;autres souffrances.<\/p>\n<p>Une bonne m\u00e9decine vous lib\u00e8re de la souffrance et ne vous laisse pas seul.<\/p>\n<p>Bien s\u00fbr, les connaissances m\u00e9dicales sont limit\u00e9es, mais les limites ne sont pas certaines sp\u00e9cialit\u00e9s qui divisent un \u00eatre humain en parties isol\u00e9es.<\/p>\n<p>Au lieu de cela, mon approche franchit les fronti\u00e8res des orgues et des sp\u00e9cialit\u00e9s.<\/p>\n<p>J&rsquo;examine tous les organes et tous vos sympt\u00f4mes, qu&rsquo;ils appartiennent traditionnellement \u00e0 la gastro-ent\u00e9rologie, la n\u00e9phrologie, l&rsquo;urologie, la gyn\u00e9cologie, la neurologie, la p\u00e9diatrie, la chirurgie, l&rsquo;angiologie, la psychiatrie, la cardiologie, l&rsquo;orthop\u00e9die, la m\u00e9decine foetale ou la dermatologie.<\/p>\n<p>L&rsquo;\u00e9chographie r\u00e9unit toutes ces sp\u00e9cialit\u00e9s.<\/p>\n<p>L&rsquo;\u00e9chographie Doppler couleur fonctionnelle va bien au-del\u00e0 des ultrasons conventionnels.<\/p>\n<p>L&rsquo;\u00e9chographie consiste essentiellement \u00e0 examiner la morphologie des images en noir et blanc.<\/p>\n<p>L&rsquo;\u00e9chographie Doppler couleur examine les mouvements. Sang coulant, p\u00e9ristaltisme de l&rsquo;intestin, contraction des uret\u00e8res, miction de la v\u00e9sicule biliaire ou urinaire, jets de liquide c\u00e9phalorachidien, balancement des valves cardiaques, contraction des oreillettes et des cavit\u00e9s du c\u0153ur, ouverture et fermeture des valves veineuses, La vasomotion de la veine ombilicale (qui a d&rsquo;ailleurs \u00e9t\u00e9 observ\u00e9e et mesur\u00e9e pour la premi\u00e8re fois chez le f\u0153tus par notre groupe de recherche), les mouvements du diaphragme, le glissement de la pl\u00e8vre &#8211; tous ces ph\u00e9nom\u00e8nes peuvent \u00eatre d\u00e9crits avec pr\u00e9cision gr\u00e2ce \u00e0 l&rsquo;\u00e9chographie Doppler couleur.<\/p>\n<p>Mais nous allons plus loin.<\/p>\n<p>Nous avons d\u00e9velopp\u00e9 la premi\u00e8re m\u00e9thode sonographique pour quantifier ces mouvements &#8211; la technique PixelFlux.<\/p>\n<p>De cette fa\u00e7on, nous pouvons mesurer et comparer exactement combien de sang coule dans un organe, dans un tissu et m\u00eame dans diff\u00e9rentes branches de l&rsquo;arbre vasculaire d&rsquo;un organe.<\/p>\n<p>Mieux qu&rsquo;avec toute autre technique, nous pouvons \u00e9valuer avec pr\u00e9cision l&rsquo;\u00e9tat fonctionnel d&rsquo;un organe et les troubles affectant son approvisionnement sanguin.<\/p>\n<p>De plus, nous pouvons mesurer l&rsquo;inflammation sur place et mesurer le succ\u00e8s ou l&rsquo;\u00e9chec des traitements.<\/p>\n<p>Tout cela se fait au cours d&rsquo;un seul examen. Je suis certifi\u00e9 pour toutes ces proc\u00e9dures. Ainsi, avec un seul examen, vous obtenez des r\u00e9ponses de nombreuses sp\u00e9cialit\u00e9s m\u00e9dicales.<\/p>\n<p>Mais nous ne nous arr\u00eatons pas l\u00e0. Nous r\u00e9p\u00e9tons tout cela dans des conditions externes changeantes.<\/p>\n<p>Lorsque vos sympt\u00f4mes sont li\u00e9s \u00e0 la digestion, je vous examinerai avant, pendant et apr\u00e8s un repas. S&rsquo;ils d\u00e9pendent de la posture du corps, je vous examinerai dans diff\u00e9rentes positions horizontales, assis, debout et m\u00eame pendant ou apr\u00e8s les exercices.<\/p>\n<p>Je vais faire des examens dans diff\u00e9rentes positions de respiration, avec la vessie pleine et vide, avec diff\u00e9rentes positions de certaines articulations&#8230; et ainsi de suite.<\/p>\n<p>Enfin, vous obtiendrez un r\u00e9sultat qui constitue une base fiable et solide pour les d\u00e9cisions th\u00e9rapeutiques.<\/p>\n<p>Je vous montre tous les d\u00e9tails de l&rsquo;examen \u00e0 l&rsquo;\u00e9cran pendant que vous \u00eates examin\u00e9. Je vous explique toutes mes conclusions et je vous donne un aper\u00e7u de sc\u00e9narios anatomiques difficiles.<\/p>\n<p>Je vous communique tous les r\u00e9sultats \u00e0 vous et \u00e0 tous les m\u00e9decins r\u00e9f\u00e9rents dans un rapport d\u00e9taill\u00e9 avec toutes les mesures et toutes les images pertinentes.<\/p>\n<p>Il s&rsquo;agit d&rsquo;une \u00e9chographie fonctionnelle telle que je la comprends &#8211; <a href=\"https:\/\/scholbach.de\/what-patients-say\">et les patients du monde entier l&rsquo;appr\u00e9cient<\/a>.<\/p>\n<p>*** Traduit avec www.DeepL.com\/Translator (version gratuite) ***<\/p>","protected":false},"excerpt":{"rendered":"<p>J&rsquo;offre la meilleure technologie ultrasonore possible pour exactement vos sympt\u00f4mes. Mon but ultime est de vous aider \u00e0 trouver la meilleure fa\u00e7on d&rsquo;obtenir le meilleur traitement, et pas seulement de faire faire telle ou telle intervention. Cela signifie que j&rsquo;ai l&rsquo;air beaucoup plus longtemps et que je suis exactement vos sympt\u00f4mes au lieu de faire [&hellip;]<\/p>\n","protected":false},"author":5,"featured_media":0,"parent":0,"menu_order":0,"comment_status":"closed","ping_status":"closed","template":"","meta":{"om_disable_all_campaigns":false,"footnotes":""},"class_list":["post-3520","page","type-page","status-publish","hentry"],"_links":{"self":[{"href":"https:\/\/scholbach.de\/fr\/wp-json\/wp\/v2\/pages\/3520","targetHints":{"allow":["GET"]}}],"collection":[{"href":"https:\/\/scholbach.de\/fr\/wp-json\/wp\/v2\/pages"}],"about":[{"href":"https:\/\/scholbach.de\/fr\/wp-json\/wp\/v2\/types\/page"}],"author":[{"embeddable":true,"href":"https:\/\/scholbach.de\/fr\/wp-json\/wp\/v2\/users\/5"}],"replies":[{"embeddable":true,"href":"https:\/\/scholbach.de\/fr\/wp-json\/wp\/v2\/comments?post=3520"}],"version-history":[{"count":35,"href":"https:\/\/scholbach.de\/fr\/wp-json\/wp\/v2\/pages\/3520\/revisions"}],"predecessor-version":[{"id":7664,"href":"https:\/\/scholbach.de\/fr\/wp-json\/wp\/v2\/pages\/3520\/revisions\/7664"}],"wp:attachment":[{"href":"https:\/\/scholbach.de\/fr\/wp-json\/wp\/v2\/media?parent=3520"}],"curies":[{"name":"wp","href":"https:\/\/api.w.org\/{rel}","templated":true}]}}