{"id":3477,"date":"2019-09-15T15:01:27","date_gmt":"2019-09-15T15:01:27","guid":{"rendered":"https:\/\/scholbach.de\/?page_id=3477"},"modified":"2021-07-18T20:23:43","modified_gmt":"2021-07-18T20:23:43","slug":"english-curtain-effect-of-venous-stents","status":"publish","type":"page","link":"https:\/\/scholbach.de\/fr\/english-curtain-effect-of-venous-stents","title":{"rendered":"L&rsquo;effet rideau des endoproth\u00e8ses veineuses"},"content":{"rendered":"<p><div style=\"width: 1920px;\" class=\"wp-video\"><video class=\"wp-video-shortcode\" id=\"video-3477-4\" width=\"1920\" height=\"1080\" preload=\"metadata\" controls=\"controls\"><source type=\"video\/mp4\" src=\"https:\/\/scholbach.de\/wp-content\/uploads\/2019\/09\/curtain-effect.mp4?_=4\" \/><a href=\"https:\/\/scholbach.de\/wp-content\/uploads\/2019\/09\/curtain-effect.mp4\">https:\/\/scholbach.de\/wp-content\/uploads\/2019\/09\/curtain-effect.mp4<\/a><\/video><\/div><\/p>\n<p>Les endoproth\u00e8ses veineuses ont de nombreux effets n\u00e9fastes sur les veines endoproth\u00e9s\u00e9es dans les syndromes de compression vasculaire abdominale.<\/p>\n<p>L&rsquo;effet rideau n&rsquo;est que l&rsquo;un d&rsquo;entre eux, mais le plus pertinent. La vid\u00e9o montre l&rsquo;augmentation de l&rsquo;effet rideau qui, en soi, entra\u00eene une diminution ou une quasi-absence de la fonction de l&rsquo;endoproth\u00e8se, m\u00eame dans les endoproth\u00e8ses apparemment ouvertes.<\/p>\n<p>Les mouvements du corps ou la respiration provoquent une irritation constante de la veine de l&rsquo;endoproth\u00e8se par le frottement et parfois la p\u00e9n\u00e9tration des mailles de l&rsquo;endoproth\u00e8se veineuse. L&rsquo;endoproth\u00e8se coupe comme un ciseau creux dans la paroi de la veine, produisant souvent une douleur insupportable au site de la p\u00e9n\u00e9tration.<\/p>\n<p>La tomodensitom\u00e9trie et l&rsquo;IRM ne peuvent pas d\u00e9tecter de tels m\u00e9canismes, puisqu&rsquo;il s&rsquo;agit de proc\u00e9dures d&rsquo;imagerie statiques et non fonctionnelles.<\/p>\n<p>Seule une \u00e9chographie m\u00e9ticuleuse, dynamique et fonctionnelle avec quantification du d\u00e9bit sanguin peut d\u00e9tecter la raison m\u00eame de la douleur chez les patients portant de telles endoproth\u00e8ses.<\/p>","protected":false},"excerpt":{"rendered":"<p>Les endoproth\u00e8ses veineuses ont de nombreux effets n\u00e9fastes sur les veines endoproth\u00e9s\u00e9es dans les syndromes de compression vasculaire abdominale. L&rsquo;effet rideau n&rsquo;est que l&rsquo;un d&rsquo;entre eux, mais le plus pertinent. La vid\u00e9o montre l&rsquo;augmentation de l&rsquo;effet rideau qui, en soi, entra\u00eene une diminution ou une quasi-absence de la fonction de l&rsquo;endoproth\u00e8se, m\u00eame dans les endoproth\u00e8ses [&hellip;]<\/p>\n","protected":false},"author":5,"featured_media":0,"parent":0,"menu_order":0,"comment_status":"closed","ping_status":"closed","template":"","meta":{"om_disable_all_campaigns":false,"footnotes":""},"class_list":["post-3477","page","type-page","status-publish","hentry"],"_links":{"self":[{"href":"https:\/\/scholbach.de\/fr\/wp-json\/wp\/v2\/pages\/3477","targetHints":{"allow":["GET"]}}],"collection":[{"href":"https:\/\/scholbach.de\/fr\/wp-json\/wp\/v2\/pages"}],"about":[{"href":"https:\/\/scholbach.de\/fr\/wp-json\/wp\/v2\/types\/page"}],"author":[{"embeddable":true,"href":"https:\/\/scholbach.de\/fr\/wp-json\/wp\/v2\/users\/5"}],"replies":[{"embeddable":true,"href":"https:\/\/scholbach.de\/fr\/wp-json\/wp\/v2\/comments?post=3477"}],"version-history":[{"count":20,"href":"https:\/\/scholbach.de\/fr\/wp-json\/wp\/v2\/pages\/3477\/revisions"}],"predecessor-version":[{"id":6471,"href":"https:\/\/scholbach.de\/fr\/wp-json\/wp\/v2\/pages\/3477\/revisions\/6471"}],"wp:attachment":[{"href":"https:\/\/scholbach.de\/fr\/wp-json\/wp\/v2\/media?parent=3477"}],"curies":[{"name":"wp","href":"https:\/\/api.w.org\/{rel}","templated":true}]}}