{"id":3372,"date":"2019-08-24T05:50:45","date_gmt":"2019-08-24T05:50:45","guid":{"rendered":"https:\/\/scholbach.de\/?page_id=3372"},"modified":"2024-02-25T22:02:36","modified_gmt":"2024-02-25T21:02:36","slug":"risiken-venoeser-stents","status":"publish","type":"page","link":"https:\/\/scholbach.de\/fr\/risiken-venoeser-stents","title":{"rendered":"Un stent peut \u00eatre une erreur"},"content":{"rendered":"<p><div id=\"attachment_4306\" style=\"width: 406px\" class=\"wp-caption aligncenter\"><a href=\"https:\/\/scholbach.de\/wp-content\/uploads\/2020\/03\/poking-stent.jpg\"><img loading=\"lazy\" decoding=\"async\" aria-describedby=\"caption-attachment-4306\" class=\"wp-image-4306 \" src=\"https:\/\/scholbach.de\/wp-content\/uploads\/2020\/03\/poking-stent-300x169.jpg\" alt=\"\" width=\"396\" height=\"223\" srcset=\"https:\/\/scholbach.de\/wp-content\/uploads\/2020\/03\/poking-stent-300x169.jpg 300w, https:\/\/scholbach.de\/wp-content\/uploads\/2020\/03\/poking-stent-1024x576.jpg 1024w, https:\/\/scholbach.de\/wp-content\/uploads\/2020\/03\/poking-stent-768x432.jpg 768w, https:\/\/scholbach.de\/wp-content\/uploads\/2020\/03\/poking-stent.jpg 1280w\" sizes=\"auto, (max-width: 396px) 100vw, 396px\" \/><\/a><p id=\"caption-attachment-4306\" class=\"wp-caption-text\">Les ouvertures de piq\u00fbre d&rsquo;un stent veineux r\u00e9nal gauche &#8211; les pics triangulaires de l&rsquo;ouverture du stent p\u00e9n\u00e8trent la paroi de la veine r\u00e9nale gauche et de la veine cave. Image avec l&rsquo;aimable autorisation du Prof. W. Sandmann<\/p><\/div><\/p>\n<div id=\"attachment_4312\" style=\"width: 408px\" class=\"wp-caption aligncenter\"><a href=\"https:\/\/scholbach.de\/wp-content\/uploads\/2020\/03\/triangular-peaks-stent-opening-2.jpg\"><img loading=\"lazy\" decoding=\"async\" aria-describedby=\"caption-attachment-4312\" class=\"wp-image-4312 \" src=\"https:\/\/scholbach.de\/wp-content\/uploads\/2020\/03\/triangular-peaks-stent-opening-2-300x169.jpg\" alt=\"\" width=\"398\" height=\"224\" srcset=\"https:\/\/scholbach.de\/wp-content\/uploads\/2020\/03\/triangular-peaks-stent-opening-2-300x169.jpg 300w, https:\/\/scholbach.de\/wp-content\/uploads\/2020\/03\/triangular-peaks-stent-opening-2-1024x576.jpg 1024w, https:\/\/scholbach.de\/wp-content\/uploads\/2020\/03\/triangular-peaks-stent-opening-2-768x432.jpg 768w, https:\/\/scholbach.de\/wp-content\/uploads\/2020\/03\/triangular-peaks-stent-opening-2.jpg 1280w\" sizes=\"auto, (max-width: 398px) 100vw, 398px\" \/><\/a><p id=\"caption-attachment-4312\" class=\"wp-caption-text\">Vue lat\u00e9rale des pics triangulaires p\u00e9n\u00e9trants du stent provoquant une douleur massive. Clairement visible : l&rsquo;effet de rideau &#8211; la veine r\u00e9nale gauche pend devant l&rsquo;ouverture gauche du stent. Image avec l&rsquo;aimable autorisation du Prof. W. Sandmann<\/p><\/div>\n<p>Les endoproth\u00e8ses sont recommand\u00e9es \u00e0 de nombreux patients pr\u00e9sentant des syndromes de compression vasculaire.<br \/>\nMon exp\u00e9rience personnelle avec de telles endoproth\u00e8ses est d\u00e9crite dans l&rsquo;article suivant.<br \/>\nIl existe de nombreux risques pour les patients porteurs d&rsquo;endoproth\u00e8ses qui ne sont pas bien connus de nombreux m\u00e9decins qui les ont pos\u00e9es.<br \/>\nmon document met en lumi\u00e8re quelques-uns de ces probl\u00e8mes. Le patient doit \u00eatre conscient des nombreux risques li\u00e9s \u00e0 la pose d&rsquo;une endoproth\u00e8se.<br \/>\nLe principal inconv\u00e9nient est que les endoproth\u00e8ses ont \u00e9t\u00e9 d\u00e9velopp\u00e9es pour les art\u00e8res et fonctionnent mal dans les veines courbes. Mais c&rsquo;est la caract\u00e9ristique des syndromes de compression veineuse dont les veines sont comprim\u00e9es par la colonne vert\u00e9brale ou par l&rsquo;aorte par derri\u00e8re. C&rsquo;est pourquoi les endoproth\u00e8ses sont rarement utiles dans de telles conditions.<\/p>\n<p><a href=\"https:\/\/scholbach.de\/wp-content\/uploads\/2020\/06\/2020-06-04-Stent-failure-in-abdominal-venous-compression-syndromes.pdf\" class=\"pdfemb-viewer\" style=\"\" data-width=\"max\" data-height=\"max\" data-mobile-width=\"500\"  data-scrollbar=\"none\" data-download=\"on\" data-tracking=\"on\" data-newwindow=\"on\" data-pagetextbox=\"off\" data-scrolltotop=\"off\" data-startzoom=\"100\" data-startfpzoom=\"100\" data-toolbar=\"both\" data-toolbar-fixed=\"off\">2020 06 04 Stent failure in abdominal venous compression syndromes<br\/><\/a><\/p>","protected":false},"excerpt":{"rendered":"<p>Les endoproth\u00e8ses sont recommand\u00e9es \u00e0 de nombreux patients pr\u00e9sentant des syndromes de compression vasculaire. Mon exp\u00e9rience personnelle avec de telles endoproth\u00e8ses est d\u00e9crite dans l&rsquo;article suivant. Il existe de nombreux risques pour les patients porteurs d&rsquo;endoproth\u00e8ses qui ne sont pas bien connus de nombreux m\u00e9decins qui les ont pos\u00e9es. mon document met en lumi\u00e8re quelques-uns [&hellip;]<\/p>\n","protected":false},"author":5,"featured_media":0,"parent":0,"menu_order":0,"comment_status":"closed","ping_status":"closed","template":"","meta":{"om_disable_all_campaigns":false,"footnotes":""},"class_list":["post-3372","page","type-page","status-publish","hentry"],"_links":{"self":[{"href":"https:\/\/scholbach.de\/fr\/wp-json\/wp\/v2\/pages\/3372","targetHints":{"allow":["GET"]}}],"collection":[{"href":"https:\/\/scholbach.de\/fr\/wp-json\/wp\/v2\/pages"}],"about":[{"href":"https:\/\/scholbach.de\/fr\/wp-json\/wp\/v2\/types\/page"}],"author":[{"embeddable":true,"href":"https:\/\/scholbach.de\/fr\/wp-json\/wp\/v2\/users\/5"}],"replies":[{"embeddable":true,"href":"https:\/\/scholbach.de\/fr\/wp-json\/wp\/v2\/comments?post=3372"}],"version-history":[{"count":45,"href":"https:\/\/scholbach.de\/fr\/wp-json\/wp\/v2\/pages\/3372\/revisions"}],"predecessor-version":[{"id":8550,"href":"https:\/\/scholbach.de\/fr\/wp-json\/wp\/v2\/pages\/3372\/revisions\/8550"}],"wp:attachment":[{"href":"https:\/\/scholbach.de\/fr\/wp-json\/wp\/v2\/media?parent=3372"}],"curies":[{"name":"wp","href":"https:\/\/api.w.org\/{rel}","templated":true}]}}