{"id":2853,"date":"2019-01-24T21:21:06","date_gmt":"2019-01-24T21:21:06","guid":{"rendered":"https:\/\/scholbach.de\/?page_id=2853"},"modified":"2024-12-01T13:57:11","modified_gmt":"2024-12-01T12:57:11","slug":"checkliste-gefaesskompressionssyndrome","status":"publish","type":"page","link":"https:\/\/scholbach.de\/fr\/gefaesskompressionsphaenomene-darstellung-fuer-patientinnen-und-patienten\/checkliste-gefaesskompressionssyndrome","title":{"rendered":"Liste de contr\u00f4le des syndromes de compression vasculaire"},"content":{"rendered":"<p class=\"qtranxs-available-languages-message qtranxs-available-languages-message-fr\">D\u00e9sol\u00e9, cet article est seulement disponible en <a href=\"https:\/\/scholbach.de\/en\/wp-json\/wp\/v2\/pages\/2853\" class=\"qtranxs-available-language-link qtranxs-available-language-link-en\" title=\"English\">English<\/a>, <a href=\"https:\/\/scholbach.de\/de\/wp-json\/wp\/v2\/pages\/2853\" class=\"qtranxs-available-language-link qtranxs-available-language-link-de\" title=\"Deutsch\">Deutsch<\/a>, <a href=\"https:\/\/scholbach.de\/es\/wp-json\/wp\/v2\/pages\/2853\" class=\"qtranxs-available-language-link qtranxs-available-language-link-es\" title=\"Espa\u00f1ol\">Espa\u00f1ol<\/a>, <a href=\"https:\/\/scholbach.de\/it\/wp-json\/wp\/v2\/pages\/2853\" class=\"qtranxs-available-language-link qtranxs-available-language-link-it\" title=\"Italiano\">Italiano<\/a>, <a href=\"https:\/\/scholbach.de\/pl\/wp-json\/wp\/v2\/pages\/2853\" class=\"qtranxs-available-language-link qtranxs-available-language-link-pl\" title=\"Polski\">Polski<\/a>, <a href=\"https:\/\/scholbach.de\/pt\/wp-json\/wp\/v2\/pages\/2853\" class=\"qtranxs-available-language-link qtranxs-available-language-link-pt\" title=\"Portugu\u00eas\">Portugu\u00eas<\/a>, <a href=\"https:\/\/scholbach.de\/in\/wp-json\/wp\/v2\/pages\/2853\" class=\"qtranxs-available-language-link qtranxs-available-language-link-in\" title=\"\u092d\u093e\u0930\u0924\">\u092d\u093e\u0930\u0924<\/a>, <a href=\"https:\/\/scholbach.de\/ja\/wp-json\/wp\/v2\/pages\/2853\" class=\"qtranxs-available-language-link qtranxs-available-language-link-ja\" title=\"\u65e5\u672c\u8a9e\">\u65e5\u672c\u8a9e<\/a> et <a href=\"https:\/\/scholbach.de\/sv\/wp-json\/wp\/v2\/pages\/2853\" class=\"qtranxs-available-language-link qtranxs-available-language-link-sv\" title=\"Svenska\">Svenska<\/a>.<\/p><p>The symptoms listed below are typically found in patients with abdominal vascular compression syndromes. Albeit each symptom may have a variety of causes, it might be helpful to explain their relationship to vascular compressions. Click on the linked symptom to get a more detailed explanation.<\/p>\n<p>In these, frequently chronic and severe symptoms, a functional, quantitative color duplex sonography applying the PixelFlux-technique should be considered to detect or rule out vascular compression syndromes:<\/p>\n<p><a id=\"anfang\" href=\"#abdomen\">Abdomen<\/a>, <a href=\"#Vegetative symptoms\">Vegetative symptoms<\/a> , <a href=\"#Genitals\">Genitals<\/a> , <a href=\"#Pelvis\">Pelvis<\/a>, <a href=\"#Thorax\">Thorax<\/a>, <a href=\"#Head\">Head<\/a>, <a href=\"#Back\">Back<\/a>, <a href=\"#Legs\">Legs<\/a>,<\/p>\n<p>&nbsp;<\/p>\n<h2><a name=\"Abdomen\"><\/a> Abdomen<\/h2>\n<p style=\"padding-left: 30px;\">Chronic pain, especially in the upper abdomen, <a href=\"https:\/\/scholbach.de\/pain-below-the-sternum\">below the sternum<\/a><\/p>\n<p style=\"padding-left: 30px;\">Flank pain &#8211; especially on the <a href=\"https:\/\/scholbach.de\/pain-on-the-left-side-of-the-body\">left side<\/a><\/p>\n<p style=\"padding-left: 30px;\">Pain, increasing after a meal<\/p>\n<p style=\"padding-left: 30px;\"><a href=\"https:\/\/scholbach.de\/inability-to-eat-enough\">Inability to eat enough<\/a><\/p>\n<p style=\"padding-left: 30px;\">Problems eating solid food<\/p>\n<p style=\"padding-left: 30px;\">Sensation of food stuck inside the intestinal tract<\/p>\n<p style=\"padding-left: 30px;\"><a href=\"https:\/\/scholbach.de\/vomiting-belching-bilious-vomiting\">Vomiting, belching, bilious vomiting<\/a><\/p>\n<p style=\"padding-left: 30px;\">Changing symptoms when changing body position or posture<\/p>\n<p style=\"padding-left: 30px;\">Irritable bowel symptoms: constipation alternating with diarrhea<\/p>\n<p style=\"padding-left: 30px;\"><a href=\"https:\/\/scholbach.de\/weakness-of-gastric-and-intestinal-peristalsis\">Weakness of gastric and intestinal peristalsis<\/a><\/p>\n<p style=\"padding-left: 30px;\"><a href=\"https:\/\/scholbach.de\/enlarged-stomach\">Enlarged stomach<\/a>, sometimes extending below the belly button<\/p>\n<p style=\"padding-left: 30px;\">Persistent nausea, especially when provoked by food intake<\/p>\n<p style=\"padding-left: 30px;\">Inappetence (loss of appetite \/ early satiety despite inadequate intake of food )<\/p>\n<p style=\"padding-left: 30px;\">Severe, unintentional weight loss<\/p>\n<p style=\"padding-left: 30px;\">Hemorrhoids \/ intestinal bleeding (if unexplained after colonoscopy)<\/p>\n<p style=\"padding-left: 30px;\">Severe gastro-esophageal reflux, if no improvement after gastroscopy and adequate treatment of the common causes occurs<\/p>\n<p style=\"padding-left: 30px;\">Massive\u00a0abdominal distension after a meal, bloating<\/p>\n<p>\u00a0 \u00a0 \u00a0 \u00a0<a href=\"https:\/\/scholbach.de\/post-prandial-pain-in-the-right-upper-abdomen-due-to-a-newly-detected-compression-syndrome\">\u00ab\u00a0Gastroparesis\u00a0\u00bb<\/a><\/p>\n<p><a href=\"https:\/\/scholbach.de\/post-prandial-pain-in-the-right-upper-abdomen-due-to-a-newly-detected-compression-syndrome\">Right-sided back pain after eating<\/a><\/p>\n<p><a href=\"https:\/\/scholbach.de\/post-prandial-pain-in-the-right-upper-abdomen-due-to-a-newly-detected-compression-syndrome\">pain in the right mid-abdomen after a meal\u00a0<\/a><\/p>\n<p><a href=\"#anfang\">back to the beginning<\/a><\/p>\n<p>&nbsp;<\/p>\n<h2><a name=\"Vegetative symptoms\"><\/a> Vegetative symptoms<\/h2>\n<p style=\"padding-left: 30px;\">Nausea<\/p>\n<p style=\"padding-left: 30px;\">Dizziness<\/p>\n<p style=\"padding-left: 30px;\">Palpitations<\/p>\n<p style=\"padding-left: 30px;\">Sudden, unexpected episodes of diarrhea<\/p>\n<p style=\"padding-left: 30px;\">Blood pressure fluctuations<\/p>\n<p style=\"padding-left: 30px;\">Fainting spells<\/p>\n<p style=\"padding-left: 30px;\">blackouts<\/p>\n<p style=\"padding-left: 30px;\">Sweats, especially after compressing the upper abdomen<\/p>\n<p style=\"padding-left: 30px;\">Disturbed intestinal peristalsis<\/p>\n<p style=\"padding-left: 30px;\">Anorexia<\/p>\n<p style=\"padding-left: 30px;\">Nausea, belching<\/p>\n<p style=\"padding-left: 30px;\">Weight loss<\/p>\n<p style=\"padding-left: 30px;\">Daytime urgency<\/p>\n<p style=\"padding-left: 30px;\">Headaches<\/p>\n<p><a href=\"#anfang\">back to the beginning<\/a><\/p>\n<p>&nbsp;<\/p>\n<h2><a id=\"Genitals\"><\/a>Genitals<\/h2>\n<p style=\"padding-left: 40px;\">Pain during or after sexual intercourse &#8211; dyspareunia<\/p>\n<p style=\"padding-left: 40px;\">swelling of the labia or sensation of swelling<\/p>\n<p style=\"text-align: left; padding-left: 40px;\">enlarged, varicose veins around or at the external genitals<\/p>\n<p style=\"padding-left: 40px;\">unpleasant, frequent, odd,\u00a0 unmotivated sexual arousal<\/p>\n<p style=\"padding-left: 40px;\">tingling, burning, numb sensations at the external genitals (often including the deep vagina)<\/p>\n<p style=\"padding-left: 40px;\">Pain at the clitoris (in male glans penis correspondingly)<\/p>\n<p style=\"padding-left: 40px;\">erectile dysfunction<\/p>\n<p style=\"padding-left: 40px;\">protruding veins at the labia and inner upper thigh<\/p>\n<p style=\"padding-left: 40px;\">severe \/ painful menstruation<\/p>\n<p style=\"padding-left: 40px;\">massive menstrual blood losses<\/p>\n<p style=\"padding-left: 40px;\">non-menstrual vaginal bleeding (sometimes even after hysterectomy)<\/p>\n<p style=\"padding-left: 40px;\">bleeding after sexual intercourse (always see a gynaecologist to rule out cervical cancer!)<\/p>\n<p style=\"padding-left: 40px;\">varicocele (enlarged veins around the testicles inside the scrotum)<\/p>\n<p style=\"padding-left: 40px;\">increasing genital discomfort while sitting or standing for a certain time<\/p>\n<p>&nbsp;<\/p>\n<p><a href=\"#anfang\">back to the beginning<\/a><\/p>\n<p>&nbsp;<\/p>\n<h2><a name=\"Pelvis\"><\/a> Pelvis<\/h2>\n<p style=\"padding-left: 30px;\"><a href=\"https:\/\/www.jstage.jst.go.jp\/article\/biomedres\/39\/6\/39_269\/_article\/-char\/ja\/\">Urinary symptoms<\/a><\/p>\n<p style=\"padding-left: 40px;\">feeling of being unable to empty the bladder completely<\/p>\n<p style=\"padding-left: 40px;\">need to squeeze the urine out: at first affected women bend forward during urination, then they press their bladder with their hands and finally utinary retention occurs and self-catheterization becomes necessary<\/p>\n<p style=\"padding-left: 30px;\">Recurrent painful, burning micturation\u00a0 &#8211; after exclusion of an infection. Often a bacterial infection is suspected due to the combination of pain, urgency, hematuria and proteinuria but leucocytes and bacteria cannot be found,\u00a0 antibiotics fail<\/p>\n<p style=\"padding-left: 30px;\">Micro &#8211; or macrohematuria &#8211; otherwise unexplained<\/p>\n<p style=\"padding-left: 30px;\">Pain<\/p>\n<p style=\"padding-left: 60px;\">after only slight pressure on the lower abdomen<\/p>\n<p style=\"padding-left: 60px;\">radiating into the genitals<\/p>\n<p style=\"padding-left: 60px;\">in the perineal region<\/p>\n<p style=\"padding-left: 60px;\">during bowel movements<\/p>\n<p style=\"padding-left: 60px;\">when utinating<\/p>\n<p style=\"padding-left: 30px;\">Unbearable pain below the navel, often right to the midline<\/p>\n<p style=\"padding-left: 30px;\">Improvement of pain when crouching, curling up , when flexing the hips, when raising the legs while sitting or laying supine<\/p>\n<p style=\"padding-left: 30px;\">Increased pain when standing, walking or during mental\/emotional stress<\/p>\n<p style=\"padding-left: 30px;\">Pain in the region of the appendix after exclusion of more common causes<\/p>\n<p style=\"padding-left: 30px;\">Endometriosis pain that does not respond to treatment<\/p>\n<p><a href=\"#anfang\">back to the beginning<\/a><\/p>\n<p>&nbsp;<\/p>\n<h2><a name=\"Thorax\"><\/a> Thorax<\/h2>\n<p style=\"padding-left: 30px;\">Thoracic pain: behind the sternum, in the region of the heart<\/p>\n<p style=\"padding-left: 30px;\">Difficulties with breathing : inability to inhale deeply<\/p>\n<p style=\"padding-left: 30px;\">Asthma, which does not respond to asthma therapy<\/p>\n<p style=\"padding-left: 30px;\">Unexplained attacks of respiratory distress, which might have been classified to be asthma attacks<\/p>\n<p style=\"padding-left: 30px;\">Sudden palpitations when the patient changes body position or after a meal<\/p>\n<p style=\"padding-left: 30px;\">Postural tachycardia syndrome (POTS)<\/p>\n<p style=\"padding-left: 30px;\">Blocked inspiration<\/p>\n<p><a href=\"#anfang\">back to the beginning<\/a><\/p>\n<p>&nbsp;<\/p>\n<h2><a name=\"Head\"><\/a> Head<\/h2>\n<p style=\"padding-left: 30px;\">Preliminary note: severe and progressive symptoms should always be presented to a neurologist, ENT specialist, ophthalmologist and radiologist<\/p>\n<p style=\"padding-left: 30px;\">Chronic headache in chronic abdominal pain<\/p>\n<p style=\"padding-left: 30px;\">Obstructed nasal inspiration in the morning, which disappears after getting up<\/p>\n<p style=\"padding-left: 30px;\">Nosebleeds of unknown cause<\/p>\n<p style=\"padding-left: 30px;\">Migraine<\/p>\n<p style=\"padding-left: 30px;\">Neck pain, pain that spreads from the neck over the entire skull<\/p>\n<p style=\"padding-left: 30px;\">Dizziness of unknown cause<\/p>\n<p style=\"padding-left: 30px;\">Unexplainable convulsions<\/p>\n<p style=\"padding-left: 30px;\">Instability of the head requiring support by ortheses or the hands<\/p>\n<p><a href=\"#anfang\">back to the beginning<\/a><\/p>\n<p>&nbsp;<\/p>\n<h2><a name=\"Back\"><\/a> Back<\/h2>\n<p style=\"padding-left: 30px;\">Back pain, especially left sided<\/p>\n<p style=\"padding-left: 30px;\">Scoliosis<\/p>\n<p style=\"padding-left: 30px;\">Severe lordosis<\/p>\n<p style=\"padding-left: 30px;\">Pulsating back pain<\/p>\n<p style=\"padding-left: 30px;\">Pain above the iliac crest<\/p>\n<p><a href=\"#anfang\">back to the beginning<\/a><\/p>\n<p>&nbsp;<\/p>\n<h2><a name=\"Legs\"><\/a> Legs and Arms<\/h2>\n<p style=\"padding-left: 30px;\">Weakness and paralysis of the legs &#8211; here, of course, primarily\u00a0 neurological and radiological diagnostics are mandatory<\/p>\n<p style=\"padding-left: 30px;\">Swelling of the legs or feet &#8211; left-sided in the begining, later also on the right side<\/p>\n<p style=\"padding-left: 30px;\">Varices, eft-sided in the begining, later also on the right side<\/p>\n<p style=\"padding-left: 30px;\">Heaviness<\/p>\n<p style=\"padding-left: 30px;\">Tingling, numbness &#8211; primarily neurological diagnostic mandatory<\/p>\n<p style=\"padding-left: 30px;\">Thrombosis<\/p>\n<p>\u00a0\u00a0\u00a0\u00a0\u00a0\u00a0 Restless legs<\/p>\n<p style=\"padding-left: 40px;\">Muscle twitching in legas kater on in the arms<\/p>\n<p style=\"padding-left: 40px;\">Thoracic inlet and outlet syndrome with arm , shoulder and hand pain, swelling, discoloration, often dependent on the position of the arms<\/p>\n<p><a href=\"#anfang\">back to the beginning<\/a><\/p>","protected":false},"excerpt":{"rendered":"<p>D\u00e9sol\u00e9, cet article est seulement disponible en English, Deutsch, Espa\u00f1ol, Italiano, Polski, Portugu\u00eas, \u092d\u093e\u0930\u0924, \u65e5\u672c\u8a9e et Svenska.The symptoms listed below are typically found in patients with abdominal vascular compression syndromes. Albeit each symptom may have a variety of causes, it might be helpful to explain their relationship to vascular compressions. Click on the linked symptom [&hellip;]<\/p>\n","protected":false},"author":5,"featured_media":0,"parent":2962,"menu_order":1,"comment_status":"closed","ping_status":"closed","template":"","meta":{"om_disable_all_campaigns":false,"footnotes":""},"class_list":["post-2853","page","type-page","status-publish","hentry"],"_links":{"self":[{"href":"https:\/\/scholbach.de\/fr\/wp-json\/wp\/v2\/pages\/2853","targetHints":{"allow":["GET"]}}],"collection":[{"href":"https:\/\/scholbach.de\/fr\/wp-json\/wp\/v2\/pages"}],"about":[{"href":"https:\/\/scholbach.de\/fr\/wp-json\/wp\/v2\/types\/page"}],"author":[{"embeddable":true,"href":"https:\/\/scholbach.de\/fr\/wp-json\/wp\/v2\/users\/5"}],"replies":[{"embeddable":true,"href":"https:\/\/scholbach.de\/fr\/wp-json\/wp\/v2\/comments?post=2853"}],"version-history":[{"count":77,"href":"https:\/\/scholbach.de\/fr\/wp-json\/wp\/v2\/pages\/2853\/revisions"}],"predecessor-version":[{"id":8923,"href":"https:\/\/scholbach.de\/fr\/wp-json\/wp\/v2\/pages\/2853\/revisions\/8923"}],"up":[{"embeddable":true,"href":"https:\/\/scholbach.de\/fr\/wp-json\/wp\/v2\/pages\/2962"}],"wp:attachment":[{"href":"https:\/\/scholbach.de\/fr\/wp-json\/wp\/v2\/media?parent=2853"}],"curies":[{"name":"wp","href":"https:\/\/api.w.org\/{rel}","templated":true}]}}