{"id":24,"date":"2015-12-26T14:31:49","date_gmt":"2015-12-26T14:31:49","guid":{"rendered":"http:\/\/wp12612379.server-he.de\/?page_id=24"},"modified":"2024-11-18T13:19:59","modified_gmt":"2024-11-18T12:19:59","slug":"expertise","status":"publish","type":"page","link":"https:\/\/scholbach.de\/fr\/expertise","title":{"rendered":"Qualifications, exp\u00e9riences et comp\u00e9tences"},"content":{"rendered":"<p><\/p>\n<h4>Titres acad\u00e9miques<\/h4>\n<p>\u00b7\u00a0\u00a0\u00a0\u00a0\u00a0\u00a0\u00a0\u00a0 Dipl\u00f4me d\u2019\u00e9tat de docteur en m\u00e9decine, sp\u00e9cialit\u00e9 p\u00e9diatrique (\u00e9quivalence allemande)<\/p>\n<p><em>\u00b7\u00a0\u00a0\u00a0\u00a0\u00a0\u00a0\u00a0\u00a0 <\/em>Th\u00e8se\u00a0: <em>Mise en \u00e9vidence de m\u00e9diateurs de la r\u00e9ponse immunitaire \u00e0 m\u00e9diation cellulaire \u00e0 l\u2019aide d\u2019un test au t\u00e9trazolium de nitroblue optimis\u00e9 et lu par spectrophotographie<\/em> (titre original\u00a0: <em>Nachweis von Mediatoren zellvermittelter Immunreaktionen mit Hilfe eines optimierten, spektrophotometrisch ausgewerteten NBT-Tests)<\/em><\/p>\n<p><em>\u00b7\u00a0\u00a0\u00a0\u00a0\u00a0\u00a0\u00a0\u00a0 <\/em>Habilitation\u00a0: <em>Examen \u00e9chographie-doppler r\u00e9nale d\u2019enfants sains et atteints d\u2019un syndrome h\u00e9molytique et ur\u00e9mique <\/em>(titre original\u00a0: <em>Duplexsonografische Untersuchungen der Nieren gesunder Kinder und von Kindern mit h\u00e4molytisch-ur\u00e4mischem Syndrom)<\/em><\/p>\n<p>\u00b7\u00a0\u00a0\u00a0\u00a0\u00a0\u00a0\u00a0\u00a0 Venia legendi de l\u2019universit\u00e9 de Leipzig<\/p>\n<p>\u00b7\u00a0\u00a0\u00a0\u00a0\u00a0\u00a0\u00a0\u00a0 Professeur \u00e0 l\u2019universit\u00e9 technique de Dresde (TU Dresden)<\/p>\n<p>\u00b7\u00a0\u00a0\u00a0\u00a0\u00a0\u00a0\u00a0\u00a0 Directeur de nombreuses \u00e9tudes internationales<\/p>\n<p>\u00b7\u00a0\u00a0\u00a0\u00a0\u00a0\u00a0\u00a0\u00a0 Auteur de plus de 100 publications scientifiques<\/p>\n<p>\u00b7\u00a0\u00a0\u00a0\u00a0\u00a0\u00a0\u00a0\u00a0 Lancement de la m\u00e9thode du PixelFlux, et mesure de la perfusion des tissus en \u00e9chographie (premi\u00e8re mondiale)<\/p>\n<h4>Certificat<\/h4>\n<p>\u00b7\u00a0\u00a0\u00a0\u00a0\u00a0\u00a0\u00a0\u00a0 Jusqu&rsquo;\u00e0 son d\u00e9part de DEGUM le 31.12.2023 : Formateur de la soci\u00e9t\u00e9 allemande d\u2019\u00e9chographie m\u00e9dicale (DEGUM), grade III (\u00ab comp\u00e9tences scientifiques sp\u00e9ciales sur des sujets particuliers \u00bb)<\/p>\n<h4>Pr\u00e9sentation et congr\u00e8s<\/h4>\n<p>\u00b7\u00a0\u00a0\u00a0\u00a0\u00a0\u00a0\u00a0\u00a0 Congr\u00e8s mondial d\u2019\u00e9chographie et d\u2019\u00e9chographie lors de l\u2019accouchement<\/p>\n<p>\u00b7\u00a0\u00a0\u00a0\u00a0\u00a0\u00a0\u00a0\u00a0 Congr\u00e8s europ\u00e9en des maladies r\u00e9nales<\/p>\n<p>\u00b7\u00a0\u00a0\u00a0\u00a0\u00a0\u00a0\u00a0\u00a0 Congr\u00e8s allemands, europ\u00e9ens et internationaux d\u2019\u00e9chographie<\/p>\n<p>\u00b7\u00a0\u00a0\u00a0\u00a0\u00a0\u00a0\u00a0\u00a0 Congr\u00e8s de p\u00e9diatrie<\/p>\n<p>\u00b7\u00a0\u00a0\u00a0\u00a0\u00a0\u00a0\u00a0\u00a0 Invitation pour des pr\u00e9sentations \u00e0 l\u2019\u00e9tranger (Chine, Canada, Suisse, Belgique, Norv\u00e8ge, Taiwan)<\/p>\n<h4>Prix<\/h4>\n<p>\u00b7\u00a0\u00a0\u00a0\u00a0\u00a0\u00a0\u00a0\u00a0 Laur\u00e9at du prix de la soci\u00e9t\u00e9 europ\u00e9enne d\u2019\u00e9chographie (EFSUMB) en 2015<\/p>\n<p>\u00b7\u00a0\u00a0\u00a0\u00a0\u00a0\u00a0\u00a0\u00a0 Plusieurs fois laur\u00e9ats du prix de la soci\u00e9t\u00e9 allemande d\u2019\u00e9chographie (DEGUM)<\/p>\n<p>\u00b7\u00a0\u00a0\u00a0\u00a0\u00a0\u00a0\u00a0\u00a0 Prix Arthur-Schlossmann et prix du meilleur poster de la soci\u00e9t\u00e9 de p\u00e9diatrie et p\u00e9dochirurgie de Saxe-Thuringe<\/p>","protected":false},"excerpt":{"rendered":"<p>Titres acad\u00e9miques \u00b7\u00a0\u00a0\u00a0\u00a0\u00a0\u00a0\u00a0\u00a0 Dipl\u00f4me d\u2019\u00e9tat de docteur en m\u00e9decine, sp\u00e9cialit\u00e9 p\u00e9diatrique (\u00e9quivalence allemande) \u00b7\u00a0\u00a0\u00a0\u00a0\u00a0\u00a0\u00a0\u00a0 Th\u00e8se\u00a0: Mise en \u00e9vidence de m\u00e9diateurs de la r\u00e9ponse immunitaire \u00e0 m\u00e9diation cellulaire \u00e0 l\u2019aide d\u2019un test au t\u00e9trazolium de nitroblue optimis\u00e9 et lu par spectrophotographie (titre original\u00a0: Nachweis von Mediatoren zellvermittelter Immunreaktionen mit Hilfe eines optimierten, spektrophotometrisch ausgewerteten NBT-Tests) \u00b7\u00a0\u00a0\u00a0\u00a0\u00a0\u00a0\u00a0\u00a0 [&hellip;]<\/p>\n","protected":false},"author":4,"featured_media":0,"parent":0,"menu_order":6,"comment_status":"closed","ping_status":"closed","template":"","meta":{"om_disable_all_campaigns":false,"footnotes":""},"class_list":["post-24","page","type-page","status-publish","hentry"],"_links":{"self":[{"href":"https:\/\/scholbach.de\/fr\/wp-json\/wp\/v2\/pages\/24","targetHints":{"allow":["GET"]}}],"collection":[{"href":"https:\/\/scholbach.de\/fr\/wp-json\/wp\/v2\/pages"}],"about":[{"href":"https:\/\/scholbach.de\/fr\/wp-json\/wp\/v2\/types\/page"}],"author":[{"embeddable":true,"href":"https:\/\/scholbach.de\/fr\/wp-json\/wp\/v2\/users\/4"}],"replies":[{"embeddable":true,"href":"https:\/\/scholbach.de\/fr\/wp-json\/wp\/v2\/comments?post=24"}],"version-history":[{"count":52,"href":"https:\/\/scholbach.de\/fr\/wp-json\/wp\/v2\/pages\/24\/revisions"}],"predecessor-version":[{"id":8920,"href":"https:\/\/scholbach.de\/fr\/wp-json\/wp\/v2\/pages\/24\/revisions\/8920"}],"wp:attachment":[{"href":"https:\/\/scholbach.de\/fr\/wp-json\/wp\/v2\/media?parent=24"}],"curies":[{"name":"wp","href":"https:\/\/api.w.org\/{rel}","templated":true}]}}