{"id":225,"date":"2016-01-24T22:03:08","date_gmt":"2016-01-24T22:03:08","guid":{"rendered":"http:\/\/wp12612379.server-he.de\/?page_id=225"},"modified":"2021-09-11T10:29:39","modified_gmt":"2021-09-11T10:29:39","slug":"nussknacker","status":"publish","type":"page","link":"https:\/\/scholbach.de\/fr\/wissenschaft\/deutsch-ultraschalldiagnostik\/deutsch-gefaskompressionen\/nussknacker","title":{"rendered":"Syndrome da la casse-noisette et ph\u00e9nom\u00e8ne de la pince m\u00e9sent\u00e9rique"},"content":{"rendered":"<p>Le syndrome da la casse-noisette et le ph\u00e9nom\u00e8ne de la pince m\u00e9sent\u00e9rique (ou pince aorto-m\u00e9sent\u00e9rique) est un ph\u00e9nom\u00e8ne de compression vasculaire tr\u00e8s fr\u00e9quent. J\u2019ai diagnostiqu\u00e9 et pris en charge des centaines de patients depuis 20 ans.<\/p>\n<p>Il se constitue en raison de la position vertical de l\u2019homme qui entraine une courbure de la colonne vert\u00e9brale au niveau dorsale (lordose). Douleur abdominale, douleur du flanc (souvent gauche), d\u00e9formation de la colonne vert\u00e9brale vers la gauche, douleur du bas-ventre (chez la femme et la jeune fille souvent au niveau de l\u2019ovaire gauche), douleur dorsale, maux de t\u00eate, h\u00e9morro\u00efdes, douleur g\u00e9nitale (lors des rapports sexuels, douleur testiculaire) sont les principaux sympt\u00f4mes. Le diagnose peut \u00eatre pos\u00e9 de fa\u00e7on claire par une doppler-\u00e9chographie.<\/p>\n<p>Le terme <u>syndrome<\/u> de la casse-noisette ou pince m\u00e9sent\u00e9rique est utilis\u00e9 lorsqu\u2019il existe \u00e9galement une h\u00e9maturie (sang dans les urines).<\/p>\n<p>Le ph\u00e9nom\u00e8ne est pr\u00e9sent\u00e9 sur le sch\u00e9ma ci-dessous. La veine r\u00e9nale est coinc\u00e9e entre l\u2019aorte et l\u2019art\u00e8re m\u00e9sent\u00e9rique sup\u00e9rieure. Le gros rond bleu repr\u00e9sente l\u2019aorte, le petit rond bleu l\u2019art\u00e8re m\u00e9sent\u00e9rique sup\u00e9rieure. En rouge la veine r\u00e9nale, venant de la droite et coinc\u00e9e entre les deux art\u00e8res, entrainant une dilitation veineuse en amont.<\/p>\n<p>L\u2019image suivante montre la m\u00eame chose en \u00e9chographie\u00a0:<\/p>\n<p><img decoding=\"async\" class=\"alignnone size-large wp-image-331\" src=\"http:\/\/wp12612379.server-he.de\/wp-content\/uploads\/2016\/06\/Folie40-1024x576.jpg\" alt=\"Folie40\" width=\"100%\" height=\"auto\" srcset=\"https:\/\/scholbach.de\/wp-content\/uploads\/2016\/06\/Folie40-1024x576.jpg 1024w, https:\/\/scholbach.de\/wp-content\/uploads\/2016\/06\/Folie40-300x169.jpg 300w, https:\/\/scholbach.de\/wp-content\/uploads\/2016\/06\/Folie40.jpg 1280w\" sizes=\"(max-width: 1024px) 100vw, 1024px\" \/><\/p>\n<p>&nbsp;<\/p>\n<p><img decoding=\"async\" class=\"alignnone size-large wp-image-403\" src=\"http:\/\/wp12612379.server-he.de\/wp-content\/uploads\/2016\/01\/nussknacker_01.jpg\" alt=\"nussknacker_01\" width=\"100%\" height=\"auto\" srcset=\"https:\/\/scholbach.de\/wp-content\/uploads\/2016\/01\/nussknacker_01.jpg 467w, https:\/\/scholbach.de\/wp-content\/uploads\/2016\/01\/nussknacker_01-300x279.jpg 300w\" sizes=\"(max-width: 467px) 100vw, 467px\" \/><\/p>\n<p><strong>Collat\u00e9rales et sympt\u00f4mes r\u00e9sultants<\/strong><\/p>\n<p>L\u2019\u00e9coulement sanguin \u00e9tant entrav\u00e9, l\u2019utilisation d\u2019autre vaisseaux sanguins (des collat\u00e9rales) est n\u00e9cessaire. On observe alors souvent une dilatation veineuse des organes du petit bassin, responsable de douleurs et de troubles fonctionnels\u00a0: besoin pressant d\u2019uriner malgr\u00e9 une vessie peu remplie, r\u00e8gles douloureuses, douleur \u00e0 la d\u00e9f\u00e9cation en raison d\u2019h\u00e9morro\u00efdes, douleur g\u00e9nitale, varices et thromboses de la jambe gauche.<\/p>\n<p>La veine ovarienne gauche est une collat\u00e9rale fr\u00e9quente. Elle r\u00e9cup\u00e8re, contrairement \u00e0 une situation normale, le sang de la veine r\u00e9nale gauche et fait circuler ce sang \u00ab\u00a0\u00e0 contre-courant\u00a0\u00bb via l\u2019ovaire gauche dans la veine iliaque commune gauche. Cette derni\u00e8re pouvant \u00e9galement \u00eatre comprim\u00e9e, le sang passe alors via l\u2019ut\u00e9rus du cot\u00e9 droit dans la veine cave inf\u00e9rieure. On observe en \u00e9chographie une dilatation sinueuse de la veine ovarienne. Ce r\u00e9sultat est du \u00e0 l\u2019augmentation de la pression sanguine par la compression de la veine r\u00e9nale gauche. Il en r\u00e9sulte des douleurs du bas ventre, souvent gauche.<\/p>\n<p>&nbsp;<\/p>\n<p>&nbsp;<\/p>\n<p><img decoding=\"async\" class=\"alignnone size-large wp-image-402\" src=\"http:\/\/wp12612379.server-he.de\/wp-content\/uploads\/2016\/01\/nussknacker_02.jpg\" alt=\"nussknacker_02\" width=\"100%\" height=\"auto\" srcset=\"https:\/\/scholbach.de\/wp-content\/uploads\/2016\/01\/nussknacker_02.jpg 824w, https:\/\/scholbach.de\/wp-content\/uploads\/2016\/01\/nussknacker_02-300x214.jpg 300w\" sizes=\"(max-width: 824px) 100vw, 824px\" \/><\/p>\n<p>&nbsp;<\/p>\n<p>L&rsquo;animation suivante illustre les obstacles de la circulation sanguine du rein gauche au ph\u00e9nom\u00e8ne de la pince m\u00e9sent\u00e9rique:<\/p>\n<div style=\"width: 640px;\" class=\"wp-video\"><video class=\"wp-video-shortcode\" id=\"video-225-4\" width=\"640\" height=\"360\" preload=\"metadata\" controls=\"controls\"><source type=\"video\/mp4\" src=\"http:\/\/wp12612379.server-he.de\/wp-content\/uploads\/2016\/01\/Nussknackerph\u00e4nomen.mp4?_=4\" \/><a href=\"http:\/\/wp12612379.server-he.de\/wp-content\/uploads\/2016\/01\/Nussknackerph\u00e4nomen.mp4\">http:\/\/wp12612379.server-he.de\/wp-content\/uploads\/2016\/01\/Nussknackerph\u00e4nomen.mp4<\/a><\/video><\/div>\n<p>&nbsp;<\/p>\n<p>Options th\u00e9rapeutiques<\/p>\n<p>La th\u00e9rapie commence par des exercices de r\u00e9duction de la lordose et peut \u00eatre compl\u00e9t\u00e9 par m\u00e9dicament ou chirurgie vasculaire. L&rsquo;effet de toutes les th\u00e9rapies peut \u00eatre mesur\u00e9e par \u00e9chographique avec la technique PixelFlux.<\/p>\n<p>Ceci est la condition sine qua non des recommandations pour le traitement.<\/p>","protected":false},"excerpt":{"rendered":"<p>Le syndrome da la casse-noisette et le ph\u00e9nom\u00e8ne de la pince m\u00e9sent\u00e9rique (ou pince aorto-m\u00e9sent\u00e9rique) est un ph\u00e9nom\u00e8ne de compression vasculaire tr\u00e8s fr\u00e9quent. J\u2019ai diagnostiqu\u00e9 et pris en charge des centaines de patients depuis 20 ans. Il se constitue en raison de la position vertical de l\u2019homme qui entraine une courbure de la colonne vert\u00e9brale [&hellip;]<\/p>\n","protected":false},"author":4,"featured_media":0,"parent":66,"menu_order":1,"comment_status":"closed","ping_status":"closed","template":"","meta":{"om_disable_all_campaigns":false,"footnotes":""},"class_list":["post-225","page","type-page","status-publish","hentry"],"_links":{"self":[{"href":"https:\/\/scholbach.de\/fr\/wp-json\/wp\/v2\/pages\/225","targetHints":{"allow":["GET"]}}],"collection":[{"href":"https:\/\/scholbach.de\/fr\/wp-json\/wp\/v2\/pages"}],"about":[{"href":"https:\/\/scholbach.de\/fr\/wp-json\/wp\/v2\/types\/page"}],"author":[{"embeddable":true,"href":"https:\/\/scholbach.de\/fr\/wp-json\/wp\/v2\/users\/4"}],"replies":[{"embeddable":true,"href":"https:\/\/scholbach.de\/fr\/wp-json\/wp\/v2\/comments?post=225"}],"version-history":[{"count":76,"href":"https:\/\/scholbach.de\/fr\/wp-json\/wp\/v2\/pages\/225\/revisions"}],"predecessor-version":[{"id":6544,"href":"https:\/\/scholbach.de\/fr\/wp-json\/wp\/v2\/pages\/225\/revisions\/6544"}],"up":[{"embeddable":true,"href":"https:\/\/scholbach.de\/fr\/wp-json\/wp\/v2\/pages\/66"}],"wp:attachment":[{"href":"https:\/\/scholbach.de\/fr\/wp-json\/wp\/v2\/media?parent=225"}],"curies":[{"name":"wp","href":"https:\/\/api.w.org\/{rel}","templated":true}]}}