{"id":2041,"date":"2018-03-25T16:13:20","date_gmt":"2018-03-25T16:13:20","guid":{"rendered":"http:\/\/scholbach.de\/?page_id=2041"},"modified":"2021-09-11T10:31:20","modified_gmt":"2021-09-11T10:31:20","slug":"beispiel-fuer-den-einfluss-der-lordose-auf-die-kompression-abdominaler-venen","status":"publish","type":"page","link":"https:\/\/scholbach.de\/fr\/wissenschaft\/deutsch-ultraschalldiagnostik\/deutsch-gefaskompressionen\/lordogenetisches-mittellinensyndrom\/beispiel-fuer-den-einfluss-der-lordose-auf-die-kompression-abdominaler-venen","title":{"rendered":"Exemple d&rsquo;effet de la lordose lombaire sur la compression des veines abdominales"},"content":{"rendered":"<p>Sur cette page, je vais donner quelques exemples sur le m\u00e9canisme de la compression lordotique des structures en avant de la colonne vert\u00e9brale, conduisant ainsi aux syndromes de compression abdominale.<\/p>\n<p>Dans le premier exemple, une forte lordose comprime la veine cave inf\u00e9rieure chez un patient :<\/p>\n<p>Dans les images Doppler couleur, le flux sanguin est cod\u00e9 dans diff\u00e9rentes couleurs :<\/p>\n<p>Le rouge est affect\u00e9 au flux vers la surface du corps,<\/p>\n<p>Le bleu est affect\u00e9 au flux s&rsquo;\u00e9loignant de la surface du corps,<\/p>\n<p>vert est attribu\u00e9 \u00e0 un flux turbulent qui indique une acc\u00e9l\u00e9ration ou des perturbations pathologiques du flux sanguin.<\/p>\n<p>&nbsp;<\/p>\n<p><img loading=\"lazy\" decoding=\"async\" class=\"alignnone wp-image-2047\" src=\"https:\/\/scholbach.de\/wp-content\/uploads\/2018\/03\/vena-cava-inferior-compression.jpg\" alt=\"\" width=\"591\" height=\"241\" srcset=\"https:\/\/scholbach.de\/wp-content\/uploads\/2018\/03\/vena-cava-inferior-compression.jpg 1267w, https:\/\/scholbach.de\/wp-content\/uploads\/2018\/03\/vena-cava-inferior-compression-300x122.jpg 300w, https:\/\/scholbach.de\/wp-content\/uploads\/2018\/03\/vena-cava-inferior-compression-768x313.jpg 768w, https:\/\/scholbach.de\/wp-content\/uploads\/2018\/03\/vena-cava-inferior-compression-1024x417.jpg 1024w\" sizes=\"auto, (max-width: 591px) 100vw, 591px\" \/><\/p>\n<p><img loading=\"lazy\" decoding=\"async\" class=\"alignnone wp-image-2046\" src=\"https:\/\/scholbach.de\/wp-content\/uploads\/2018\/03\/flow-acceleration-in-compressed-vena-cava.jpg\" alt=\"\" width=\"568\" height=\"242\" srcset=\"https:\/\/scholbach.de\/wp-content\/uploads\/2018\/03\/flow-acceleration-in-compressed-vena-cava.jpg 1222w, https:\/\/scholbach.de\/wp-content\/uploads\/2018\/03\/flow-acceleration-in-compressed-vena-cava-300x128.jpg 300w, https:\/\/scholbach.de\/wp-content\/uploads\/2018\/03\/flow-acceleration-in-compressed-vena-cava-768x327.jpg 768w, https:\/\/scholbach.de\/wp-content\/uploads\/2018\/03\/flow-acceleration-in-compressed-vena-cava-1024x437.jpg 1024w\" sizes=\"auto, (max-width: 568px) 100vw, 568px\" \/><\/p>\n<p>Les images ci-dessus montrent le fait de la compression de la veine cave par la colonne lordotique. A son d\u00e9but, l\u00e0 o\u00f9 la veine est encore large, l&rsquo;\u00e9coulement est assez lent -22 cm\/s. Quelques centim\u00e8tres plus haut, l\u00e0 o\u00f9 les turbulences se produisent, la vitesse d&rsquo;\u00e9coulement augmente rapidement pour atteindre une valeur huit fois sup\u00e9rieure \u00e0 la normale.<\/p>\n<p>L&rsquo;image ci-dessous montre la compression s\u00e9v\u00e8re de la veine r\u00e9nale gauche dans un syndrome de casse-noix. La compression est exerc\u00e9e par le renflement ant\u00e9rieur de la colonne lombaire, en appuyant par l&rsquo;arri\u00e8re contre l&rsquo;aorte. L&rsquo;aorte relev\u00e9e comprime ensuite la veine r\u00e9nale gauche par l&rsquo;arri\u00e8re, provoquant ainsi une acc\u00e9l\u00e9ration extr\u00eame du d\u00e9bit \u00e0 346 cm\/s dans une veine ! C&rsquo;est environ 15 fois la vitesse normale de l&rsquo;\u00e9coulement dans la veine r\u00e9nale gauche. Les images ci-dessous montrent l&rsquo;effet de la d\u00e9compression par \u00e9tirement actif de la colonne lombaire, contrecarrant ainsi la lordose et r\u00e9duisant la pression lordotique. Les turbulences disparaissent presque compl\u00e8tement et la vitesse d&rsquo;\u00e9coulement chute \u00e0 un neuvi\u00e8me des valeurs pr\u00e9c\u00e9dentes, ce qui indique une r\u00e9duction de la pression veineuse dans la m\u00eame plage.<\/p>\n<p>&nbsp;<\/p>\n<p><img loading=\"lazy\" decoding=\"async\" class=\"alignnone wp-image-2043\" src=\"https:\/\/scholbach.de\/wp-content\/uploads\/2018\/03\/compression-of-the-left-renal-vein-with-spectral-analyses.jpg\" alt=\"\" width=\"608\" height=\"242\" srcset=\"https:\/\/scholbach.de\/wp-content\/uploads\/2018\/03\/compression-of-the-left-renal-vein-with-spectral-analyses.jpg 1303w, https:\/\/scholbach.de\/wp-content\/uploads\/2018\/03\/compression-of-the-left-renal-vein-with-spectral-analyses-300x119.jpg 300w, https:\/\/scholbach.de\/wp-content\/uploads\/2018\/03\/compression-of-the-left-renal-vein-with-spectral-analyses-768x305.jpg 768w, https:\/\/scholbach.de\/wp-content\/uploads\/2018\/03\/compression-of-the-left-renal-vein-with-spectral-analyses-1024x407.jpg 1024w\" sizes=\"auto, (max-width: 608px) 100vw, 608px\" \/><\/p>\n<p><img loading=\"lazy\" decoding=\"async\" class=\"alignnone wp-image-2045\" src=\"https:\/\/scholbach.de\/wp-content\/uploads\/2018\/03\/decompression-of-the-left-renal-vein.jpg\" alt=\"\" width=\"607\" height=\"246\" srcset=\"https:\/\/scholbach.de\/wp-content\/uploads\/2018\/03\/decompression-of-the-left-renal-vein.jpg 1301w, https:\/\/scholbach.de\/wp-content\/uploads\/2018\/03\/decompression-of-the-left-renal-vein-300x122.jpg 300w, https:\/\/scholbach.de\/wp-content\/uploads\/2018\/03\/decompression-of-the-left-renal-vein-768x311.jpg 768w, https:\/\/scholbach.de\/wp-content\/uploads\/2018\/03\/decompression-of-the-left-renal-vein-1024x415.jpg 1024w\" sizes=\"auto, (max-width: 607px) 100vw, 607px\" \/><\/p>\n<p><img loading=\"lazy\" decoding=\"async\" class=\"alignnone wp-image-2044\" src=\"https:\/\/scholbach.de\/wp-content\/uploads\/2018\/03\/decompression-of-the-left-renal-vein-with-spectral-analysis.jpg\" alt=\"\" width=\"607\" height=\"245\" srcset=\"https:\/\/scholbach.de\/wp-content\/uploads\/2018\/03\/decompression-of-the-left-renal-vein-with-spectral-analysis.jpg 1293w, https:\/\/scholbach.de\/wp-content\/uploads\/2018\/03\/decompression-of-the-left-renal-vein-with-spectral-analysis-300x121.jpg 300w, https:\/\/scholbach.de\/wp-content\/uploads\/2018\/03\/decompression-of-the-left-renal-vein-with-spectral-analysis-768x309.jpg 768w, https:\/\/scholbach.de\/wp-content\/uploads\/2018\/03\/decompression-of-the-left-renal-vein-with-spectral-analysis-1024x413.jpg 1024w\" sizes=\"auto, (max-width: 607px) 100vw, 607px\" \/><\/p>\n<p>Les images ci-dessous montrent l&rsquo;effet de la pression de la colonne lombaire sur la compression de la veine r\u00e9nale gauche dans le casse-noix art\u00e9riel vu en coupe horizontale.<\/p>\n<p>La vue conventionnelle du syndrome de casse-noix est que la veine est clamp\u00e9e par les deux branches du casse-noix &#8211; l&rsquo;art\u00e8re m\u00e9sent\u00e9rique sup\u00e9rieure en avant de la veine ainsi que l&rsquo;aorte derri\u00e8re la veine. Mais les observations chez les patients chez qui l&rsquo;art\u00e8re m\u00e9sent\u00e9rique sup\u00e9rieure a \u00e9t\u00e9 transplant\u00e9e vers le bas pour soulager un syndrome de Wilkie montrent clairement que la d\u00e9compression de la branche frontale du casse-noix &#8211; l&rsquo;art\u00e8re m\u00e9sent\u00e9rique sup\u00e9rieure &#8211; ne r\u00e9duit pas suffisamment la pression dans la veine r\u00e9nale gauche. La pression principale est exerc\u00e9e par l&rsquo;aorte par l&rsquo;arri\u00e8re !<\/p>\n<p>Sur l&rsquo;image de gauche, le patient est dans une position corporelle d\u00e9tendue, donc \u00ab\u00a0normale\u00a0\u00bb. La veine r\u00e9nale gauche est presque compl\u00e8tement comprim\u00e9e par l&rsquo;aorte par l&rsquo;arri\u00e8re.<\/p>\n<p>Dans l&rsquo;image de droite, le patient r\u00e9duit la pression de la colonne lombaire en l&rsquo;\u00e9tirant. L&rsquo;effet est clairement visible : La veine r\u00e9nale gauche s&rsquo;\u00e9largit en raison de la pression r\u00e9duite de l&rsquo;aorte. Comme l&rsquo;aorte est \u00e9troitement reli\u00e9e \u00e0 la colonne lombaire, elle fonctionne comme une barre de levage. La haute pression dans l&rsquo;aorte raidit le vaisseau. Il peut ainsi transf\u00e9rer la pression de la colonne lombaire vers les structures situ\u00e9es devant l&rsquo;aorte.<\/p>\n<p>&nbsp;<\/p>\n<p><img loading=\"lazy\" decoding=\"async\" class=\"alignnone wp-image-2042\" src=\"https:\/\/scholbach.de\/wp-content\/uploads\/2018\/03\/compression-and-decompression-of-the-left-renal-vein-.jpg\" alt=\"\" width=\"620\" height=\"326\" srcset=\"https:\/\/scholbach.de\/wp-content\/uploads\/2018\/03\/compression-and-decompression-of-the-left-renal-vein-.jpg 1732w, https:\/\/scholbach.de\/wp-content\/uploads\/2018\/03\/compression-and-decompression-of-the-left-renal-vein--300x158.jpg 300w, https:\/\/scholbach.de\/wp-content\/uploads\/2018\/03\/compression-and-decompression-of-the-left-renal-vein--768x404.jpg 768w, https:\/\/scholbach.de\/wp-content\/uploads\/2018\/03\/compression-and-decompression-of-the-left-renal-vein--1024x538.jpg 1024w\" sizes=\"auto, (max-width: 620px) 100vw, 620px\" \/><\/p>\n<p>&nbsp;<\/p>\n<p>L&rsquo;\u00e9valuation de l&rsquo;effet de la lordose sur les syndromes de compression vasculaire est bas\u00e9e sur la technique PixelFlux.<\/p>\n<p>Cette m\u00e9thode permet une description d\u00e9taill\u00e9e sans pr\u00e9c\u00e9dent de l&rsquo;effet h\u00e9modynamique des syndromes de compression vasculaire et de leur traitement.<\/p>\n<p>Le diagramme suivant montre l&rsquo;effet de la lordose sur la veine r\u00e9nale gauche chez un patient atteint du syndrome du casse-noix. Ici, la suppression de la perfusion de la veine r\u00e9nale gauche est \u00e9videmment plus prononc\u00e9e dans la lordose maximale et est r\u00e9duite par la flexion de la hanche et donc la r\u00e9duction de la lordose de la colonne lombaire.<\/p>\n<p>&nbsp;<\/p>\n<p><img loading=\"lazy\" decoding=\"async\" class=\"aligncenter wp-image-2223\" src=\"https:\/\/scholbach.de\/wp-content\/uploads\/2018\/04\/PixelFlux-measurements-of-renal-perfusion-demonstrate-the-beneficial.jpg\" alt=\"\" width=\"663\" height=\"373\" srcset=\"https:\/\/scholbach.de\/wp-content\/uploads\/2018\/04\/PixelFlux-measurements-of-renal-perfusion-demonstrate-the-beneficial.jpg 1280w, https:\/\/scholbach.de\/wp-content\/uploads\/2018\/04\/PixelFlux-measurements-of-renal-perfusion-demonstrate-the-beneficial-300x169.jpg 300w, https:\/\/scholbach.de\/wp-content\/uploads\/2018\/04\/PixelFlux-measurements-of-renal-perfusion-demonstrate-the-beneficial-768x432.jpg 768w, https:\/\/scholbach.de\/wp-content\/uploads\/2018\/04\/PixelFlux-measurements-of-renal-perfusion-demonstrate-the-beneficial-1024x576.jpg 1024w\" sizes=\"auto, (max-width: 663px) 100vw, 663px\" \/><\/p>\n<p>Le diagramme de gauche ci-dessous montre l&rsquo;effet de l&rsquo;obstruction de l&rsquo;\u00e9coulement veineux r\u00e9nal gauche sur la perfusion du parenchyme du rein gauche (liens). Les mesures de PixelFlux montrent une suppression du flux sanguin dans le rein gauche (liaisons) \u00e0 environ 1\/10 \u00e0 1\/4 du rein droit (rechts), en fonction de la couche de vaisseaux parenchymateux (cortex proximal vs distal).<\/p>\n<p>Seules les mesures PixelFlux peuvent montrer clairement qu&rsquo;il y a un effet \u00e9norme du syndrome du casse-noix sur la perfusion r\u00e9nale gauche (liens). De telles mesures sont une condition pr\u00e9alable indispensable \u00e0 une bonne d\u00e9cision, qu&rsquo;il s&rsquo;agisse d&rsquo;op\u00e9rer ou non.<\/p>\n<p>Dans le diagramme de droite, le succ\u00e8s de l&rsquo;intervention chirurgicale vasculaire est \u00e0 nouveau d\u00e9montr\u00e9 par la technique PixelFlux. L&rsquo;augmentation de la perfusion r\u00e9nale gauche peut \u00eatre d\u00e9montr\u00e9e et atteint le facteur 4-10, toujours en fonction de la couche des vaisseaux corticaux.<\/p>\n<p>&nbsp;<\/p>\n<p><img loading=\"lazy\" decoding=\"async\" class=\"aligncenter wp-image-2220\" src=\"https:\/\/scholbach.de\/wp-content\/uploads\/2018\/04\/Folie1-1.jpg\" alt=\"\" width=\"638\" height=\"359\" srcset=\"https:\/\/scholbach.de\/wp-content\/uploads\/2018\/04\/Folie1-1.jpg 1280w, https:\/\/scholbach.de\/wp-content\/uploads\/2018\/04\/Folie1-1-300x169.jpg 300w, https:\/\/scholbach.de\/wp-content\/uploads\/2018\/04\/Folie1-1-768x432.jpg 768w, https:\/\/scholbach.de\/wp-content\/uploads\/2018\/04\/Folie1-1-1024x576.jpg 1024w\" sizes=\"auto, (max-width: 638px) 100vw, 638px\" \/><\/p>","protected":false},"excerpt":{"rendered":"<p>Sur cette page, je vais donner quelques exemples sur le m\u00e9canisme de la compression lordotique des structures en avant de la colonne vert\u00e9brale, conduisant ainsi aux syndromes de compression abdominale. Dans le premier exemple, une forte lordose comprime la veine cave inf\u00e9rieure chez un patient : Dans les images Doppler couleur, le flux sanguin est [&hellip;]<\/p>\n","protected":false},"author":5,"featured_media":0,"parent":1554,"menu_order":1,"comment_status":"closed","ping_status":"closed","template":"","meta":{"om_disable_all_campaigns":false,"footnotes":""},"class_list":["post-2041","page","type-page","status-publish","hentry"],"_links":{"self":[{"href":"https:\/\/scholbach.de\/fr\/wp-json\/wp\/v2\/pages\/2041","targetHints":{"allow":["GET"]}}],"collection":[{"href":"https:\/\/scholbach.de\/fr\/wp-json\/wp\/v2\/pages"}],"about":[{"href":"https:\/\/scholbach.de\/fr\/wp-json\/wp\/v2\/types\/page"}],"author":[{"embeddable":true,"href":"https:\/\/scholbach.de\/fr\/wp-json\/wp\/v2\/users\/5"}],"replies":[{"embeddable":true,"href":"https:\/\/scholbach.de\/fr\/wp-json\/wp\/v2\/comments?post=2041"}],"version-history":[{"count":31,"href":"https:\/\/scholbach.de\/fr\/wp-json\/wp\/v2\/pages\/2041\/revisions"}],"predecessor-version":[{"id":6545,"href":"https:\/\/scholbach.de\/fr\/wp-json\/wp\/v2\/pages\/2041\/revisions\/6545"}],"up":[{"embeddable":true,"href":"https:\/\/scholbach.de\/fr\/wp-json\/wp\/v2\/pages\/1554"}],"wp:attachment":[{"href":"https:\/\/scholbach.de\/fr\/wp-json\/wp\/v2\/media?parent=2041"}],"curies":[{"name":"wp","href":"https:\/\/api.w.org\/{rel}","templated":true}]}}