{"id":951,"date":"2016-12-28T11:13:44","date_gmt":"2016-12-28T11:13:44","guid":{"rendered":"http:\/\/scholbach.de\/?page_id=951"},"modified":"2020-04-05T14:12:42","modified_gmt":"2020-04-05T14:12:42","slug":"may-thurner-konstellation","status":"publish","type":"page","link":"https:\/\/scholbach.de\/es\/wissenschaft\/deutsch-ultraschalldiagnostik\/deutsch-gefaskompressionen\/may-thurner-konstellation","title":{"rendered":"S\u00edndrome de May-Thurner\/ s\u00edndrome de Cockett\/ s\u00edndrome de compresi\u00f3n de la vena il\u00edaca"},"content":{"rendered":"<p><u>S\u00edntomas frecuentes<\/u>:<\/p>\n<ol>\n<li>Dolores en el bajo vientre (a menudo en el costado izquierdo)<\/li>\n<li>Que pueden irradiarse hacia el muslo izquierdo<\/li>\n<li>Dolores en el costado izquierdo<\/li>\n<li>Hinchaz\u00f3n de la pierna izquierda<\/li>\n<li>Tendencia a trombosis y varices en la pierna izquierda<\/li>\n<\/ol>\n<p>En el caso del <u>s\u00edndrome de May-Thurner<\/u> la sangre proveniente del costado izquierdo de la pelvis no puede fluir lo suficientemente bien a trav\u00e9s de la vena il\u00edaca izquierda hacia la vena cava inferior. La vena il\u00edaca izquierda com\u00fan (vena iliaca communis sinistra) es comprimida con mayor o menor intensidad entre el promontorio y la arteria il\u00edaca com\u00fan derecha (arteria iliaca communis dextra).<\/p>\n<p><img loading=\"lazy\" decoding=\"async\" class=\"size-full wp-image-974 aligncenter\" src=\"https:\/\/scholbach.de\/wp-content\/uploads\/2016\/12\/MTS-de.png\" alt=\"\" width=\"734\" height=\"318\" srcset=\"https:\/\/scholbach.de\/wp-content\/uploads\/2016\/12\/MTS-de.png 734w, https:\/\/scholbach.de\/wp-content\/uploads\/2016\/12\/MTS-de-300x130.png 300w\" sizes=\"auto, (max-width: 734px) 100vw, 734px\" \/><\/p>\n<p>En muchos pacientes se desarrolla una circulaci\u00f3n colateral muy marcada para evitar los \u00f3bstaculos que provoca un cambio de flujo en la vena il\u00edaca interna izquierda que conduce la sangre al interior de la pelvis, a fuertes plexos venosos que rodean ciertos \u00f3rganos de la pelvis (\u00fatero, ovarios, recto, vejiga). Desde all\u00ed puede llegar a trav\u00e9s de la vena il\u00edaca interna derecha a la gran vena il\u00edaca com\u00fan derecha y con ello a la vena cava inferior. Estos recorridos alternativos producen en muchos afectados graves dolencias, ya que la congesti\u00f3n venosa cr\u00f3nica de los \u00f3rganos afectados a menudo no es bien tolerada por estos. Normalmente estos \u00f3rganos son los que est\u00e1n situados en el centro del cuerpo, en el eje principal del cuerpo, puesto que dichos \u00f3rganos pueden tomar la sangre de su lado izquierdo y despu\u00e9s de que \u00e9sta haya fluido hacia la derecha a trav\u00e9s de los mismos \u00f3rganos evitando la presi\u00f3n alta del lado izquierdo, puede llegar entonces a trav\u00e9s de venas situadas en el lado derecho de los llamados \u00f3rganos de la l\u00ednea media hasta la zona de drenaje de la vena cava inferior. La situaci\u00f3n recurrente es por tanto que los \u00f3rganos en el centro de cuerpo, los llamados \u00f3rganos de la l\u00ednea media, toman sangre de la izquierda, dicha sangre es presionada sobre el lecho vascular casi siempre poco desarrollado de estos \u00f3rganos y fluye despu\u00e9s hacia la derecha en direcci\u00f3n al coraz\u00f3n.<\/p>\n<p>La presi\u00f3n venosa incrementada de forma cr\u00f3nica y ejercida sobre los \u00f3rganos de la l\u00ednea media provoca all\u00ed la dilataci\u00f3n de las venas de los \u00f3rganos, su disposici\u00f3n en forma de zig zag, o sea las as\u00ed llamadas varices y una reacci\u00f3n inflamatoria en la pared de estos vasos. Esta situaci\u00f3n es denominada <a href=\"https:\/\/scholbach.de\/wissenschaft\/deutsch-ultraschalldiagnostik\/deutsch-gefaskompressionen\/mittelliniensyndrom-mittellinien-stauungs-syndrom\"><u>s\u00edndrome de la l\u00ednea media<\/u><\/a>.<\/p>\n<p>&nbsp;<\/p>\n<p>S\u00edndrome<\/p>","protected":false},"excerpt":{"rendered":"<p>S\u00edntomas frecuentes: Dolores en el bajo vientre (a menudo en el costado izquierdo) Que pueden irradiarse hacia el muslo izquierdo Dolores en el costado izquierdo Hinchaz\u00f3n de la pierna izquierda Tendencia a trombosis y varices en la pierna izquierda En el caso del s\u00edndrome de May-Thurner la sangre proveniente del costado izquierdo de la pelvis [&hellip;]<\/p>\n","protected":false},"author":5,"featured_media":0,"parent":66,"menu_order":4,"comment_status":"closed","ping_status":"closed","template":"","meta":{"om_disable_all_campaigns":false,"footnotes":""},"class_list":["post-951","page","type-page","status-publish","hentry"],"_links":{"self":[{"href":"https:\/\/scholbach.de\/es\/wp-json\/wp\/v2\/pages\/951","targetHints":{"allow":["GET"]}}],"collection":[{"href":"https:\/\/scholbach.de\/es\/wp-json\/wp\/v2\/pages"}],"about":[{"href":"https:\/\/scholbach.de\/es\/wp-json\/wp\/v2\/types\/page"}],"author":[{"embeddable":true,"href":"https:\/\/scholbach.de\/es\/wp-json\/wp\/v2\/users\/5"}],"replies":[{"embeddable":true,"href":"https:\/\/scholbach.de\/es\/wp-json\/wp\/v2\/comments?post=951"}],"version-history":[{"count":44,"href":"https:\/\/scholbach.de\/es\/wp-json\/wp\/v2\/pages\/951\/revisions"}],"predecessor-version":[{"id":4424,"href":"https:\/\/scholbach.de\/es\/wp-json\/wp\/v2\/pages\/951\/revisions\/4424"}],"up":[{"embeddable":true,"href":"https:\/\/scholbach.de\/es\/wp-json\/wp\/v2\/pages\/66"}],"wp:attachment":[{"href":"https:\/\/scholbach.de\/es\/wp-json\/wp\/v2\/media?parent=951"}],"curies":[{"name":"wp","href":"https:\/\/api.w.org\/{rel}","templated":true}]}}