{"id":931,"date":"2016-12-26T15:36:51","date_gmt":"2016-12-26T15:36:51","guid":{"rendered":"http:\/\/scholbach.de\/?page_id=931"},"modified":"2020-04-05T14:11:57","modified_gmt":"2020-04-05T14:11:57","slug":"mittelliniensyndrom-mittellinien-stauungs-syndrom","status":"publish","type":"page","link":"https:\/\/scholbach.de\/es\/wissenschaft\/deutsch-ultraschalldiagnostik\/deutsch-gefaskompressionen\/mittelliniensyndrom-mittellinien-stauungs-syndrom","title":{"rendered":"S\u00edndrome de la l\u00ednea media (s\u00edndrome de congesti\u00f3n de la l\u00ednea media)"},"content":{"rendered":"<p>El s\u00edndrome de la l\u00ednea media es un cuadro cl\u00ednico que surge del estancamiento de la sangre de la mitad izquierda del cuerpo en la columna vertebral. Como consecuencia de la marcha erguida del ser humano la columna lumbar se arquea hacia adentro, en direcci\u00f3n a la pared abdominal. La sangre proveniente de la mitad izquierda del cuerpo, por ejemplo de la mitad izquierda de la pelvis, de la pierna izquierda o del ri\u00f1\u00f3n izquierdo, debe fluir hasta la vena cava inferior para poder regresar al coraz\u00f3n. La vena cava inferior se encuentra situada en el lado derecho de la columna vertebral. Por tanto, las venas de la mitad izquierda del cuerpo deben cruzar la columna vertebral para poder garantizar el regreso de la sangre al coraz\u00f3n. A causa de la lordosis, el arqueamiento hacia adentro de la columna vertebral en la zona lumbar, se origina un estancamiento de la sangre sobre todo en las mujeres, ya que la columna vertebral comprime los vasos sangu\u00edneos que la atraviesan de izquierda a derecha. Ello provoca un estancamiento considerable de la sangre en las venas del ri\u00f1\u00f3n izquierdo, de la pelvis izquierda y de la pierna izquierda.<\/p>\n<p>S\u00edntomas frecuentes:<\/p>\n<p>Dolor abdominal (a menudo por encima del ombligo)<\/p>\n<p>Dolor en la columna vertebral<\/p>\n<p>Dolor en el bajo vientre (en la zona de la vejiga y del \u00fatero)<\/p>\n<p>Dolor en el test\u00edculo izquierdo (con varicocele)\/ en los labios izquierdos con varices en la vulva<\/p>\n<p>Dolor en el costado interno del muslo izquierdo<\/p>\n<p>Dolor de cabeza (a menudo en la nuca)<\/p>\n<p>Dificultad a la hora de respirar por la nariz por las ma\u00f1anas<\/p>\n<p>Hemorroides \u2013 sangrado al defecar<\/p>\n<p>Ganas de orinar y micciones dolorosas<\/p>\n<p><img loading=\"lazy\" decoding=\"async\" class=\"wp-image-932 \" src=\"https:\/\/scholbach.de\/wp-content\/uploads\/2016\/12\/HB-stau.jpg\" width=\"481\" height=\"372\" srcset=\"https:\/\/scholbach.de\/wp-content\/uploads\/2016\/12\/HB-stau.jpg 425w, https:\/\/scholbach.de\/wp-content\/uploads\/2016\/12\/HB-stau-300x232.jpg 300w\" sizes=\"auto, (max-width: 481px) 100vw, 481px\" \/><\/p>\n<p style=\"text-align: center;\">Vejiga<\/p>\n<p style=\"text-align: center;\">Congesti\u00f3n venosa masiva en la pared de la vejiga: amarillo verdoso: dilataci\u00f3n de los vasos en la pared de la vejiga<\/p>\n<p><img loading=\"lazy\" decoding=\"async\" class=\"wp-image-933 size-full\" src=\"https:\/\/scholbach.de\/wp-content\/uploads\/2016\/12\/REctum-MLS.jpg\" width=\"484\" height=\"407\" srcset=\"https:\/\/scholbach.de\/wp-content\/uploads\/2016\/12\/REctum-MLS.jpg 484w, https:\/\/scholbach.de\/wp-content\/uploads\/2016\/12\/REctum-MLS-300x252.jpg 300w\" sizes=\"auto, (max-width: 484px) 100vw, 484px\" \/><\/p>\n<p style=\"text-align: center;\">Recto con congesti\u00f3n venosa<\/p>\n<p>Fuerte congesti\u00f3n venosa del recto: azul rojo verde: dilataci\u00f3n de los vasos en la pared intestinal<\/p>\n<p>Esto significa que el ya de por s\u00ed escaso calibre se ve aun m\u00e1s dr\u00e1sticamente reducido por la dilataci\u00f3n de la pared y el flujo de sangre que sale para atravesar los \u00f3rganos colaterales se reduce de forma adicional. Esta es una situaci\u00f3n que conduce a nuevos incrementos de la presi\u00f3n en la vena renal izquierda y sus v\u00edas colaterales. Al final se origina un equilibrio entre la presi\u00f3n venosa aumentada y las posibilidades de drenaje, las cuales pueden drenar de forma reducida la sangre de la vena renal que se encuentra bajo una alta presi\u00f3n a trav\u00e9s de las v\u00edas vasculares inflamadas de los \u00f3rganos alternativos. Esto significa sin embargo tambi\u00e9n que los pacientes con frecuencia refieren dolores cr\u00f3nicos en dichos \u00f3rganos de origen f\u00edsico y psicol\u00f3gico. Ello se debe a que en ambos casos la frecuencia cardiaca incrementada y la sobrecarga del coraz\u00f3n provoca que se bombee m\u00e1s sangre en el ri\u00f1\u00f3n izquierdo, la cual, dado que no puede fluir de \u00e9ste de la forma correcta, provoca que aumente la presi\u00f3n en los recorridos colaterales y con ello aumenten los dolores.<\/p>\n<p><img loading=\"lazy\" decoding=\"async\" class=\"wp-image-937 aligncenter\" src=\"https:\/\/scholbach.de\/wp-content\/uploads\/2016\/12\/Midlicne-congestion.jpg\" alt=\"\" width=\"579\" height=\"434\" srcset=\"https:\/\/scholbach.de\/wp-content\/uploads\/2016\/12\/Midlicne-congestion.jpg 1435w, https:\/\/scholbach.de\/wp-content\/uploads\/2016\/12\/Midlicne-congestion-300x225.jpg 300w, https:\/\/scholbach.de\/wp-content\/uploads\/2016\/12\/Midlicne-congestion-768x576.jpg 768w, https:\/\/scholbach.de\/wp-content\/uploads\/2016\/12\/Midlicne-congestion-1024x769.jpg 1024w\" sizes=\"auto, (max-width: 579px) 100vw, 579px\" \/><\/p>\n<p>Los llamados \u00f3rganos de la l\u00ednea media son en concreto la columna vertebral, y en un sentido m\u00e1s amplio tambi\u00e9n el cr\u00e1neo y el cerebro junto con los \u00f3rganos correspondientes rodeados por las estructuras \u00f3seas, el recto, la vagina, el pene, el ovario izquierdo, el test\u00edculo izquierdo, la vejiga, la uretra, el \u00fatero y la pr\u00f3stata. Todos estos \u00f3rganos pueden enfermar causando dolor y verse alterados en su funci\u00f3n. Ello explica el amplio abanico de dolencias que refieren los pacientes. Por otro lado ello constituye tambi\u00e9n una fuente frecuente de malentendidos cuando las circunstancias que provocan los s\u00edntomas no se comprenden.<\/p>\n<p>Como las molestias pueden surgir en zonas que van desde la cabeza a los pies, ello hace suponer que la causa de las mismas no sea de origen org\u00e1nico y por tanto se trate de una patolog\u00eda psicosom\u00e1tica. Para poder tratar la causa de la enfermedad y la eliminaci\u00f3n del dolor es necesario, no obstante, contar con pruebas de las alteraciones descritas, por ejemplo a trav\u00e9s de ex\u00e1menes ecogr\u00e1ficos doppler a color con mediciones de la presi\u00f3n para poder introducir una terapia medicamentosa concreta temporal pero efectiva a largo plazo.<\/p>\n<p>Disponemos de experiencia con m\u00e1s de 1.000 pacientes aquejados con el fen\u00f3meno del cascanueces y con el s\u00edndrome del cascanueces y sobre los procedimientos especiales de terapia y de an\u00e1lisis con los que todos los pacientes pasan a librarse de los dolores o al menos reducirlos a la m\u00ednima expresi\u00f3n. Dado que la patolog\u00eda es poco conocida en general, con esta gu\u00eda de car\u00e1cter divulgativo esperamos apelar directamente a los pacientes para darles la posibilidad de hablar con su m\u00e9dico de confianza acerca del tema. Con gusto les ayudaremos en los aspectos relativos al diagn\u00f3stico y a la terapia, tanto a ni\u00f1os como a pacientes adultos. Estos padecen durante a\u00f1os el s\u00edndrome\/ fen\u00f3meno del cascanueces hasta entonces desconocido sin haber podido interpretar sus molestias correctamente.<\/p>\n<p>&nbsp;<\/p>","protected":false},"excerpt":{"rendered":"<p>El s\u00edndrome de la l\u00ednea media es un cuadro cl\u00ednico que surge del estancamiento de la sangre de la mitad izquierda del cuerpo en la columna vertebral. Como consecuencia de la marcha erguida del ser humano la columna lumbar se arquea hacia adentro, en direcci\u00f3n a la pared abdominal. La sangre proveniente de la mitad [&hellip;]<\/p>\n","protected":false},"author":5,"featured_media":0,"parent":66,"menu_order":2,"comment_status":"closed","ping_status":"closed","template":"","meta":{"om_disable_all_campaigns":false,"footnotes":""},"class_list":["post-931","page","type-page","status-publish","hentry"],"_links":{"self":[{"href":"https:\/\/scholbach.de\/es\/wp-json\/wp\/v2\/pages\/931","targetHints":{"allow":["GET"]}}],"collection":[{"href":"https:\/\/scholbach.de\/es\/wp-json\/wp\/v2\/pages"}],"about":[{"href":"https:\/\/scholbach.de\/es\/wp-json\/wp\/v2\/types\/page"}],"author":[{"embeddable":true,"href":"https:\/\/scholbach.de\/es\/wp-json\/wp\/v2\/users\/5"}],"replies":[{"embeddable":true,"href":"https:\/\/scholbach.de\/es\/wp-json\/wp\/v2\/comments?post=931"}],"version-history":[{"count":34,"href":"https:\/\/scholbach.de\/es\/wp-json\/wp\/v2\/pages\/931\/revisions"}],"predecessor-version":[{"id":4421,"href":"https:\/\/scholbach.de\/es\/wp-json\/wp\/v2\/pages\/931\/revisions\/4421"}],"up":[{"embeddable":true,"href":"https:\/\/scholbach.de\/es\/wp-json\/wp\/v2\/pages\/66"}],"wp:attachment":[{"href":"https:\/\/scholbach.de\/es\/wp-json\/wp\/v2\/media?parent=931"}],"curies":[{"name":"wp","href":"https:\/\/api.w.org\/{rel}","templated":true}]}}