{"id":8,"date":"2015-12-26T11:58:12","date_gmt":"2015-12-26T11:58:12","guid":{"rendered":"http:\/\/wp12612379.server-he.de\/?page_id=8"},"modified":"2020-03-30T08:05:15","modified_gmt":"2020-03-30T08:05:15","slug":"wissenschaft","status":"publish","type":"page","link":"https:\/\/scholbach.de\/es\/wissenschaft","title":{"rendered":"Diagn\u00f3stico por ultrasonido funcional"},"content":{"rendered":"<p>En mi opini\u00f3n, la base de una buena relaci\u00f3n entre m\u00e9dico y paciente consiste en informar tan bien como sea posible a los pacientes. Por ello, en mi consulta intento implicarles en los procedimientos terap\u00e9uticos y diagn\u00f3sticos explic\u00e1ndoles a qu\u00e9 creo que se debe su dolencia o de la dolencia de su hijo. Ya que, seg\u00fan mi experiencia, para los pacientes y su entorno supone un gran alivio entender las causas de sus dolencias.<\/p>\n<p>Esa es tambi\u00e9n la raz\u00f3n de las explicaciones relativas a algunos cuadros cl\u00ednicos que doy en mi sitio web, limit\u00e1ndome a fen\u00f3menos m\u00e9dicos y cuadros cl\u00ednicos sobre los que he realizado investigaciones y publicaciones yo mismo.<\/p>\n<p>Por favor, tenga siempre en consideraci\u00f3n al leer esta informaci\u00f3n divulgativa que ha sido en parte simplificada y que la realidad m\u00e9dica por regla general es mucho m\u00e1s compleja de lo que pudiera ser reflejado aqu\u00ed. En particular, estos textos no pueden sustituir en caso de duda una conversaci\u00f3n con su m\u00e9dico. Si usted o su hijo tienen alguna dolencia, solo su facultativo puede estimar mediante conversaci\u00f3n directa cu\u00e1les son los procedimientos diagn\u00f3sticos y terap\u00e9uticos convenientes.<\/p>","protected":false},"excerpt":{"rendered":"<p>En mi opini\u00f3n, la base de una buena relaci\u00f3n entre m\u00e9dico y paciente consiste en informar tan bien como sea posible a los pacientes. Por ello, en mi consulta intento implicarles en los procedimientos terap\u00e9uticos y diagn\u00f3sticos explic\u00e1ndoles a qu\u00e9 creo que se debe su dolencia o de la dolencia de su hijo. Ya que, [&hellip;]<\/p>\n","protected":false},"author":4,"featured_media":0,"parent":0,"menu_order":0,"comment_status":"closed","ping_status":"closed","template":"","meta":{"om_disable_all_campaigns":false,"footnotes":""},"class_list":["post-8","page","type-page","status-publish","hentry"],"_links":{"self":[{"href":"https:\/\/scholbach.de\/es\/wp-json\/wp\/v2\/pages\/8","targetHints":{"allow":["GET"]}}],"collection":[{"href":"https:\/\/scholbach.de\/es\/wp-json\/wp\/v2\/pages"}],"about":[{"href":"https:\/\/scholbach.de\/es\/wp-json\/wp\/v2\/types\/page"}],"author":[{"embeddable":true,"href":"https:\/\/scholbach.de\/es\/wp-json\/wp\/v2\/users\/4"}],"replies":[{"embeddable":true,"href":"https:\/\/scholbach.de\/es\/wp-json\/wp\/v2\/comments?post=8"}],"version-history":[{"count":45,"href":"https:\/\/scholbach.de\/es\/wp-json\/wp\/v2\/pages\/8\/revisions"}],"predecessor-version":[{"id":4351,"href":"https:\/\/scholbach.de\/es\/wp-json\/wp\/v2\/pages\/8\/revisions\/4351"}],"wp:attachment":[{"href":"https:\/\/scholbach.de\/es\/wp-json\/wp\/v2\/media?parent=8"}],"curies":[{"name":"wp","href":"https:\/\/api.w.org\/{rel}","templated":true}]}}