{"id":792,"date":"2016-12-03T14:04:19","date_gmt":"2016-12-03T14:04:19","guid":{"rendered":"http:\/\/scholbach.de\/?page_id=792"},"modified":"2020-04-05T14:06:40","modified_gmt":"2020-04-05T14:06:40","slug":"forschung","status":"publish","type":"page","link":"https:\/\/scholbach.de\/es\/forschung","title":{"rendered":"Investigaci\u00f3n"},"content":{"rendered":"<p>Investigaci\u00f3n<\/p>\n<p>Ofrecemos a los investigadores nuestro apoyo y colaboraci\u00f3n en la medici\u00f3n de la irrigaci\u00f3n sangu\u00ednea de \u00f3rganos y tejidos. El M\u00e9todo PixelFlux desarrollado por nosotros es pionero a nivel mundial en el \u00e1mbito de la medici\u00f3n ecogr\u00e1fica de la perfusi\u00f3n sangu\u00ednea.<\/p>\n<p><a href=\"https:\/\/scholar.google.de\/scholar?q=PixelFlux++blood&amp;btnG=&amp;hl=de&amp;as_sdt=1%2C5&amp;as_vis=1\"><u>Una comunidad de investigadores en continuo crecimiento<\/u><\/a> originarios de Europa, de Asia, de Australia, y de Am\u00e9rica del Norte y del Sur expande gracias a nuestro m\u00e9todo los l\u00edmites de sus especialidades, como por ejemplo la Nefrolog\u00eda, la Medicina de Trasplantes, la Gastroenterolog\u00eda, la Obstetricia, la Medicina Reproductiva, la Neurolog\u00eda, la Diabetolog\u00eda, la Neonatolog\u00eda, la Pediatr\u00eda, la Oncolog\u00eda, la Medicina Deportiva, la Urolog\u00eda, la Ginecolog\u00eda, la Otorrinolaringolog\u00eda y la Medicina Veterinaria.<\/p>\n<p>Nuestro m\u00e9todo ha recibido varios galardones y sigue siendo continuamente perfeccionado. PixelFlux permite ahora incluso por primera vez la medici\u00f3n tridimensional de la circulaci\u00f3n sangu\u00ednea incluso a partir de im\u00e1genes ecogr\u00e1ficas bidimensionales.<\/p>\n<p>Nuestros resultados m\u00e1s recientes en la medici\u00f3n de la irrigaci\u00f3n sangu\u00ednea de los tumores se presentan en el <a href=\"http:\/\/www.euroson2017.org\/en\/\"><u>Congreso Europeo de Ultrasonido 2017 en Liubliana<\/u><\/a>. Cuantificando la circulaci\u00f3n sangu\u00ednea en tumores de los ganglios linf\u00e1ticos hemos logrado distinguir los tumores benignos de los malignos ya antes de la operaci\u00f3n solo con la ayuda del ultrasonido. Adem\u00e1s, mostraremos por primera vez que la perfusi\u00f3n del \u00fatero en embarazadas puede ser medida de forma exacta si utilizamos la t\u00e9cnica PixelFlux desarrollada por nosotros, la cual permite ahora ya realizar mediciones tridimensionales del flujo sangu\u00edneo incluso en v\u00eddeos de ultrasonido bidimensionales. En Liubliana presentaremos tambi\u00e9n un planteamiento\/enfoque que a\u00fana 9 s\u00edndromes distintos de compresi\u00f3n vascular en la regi\u00f3n del abdomen bajo el concepto de la lordosis de la columna lumbar como factor principal del desarrollo de las compresiones vasculares.<\/p>\n<p>Si est\u00e1 interesado en colaborar con nosotros o le gustar\u00eda emplear el procedimiento en su entorno cl\u00ednico o experimental, rem\u00edtanos un correo electr\u00f3nico a <a href=\"mailto:contact@chameleon-software.de\">contact@chameleon-software.de<\/a>. Esperamos con gusto sus peticiones, ideas y proyectos<\/p>\n<p>&nbsp;<\/p>","protected":false},"excerpt":{"rendered":"<p>Investigaci\u00f3n Ofrecemos a los investigadores nuestro apoyo y colaboraci\u00f3n en la medici\u00f3n de la irrigaci\u00f3n sangu\u00ednea de \u00f3rganos y tejidos. El M\u00e9todo PixelFlux desarrollado por nosotros es pionero a nivel mundial en el \u00e1mbito de la medici\u00f3n ecogr\u00e1fica de la perfusi\u00f3n sangu\u00ednea. Una comunidad de investigadores en continuo crecimiento originarios de Europa, de Asia, de [&hellip;]<\/p>\n","protected":false},"author":5,"featured_media":0,"parent":0,"menu_order":0,"comment_status":"closed","ping_status":"closed","template":"","meta":{"om_disable_all_campaigns":false,"footnotes":""},"class_list":["post-792","page","type-page","status-publish","hentry"],"_links":{"self":[{"href":"https:\/\/scholbach.de\/es\/wp-json\/wp\/v2\/pages\/792","targetHints":{"allow":["GET"]}}],"collection":[{"href":"https:\/\/scholbach.de\/es\/wp-json\/wp\/v2\/pages"}],"about":[{"href":"https:\/\/scholbach.de\/es\/wp-json\/wp\/v2\/types\/page"}],"author":[{"embeddable":true,"href":"https:\/\/scholbach.de\/es\/wp-json\/wp\/v2\/users\/5"}],"replies":[{"embeddable":true,"href":"https:\/\/scholbach.de\/es\/wp-json\/wp\/v2\/comments?post=792"}],"version-history":[{"count":32,"href":"https:\/\/scholbach.de\/es\/wp-json\/wp\/v2\/pages\/792\/revisions"}],"predecessor-version":[{"id":4407,"href":"https:\/\/scholbach.de\/es\/wp-json\/wp\/v2\/pages\/792\/revisions\/4407"}],"wp:attachment":[{"href":"https:\/\/scholbach.de\/es\/wp-json\/wp\/v2\/media?parent=792"}],"curies":[{"name":"wp","href":"https:\/\/api.w.org\/{rel}","templated":true}]}}