{"id":74,"date":"2015-12-26T18:33:09","date_gmt":"2015-12-26T18:33:09","guid":{"rendered":"http:\/\/wp12612379.server-he.de\/?page_id=74"},"modified":"2025-12-12T18:22:52","modified_gmt":"2025-12-12T17:22:52","slug":"deutsch-durchblutungsmessung","status":"publish","type":"page","link":"https:\/\/scholbach.de\/es\/wissenschaft\/deutsch-ultraschalldiagnostik\/deutsch-durchblutungsmessung","title":{"rendered":"Medici\u00f3n de la circulaci\u00f3n sangu\u00ednea : M\u00e9todo PixelFlux"},"content":{"rendered":"<p>Medici\u00f3n de la circulaci\u00f3n sangu\u00ednea \u2013 M\u00e9todo PixelFlux<\/p>\n<p><strong>El papel de la circulaci\u00f3n sangu\u00ednea en el organismo humano<\/strong><\/p>\n<p>La circulaci\u00f3n sangu\u00ednea juega un papel importante en las funciones vitales del cuerpo. A trav\u00e9s de la circulaci\u00f3n de la sangre los \u00f3rganos y los tejidos reciben entre otras cosas ox\u00edgeno, hormonas y energ\u00eda. La circulaci\u00f3n sangu\u00ednea es esencial tambi\u00e9n para la respuesta inmunol\u00f3gica del cuerpo, ya que transporta c\u00e9lulas inmunes por ejemplo al lugar de la infecci\u00f3n.<\/p>\n<p>El riego sangu\u00edneo de un \u00f3rgano depende muchos factores. En los individuos sanos, el riego sangu\u00edneo aumenta sobre todo cuando el \u00f3rgano precisa m\u00e1s energ\u00eda. As\u00ed, por ejemplo, el riego sangu\u00edneo de los m\u00fasculos se ve incrementado cuando estos realizan un trabajo, pues deben recibir m\u00e1s ox\u00edgeno. De la misma forma, tambi\u00e9n la actividad intelectual intensa se refleja por ejemplo en una mayor irrigaci\u00f3n sangu\u00ednea del cerebro.<\/p>\n<p>Pero tambi\u00e9n los trastornos patol\u00f3gicos de las funciones vitales conllevan a menudo una alteraci\u00f3n del riego sangu\u00edneo. Con frecuencia un riego sangu\u00edneo alterado es, por tanto, un indicio de que algo no anda bien en el organismo. As\u00ed, un incremento en el riego sangu\u00edneo suele ser signo de infecci\u00f3n: el cuerpo intenta hacer frente a la inflamaci\u00f3n transportando c\u00e9lulas inmunes al lugar donde se encuentra localizada la infecci\u00f3n, c\u00e9lulas que deber\u00e1n luchar contra la causa de la misma (por ejemplo, bacterias). Por el contrario, las enfermedades cr\u00f3nicas suelen ir aparejadas a un riego sangu\u00edneo inferior. Las inflamaciones cr\u00f3nicas de los ri\u00f1ones, por ejemplo, causan una lenta obliteraci\u00f3n de los vasos renales m\u00e1s diminutos \u2013 lo cual conduce en general a una peor irrigaci\u00f3n sangu\u00ednea de los ri\u00f1ones.<\/p>\n<p><strong>El procedimiento Pixelflux \u2013Funcionamiento de la medici\u00f3n de la circulaci\u00f3n sangu\u00ednea<\/strong><\/p>\n<p>Si podemos medir la circulaci\u00f3n sangu\u00ednea, podemos realizar afirmaciones muy precisas sobre el estado de los \u00f3rganos y el curso de muchas enfermedades. Por ello he desarrollado junto con la compa\u00f1\u00eda Chameleon Software un m\u00e9todo para medir la circulaci\u00f3n sangu\u00ednea a trav\u00e9s de im\u00e1genes de ultrasonido ecogr\u00e1ficas doppler a color. El software <a href=\"http:\/\/www.chameleon-software.de\/\"><u>PixelFlux<\/u> <\/a>valora los datos de color de los v\u00eddeos de ultrasonido y calcula a partir de ellos la cantidad de sangre que fluye por el vaso en un periodo determinado (velocidad por superficie = volumen por tiempo).<\/p>\n<p><strong>PixelFlux en comparaci\u00f3n a otros m\u00e9todos diagn\u00f3sticos<\/strong><\/p>\n<p>La resoluci\u00f3n espacial y temporal de las grabaciones de ultrasonido es mayor que la de otros procedimientos por imagen como la tomograf\u00eda computerizada (TC) o la tomograf\u00eda de resonancia magn\u00e9tica (TRM). De esta forma se pueden percibir relativamente m\u00e1s detalles, lo cual puede ser relevante para el diagn\u00f3stico. No obstante, el ultrasonido se encuentra limitado a los casos en que las ondas de sonido no impactan con huesos o aire.<\/p>\n<p>El an\u00e1lisis PixelFlux puede realizar mediciones de infecciones agudas y cr\u00f3nicas donde otros m\u00e9todos que se apoyan en an\u00e1lisis de sangre a menudo no permiten realizar un diagn\u00f3stico o no dejan claro cu\u00e1l es el foco de la enfermedad. Esto est\u00e1 <u>comprobado<\/u>, por nombrar solo uno de muchos ejemplos, en el caso de enfermedades intestinales inflamatorias cr\u00f3nicas como la <u>enfermedad de Crohn<\/u> y la <u>colitis ulcerosa<\/u>.<\/p>\n<p>Los \u00e1mbitos de aplicaci\u00f3n m\u00e9dica de la medici\u00f3n de la circulaci\u00f3n sangu\u00ednea son muy numerosos. As\u00ed, el riego sangu\u00edneo se puede utilizar como criterio razonable para la <u>valoraci\u00f3n de ciertos tumores<\/u>. Tambi\u00e9n se puede vigilar bien el <u>estado de ri\u00f1ones transplantados<\/u> con ayuda de la medici\u00f3n de la circulaci\u00f3n sangu\u00ednea; la irrigaci\u00f3n sangu\u00ednea de los ri\u00f1ones var\u00eda ya antes de que el lento deterioro del ri\u00f1\u00f3n transplantado se pueda comprobar en muestras de tejido. Debido al papel central de la circulaci\u00f3n sangu\u00ednea en el organismo humano se puede pensar en muchos otros \u00e1mbitos de aplicaci\u00f3n.<\/p>\n<p>Otra ventaja de la medici\u00f3n de la circulaci\u00f3n sangu\u00ednea a trav\u00e9s de PixelFlux con respecto a otros procedimientos diagn\u00f3sticos es el alto grado de comodidad del an\u00e1lisis para los pacientes. El an\u00e1lisis por ultrasonido tiene lugar sin anestesia ni sedaci\u00f3n, sin radiaciones, sin intervenciones, sin extracciones de sangre y sin preparaciones molestas o desagradables.<\/p>\n<p><strong>Utilizaci\u00f3n de la medici\u00f3n de la circulaci\u00f3n sangu\u00ednea con PixelFlux<\/strong><\/p>\n<p>Con la medici\u00f3n de la circulaci\u00f3n sangu\u00ednea (medici\u00f3n de la perfusi\u00f3n) mediante PixelFlux es posible detectar, describir y supervisar el curso de muchas enfermedades de forma muy precisa. Ello significa que a menudo se pueda realizar el diagn\u00f3stico de cada paciente individual de forma m\u00e1s prematura, segura y precisa que de otra forma. As\u00ed se acorta el periodo de sufrimiento, y con frecuencia las perspectivas de curaci\u00f3n son m\u00e1s favorables cuando la enfermedad se puede detectar antes.<\/p>\n<p>Pero la medici\u00f3n de la circulaci\u00f3n sangu\u00ednea tambi\u00e9n se emplea en la terapia: pues con la implantaci\u00f3n exitosa de una terapia se normaliza el riego sangu\u00edneo. \u00c9ste tampoco puede ser medido con ning\u00fan otro m\u00e9todo disponible de una forma tan exacta y directa en el tejido afectado. De esta forma se puede hacer un seguimiento exacto del efecto, pero tambi\u00e9n de los efectos secundarios de un medicamento en determinadas situaciones. Cada paciente reacciona de forma distinta a una determinada terapia. Con el m\u00e9todo PixelFlux se puede medir de forma individual el efecto de la terapia \u2013 a trav\u00e9s de la medici\u00f3n de las alteraciones en el riego sangu\u00edneo se puede reorientar despu\u00e9s el tratamiento de la forma correspondiente. Ello significa, entre otras cosas, que las dosis de medicamentos en caso de \u00e9xito cuantificable pueden ser reducidas para evitar los efectos secundarios ocasionados por una administraci\u00f3n de medicamentos prolongada de forma innecesaria o con dosis m\u00e1s altas de lo necesario.<\/p>\n<p>&nbsp;<\/p>","protected":false},"excerpt":{"rendered":"<p>Medici\u00f3n de la circulaci\u00f3n sangu\u00ednea \u2013 M\u00e9todo PixelFlux El papel de la circulaci\u00f3n sangu\u00ednea en el organismo humano La circulaci\u00f3n sangu\u00ednea juega un papel importante en las funciones vitales del cuerpo. A trav\u00e9s de la circulaci\u00f3n de la sangre los \u00f3rganos y los tejidos reciben entre otras cosas ox\u00edgeno, hormonas y energ\u00eda. La circulaci\u00f3n sangu\u00ednea [&hellip;]<\/p>\n","protected":false},"author":4,"featured_media":0,"parent":93,"menu_order":3,"comment_status":"closed","ping_status":"closed","template":"","meta":{"om_disable_all_campaigns":false,"footnotes":""},"class_list":["post-74","page","type-page","status-publish","hentry"],"_links":{"self":[{"href":"https:\/\/scholbach.de\/es\/wp-json\/wp\/v2\/pages\/74","targetHints":{"allow":["GET"]}}],"collection":[{"href":"https:\/\/scholbach.de\/es\/wp-json\/wp\/v2\/pages"}],"about":[{"href":"https:\/\/scholbach.de\/es\/wp-json\/wp\/v2\/types\/page"}],"author":[{"embeddable":true,"href":"https:\/\/scholbach.de\/es\/wp-json\/wp\/v2\/users\/4"}],"replies":[{"embeddable":true,"href":"https:\/\/scholbach.de\/es\/wp-json\/wp\/v2\/comments?post=74"}],"version-history":[{"count":39,"href":"https:\/\/scholbach.de\/es\/wp-json\/wp\/v2\/pages\/74\/revisions"}],"predecessor-version":[{"id":9908,"href":"https:\/\/scholbach.de\/es\/wp-json\/wp\/v2\/pages\/74\/revisions\/9908"}],"up":[{"embeddable":true,"href":"https:\/\/scholbach.de\/es\/wp-json\/wp\/v2\/pages\/93"}],"wp:attachment":[{"href":"https:\/\/scholbach.de\/es\/wp-json\/wp\/v2\/media?parent=74"}],"curies":[{"name":"wp","href":"https:\/\/api.w.org\/{rel}","templated":true}]}}