{"id":7380,"date":"2022-05-05T05:30:59","date_gmt":"2022-05-05T05:30:59","guid":{"rendered":"https:\/\/scholbach.de\/?page_id=7380"},"modified":"2022-05-23T19:15:20","modified_gmt":"2022-05-23T19:15:20","slug":"project-international-scholarship-for-quantitative-functional-color-doppler-ultrasound-training","status":"publish","type":"page","link":"https:\/\/scholbach.de\/es\/project-international-scholarship-for-quantitative-functional-color-doppler-ultrasound-training","title":{"rendered":"Proyecto \u00abBeca internacional para la formaci\u00f3n en ecograf\u00eda Doppler funcional cuantitativa en color\u00bb"},"content":{"rendered":"<p>Mi trabajo diario con pacientes de todo el mundo deja claro que hay una necesidad urgente de formaci\u00f3n en ecograf\u00eda Doppler color funcional cuantitativa.<\/p>\n<p>El diagn\u00f3stico por ultrasonidos ha avanzado mucho, especialmente en el \u00e1mbito de la medici\u00f3n de la perfusi\u00f3n.<\/p>\n<p>Lo ofrecemos a todos los pacientes del mundo. Pero muchos m\u00e1s pacientes necesitan un examen ecogr\u00e1fico m\u00e1s detallado y funcional para poder examinarlos en sus pa\u00edses de origen, especialmente en los pa\u00edses en desarrollo.<\/p>\n<p>Este es el primer paso para establecer una base s\u00f3lida para el desarrollo posterior de las modalidades de tratamiento.<\/p>\n<p>Por lo tanto, buscamos apoyo para establecer un centro de formaci\u00f3n que ense\u00f1e a los m\u00e9dicos y a los ecografistas no m\u00e9dicos de todo el mundo las t\u00e9cnicas de medici\u00f3n cuantitativa de la perfusi\u00f3n, incluida la galardonada t\u00e9cnica PixelFlux.<\/p>\n<p>Hacemos un llamamiento a las sociedades m\u00e9dicas, a los patrocinadores, a los fil\u00e1ntropos y a las organizaciones de pacientes para que combinen sus actividades con el objetivo de lograr una mejora significativa para todos los pacientes que sufren dolores insoportables y limitaciones funcionales debido a s\u00edndromes de compresi\u00f3n vascular no diagnosticados previamente.<\/p>\n<p>&nbsp;<\/p>\n<p>Si puedes y quieres apoyar este proyecto, corre la voz y <a href=\"mailto:praxis.scholbach@posteo.de\">h\u00e1zmelo saber<\/a>.<\/p>","protected":false},"excerpt":{"rendered":"<p>Mi trabajo diario con pacientes de todo el mundo deja claro que hay una necesidad urgente de formaci\u00f3n en ecograf\u00eda Doppler color funcional cuantitativa. El diagn\u00f3stico por ultrasonidos ha avanzado mucho, especialmente en el \u00e1mbito de la medici\u00f3n de la perfusi\u00f3n. Lo ofrecemos a todos los pacientes del mundo. Pero muchos m\u00e1s pacientes necesitan un [&hellip;]<\/p>\n","protected":false},"author":5,"featured_media":0,"parent":0,"menu_order":0,"comment_status":"closed","ping_status":"closed","template":"","meta":{"om_disable_all_campaigns":false,"footnotes":""},"class_list":["post-7380","page","type-page","status-publish","hentry"],"_links":{"self":[{"href":"https:\/\/scholbach.de\/es\/wp-json\/wp\/v2\/pages\/7380","targetHints":{"allow":["GET"]}}],"collection":[{"href":"https:\/\/scholbach.de\/es\/wp-json\/wp\/v2\/pages"}],"about":[{"href":"https:\/\/scholbach.de\/es\/wp-json\/wp\/v2\/types\/page"}],"author":[{"embeddable":true,"href":"https:\/\/scholbach.de\/es\/wp-json\/wp\/v2\/users\/5"}],"replies":[{"embeddable":true,"href":"https:\/\/scholbach.de\/es\/wp-json\/wp\/v2\/comments?post=7380"}],"version-history":[{"count":10,"href":"https:\/\/scholbach.de\/es\/wp-json\/wp\/v2\/pages\/7380\/revisions"}],"predecessor-version":[{"id":7444,"href":"https:\/\/scholbach.de\/es\/wp-json\/wp\/v2\/pages\/7380\/revisions\/7444"}],"wp:attachment":[{"href":"https:\/\/scholbach.de\/es\/wp-json\/wp\/v2\/media?parent=7380"}],"curies":[{"name":"wp","href":"https:\/\/api.w.org\/{rel}","templated":true}]}}