{"id":72,"date":"2015-12-26T18:32:46","date_gmt":"2015-12-26T18:32:46","guid":{"rendered":"http:\/\/wp12612379.server-he.de\/?page_id=72"},"modified":"2020-04-05T14:13:51","modified_gmt":"2020-04-05T14:13:51","slug":"deutsch-hamangiome","status":"publish","type":"page","link":"https:\/\/scholbach.de\/es\/wissenschaft\/deutsch-ultraschalldiagnostik\/deutsch-hamangiome","title":{"rendered":"Hemangiomas"},"content":{"rendered":"<p><span id=\"result_box\" class=\"\" lang=\"es\" tabindex=\"-1\">Este sitio web actualmente solo est\u00e1 disponible en alem\u00e1n o ingl\u00e9s<\/span><\/p>","protected":false},"excerpt":{"rendered":"<p>Este sitio web actualmente solo est\u00e1 disponible en alem\u00e1n o ingl\u00e9s<\/p>\n","protected":false},"author":4,"featured_media":0,"parent":93,"menu_order":7,"comment_status":"closed","ping_status":"closed","template":"","meta":{"om_disable_all_campaigns":false,"footnotes":""},"class_list":["post-72","page","type-page","status-publish","hentry"],"_links":{"self":[{"href":"https:\/\/scholbach.de\/es\/wp-json\/wp\/v2\/pages\/72","targetHints":{"allow":["GET"]}}],"collection":[{"href":"https:\/\/scholbach.de\/es\/wp-json\/wp\/v2\/pages"}],"about":[{"href":"https:\/\/scholbach.de\/es\/wp-json\/wp\/v2\/types\/page"}],"author":[{"embeddable":true,"href":"https:\/\/scholbach.de\/es\/wp-json\/wp\/v2\/users\/4"}],"replies":[{"embeddable":true,"href":"https:\/\/scholbach.de\/es\/wp-json\/wp\/v2\/comments?post=72"}],"version-history":[{"count":21,"href":"https:\/\/scholbach.de\/es\/wp-json\/wp\/v2\/pages\/72\/revisions"}],"predecessor-version":[{"id":4428,"href":"https:\/\/scholbach.de\/es\/wp-json\/wp\/v2\/pages\/72\/revisions\/4428"}],"up":[{"embeddable":true,"href":"https:\/\/scholbach.de\/es\/wp-json\/wp\/v2\/pages\/93"}],"wp:attachment":[{"href":"https:\/\/scholbach.de\/es\/wp-json\/wp\/v2\/media?parent=72"}],"curies":[{"name":"wp","href":"https:\/\/api.w.org\/{rel}","templated":true}]}}