{"id":7083,"date":"2022-01-25T17:10:52","date_gmt":"2022-01-25T17:10:52","guid":{"rendered":"https:\/\/scholbach.de\/?page_id=7083"},"modified":"2022-01-26T11:13:42","modified_gmt":"2022-01-26T11:13:42","slug":"may-i-help-you-with-the-award-winning-pixelflux-ultrasound-examination","status":"publish","type":"page","link":"https:\/\/scholbach.de\/es\/may-i-help-you-with-the-award-winning-pixelflux-ultrasound-examination","title":{"rendered":"\u00bfPuedo ayudarle con la premiada ecograf\u00eda PixelFlux?"},"content":{"rendered":"<p>El progreso m\u00e9dico est\u00e1 dando grandes pasos. La ecograf\u00eda es un modo de examen muy vers\u00e1til. M\u00e1s all\u00e1 de mostrar simplemente la forma, el tama\u00f1o y la estructura de un \u00f3rgano, lo llevamos m\u00e1s all\u00e1.<\/p>\n<p>Hemos desarrollado la t\u00e9cnica sonogr\u00e1fica de medici\u00f3n del flujo sangu\u00edneo m\u00e1s sofisticada del mundo: PixelFlux.<\/p>\n<p>Si usted padece s\u00edntomas graves e inexplicables hasta ahora, tal vez pueda ayudarle con PixelFlux. Ha demostrado su inter\u00e9s en muchos campos de la medicina: gastroenterolog\u00eda, ginecolog\u00eda, nefrolog\u00eda, oncolog\u00eda, neurolog\u00eda, angiolog\u00eda, por mencionar algunos.<\/p>\n<p>Para obtener m\u00e1s detalles, basta con introducir PixelFlux en la barra de b\u00fasqueda de la parte superior de la p\u00e1gina.<\/p>\n<p>Si todav\u00eda est\u00e1s buscando, d\u00e9jame ayudarte. Rellena el formulario y comprobar\u00e9 si PixelFlux puede ser beneficioso para ti tambi\u00e9n.<\/p>\n<p>\t\t\t<link rel=\"stylesheet\" property=\"stylesheet\" href=\"https:\/\/scholbach.de\/wp-content\/plugins\/happyforms\/bundles\/css\/frontend.css\" \/>\n\t\t\t\t<!-- HappyForms CSS variables -->\n\t<style>\n\t#happyforms-7104 {\n\t\t--happyforms-part-title-font-size: 16px;\n--happyforms-part-description-font-size: 14px;\n--happyforms-part-value-font-size: 16px;\n--happyforms-submit-button-font-size: 18px;\n--happyforms-color-primary: #000000;\n--happyforms-color-success-notice: #ebf9f0;\n--happyforms-color-success-notice-text: #1eb452;\n--happyforms-color-error: #f23000;\n--happyforms-color-error-notice: #ffeeea;\n--happyforms-color-error-notice-text: #f23000;\n--happyforms-color-part-title: #000000;\n--happyforms-color-part-value: #000000;\n--happyforms-color-part-placeholder: #888888;\n--happyforms-color-part-description: #454545;\n--happyforms-color-part-border: #dbdbdb;\n--happyforms-color-part-border-focus: #7aa4ff;\n--happyforms-color-part-background: #ffffff;\n--happyforms-color-part-background-focus: #ffffff;\n--happyforms-color-submit-background: #ef3434;\n--happyforms-color-submit-background-hover: #318200;\n--happyforms-color-submit-border: #16239e;\n--happyforms-color-submit-text: #ffffff;\n--happyforms-color-submit-text-hover: #d1f716;\n--happyforms-color-table-row-odd: #fcfcfc;\n--happyforms-color-table-row-even: #efefef;\n--happyforms-color-table-row-odd-text: #000000;\n--happyforms-color-table-row-even-text: #000000;\n--happyforms-color-dropdown-item-bg: #ffffff;\n--happyforms-color-dropdown-item-text: #000000;\n--happyforms-color-dropdown-item-bg-hover: #f4f4f5;\n--happyforms-color-dropdown-item-text-hover: #000000;\n--happyforms-color-divider-hr: #cccccc;\n--happyforms-color-choice-checkmark-bg: #ffffff;\n--happyforms-color-choice-checkmark-bg-focus: #000000;\n--happyforms-color-choice-checkmark-color: #ffffff;\n\t}\n\t<\/style>\n\t<!-- End of HappyForms CSS variables -->\n\t\t<!-- HappyForms Additional CSS -->\n\t<style data-happyforms-additional-css>\n\t\t<\/style>\n\t<!-- End of HappyForms Additional CSS -->\n\t\t\t<link rel=\"stylesheet\" type=\"text\/css\" href=\"https:\/\/scholbach.de\/wp-content\/plugins\/happyforms\/core\/assets\/css\/no-interaction.css\">\n\t\t<div class=\"happyforms-form happyforms-styles 1\" id=\"happyforms-7104\">\n\t\t\n\t<form action=\"\" id=\"happyforms-form-7104\" method=\"post\" novalidate=\"true\" autocomplete=\"off\">\n\t\t\t\t<input type=\"hidden\" name=\"happyforms_random_seed\" value=\"2287884967\" \/>\n\t\t\n\t\t\t<input type=\"hidden\" name=\"action\" value=\"happyforms_message\">\n\t\t\t\t<input type=\"hidden\" name=\"client_referer\" value=\"\">\n\t\t\t\t<input type=\"hidden\" name=\"current_post_id\" value=\"\">\n\t\t\t\t<input type=\"hidden\" name=\"happyforms_form_id\" value=\"7104\" \/>\n\t\t\t\t<input type=\"hidden\" name=\"happyforms_step\" value=\"0\" \/>\n\t\n\t\t<div class=\"happyforms-flex\">\n\t\t\t\t<label for=\"7104-number\" class=\"screen-reader-text\">Leave this field blank<\/label>\n\t<input type=\"text\" id=\"7104-number\" name=\"7104-number\" style=\"display: none;\" tabindex=\"-1\" autocomplete=\"off\" aria-hidden=\"true\">\n\t\t\t\t\t\t\t\t\t\t<div class=\"happyforms-form__part happyforms-part happyforms-part--multi_line_text happyforms-part--width-full happyforms-part--label-above\" id=\"happyforms-7104_multi_line_text_7-part\" data-happyforms-type=\"multi_line_text\" data-happyforms-id=\"multi_line_text_7\" data-happyforms-required=\"\">\n\t<div class=\"happyforms-part-wrap\">\n\t\t\t\t\t\t<div class=\"happyforms-part__label-container\">\n\t\t\t\t<label for=\"happyforms-7104_multi_line_text_7\" class=\"happyforms-part__label\">\n\t\t\t<span class=\"label\">Su solicitud<\/span>\n\t\t\t\t\t\t\t\t\t\t<span class=\"happyforms-required\"><\/span>\n\t\t\t\t\t\t\t\t\t\t<span class=\"happyforms-optional\">(optional)<\/span>\n\t\t\t\t\t<\/label>\n\t\t\t<\/div>\n\t\t\t\n\t\t\n\t\t<div class=\"happyforms-part__el\">\n\t\t\t\n\t\t\t\t\t\t<textarea id=\"happyforms-7104_multi_line_text_7\" name=\"7104_multi_line_text_7\" rows=\"5\" placeholder=\"Por favor, describa sus quejas y los resultados de sus ex\u00e1menes m\u00e9dicos. Comprobar\u00e9 si puedo ayudarle con nuestro galardonado examen de ultrasonido PixelFlux para medir el flujo sangu\u00edneo en \u00f3rganos, tejidos y vasos. De esta manera podemos detectar las razones del dolor (debido a la inflamaci\u00f3n oculta), podemos dirigir un tratamiento (de acuerdo con su efecto sobre el flujo sangu\u00edneo), podemos controlar el progreso y la reversi\u00f3n de una enfermedad, podemos medir el efecto de los tratamientos, puede evaluar la funci\u00f3n de los \u00f3rganos, medir el efecto de la diabetes en los vasos sangu\u00edneos, evaluar los tumores y el efecto del tratamiento sobre ellos y mucho m\u00e1s.\" autocomplete=\"off\" spellcheck=\"false\" autocorrect=\"off\" ><\/textarea>\n\t\t\t\n\t\t\t\n\t\t\t\t\t<\/div>\n\t<\/div>\n<\/div>\n<div class=\"happyforms-form__part happyforms-part happyforms-part--single_line_text happyforms-part--width-half happyforms-part--label-above\" id=\"happyforms-7104_single_line_text_4-part\" data-happyforms-type=\"single_line_text\" data-happyforms-id=\"single_line_text_4\" data-happyforms-required=\"\">\n\t<div class=\"happyforms-part-wrap\">\n\t\t\n\t\t\t\t\t\t<div class=\"happyforms-part__label-container\">\n\t\t\t\t<label for=\"happyforms-7104_single_line_text_4\" class=\"happyforms-part__label\">\n\t\t\t<span class=\"label\">Su nombre y apellido<\/span>\n\t\t\t\t\t\t\t\t\t\t<span class=\"happyforms-required\"><\/span>\n\t\t\t\t\t\t\t\t\t\t<span class=\"happyforms-optional\">(optional)<\/span>\n\t\t\t\t\t<\/label>\n\t\t\t<\/div>\n\t\t\t\n\t\t\n\t\t<div class=\"happyforms-part__el\">\n\t\t\t\n\t\t\t\n\t\t\t<div class=\"happyforms-input\">\n\t\t\t\t\n\t\t\t\t<input id=\"happyforms-7104_single_line_text_4\" type=\"text\" name=\"7104_single_line_text_4\" value=\"\" placeholder=\"Nombre \/ Apellido\" autocomplete=\"off\" spellcheck=\"false\"  autocorrect=\"off\" \/>\n\t\t\t\t\t\t\t<\/div>\n\n\t\t\t\n\t\t\t\n\t\t\t\t\t<\/div>\n\t<\/div>\n<\/div>\n<div class=\"happyforms-form__part happyforms-part happyforms-part--single_line_text happyforms-part--width-half happyforms-part--label-above\" id=\"happyforms-7104_single_line_text_3-part\" data-happyforms-type=\"single_line_text\" data-happyforms-id=\"single_line_text_3\" data-happyforms-required=\"\">\n\t<div class=\"happyforms-part-wrap\">\n\t\t\n\t\t\t\t\t\t<div class=\"happyforms-part__label-container\">\n\t\t\t\t<label for=\"happyforms-7104_single_line_text_3\" class=\"happyforms-part__label\">\n\t\t\t<span class=\"label\">Su pa\u00eds<\/span>\n\t\t\t\t\t\t\t\t\t\t<span class=\"happyforms-required\"><\/span>\n\t\t\t\t\t\t\t\t\t\t<span class=\"happyforms-optional\">(optional)<\/span>\n\t\t\t\t\t<\/label>\n\t\t\t<\/div>\n\t\t\t\n\t\t\n\t\t<div class=\"happyforms-part__el\">\n\t\t\t\n\t\t\t\n\t\t\t<div class=\"happyforms-input\">\n\t\t\t\t\n\t\t\t\t<input id=\"happyforms-7104_single_line_text_3\" type=\"text\" name=\"7104_single_line_text_3\" value=\"\" placeholder=\"Su residencia\" autocomplete=\"off\" spellcheck=\"false\"  autocorrect=\"off\" \/>\n\t\t\t\t\t\t\t<\/div>\n\n\t\t\t\n\t\t\t\n\t\t\t\t\t<\/div>\n\t<\/div>\n<\/div>\n<div class=\"happyforms-form__part happyforms-part happyforms-part--single_line_text happyforms-part--width-half happyforms-part--label-above\" id=\"happyforms-7104_single_line_text_5-part\" data-happyforms-type=\"single_line_text\" data-happyforms-id=\"single_line_text_5\" data-happyforms-required=\"\">\n\t<div class=\"happyforms-part-wrap\">\n\t\t\n\t\t\t\t\t\t<div class=\"happyforms-part__label-container\">\n\t\t\t\t<label for=\"happyforms-7104_single_line_text_5\" class=\"happyforms-part__label\">\n\t\t\t<span class=\"label\">Su n\u00famero de tel\u00e9fono con el c\u00f3digo de ciudad y pa\u00eds<\/span>\n\t\t\t\t\t\t\t\t\t\t<span class=\"happyforms-required\"><\/span>\n\t\t\t\t\t\t\t\t\t\t<span class=\"happyforms-optional\">(optional)<\/span>\n\t\t\t\t\t<\/label>\n\t\t\t<\/div>\n\t\t\t\n\t\t\n\t\t<div class=\"happyforms-part__el\">\n\t\t\t\n\t\t\t\n\t\t\t<div class=\"happyforms-input\">\n\t\t\t\t\n\t\t\t\t<input id=\"happyforms-7104_single_line_text_5\" type=\"text\" name=\"7104_single_line_text_5\" value=\"\" placeholder=\"\" autocomplete=\"off\" spellcheck=\"false\"  autocorrect=\"off\" \/>\n\t\t\t\t\t\t\t<\/div>\n\n\t\t\t\n\t\t\t\n\t\t\t\t\t<\/div>\n\t<\/div>\n<\/div>\n<div class=\"happyforms-form__part happyforms-part happyforms-part--single_line_text happyforms-part--width-half happyforms-part--label-above\" id=\"happyforms-7104_single_line_text_6-part\" data-happyforms-type=\"single_line_text\" data-happyforms-id=\"single_line_text_6\" data-happyforms-required=\"\">\n\t<div class=\"happyforms-part-wrap\">\n\t\t\n\t\t\t\t\t\t<div class=\"happyforms-part__label-container\">\n\t\t\t\t<label for=\"happyforms-7104_single_line_text_6\" class=\"happyforms-part__label\">\n\t\t\t<span class=\"label\">Su direcci\u00f3n de skype (u otro servicio de videoconferencia)<\/span>\n\t\t\t\t\t\t\t\t\t\t<span class=\"happyforms-required\"><\/span>\n\t\t\t\t\t\t\t\t\t\t<span class=\"happyforms-optional\">(optional)<\/span>\n\t\t\t\t\t<\/label>\n\t\t\t<\/div>\n\t\t\t\n\t\t\n\t\t<div class=\"happyforms-part__el\">\n\t\t\t\n\t\t\t\n\t\t\t<div class=\"happyforms-input\">\n\t\t\t\t\n\t\t\t\t<input id=\"happyforms-7104_single_line_text_6\" type=\"text\" name=\"7104_single_line_text_6\" value=\"\" placeholder=\"\" autocomplete=\"off\" spellcheck=\"false\"  autocorrect=\"off\" \/>\n\t\t\t\t\t\t\t<\/div>\n\n\t\t\t\n\t\t\t\n\t\t\t\t\t<\/div>\n\t<\/div>\n<\/div>\n<div class=\"happyforms-part--with-autocomplete happyforms-form__part happyforms-part happyforms-part--email happyforms-part--width-half happyforms-part--label-above\" id=\"happyforms-7104_email_2-part\" data-happyforms-type=\"email\" data-happyforms-id=\"email_2\" data-happyforms-required=\"\">\n\t\t<div class=\"happyforms-part-wrap\">\n\t\t\t\t\t\t<div class=\"happyforms-part__label-container\">\n\t\t\t\t<label for=\"happyforms-7104_email_2\" class=\"happyforms-part__label\">\n\t\t\t<span class=\"label\">Direcci\u00f3n de correo electr\u00f3nico<\/span>\n\t\t\t\t\t\t\t\t\t\t<span class=\"happyforms-required\"><\/span>\n\t\t\t\t\t\t\t\t\t\t<span class=\"happyforms-optional\">(optional)<\/span>\n\t\t\t\t\t<\/label>\n\t\t\t<\/div>\n\t\t\t\n\t\t\n\t\t<div class=\"happyforms-part__el\">\n\t\t\t\n\t\t\t\n\t\t\t<div class=\"happyforms-input\">\n\t\t\t\t<input type=\"email\" name=\"7104_email_2\" id=\"happyforms-7104_email_2\" value=\"\" placeholder=\"Su direcci\u00f3n de correo electr\u00f3nico\" autocomplete=\"off\" spellcheck=\"false\"  autocorrect=\"off\" \/>\n\t\t\t\t\t\t\t<\/div>\n\n\t\t\t\n\t\t\t\n\t\t\t\t\t<\/div>\n\t<\/div>\n<\/div>\n<div class=\"happyforms-form__part happyforms-part happyforms-part--multi_line_text happyforms-part--width-full happyforms-part--label-above\" id=\"happyforms-7104_multi_line_text_8-part\" data-happyforms-type=\"multi_line_text\" data-happyforms-id=\"multi_line_text_8\" data-happyforms-required=\"\">\n\t<div class=\"happyforms-part-wrap\">\n\t\t\t\t\t\t<div class=\"happyforms-part__label-container\">\n\t\t\t\t<label for=\"happyforms-7104_multi_line_text_8\" class=\"happyforms-part__label\">\n\t\t\t<span class=\"label\">Su seguro m\u00e9dico<\/span>\n\t\t\t\t\t\t\t\t\t\t<span class=\"happyforms-required\"><\/span>\n\t\t\t\t\t\t\t\t\t\t<span class=\"happyforms-optional\">(optional)<\/span>\n\t\t\t\t\t<\/label>\n\t\t\t<\/div>\n\t\t\t\n\t\t\n\t\t<div class=\"happyforms-part__el\">\n\t\t\t\n\t\t\t\t\t\t<textarea id=\"happyforms-7104_multi_line_text_8\" name=\"7104_multi_line_text_8\" rows=\"5\" placeholder=\"Describa el modo de pago de este servicio (tarjeta de cr\u00e9dito; transferencia bancaria; otros)\" autocomplete=\"off\" spellcheck=\"false\" autocorrect=\"off\" ><\/textarea>\n\t\t\t\n\t\t\t\n\t\t\t\t\t<\/div>\n\t<\/div>\n<\/div>\n\t\t\t\t\t\t<div class=\"happyforms-form__part happyforms-part happyforms-part--submit\">\n\t\t<button type=\"submit\" class=\"happyforms-submit happyforms-button--submit \">Send<\/button>\n\t<\/div>\t\t<\/div>\n\n\t\t\t<\/form>\n\n\t<\/div>\n<\/p>","protected":false},"excerpt":{"rendered":"<p>El progreso m\u00e9dico est\u00e1 dando grandes pasos. La ecograf\u00eda es un modo de examen muy vers\u00e1til. M\u00e1s all\u00e1 de mostrar simplemente la forma, el tama\u00f1o y la estructura de un \u00f3rgano, lo llevamos m\u00e1s all\u00e1. Hemos desarrollado la t\u00e9cnica sonogr\u00e1fica de medici\u00f3n del flujo sangu\u00edneo m\u00e1s sofisticada del mundo: PixelFlux. Si usted padece s\u00edntomas graves [&hellip;]<\/p>\n","protected":false},"author":5,"featured_media":0,"parent":0,"menu_order":0,"comment_status":"closed","ping_status":"closed","template":"","meta":{"om_disable_all_campaigns":false,"footnotes":""},"class_list":["post-7083","page","type-page","status-publish","hentry"],"_links":{"self":[{"href":"https:\/\/scholbach.de\/es\/wp-json\/wp\/v2\/pages\/7083","targetHints":{"allow":["GET"]}}],"collection":[{"href":"https:\/\/scholbach.de\/es\/wp-json\/wp\/v2\/pages"}],"about":[{"href":"https:\/\/scholbach.de\/es\/wp-json\/wp\/v2\/types\/page"}],"author":[{"embeddable":true,"href":"https:\/\/scholbach.de\/es\/wp-json\/wp\/v2\/users\/5"}],"replies":[{"embeddable":true,"href":"https:\/\/scholbach.de\/es\/wp-json\/wp\/v2\/comments?post=7083"}],"version-history":[{"count":15,"href":"https:\/\/scholbach.de\/es\/wp-json\/wp\/v2\/pages\/7083\/revisions"}],"predecessor-version":[{"id":7112,"href":"https:\/\/scholbach.de\/es\/wp-json\/wp\/v2\/pages\/7083\/revisions\/7112"}],"wp:attachment":[{"href":"https:\/\/scholbach.de\/es\/wp-json\/wp\/v2\/media?parent=7083"}],"curies":[{"name":"wp","href":"https:\/\/api.w.org\/{rel}","templated":true}]}}