{"id":70,"date":"2015-12-26T18:32:18","date_gmt":"2015-12-26T18:32:18","guid":{"rendered":"http:\/\/wp12612379.server-he.de\/?page_id=70"},"modified":"2020-04-05T14:16:06","modified_gmt":"2020-04-05T14:16:06","slug":"deutsch-durchblutungsmessung-des-fotus","status":"publish","type":"page","link":"https:\/\/scholbach.de\/es\/wissenschaft\/deutsch-ultraschalldiagnostik\/deutsch-durchblutungsmessung\/deutsch-durchblutungsmessung-des-fotus","title":{"rendered":"Medici\u00f3n de la circulaci\u00f3n sangu\u00ednea del feto"},"content":{"rendered":"<p>Medici\u00f3n de la circulaci\u00f3n sangu\u00ednea del feto<\/p>\n<p>La irrigaci\u00f3n sangu\u00ednea del no nacido es determinante para su sano desarrollo. Con la medici\u00f3n tridimensional de la circulaci\u00f3n sangu\u00ednea puede medirse de forma precisa mediante un an\u00e1lisis de ultrasonido de la embarazada cu\u00e1nta sangre oxigenada fluye desde la placenta al ni\u00f1o. Las deficiencias pueden ser reconocidas por ejemplo antes de que el desarrollo del beb\u00e9 se vea afectado por ello.<\/p>\n<p>La base para la nueva medici\u00f3n 3D de la perfusi\u00f3n en fetos es la ecograf\u00eda doppler a color tridimensional de la vena umbilical. Mediante la t\u00e9cnica PixelFlux se puede medir por primera vez de forma fiable la cantidad de sangre que el ni\u00f1o recibe de la madre.<\/p>\n<p>El procedimiento es tan preciso que a trav\u00e9s de \u00e9l hemos podido comprobar y medir por primera vez a nivel mundial el pulso de la vena umbilical en el vientre materno (<a href=\"https:\/\/scholbach.de\/wp-content\/uploads\/2016\/10\/Presentation-at-the-European-Ultrasound-Congress-2015.pdf\"><u>Presentation at the European Ultrasound Congress 2015<\/u><\/a>). Creemos haber encontrado con ello un nuevo mecanismo de regulaci\u00f3n que constituye una sintonizaci\u00f3n exacta de la circulaci\u00f3n sangu\u00ednea fetal. Por este descubrimiento obtuvimos (Thomas Scholbach (Consulta de pediatr\u00eda Leipzig\/ Chameleon-Software), Claudia Heien (Universidad de Stavanger) y Torbjorn Eggebo (Universidad de Trondheim) <a href=\"http:\/\/www.degum.de\/nc\/aktuelles\/degum-ultraschall\/im-detail\/news\/mitglied-der-sektion-paediatrie-auf-dem-euroson-kongress-ausgezeichnet.html\"><u>el primer premio europeo de ultrasonido<\/u><\/a> (Fist E-Poster Award) en Atenas en 2015.<\/p>","protected":false},"excerpt":{"rendered":"<p>Medici\u00f3n de la circulaci\u00f3n sangu\u00ednea del feto La irrigaci\u00f3n sangu\u00ednea del no nacido es determinante para su sano desarrollo. Con la medici\u00f3n tridimensional de la circulaci\u00f3n sangu\u00ednea puede medirse de forma precisa mediante un an\u00e1lisis de ultrasonido de la embarazada cu\u00e1nta sangre oxigenada fluye desde la placenta al ni\u00f1o. Las deficiencias pueden ser reconocidas por [&hellip;]<\/p>\n","protected":false},"author":4,"featured_media":0,"parent":74,"menu_order":2,"comment_status":"closed","ping_status":"closed","template":"","meta":{"om_disable_all_campaigns":false,"footnotes":""},"class_list":["post-70","page","type-page","status-publish","hentry"],"_links":{"self":[{"href":"https:\/\/scholbach.de\/es\/wp-json\/wp\/v2\/pages\/70","targetHints":{"allow":["GET"]}}],"collection":[{"href":"https:\/\/scholbach.de\/es\/wp-json\/wp\/v2\/pages"}],"about":[{"href":"https:\/\/scholbach.de\/es\/wp-json\/wp\/v2\/types\/page"}],"author":[{"embeddable":true,"href":"https:\/\/scholbach.de\/es\/wp-json\/wp\/v2\/users\/4"}],"replies":[{"embeddable":true,"href":"https:\/\/scholbach.de\/es\/wp-json\/wp\/v2\/comments?post=70"}],"version-history":[{"count":23,"href":"https:\/\/scholbach.de\/es\/wp-json\/wp\/v2\/pages\/70\/revisions"}],"predecessor-version":[{"id":4432,"href":"https:\/\/scholbach.de\/es\/wp-json\/wp\/v2\/pages\/70\/revisions\/4432"}],"up":[{"embeddable":true,"href":"https:\/\/scholbach.de\/es\/wp-json\/wp\/v2\/pages\/74"}],"wp:attachment":[{"href":"https:\/\/scholbach.de\/es\/wp-json\/wp\/v2\/media?parent=70"}],"curies":[{"name":"wp","href":"https:\/\/api.w.org\/{rel}","templated":true}]}}