{"id":68,"date":"2015-12-26T18:31:32","date_gmt":"2015-12-26T18:31:32","guid":{"rendered":"http:\/\/wp12612379.server-he.de\/?page_id=68"},"modified":"2020-04-05T14:13:37","modified_gmt":"2020-04-05T14:13:37","slug":"deutsch-gefasfehlbildungen","status":"publish","type":"page","link":"https:\/\/scholbach.de\/es\/wissenschaft\/deutsch-ultraschalldiagnostik\/deutsch-gefasfehlbildungen","title":{"rendered":"Malformaciones vasculares"},"content":{"rendered":"<p><strong>Malformaciones vasculares<\/strong><\/p>\n<p>Las malformaciones vasculares son alteraciones en la estructura de los vasos sangu\u00edneos o linf\u00e1ticos. Pueden verse afectadas las arterias, las venas, los capilares y los vasos linf\u00e1ticos de forma individual o simult\u00e1nea en un \u00f3rgano o en una regi\u00f3n del organismo.<\/p>\n<p><strong>Estenosis de las arterias renales<\/strong><\/p>\n<p>A modo de ejemplo, una arteria puede ser m\u00e1s estrecha de forma cong\u00e9nita y por tanto verse perjudicado el riego sangu\u00edneo del \u00f3rgano abastecido por \u00e9sta. En ese caso se habla de estenosis vascular. Si tiene lugar una estenosis de la arteria renal, \u00e9sta puede provocar una elevaci\u00f3n de la presi\u00f3n sangu\u00ednea. Dado que la estenosis puede reducirse dilatando el vaso, mediante el diagn\u00f3stico ecogr\u00e1fico de la misma existe la posibilidad de reducir la presi\u00f3n sangu\u00ednea elevada a trav\u00e9s de una intervenci\u00f3n, de forma que a menudo ya no haga falta tomar m\u00e1s medicamentos para reducir la presi\u00f3n sangu\u00ednea.<\/p>\n<p>Cuando hay una estenosis de la arteria renal tiene lugar una irrigaci\u00f3n sangu\u00ednea reducida del ri\u00f1\u00f3n afectado. Este reacciona secretando mayor cantidad de la hormona renina. La renina aumenta la presi\u00f3n sangu\u00ednea para poder llevar sangre suficiente a pesar del estrechamiento de los vasos del ri\u00f1\u00f3n afectado para que \u00e9ste pueda cumplir su funci\u00f3n desintoxicante. Dicha elevaci\u00f3n de la presi\u00f3n sangu\u00ednea es nociva para todos los dem\u00e1s \u00f3rganos y provoca arterioesclerosis, sobrecarga del m\u00fasculo cardiaco y un mayor riesgo de sufrir un infarto.<\/p>\n<p>En la siguiente imagen de ultrasonido se representa una estenosis de la arteria renal:<\/p>\n<p><img decoding=\"async\" class=\" size-full wp-image-256 aligncenter\" src=\"http:\/\/wp12612379.server-he.de\/wp-content\/uploads\/2015\/12\/Nierenarterienstenose.jpg\" alt=\"Nierenarterienstenose\" width=\"100%\" height=\"auto\" srcset=\"https:\/\/scholbach.de\/wp-content\/uploads\/2015\/12\/Nierenarterienstenose.jpg 483w, https:\/\/scholbach.de\/wp-content\/uploads\/2015\/12\/Nierenarterienstenose-300x232.jpg 300w\" sizes=\"(max-width: 483px) 100vw, 483px\" \/><\/p>\n<p>Con la t\u00e9cnica de PixelFlux puede valorarse de forma sencilla y precisa cu\u00e1nta sangre est\u00e1 llegando a\u00fan al ri\u00f1\u00f3n. Con ello supone un complemento a procedimientos de tipo puramente morfol\u00f3gico como la representaci\u00f3n con sustancias de contraste de la arteria renal en la angiograf\u00eda, la tomograf\u00eda computerizada (TC) o la tomograf\u00eda de resonancia magn\u00e9tica (TRM). Tras el ensanchamiento de la arteria renal (dilataci\u00f3n mediante bal\u00f3n o stent) puede medirse el efecto del tratamiento de forma exacta. De esta forma se puede observar la recuperaci\u00f3n progresiva del ri\u00f1\u00f3n sin radiaci\u00f3n:<\/p>\n<p><strong>Malformaci\u00f3n arteriovenosa<\/strong><\/p>\n<p>Las conexiones cercanas entre las arterias y las venas, las llamadas malformaciones arteriovenosas, pueden llevar tambi\u00e9n a alteraciones en el riego sangu\u00edneo o provocar un crecimiento elevado del \u00f3rgano abastecido. Con la subsanaci\u00f3n de dicha malformaci\u00f3n pueden eliminarse las molestias.<\/p>\n<p>El siguiente gr\u00e1fico muestra c\u00f3mo el riego sangu\u00edneo de los vasos del cuello es totalmente diferente en cada lado en los pacientes con tinnitus (sonidos del o\u00eddo). Mientras que la velocidad del flujo sangu\u00edneo del lado derecho, de 48 cm\/s, se considera normal, la del lado derecho es considerablemente mayor (310 cm\/s):<\/p>\n<p><img decoding=\"async\" class=\"alignnone size-large wp-image-322\" src=\"http:\/\/wp12612379.server-he.de\/wp-content\/uploads\/2016\/06\/AV-Fistel-Hals-1024x545.jpg\" alt=\"AV Fistel Hals\" width=\"100%\" height=\"auto\" srcset=\"https:\/\/scholbach.de\/wp-content\/uploads\/2016\/06\/AV-Fistel-Hals-1024x545.jpg 1024w, https:\/\/scholbach.de\/wp-content\/uploads\/2016\/06\/AV-Fistel-Hals-300x160.jpg 300w, https:\/\/scholbach.de\/wp-content\/uploads\/2016\/06\/AV-Fistel-Hals.jpg 1871w\" sizes=\"(max-width: 1024px) 100vw, 1024px\" \/><\/p>\n<p>La causa de los sonidos en el o\u00eddo era en este caso una f\u00edstula arteriovenosa de los vasos del cuello. Tras la eliminaci\u00f3n de la f\u00edstula arteriovenosa desapareci\u00f3 el tinnitus y el patr\u00f3n de circulaci\u00f3n sangu\u00ednea se normaliz\u00f3 completamente.<\/p>","protected":false},"excerpt":{"rendered":"<p>Malformaciones vasculares Las malformaciones vasculares son alteraciones en la estructura de los vasos sangu\u00edneos o linf\u00e1ticos. Pueden verse afectadas las arterias, las venas, los capilares y los vasos linf\u00e1ticos de forma individual o simult\u00e1nea en un \u00f3rgano o en una regi\u00f3n del organismo. Estenosis de las arterias renales A modo de ejemplo, una arteria puede [&hellip;]<\/p>\n","protected":false},"author":4,"featured_media":0,"parent":93,"menu_order":5,"comment_status":"closed","ping_status":"closed","template":"","meta":{"om_disable_all_campaigns":false,"footnotes":""},"class_list":["post-68","page","type-page","status-publish","hentry"],"_links":{"self":[{"href":"https:\/\/scholbach.de\/es\/wp-json\/wp\/v2\/pages\/68","targetHints":{"allow":["GET"]}}],"collection":[{"href":"https:\/\/scholbach.de\/es\/wp-json\/wp\/v2\/pages"}],"about":[{"href":"https:\/\/scholbach.de\/es\/wp-json\/wp\/v2\/types\/page"}],"author":[{"embeddable":true,"href":"https:\/\/scholbach.de\/es\/wp-json\/wp\/v2\/users\/4"}],"replies":[{"embeddable":true,"href":"https:\/\/scholbach.de\/es\/wp-json\/wp\/v2\/comments?post=68"}],"version-history":[{"count":22,"href":"https:\/\/scholbach.de\/es\/wp-json\/wp\/v2\/pages\/68\/revisions"}],"predecessor-version":[{"id":4427,"href":"https:\/\/scholbach.de\/es\/wp-json\/wp\/v2\/pages\/68\/revisions\/4427"}],"up":[{"embeddable":true,"href":"https:\/\/scholbach.de\/es\/wp-json\/wp\/v2\/pages\/93"}],"wp:attachment":[{"href":"https:\/\/scholbach.de\/es\/wp-json\/wp\/v2\/media?parent=68"}],"curies":[{"name":"wp","href":"https:\/\/api.w.org\/{rel}","templated":true}]}}