{"id":66,"date":"2015-12-26T18:31:13","date_gmt":"2015-12-26T18:31:13","guid":{"rendered":"http:\/\/wp12612379.server-he.de\/?page_id=66"},"modified":"2022-01-26T12:29:01","modified_gmt":"2022-01-26T12:29:01","slug":"deutsch-gefaskompressionen","status":"publish","type":"page","link":"https:\/\/scholbach.de\/es\/wissenschaft\/deutsch-ultraschalldiagnostik\/deutsch-gefaskompressionen","title":{"rendered":"Compresiones vasculares"},"content":{"rendered":"<p>Compresiones vasculares<\/p>\n<p>Otro ejemplo de diagn\u00f3stico y terapia personalizada mediante la medici\u00f3n del riego sangu\u00edneo lo constituyen los distintos s\u00edntomas que acompa\u00f1an a las compresiones vasculares en el abdomen (<a href=\"http:\/\/wp12612379.server-he.de\/wp-content\/uploads\/2015\/12\/20140731-Gef\u00e4\u00dfkompressionsph\u00e4nomene.pdf\"><u>Descarga de una gu\u00eda ilustrada para pacientes<\/u><\/a>).<\/p>\n<p>A menudo el dolor abdominal tiene un origen f\u00e1cilmente detectable, sobre todo cuando aparece de forma repetina o muestra una relaci\u00f3n clara con otros s\u00edntomas (por ej. diarrea, v\u00f3mitos, fiebre). Pero si el dolor abdominal persiste durante mucho tiempo, durante semanas o meses, suele ser necesario realizar an\u00e1lisis completos para determinar sus causas. A veces el origen de los dolores contin\u00faa siendo un enigma aun despu\u00e9s de dichos an\u00e1lisis, de forma que se pasan a tomar en consideraci\u00f3n tambi\u00e9n posibles causas ps\u00edquicas o las circunstancias vitales como desencadenantes principales o secundarios de los mismos.<\/p>\n<p>No obstante, es poco conocido el hecho de que algunos pacientes sufren las consecuencias de una compresi\u00f3n de los vasos o causada por los vasos situados en el abdomen, los llamados s\u00edndromes de compresi\u00f3n vascular. En estos, los vasos sangu\u00edneos son comprimidos entre otros vasos u \u00f3rganos. Ello provoca que se vea obstaculizado el flujo sangu\u00edneo normal, lo cual puede conducir a la formaci\u00f3n de los cuadros cl\u00ednicos m\u00e1s variados en los individuos concretos. Dado que estos cuadros pueden desencadenar, aparte de dolor, tambi\u00e9n otros muchos s\u00edntomas que en apariencia no guardan ninguna conexi\u00f3n, como n\u00e1useas, mareos, problemas respiratorios (sobre todo en la inspiraci\u00f3n), falta de apetito y sensaci\u00f3n de saciedad, vista nublada, alteraciones circulatorias y episodios puntuales de diarrea, no es extra\u00f1o que transcurran varios a\u00f1os antes de que se pueda dar con el diagn\u00f3stico.<\/p>\n<p>Con ocasi\u00f3n del <em>European Ultrasound Congress EUROSON<\/em> <em>Ljubljana, 22 nd<\/em> <em>\u00a0\u2013 24 th\u00a0 September 2017, <\/em><a href=\"https:\/\/scholbach.de\/lordogenetisches-mittellinensyndrom\"><u>se presenta el nuevo enfoque para una consideraci\u00f3n integral de los numerosos s\u00edndromes de compresi\u00f3n vascular abdominal<\/u><\/a>, explicado en la siguiente p\u00e1gina.<\/p>\n<p>&nbsp;<\/p>","protected":false},"excerpt":{"rendered":"<p>Compresiones vasculares Otro ejemplo de diagn\u00f3stico y terapia personalizada mediante la medici\u00f3n del riego sangu\u00edneo lo constituyen los distintos s\u00edntomas que acompa\u00f1an a las compresiones vasculares en el abdomen (Descarga de una gu\u00eda ilustrada para pacientes). A menudo el dolor abdominal tiene un origen f\u00e1cilmente detectable, sobre todo cuando aparece de forma repetina o muestra [&hellip;]<\/p>\n","protected":false},"author":4,"featured_media":0,"parent":93,"menu_order":4,"comment_status":"closed","ping_status":"closed","template":"","meta":{"om_disable_all_campaigns":false,"footnotes":""},"class_list":["post-66","page","type-page","status-publish","hentry"],"_links":{"self":[{"href":"https:\/\/scholbach.de\/es\/wp-json\/wp\/v2\/pages\/66","targetHints":{"allow":["GET"]}}],"collection":[{"href":"https:\/\/scholbach.de\/es\/wp-json\/wp\/v2\/pages"}],"about":[{"href":"https:\/\/scholbach.de\/es\/wp-json\/wp\/v2\/types\/page"}],"author":[{"embeddable":true,"href":"https:\/\/scholbach.de\/es\/wp-json\/wp\/v2\/users\/4"}],"replies":[{"embeddable":true,"href":"https:\/\/scholbach.de\/es\/wp-json\/wp\/v2\/comments?post=66"}],"version-history":[{"count":55,"href":"https:\/\/scholbach.de\/es\/wp-json\/wp\/v2\/pages\/66\/revisions"}],"predecessor-version":[{"id":7116,"href":"https:\/\/scholbach.de\/es\/wp-json\/wp\/v2\/pages\/66\/revisions\/7116"}],"up":[{"embeddable":true,"href":"https:\/\/scholbach.de\/es\/wp-json\/wp\/v2\/pages\/93"}],"wp:attachment":[{"href":"https:\/\/scholbach.de\/es\/wp-json\/wp\/v2\/media?parent=66"}],"curies":[{"name":"wp","href":"https:\/\/api.w.org\/{rel}","templated":true}]}}